{"id":11127,"date":"2021-02-27T23:46:46","date_gmt":"2021-02-27T23:46:46","guid":{"rendered":"http:\/\/www.franciscansusa.dev\/franciscansusa.org\/?page_id=11127"},"modified":"2021-02-28T04:05:26","modified_gmt":"2021-02-28T04:05:26","slug":"who-are-we","status":"publish","type":"page","link":"https:\/\/www.franciscansusa.org\/es\/who-are-we\/","title":{"rendered":"\u00bfQuienes somos?"},"content":{"rendered":"<div class=\"wpb-content-wrapper\"><section class=\"l-section wpb_row height_huge with_img with_overlay\"><div class=\"l-section-img\" style=\"background-image: url(https:\/\/www.franciscansusa.org\/wp-content\/uploads\/2020\/06\/msf-10.jpg);\" data-img-width=\"2000\" data-img-height=\"1500\"><\/div><div class=\"l-section-overlay\" style=\"background: rgba(0,0,0,0.6)\"><\/div><div class=\"l-section-h i-cf\"><div class=\"g-cols vc_row type_default valign_top\"><div class=\"vc_col-sm-12 wpb_column vc_column_container\"><div class=\"vc_column-inner\"><div class=\"wpb_wrapper\"><div class=\"wpb_text_column\" ><div class=\"wpb_wrapper\"><h2><span style=\"color: #ffffff;\"><strong>\u00bfQuienes somos?<\/strong><\/span><\/h2>\n<\/div><\/div><\/div><\/div><\/div><\/div><\/div><\/section><section class=\"l-section wpb_row height_medium\"><div class=\"l-section-h i-cf\"><div class=\"g-cols vc_row type_default valign_top\"><div class=\"vc_col-sm-12 wpb_column vc_column_container\"><div class=\"vc_column-inner\"><div class=\"wpb_wrapper\"><div class=\"wpb_text_column\" ><div class=\"wpb_wrapper\"><div id=\"bgLayers_comp-ixqcajhb\" class=\"_3_wbk\">\n<div class=\"P0kib FgquG\" data-testid=\"colorUnderlay\"><\/div>\n<\/div>\n<div class=\"\" data-mesh-id=\"comp-ixqcajhbinlineContent\" data-testid=\"inline-content\">\n<div data-mesh-id=\"comp-ixqcajhbinlineContent-gridContainer\" data-testid=\"mesh-container-content\">\n<div id=\"comp-ixqcajhd\" class=\"_1Z_nJ\" data-testid=\"richTextElement\">\n<p class=\"font_7\">\u00a1Paz y todo Bien de la fraternidad franciscana! Los franciscanos conventuales (a veces denominados \u201clos franciscanos grises\u201d debido al color de nuestros h\u00e1bitos) son una de las tres ramas de la Primera Orden de San Francisco. La palabra Conventual se deriva del lat\u00edn convenire, \u201creunirse\u201d; por eso vivimos juntos en \u201cconventos\u201d o frailes. Nuestra Orden est\u00e1 esparcida por todo el mundo e incluye alrededor de 4500 sacerdotes y hermanos, todos com\u00fanmente llamados Frailes. Nuestra hermandad franciscana incluye cuatro provincias en Am\u00e9rica del Norte y una jurisdicci\u00f3n en el Reino Unido e Irlanda. Usamos un h\u00e1bito negro o gris con un cord\u00f3n simple de tres nudos que representa nuestros Votos de Pobreza, Castidad y Obediencia. El Centro Espiritual de la Orden est\u00e1 en As\u00eds, Italia, donde nuestros Frailes cuidan la Bas\u00edlica de San Francisco, que incluye su tumba. Adem\u00e1s, los Conventuales son los confesores del Vaticano en la Bas\u00edlica de San Pedro. En nombre de Cristo, continuamos el ministerio de sanaci\u00f3n tan fundamental para la comprensi\u00f3n de San Francisco<\/p>\n<\/div>\n<\/div>\n<\/div>\n<\/div><\/div><\/div><\/div><\/div><\/div><\/div><\/section><section class=\"l-section wpb_row height_medium\"><div class=\"l-section-h i-cf\"><div class=\"g-cols vc_row type_default valign_top gap-15px\"><style>.g-cols.gap-15px{margin:0 calc(-1.5rem - 15px)}.gap-15px > .vc_column_container {padding:15px}<\/style><div class=\"vc_col-sm-4 wpb_column vc_column_container has-fill\"><div class=\"vc_column-inner us_custom_4fa36bd4\"><div class=\"wpb_wrapper\"><div class=\"wpb_text_column\" ><div class=\"wpb_wrapper\"><h4 style=\"text-align: center;\">FUNDADOR<br \/>\nDE NUESTRA ORDEN<\/h4>\n<\/div><\/div><div class=\"w-popup align_center\"><div class=\"w-btn-wrapper\"><a class=\"w-popup-trigger type_btn w-btn us-btn-style_25\" href=\"javascript:void(0)\"><span class=\"w-btn-label\">enlace de prueba<\/span><\/a><\/div><div class=\"w-popup-overlay\" style=\"background:rgba(0,0,0,0.85);\"><\/div><div class=\"w-popup-wrap\"><div class=\"w-popup-box animation_fadeIn without_title\" style=\"width:600px;\"><div class=\"w-popup-box-h\"><div class=\"w-popup-box-content\" style=\"padding:5%;background:var(--color-content-bg);color:var(--color-content-text);\"><blockquote>\n<p style=\"text-align: center;\">\u201cHE HECHO LO QUE ME DEBE HACER, QUE CRISTO TE MUESTRE LA TUYA.\u201d<\/p>\n<\/blockquote>\n<p style=\"text-align: center;\"><em>-CALLE. FRANCISCO DE AS\u00cdS<\/em><\/p>\n<\/div><\/div><\/div><div class=\"w-popup-closer\" style=\"background:var(--color-content-bg);color:var(--color-content-text);\"><\/div><\/div><\/div><\/div><\/div><\/div><div class=\"vc_col-sm-4 wpb_column vc_column_container has-fill\"><div class=\"vc_column-inner us_custom_4fa36bd4\"><div class=\"wpb_wrapper\"><div class=\"wpb_text_column\" ><div class=\"wpb_wrapper\"><h4 style=\"text-align: center;\">VOTOS<br \/>\nEN COMUNIDAD<\/h4>\n<\/div><\/div><\/div><\/div><\/div><div class=\"vc_col-sm-4 wpb_column vc_column_container has-fill\"><div class=\"vc_column-inner us_custom_4fa36bd4\"><div class=\"wpb_wrapper\"><div class=\"wpb_text_column\" ><div class=\"wpb_wrapper\"><h4 style=\"text-align: center;\">HISTORIA<br \/>\nDE NUESTROS MINISTERIOS<\/h4>\n<\/div><\/div><\/div><\/div><\/div><\/div><\/div><\/section>\n<\/div>","protected":false},"excerpt":{"rendered":"\u00bfQuienes somos? \u00a1Paz y todo Bien desde la hermandad franciscana! Los Franciscanos Conventuales (a veces denominados \u201cLos Franciscanos Grises\u201d debido al color de nuestros h\u00e1bitos) son una de las tres ramas de la Primera Orden de San Francisco. La palabra conventual se deriva del lat\u00edn convenire, \u201creunirse\u201d; por eso nosotros...","protected":false},"author":1,"featured_media":0,"parent":0,"menu_order":0,"comment_status":"closed","ping_status":"closed","template":"","meta":{"om_disable_all_campaigns":false,"_monsterinsights_skip_tracking":false,"_monsterinsights_sitenote_active":false,"_monsterinsights_sitenote_note":"","_monsterinsights_sitenote_category":0,"_uf_show_specific_survey":0,"_uf_disable_surveys":false,"footnotes":""},"class_list":["post-11127","page","type-page","status-publish","hentry"],"aioseo_notices":[],"publishpress_future_action":{"enabled":false,"date":"2026-04-28 09:51:27","action":"change-status","newStatus":"draft","terms":[],"taxonomy":"","extraData":[]},"publishpress_future_workflow_manual_trigger":{"enabledWorkflows":[]},"_links":{"self":[{"href":"https:\/\/www.franciscansusa.org\/es\/wp-json\/wp\/v2\/pages\/11127","targetHints":{"allow":["GET"]}}],"collection":[{"href":"https:\/\/www.franciscansusa.org\/es\/wp-json\/wp\/v2\/pages"}],"about":[{"href":"https:\/\/www.franciscansusa.org\/es\/wp-json\/wp\/v2\/types\/page"}],"author":[{"embeddable":true,"href":"https:\/\/www.franciscansusa.org\/es\/wp-json\/wp\/v2\/users\/1"}],"replies":[{"embeddable":true,"href":"https:\/\/www.franciscansusa.org\/es\/wp-json\/wp\/v2\/comments?post=11127"}],"version-history":[{"count":7,"href":"https:\/\/www.franciscansusa.org\/es\/wp-json\/wp\/v2\/pages\/11127\/revisions"}],"predecessor-version":[{"id":11181,"href":"https:\/\/www.franciscansusa.org\/es\/wp-json\/wp\/v2\/pages\/11127\/revisions\/11181"}],"wp:attachment":[{"href":"https:\/\/www.franciscansusa.org\/es\/wp-json\/wp\/v2\/media?parent=11127"}],"curies":[{"name":"gracias","href":"https:\/\/api.w.org\/{rel}","templated":true}]}}