{"id":11162,"date":"2021-02-28T03:45:56","date_gmt":"2021-02-28T03:45:56","guid":{"rendered":"http:\/\/www.franciscansusa.dev\/franciscansusa.org\/?page_id=11162"},"modified":"2021-04-05T23:11:59","modified_gmt":"2021-04-05T23:11:59","slug":"our-founder","status":"publish","type":"page","link":"https:\/\/www.franciscansusa.org\/es\/our-founder\/","title":{"rendered":"Nuestro Fundador"},"content":{"rendered":"<div class=\"wpb-content-wrapper\"><section class=\"l-section wpb_row height_huge with_img with_overlay\"><div class=\"l-section-img\" style=\"background-image: url(https:\/\/www.franciscansusa.org\/wp-content\/uploads\/2020\/06\/msf-10.jpg);\" data-img-width=\"2000\" data-img-height=\"1500\"><\/div><div class=\"l-section-overlay\" style=\"background: rgba(0,0,0,0.6)\"><\/div><div class=\"l-section-h i-cf\"><div class=\"g-cols vc_row type_default valign_top\"><div class=\"vc_col-sm-12 wpb_column vc_column_container\"><div class=\"vc_column-inner\"><div class=\"wpb_wrapper\"><div class=\"wpb_text_column\" ><div class=\"wpb_wrapper\"><h2><span style=\"color: #ffffff;\"><strong>Nuestro Fundador<\/strong><\/span><\/h2>\n<\/div><\/div><\/div><\/div><\/div><\/div><\/div><\/section><section class=\"l-section wpb_row height_medium\"><div class=\"l-section-h i-cf\"><div class=\"g-cols vc_row type_default valign_top\"><div class=\"vc_col-sm-12 wpb_column vc_column_container\"><div class=\"vc_column-inner\"><div class=\"wpb_wrapper\"><div class=\"wpb_text_column us_custom_c5ac9e41\" ><div class=\"wpb_wrapper\"><blockquote>\n<p style=\"text-align: center;\">FRANCISCO, VE Y REPARA MI CASA, PORQUE COMO PUEDES VER,<br \/>\nEST\u00c1 CAYENDO EN LA RUINA.<\/p>\n<\/blockquote>\n<p style=\"text-align: center;\"><em>\u00a0<\/em><\/p>\n<\/div><\/div><div class=\"w-separator size_small\"><\/div><\/div><\/div><\/div><div class=\"vc_col-sm-8 wpb_column vc_column_container\"><div class=\"vc_column-inner\"><div class=\"wpb_wrapper\"><div class=\"wpb_text_column\" ><div class=\"wpb_wrapper\"><h4>NUESTRO FUNDADOR<\/h4>\n<p>\u200bPara mirar los or\u00edgenes de la Orden Franciscana, uno debe comenzar contando la historia de la conversi\u00f3n de San Francisco de As\u00eds. La forma de vida que inspir\u00f3 a la Orden Franciscana comenz\u00f3 durante su tiempo en prisi\u00f3n despu\u00e9s de un esfuerzo fallido por convertirse en caballero mientras luchaba en una guerra con la ciudad de Perugia. Francisco, que vivi\u00f3 de 1182 a 1226, empez\u00f3 a comprender en ese momento que Dios quer\u00eda que viviera una vida de humildad y servicio.<\/p>\n<p>\u200bUn d\u00eda, mientras rezaba en la iglesia de San Dami\u00e1n, a poca distancia de las puertas de As\u00eds, Jes\u00fas en su cruz dijo: \u201cFrancisco, ve y repara mi casa, porque como ves, se est\u00e1 arruinando. \u201d Al principio, Francisco tom\u00f3 esto literalmente y con sus propias manos comenz\u00f3 a reconstruir la iglesia. Los peregrinos de la misma iglesia en As\u00eds pueden visitar hoy para un momento de tranquilidad y oraci\u00f3n. Cabe se\u00f1alar que no ten\u00eda intenci\u00f3n de fundar una comunidad religiosa como la Orden Franciscana.<\/p>\n<p>Francisco pronto supo que Dios quer\u00eda que viviera la vida del Evangelio. Vestido con sencillez y sin posesiones propias, Francisco comenz\u00f3 a deambular y servir a la gente lo mejor que pod\u00eda mientras les dec\u00eda que Dios los amaba mucho. Al principio vivi\u00f3 una vida de soledad, pero al poco tiempo tuvo un grupo de compa\u00f1eros que formaron los cimientos de lo que m\u00e1s tarde ser\u00eda la Orden Franciscana.<\/p>\n<p>\u200bEn 1209, con m\u00e1s hombres uni\u00e9ndose a Francisco y sus compa\u00f1eros en su vida de servicio, el hombrecito de As\u00eds visit\u00f3 al Papa Inocencio III para pedirle permiso al Santo Padre para que su comunidad viviera como la Primera Orden de los Frailes Menores. El Papa aprob\u00f3 oralmente la Orden Franciscana. Muy r\u00e1pidamente se extendi\u00f3 m\u00e1s all\u00e1 de Italia.<\/p>\n<p>Incluso antes de la muerte de Francisco en 1226, los hombres a los que llam\u00f3 \u201cfrailes menores\u201d (hermanos menores), se hab\u00edan dispersado por todo el mundo. Su influencia tendr\u00eda un efecto de largo alcance en todos los aspectos de la sociedad. Francis y sus hermanos ser\u00edan una nueva luz para una generaci\u00f3n cansada. Confiaban en un mundo mejor por venir, pero trabajaron incansablemente para mejorar este tambi\u00e9n. La alegr\u00eda de los frailes era contagiosa y, de hecho, irradiar\u00eda durante los siglos venideros.<\/p>\n<\/div><\/div><\/div><\/div><\/div><div class=\"vc_col-sm-4 wpb_column vc_column_container\"><div class=\"vc_column-inner\"><div class=\"wpb_wrapper\"><div class=\"w-separator size_medium\"><\/div><div class=\"w-image align_none\"><div class=\"w-image-h\"><img loading=\"lazy\" decoding=\"async\" width=\"586\" height=\"997\" src=\"https:\/\/www.franciscansusa.org\/wp-content\/uploads\/2021\/02\/0ef933_d972749ecf04434db19cc5994384035fmv2.jpg\" class=\"attachment-large size-large\" alt=\"\" srcset=\"https:\/\/www.franciscansusa.org\/wp-content\/uploads\/2021\/02\/0ef933_d972749ecf04434db19cc5994384035fmv2.jpg 586w, https:\/\/www.franciscansusa.org\/wp-content\/uploads\/2021\/02\/0ef933_d972749ecf04434db19cc5994384035fmv2-176x300.jpg 176w, https:\/\/www.franciscansusa.org\/wp-content\/uploads\/2021\/02\/0ef933_d972749ecf04434db19cc5994384035fmv2-7x12.jpg 7w, https:\/\/www.franciscansusa.org\/wp-content\/uploads\/2021\/02\/0ef933_d972749ecf04434db19cc5994384035fmv2-88x150.jpg 88w, https:\/\/www.franciscansusa.org\/wp-content\/uploads\/2021\/02\/0ef933_d972749ecf04434db19cc5994384035fmv2-235x400.jpg 235w, https:\/\/www.franciscansusa.org\/wp-content\/uploads\/2021\/02\/0ef933_d972749ecf04434db19cc5994384035fmv2-353x600.jpg 353w\" sizes=\"auto, (max-width: 586px) 100vw, 586px\" \/><\/div><\/div><\/div><\/div><\/div><\/div><\/div><\/section><div class=\"vc_col-sm-12 wpb_column vc_column_container\"><div class=\"vc_column-inner\"><div class=\"wpb_wrapper\"><\/div><\/div><\/div>\n<\/div>","protected":false},"excerpt":{"rendered":"Nuestro Fundador FRANCISCO, VAYA A REPARAR MI CASA, QUE COMO PUEDEN VER, ESTA CAYENDO EN LA RUINA.  NUESTRO FUNDADOR \u200bPara mirar los or\u00edgenes de la Orden Franciscana, hay que comenzar contando la historia de la conversi\u00f3n de San Francisco de As\u00eds. El modo de vida que inspir\u00f3 a la Orden Franciscana comenz\u00f3 durante su...","protected":false},"author":1,"featured_media":0,"parent":0,"menu_order":0,"comment_status":"closed","ping_status":"closed","template":"","meta":{"om_disable_all_campaigns":false,"_monsterinsights_skip_tracking":false,"_monsterinsights_sitenote_active":false,"_monsterinsights_sitenote_note":"","_monsterinsights_sitenote_category":0,"_uf_show_specific_survey":0,"_uf_disable_surveys":false,"footnotes":""},"class_list":["post-11162","page","type-page","status-publish","hentry"],"aioseo_notices":[],"publishpress_future_action":{"enabled":false,"date":"2026-04-24 13:51:51","action":"change-status","newStatus":"draft","terms":[],"taxonomy":"","extraData":[]},"publishpress_future_workflow_manual_trigger":{"enabledWorkflows":[]},"_links":{"self":[{"href":"https:\/\/www.franciscansusa.org\/es\/wp-json\/wp\/v2\/pages\/11162","targetHints":{"allow":["GET"]}}],"collection":[{"href":"https:\/\/www.franciscansusa.org\/es\/wp-json\/wp\/v2\/pages"}],"about":[{"href":"https:\/\/www.franciscansusa.org\/es\/wp-json\/wp\/v2\/types\/page"}],"author":[{"embeddable":true,"href":"https:\/\/www.franciscansusa.org\/es\/wp-json\/wp\/v2\/users\/1"}],"replies":[{"embeddable":true,"href":"https:\/\/www.franciscansusa.org\/es\/wp-json\/wp\/v2\/comments?post=11162"}],"version-history":[{"count":9,"href":"https:\/\/www.franciscansusa.org\/es\/wp-json\/wp\/v2\/pages\/11162\/revisions"}],"predecessor-version":[{"id":13216,"href":"https:\/\/www.franciscansusa.org\/es\/wp-json\/wp\/v2\/pages\/11162\/revisions\/13216"}],"wp:attachment":[{"href":"https:\/\/www.franciscansusa.org\/es\/wp-json\/wp\/v2\/media?parent=11162"}],"curies":[{"name":"gracias","href":"https:\/\/api.w.org\/{rel}","templated":true}]}}