{"id":11176,"date":"2021-02-28T04:03:24","date_gmt":"2021-02-28T04:03:24","guid":{"rendered":"http:\/\/www.franciscansusa.dev\/franciscansusa.org\/?page_id=11176"},"modified":"2021-02-28T04:21:51","modified_gmt":"2021-02-28T04:21:51","slug":"vows-in-community","status":"publish","type":"page","link":"https:\/\/www.franciscansusa.org\/es\/vows-in-community\/","title":{"rendered":"Votos en comunidad"},"content":{"rendered":"<div class=\"wpb-content-wrapper\"><section class=\"l-section wpb_row height_huge with_img with_overlay\"><div class=\"l-section-img\" style=\"background-image: url(https:\/\/www.franciscansusa.org\/wp-content\/uploads\/2020\/06\/msf-10.jpg);\" data-img-width=\"2000\" data-img-height=\"1500\"><\/div><div class=\"l-section-overlay\" style=\"background: rgba(0,0,0,0.6)\"><\/div><div class=\"l-section-h i-cf\"><div class=\"g-cols vc_row type_default valign_top\"><div class=\"vc_col-sm-12 wpb_column vc_column_container\"><div class=\"vc_column-inner\"><div class=\"wpb_wrapper\"><div class=\"wpb_text_column\" ><div class=\"wpb_wrapper\"><h2><span style=\"color: #ffffff;\"><strong>Votos en Comunidad<\/strong><\/span><\/h2>\n<\/div><\/div><\/div><\/div><\/div><\/div><\/div><\/section><section class=\"l-section wpb_row height_medium\"><div class=\"l-section-h i-cf\"><div class=\"g-cols vc_row type_default valign_top\"><div class=\"vc_col-sm-8 wpb_column vc_column_container\"><div class=\"vc_column-inner\"><div class=\"wpb_wrapper\"><div class=\"wpb_text_column\" ><div class=\"wpb_wrapper\"><div id=\"comp-iybzk6t2\" class=\"_1Z_nJ\" data-testid=\"richTextElement\">\n<div id=\"comp-iyyodydr\" class=\"_1Z_nJ\" data-testid=\"richTextElement\">\n<h4 class=\"font_2\"><span class=\"color_13\">PERMANECER ENFOCADOS EN NUESTROS VOTOS<\/span><\/h4>\n<\/div>\n<\/div>\n<\/div><\/div><div class=\"w-separator size_small\"><\/div><div class=\"wpb_text_column\" ><div class=\"wpb_wrapper\"><div id=\"comp-iybzk6t2\" class=\"_1Z_nJ\" data-testid=\"richTextElement\">\n<div id=\"comp-iyyodydr\" class=\"_1Z_nJ\" data-testid=\"richTextElement\"><\/div>\n<p class=\"font_8\">La vida comunitaria o fraternidad franciscana est\u00e1 en el coraz\u00f3n del compromiso de vida religiosa de los franciscanos conventuales. Prometemos vivir juntos en fraternidad franciscana y cuidarnos unos a otros como hermanos franciscanos de una manera que encarna el mandato evang\u00e9lico de Juan 13:34: \u201cUn mandamiento nuevo os doy: que os am\u00e9is los unos a los otros. Como yo os he amado, as\u00ed tambi\u00e9n vosotros deb\u00e9is amaros los unos a los otros\u201d. Nuestra comunidad est\u00e1 centrada en Cristo, compartiendo oraciones y comidas comunes.<\/p>\n<\/div>\n<div id=\"comp-iyyojc0f\" class=\"_1Z_nJ\" data-testid=\"richTextElement\">\n<p class=\"font_8\">La regla y vida de la Orden de los Frailes Menores Conventuales es vivir en obediencia, pobreza y castidad. Vivir con otros hermanos nos permite permanecer enfocados en nuestros votos. En el mundo ajetreado, nos permite reducir la velocidad y valorar la vida comunitaria como un ejemplo de los primeros disc\u00edpulos. Nuestra relaci\u00f3n con los dem\u00e1s nos lleva a acercarnos m\u00e1s a Dios y a la comunidad a la que servimos.<\/p>\n<\/div>\n<\/div><\/div><\/div><\/div><\/div><div class=\"vc_col-sm-4 wpb_column vc_column_container\"><div class=\"vc_column-inner\"><div class=\"wpb_wrapper\"><\/div><\/div><\/div><\/div><\/div><\/section><section class=\"l-section wpb_row height_medium\"><div class=\"l-section-h i-cf\"><div class=\"g-cols vc_row type_default valign_top\"><div class=\"vc_col-sm-12 wpb_column vc_column_container\"><div class=\"vc_column-inner\"><div class=\"wpb_wrapper\"><div class=\"w-image align_center\"><div class=\"w-image-h\"><img loading=\"lazy\" decoding=\"async\" width=\"1024\" height=\"83\" src=\"https:\/\/www.franciscansusa.org\/wp-content\/uploads\/2021\/01\/Gray-Cord-1024x83.png\" class=\"attachment-large size-large\" alt=\"\" srcset=\"https:\/\/www.franciscansusa.org\/wp-content\/uploads\/2021\/01\/Gray-Cord-1024x83.png 1024w, https:\/\/www.franciscansusa.org\/wp-content\/uploads\/2021\/01\/Gray-Cord-18x1.png 18w, https:\/\/www.franciscansusa.org\/wp-content\/uploads\/2021\/01\/Gray-Cord-150x12.png 150w, https:\/\/www.franciscansusa.org\/wp-content\/uploads\/2021\/01\/Gray-Cord-600x49.png 600w, https:\/\/www.franciscansusa.org\/wp-content\/uploads\/2021\/01\/Gray-Cord-300x24.png 300w, https:\/\/www.franciscansusa.org\/wp-content\/uploads\/2021\/01\/Gray-Cord.png 1060w\" sizes=\"auto, (max-width: 1024px) 100vw, 1024px\" \/><\/div><\/div><div class=\"w-separator size_small\"><\/div><\/div><\/div><\/div><div class=\"vc_col-sm-4 wpb_column vc_column_container\"><div class=\"vc_column-inner\"><div class=\"wpb_wrapper\"><div class=\"wpb_text_column\" ><div class=\"wpb_wrapper\"><h4 style=\"text-align: center;\">Pobreza<\/h4>\n<hr \/>\n<p>Nuestro voto de pobreza nos llama a centrarnos en las necesidades de los dem\u00e1s, especialmente de los pobres, en lugar de las cosas materialistas. El voto de pobreza impacta no solo aquellas cosas materiales que podemos usar en nuestras vidas, sino tambi\u00e9n cualquier apego que pueda resultar de tal uso, todo por el bien del reino.<\/p>\n<\/div><\/div><\/div><\/div><\/div><div class=\"vc_col-sm-4 wpb_column vc_column_container\"><div class=\"vc_column-inner\"><div class=\"wpb_wrapper\"><div class=\"wpb_text_column\" ><div class=\"wpb_wrapper\"><h4 style=\"text-align: center;\">Castidad<\/h4>\n<hr \/>\n<p>Todos los bautizados estamos llamados a la virtud de la castidad, es decir, expresi\u00f3n adecuada de nuestro don de la sexualidad seg\u00fan nuestro estado de vida: ya sea casado, soltero, o vida religiosa y \u00d3rdenes Sagradas. Nuestro voto de castidad consagrada como frailes franciscanos dirige nuestra energ\u00eda y enfoque en el Se\u00f1or y el pueblo de Dios al que estamos llamados a servir. En lugar de formar relaciones exclusivas en nuestra vida consagrada, nos abrimos a ser instrumentos del amor de Dios para todos.<\/p>\n<\/div><\/div><\/div><\/div><\/div><div class=\"vc_col-sm-4 wpb_column vc_column_container\"><div class=\"vc_column-inner\"><div class=\"wpb_wrapper\"><div class=\"wpb_text_column\" ><div class=\"wpb_wrapper\"><h4 style=\"text-align: center;\">Obediencia<\/h4>\n<hr \/>\n<p>Nuestro voto de obediencia est\u00e1 enraizado en nuestro deseo y llamado a la voluntad de Dios. Al vivir nuestro voto de obediencia, humildemente asentimos al hecho de que ninguna persona tiene todas las respuestas, y escuchamos la sabidur\u00eda colectiva de los dem\u00e1s y nuestra conciencia, durante nuestra vocaci\u00f3n.<\/p>\n<\/div><\/div><\/div><\/div><\/div><\/div><\/div><\/section>\n<\/div>","protected":false},"excerpt":{"rendered":"Votos en Comunidad PERMANECER ENFOCADOS EN NUESTROS VOTOS La vida comunitaria o fraternidad franciscana est\u00e1 en el coraz\u00f3n del compromiso de vida religiosa de los Franciscanos Conventuales. Prometemos vivir juntos en la fraternidad franciscana y cuidarnos unos a otros como hermanos franciscanos de una manera que encarne el mandato del Evangelio en Juan 13:34: \u201cTe doy...","protected":false},"author":1,"featured_media":0,"parent":0,"menu_order":0,"comment_status":"closed","ping_status":"closed","template":"","meta":{"om_disable_all_campaigns":false,"_monsterinsights_skip_tracking":false,"_monsterinsights_sitenote_active":false,"_monsterinsights_sitenote_note":"","_monsterinsights_sitenote_category":0,"_uf_show_specific_survey":0,"_uf_disable_surveys":false,"footnotes":""},"class_list":["post-11176","page","type-page","status-publish","hentry"],"aioseo_notices":[],"publishpress_future_action":{"enabled":false,"date":"2026-04-22 17:27:29","action":"change-status","newStatus":"draft","terms":[],"taxonomy":"","extraData":[]},"publishpress_future_workflow_manual_trigger":{"enabledWorkflows":[]},"_links":{"self":[{"href":"https:\/\/www.franciscansusa.org\/es\/wp-json\/wp\/v2\/pages\/11176","targetHints":{"allow":["GET"]}}],"collection":[{"href":"https:\/\/www.franciscansusa.org\/es\/wp-json\/wp\/v2\/pages"}],"about":[{"href":"https:\/\/www.franciscansusa.org\/es\/wp-json\/wp\/v2\/types\/page"}],"author":[{"embeddable":true,"href":"https:\/\/www.franciscansusa.org\/es\/wp-json\/wp\/v2\/users\/1"}],"replies":[{"embeddable":true,"href":"https:\/\/www.franciscansusa.org\/es\/wp-json\/wp\/v2\/comments?post=11176"}],"version-history":[{"count":12,"href":"https:\/\/www.franciscansusa.org\/es\/wp-json\/wp\/v2\/pages\/11176\/revisions"}],"predecessor-version":[{"id":11179,"href":"https:\/\/www.franciscansusa.org\/es\/wp-json\/wp\/v2\/pages\/11176\/revisions\/11179"}],"wp:attachment":[{"href":"https:\/\/www.franciscansusa.org\/es\/wp-json\/wp\/v2\/media?parent=11176"}],"curies":[{"name":"gracias","href":"https:\/\/api.w.org\/{rel}","templated":true}]}}