{"id":11192,"date":"2021-02-28T04:32:13","date_gmt":"2021-02-28T04:32:13","guid":{"rendered":"http:\/\/www.franciscansusa.dev\/franciscansusa.org\/?page_id=11192"},"modified":"2021-04-05T23:09:19","modified_gmt":"2021-04-05T23:09:19","slug":"history-of-our-ministries","status":"publish","type":"page","link":"https:\/\/www.franciscansusa.org\/es\/history-of-our-ministries\/","title":{"rendered":"Historia de nuestros ministerios"},"content":{"rendered":"<div class=\"wpb-content-wrapper\"><section class=\"l-section wpb_row height_medium\"><div class=\"l-section-h i-cf\"><div class=\"g-cols vc_row type_default valign_top\"><div class=\"vc_col-sm-3 wpb_column vc_column_container\"><div class=\"vc_column-inner\"><div class=\"wpb_wrapper\"><\/div><\/div><\/div><div class=\"vc_col-sm-6 wpb_column vc_column_container\"><div class=\"vc_column-inner\"><div class=\"wpb_wrapper\"><div class=\"wpb_text_column\" ><div class=\"wpb_wrapper\"><blockquote>\n<p style=\"text-align: center;\">HE HECHO LO QUE ME CORRESPONDE,<br \/>\nQUE CRISTO TE MUESTRE LA TUYA.<\/p>\n<\/blockquote>\n<p style=\"text-align: center;\"><strong>-CALLE. FRANCISCO DE AS\u00cdS<\/strong><\/p>\n<\/div><\/div><\/div><\/div><\/div><div class=\"vc_col-sm-3 wpb_column vc_column_container\"><div class=\"vc_column-inner\"><div class=\"wpb_wrapper\"><\/div><\/div><\/div><\/div><\/div><\/section><section class=\"l-section wpb_row height_medium\"><div class=\"l-section-h i-cf\"><div class=\"g-cols vc_row type_default valign_top\"><div class=\"vc_col-sm-12 wpb_column vc_column_container\"><div class=\"vc_column-inner\"><div class=\"wpb_wrapper\"><div class=\"wpb_text_column\" ><div class=\"wpb_wrapper\"><h4>MINISTERIOS EN LOS ESTADOS UNIDOS<\/h4>\n<p>Llegamos a j\u00f3venes y mayores, brindando inspiraci\u00f3n a todos los que necesitan compasi\u00f3n y gu\u00eda espiritual. La intuici\u00f3n profunda, pero sencilla, de San Francisco y los frailes es vivir el Evangelio, la ense\u00f1anza y las acciones de Jes\u00fas, hoy en nuestro mundo. Los frailes tambi\u00e9n aportan esta percepci\u00f3n a sus ministerios franciscanos. La vida evang\u00e9lica, viviendo el Evangelio, insufla nueva vida a la Iglesia ya los ministerios franciscanos. Los franciscanos no fueron fundados para otra misi\u00f3n que la de vivir el Evangelio.<\/p>\n<p>Los ministerios franciscanos fluyen de nuestra oraci\u00f3n y fraternidad. Francisco dijo a los frailes antes de morir: &quot;He hecho lo que me corresponde hacer, que Cristo les muestre la suya&quot;. Llegamos a los pobres y marginados de nuestro mundo, trayendo las Buenas Nuevas del Amor de Dios en Cristo Jes\u00fas.<\/p>\n<p>Los franciscanos conventuales vivimos nuestra misi\u00f3n de reconstruir la casa de Dios hoy sirviendo en la Iglesia Cat\u00f3lica Romana en ministerios franciscanos que incluyen misioneros, eruditos, educadores, artistas, compositores, capellanes, confesores, abogados, obreros, maestros, escritores, m\u00fasicos, cocineros, trabajadores sociales, ministros universitarios, p\u00e1rrocos, administradores y defensores de los pobres y marginados.<\/p>\n<\/div><\/div><\/div><\/div><\/div><\/div><\/div><\/section>\n<\/div>","protected":false},"excerpt":{"rendered":"YO HE HECHO LO QUE ME CORRESPONDE, QUE CRISTO LES MUESTRE LA SUYA. -CALLE. MINISTERIO FRANCISCO DE AS\u00cdS EN EE. UU. Llegamos a j\u00f3venes y mayores, brindando inspiraci\u00f3n a todos los que necesitan compasi\u00f3n y gu\u00eda espiritual. La intuici\u00f3n profunda, pero sencilla, de San Francisco y los frailes es vivir el Evangelio,...","protected":false},"author":1,"featured_media":0,"parent":0,"menu_order":0,"comment_status":"closed","ping_status":"closed","template":"","meta":{"om_disable_all_campaigns":false,"_monsterinsights_skip_tracking":false,"_monsterinsights_sitenote_active":false,"_monsterinsights_sitenote_note":"","_monsterinsights_sitenote_category":0,"_uf_show_specific_survey":0,"_uf_disable_surveys":false,"footnotes":""},"class_list":["post-11192","page","type-page","status-publish","hentry"],"aioseo_notices":[],"publishpress_future_action":{"enabled":false,"date":"2026-04-23 03:36:47","action":"change-status","newStatus":"draft","terms":[],"taxonomy":"","extraData":[]},"publishpress_future_workflow_manual_trigger":{"enabledWorkflows":[]},"_links":{"self":[{"href":"https:\/\/www.franciscansusa.org\/es\/wp-json\/wp\/v2\/pages\/11192","targetHints":{"allow":["GET"]}}],"collection":[{"href":"https:\/\/www.franciscansusa.org\/es\/wp-json\/wp\/v2\/pages"}],"about":[{"href":"https:\/\/www.franciscansusa.org\/es\/wp-json\/wp\/v2\/types\/page"}],"author":[{"embeddable":true,"href":"https:\/\/www.franciscansusa.org\/es\/wp-json\/wp\/v2\/users\/1"}],"replies":[{"embeddable":true,"href":"https:\/\/www.franciscansusa.org\/es\/wp-json\/wp\/v2\/comments?post=11192"}],"version-history":[{"count":11,"href":"https:\/\/www.franciscansusa.org\/es\/wp-json\/wp\/v2\/pages\/11192\/revisions"}],"predecessor-version":[{"id":11602,"href":"https:\/\/www.franciscansusa.org\/es\/wp-json\/wp\/v2\/pages\/11192\/revisions\/11602"}],"wp:attachment":[{"href":"https:\/\/www.franciscansusa.org\/es\/wp-json\/wp\/v2\/media?parent=11192"}],"curies":[{"name":"gracias","href":"https:\/\/api.w.org\/{rel}","templated":true}]}}