{"id":11209,"date":"2021-02-28T14:39:06","date_gmt":"2021-02-28T14:39:06","guid":{"rendered":"http:\/\/www.franciscansusa.dev\/franciscansusa.org\/?page_id=11209"},"modified":"2021-02-28T17:34:46","modified_gmt":"2021-02-28T17:34:46","slug":"volunteer-opportunities-finder","status":"publish","type":"page","link":"https:\/\/www.franciscansusa.org\/es\/volunteer-opportunities-finder\/","title":{"rendered":"Buscador de oportunidades de voluntariado"},"content":{"rendered":"<div class=\"wpb-content-wrapper\"><section class=\"l-section wpb_row height_medium\"><div class=\"l-section-h i-cf\"><div class=\"g-cols vc_row type_default valign_top\"><div class=\"vc_col-sm-12 wpb_column vc_column_container\"><div class=\"vc_column-inner\"><div class=\"wpb_wrapper\"><div class=\"wpb_text_column\" ><div class=\"wpb_wrapper\"><h2>Encuentre una oportunidad de voluntariado en su \u00e1rea<\/h2>\n<\/div><\/div><div class=\"w-separator size_small\"><\/div>\n        <div id=\"store_locator\" class=\"store-locator-container-fluid store_locator modal-body\">\n            <div class=\"store-locator-row\">\n                        <div id=\"store_locator_sidebar\" class=\"store_locator_sidebar store-locator-col-12 store-locator-col-sm-12 store-locator-col-md-3 store-locator-order-first\">\n            <div id=\"store_locator_sidebar_content\" class=\"store_locator_sidebar_content store-locator-row\">\n            \n        <div id=\"store_locator_search_box\" class=\"store_locator_search_box store-locator-col-12 store-locator-col-sm-12\">\n\n                    <div class=\"store-locator-row\">\n            <div class=\"store-locator-col-12 store-locator-col-sm-12\">\n\n                                <h5 class=\"wordpress-store-locator-address-title\">Ingrese su codigo postal<\/h5>\n                \n                <input id=\"store_locator_address_field\" class=\"store_locator_address_field\" type=\"text\" name=\"location\" placeholder=\"c\u00f3digo postal\">\n            <\/div>\n        <\/div>\n                <a href=\"#\" id=\"store_locator_get_my_position\"><i>Obtener mi posici\u00f3n<\/i><\/a>\n                 <a href=\"#\" id=\"store_locator_get_all_stores\"><i>Mostrar todas las oportunidades de voluntariado<\/i><\/a>\n                <div class=\"store-locator-row\">\n            <div class=\"store-locator-col-12 store-locator-col-sm-12\">\n\n                                <h5 class=\"wordpress-store-locator-address-title\">Buscar por necesidad de voluntariado<\/h5>\n                \n                <input id=\"store_locator_name_search_field\" class=\"store_locator_name_search_field\" type=\"text\" name=\"store_locator_name_search_field\" placeholder=\"\">\n             <\/div>\n         <\/div>\n                <div class=\"store-locator-row\">\n            <div class=\"store-locator-col-12 store-locator-col-sm-12\">\n                <button id=\"store_locator_find_stores_button\" type=\"button\" class=\"store_locator_find_stores_button btn button et_pb_button btn-primary btn-lg\">\n                    Buscar oportunidades                <\/button>\n            <\/div>\n        <\/div>\n                <div class=\"store-locator-row\">\n            <div id=\"store_locator_filter\" class=\"store_locator_filter\">\n\n                <div id=\"store_locator_filter_open_close\" class=\"store_locator_filter_open_close store-locator-col-12 store-locator-col-sm-12\">\n                    <h3 class=\"store_locator_filter_title\">Filtrar<\/h3> <i class=\"fas fa-chevron-down text-right\"><\/i>\n                <\/div>\n                <div id=\"store_locator_filter_content\" class=\"store_locator_filter_content\" style=\"display: block;\">\n\n                        <div class=\"store-locator-col-12 store-locator-col-sm-12 single_filter store-locator-radius-filte\">\n            \n                        \n            <select name=\"radius\" id=\"store_locator_filter_radius\" class=\"select store_locator_filter_radius\">\n            <option value=\"5\" >5 millas<\/option><option value=\"10\" >10 millas<\/option><option value=\"25\" >25 millas<\/option><option value=\"50\" selected=\"selected\">50 millas<\/option><option value=\"100\" >100 millas<\/option>            <\/select>\n        <\/div>\n\n                <div class=\"store-locator-col-12 store-locator-col-sm-12 single_filter store-locator-categories\">\n            \n                \n                \n                <select name=\"categories\" id=\"store_locator_filter_categories\" class=\"select store_locator_filter_categories\">\n\n                                        <option value=\"\">Seleccione una categor\u00eda<\/option>\n                                    <\/select>\n                            \n        <\/div> \n            <div class=\"store-locator-filters\">\n                    <\/div>\n\n        \n                <\/div>\n            <\/div>\n        <\/div>\n        \n        <\/div>\n\n                <div id=\"store_locator_result_list_box\" class=\"store_locator_result_list_box store-locator-col-12 store-locator-col-sm-12\">\n            <hr class=\"grey\">\n                        <div id=\"store_locator_result_list\" class=\"store-locator-row\">\n                \n            <\/div>\n        <\/div>\n                    <\/div>\n        <\/div>\n\n        \n        <div id=\"store_locator_main\" class=\"store_locator_main  store-locator-col-12 store-locator-col-sm-12 store-locator-col-md-9\">\n            <div id=\"store_locator_map\" style=\"height: 100%;\"><\/div>\n            <div id=\"store_locator_dragged_button\" class=\"btn button et_pb_button button-primary theme-button store_locator_dragged_button\">\n                Buscar en esta \u00e1rea            <\/div>\n        <\/div>\n\n                    <\/div>\n            <button type=\"button\" id=\"store_modal_close\" class=\"store_modal_close\" data-dismiss=\"modal\" aria-label=\"Cerca\"><span aria-hidden=\"true\">\u00d7<\/span><\/button>\n            <div id=\"store_locator_loading\" class=\"store_locator_loading store_locator_hidden\"><i class=\"fas fa-spinner fa-spin fa-3x\"><\/i><\/div>\n        <\/div>\n\n    <div class=\"wpb_text_column\" ><div class=\"wpb_wrapper\">\n<\/div><\/div><\/div><\/div><\/div><\/div><\/div><\/section>\n<\/div>","protected":false},"excerpt":{"rendered":"Encuentre una oportunidad de voluntariado en su \u00e1rea Ingrese su c\u00f3digo postal Obtener mi posici\u00f3n Mostrar todas las oportunidades de voluntariado Buscar por necesidad de voluntario Buscar oportunidades Filtrar 5 mi10 mi25 mi50 mi100 mi Seleccione una categor\u00eda Buscar en esta \u00e1rea \u00d7","protected":false},"author":1,"featured_media":0,"parent":0,"menu_order":0,"comment_status":"closed","ping_status":"closed","template":"","meta":{"om_disable_all_campaigns":false,"_monsterinsights_skip_tracking":false,"_monsterinsights_sitenote_active":false,"_monsterinsights_sitenote_note":"","_monsterinsights_sitenote_category":0,"_uf_show_specific_survey":0,"_uf_disable_surveys":false,"footnotes":""},"class_list":["post-11209","page","type-page","status-publish","hentry"],"aioseo_notices":[],"publishpress_future_action":{"enabled":false,"date":"2026-04-23 01:11:27","action":"change-status","newStatus":"draft","terms":[],"taxonomy":"","extraData":[]},"publishpress_future_workflow_manual_trigger":{"enabledWorkflows":[]},"_links":{"self":[{"href":"https:\/\/www.franciscansusa.org\/es\/wp-json\/wp\/v2\/pages\/11209","targetHints":{"allow":["GET"]}}],"collection":[{"href":"https:\/\/www.franciscansusa.org\/es\/wp-json\/wp\/v2\/pages"}],"about":[{"href":"https:\/\/www.franciscansusa.org\/es\/wp-json\/wp\/v2\/types\/page"}],"author":[{"embeddable":true,"href":"https:\/\/www.franciscansusa.org\/es\/wp-json\/wp\/v2\/users\/1"}],"replies":[{"embeddable":true,"href":"https:\/\/www.franciscansusa.org\/es\/wp-json\/wp\/v2\/comments?post=11209"}],"version-history":[{"count":3,"href":"https:\/\/www.franciscansusa.org\/es\/wp-json\/wp\/v2\/pages\/11209\/revisions"}],"predecessor-version":[{"id":11251,"href":"https:\/\/www.franciscansusa.org\/es\/wp-json\/wp\/v2\/pages\/11209\/revisions\/11251"}],"wp:attachment":[{"href":"https:\/\/www.franciscansusa.org\/es\/wp-json\/wp\/v2\/media?parent=11209"}],"curies":[{"name":"gracias","href":"https:\/\/api.w.org\/{rel}","templated":true}]}}