{"id":11432,"date":"2021-03-05T12:58:41","date_gmt":"2021-03-05T12:58:41","guid":{"rendered":"http:\/\/www.franciscansusa.dev\/franciscansusa.org\/?page_id=11432"},"modified":"2025-05-12T13:10:27","modified_gmt":"2025-05-12T17:10:27","slug":"campus-ministry","status":"publish","type":"page","link":"https:\/\/www.franciscansusa.org\/es\/campus-ministry\/","title":{"rendered":"Ministerio Universitario"},"content":{"rendered":"<div class=\"wpb-content-wrapper\"><section class=\"l-section wpb_row height_huge with_img with_overlay\"><div class=\"l-section-img\" style=\"background-image: url(https:\/\/www.franciscansusa.org\/wp-content\/uploads\/2021\/04\/el-paso-day-2z-030820-7pm-mass-utep-campus-ministry-013-1200x700-1.jpg);\" data-img-width=\"1200\" data-img-height=\"700\"><\/div><div class=\"l-section-overlay\" style=\"background: rgba(0,0,0,0.6)\"><\/div><div class=\"l-section-h i-cf\"><div class=\"g-cols vc_row type_default valign_top\"><div class=\"vc_col-sm-12 wpb_column vc_column_container\"><div class=\"vc_column-inner\"><div class=\"wpb_wrapper\"><div class=\"wpb_text_column\" ><div class=\"wpb_wrapper\"><h2><span style=\"color: #ffffff;\"><strong>Ministerio Universitario<\/strong><\/span><\/h2>\n<\/div><\/div><\/div><\/div><\/div><\/div><\/div><\/section><section class=\"l-section wpb_row height_medium\"><div class=\"l-section-h i-cf\"><div class=\"g-cols vc_row type_default valign_top\"><div class=\"vc_col-sm-8 wpb_column vc_column_container\"><div class=\"vc_column-inner\"><div class=\"wpb_wrapper\"><div class=\"w-video align_left ratio_16x9\"><div class=\"w-video-h\"><iframe src=\"\/\/www.youtube.com\/embed\/gSleDja1gdw?autoplay=0&controls=1&origin=https%3A%2F%2Fwww.franciscansusa.org&enablejsapi=1\" allowfullscreen=\"1\"><\/iframe><\/div><div class=\"w-video-icon\" style=\"font-size:1.5rem;background:rgba(0,0,0,0.5);color:#fff;\"><\/div><\/div><div class=\"w-separator size_small\"><\/div><div class=\"wpb_text_column\" ><div class=\"wpb_wrapper\"><h4>Guiando a los j\u00f3venes cat\u00f3licos<\/h4>\n<\/div><\/div><div class=\"w-separator size_small\"><\/div><div class=\"wpb_text_column\" ><div class=\"wpb_wrapper\"><p><span class=\"ILfuVd\"><span class=\"hgKElc\">La universidad es un momento para buscar significado, para ir m\u00e1s all\u00e1 del valor nominal de los acontecimientos cotidianos. <b>Ministerio Universitario<\/b> alienta a los estudiantes a hacer tiempo para este viaje reflexivo. Tales eventos y experiencias como retiros, d\u00edas de retiro, direcci\u00f3n\/asesoramiento espiritual y adoraci\u00f3n religiosa ayudan a los estudiantes en su viaje.<\/span><\/span><\/p>\n<p>Continuando con la larga tradici\u00f3n de nuestros frailes de trabajar con estudiantes en universidades, estamos entusiasmados de tener actualmente tres frailes en tres universidades. En los tres, esperamos establecer comunidades cat\u00f3licas de aprendizaje vivo donde las universidades y las comunidades locales adoren y se apoyen mutuamente en la fe.<\/p>\n<p>Todos los Ministerios de Nuestro Campus, nuestros frailes, planifican e implementan actividades y programas que fomentan el desarrollo espiritual de la comunidad estudiantil:<\/p>\n<ul>\n<li>Promover la identidad cat\u00f3lica de la Universidad<\/li>\n<li>Fomentar experiencias ecum\u00e9nicas e interreligiosas<\/li>\n<li>Alentar a los estudiantes de todas las religiones a reunirse peri\u00f3dicamente con quienes comparten su fe.<\/li>\n<li>Ser una presencia visible del ministerio.<\/li>\n<\/ul>\n<\/div><\/div><div class=\"w-image align_center\"><div class=\"w-image-h\"><img loading=\"lazy\" decoding=\"async\" width=\"1024\" height=\"683\" src=\"https:\/\/www.franciscansusa.org\/wp-content\/uploads\/2021\/01\/12698201_960194960684065_2774606380060813844_o-1-1024x683.jpg\" class=\"attachment-large size-large\" alt=\"\" srcset=\"https:\/\/www.franciscansusa.org\/wp-content\/uploads\/2021\/01\/12698201_960194960684065_2774606380060813844_o-1-1024x683.jpg 1024w, https:\/\/www.franciscansusa.org\/wp-content\/uploads\/2021\/01\/12698201_960194960684065_2774606380060813844_o-1-18x12.jpg 18w, https:\/\/www.franciscansusa.org\/wp-content\/uploads\/2021\/01\/12698201_960194960684065_2774606380060813844_o-1-150x100.jpg 150w, https:\/\/www.franciscansusa.org\/wp-content\/uploads\/2021\/01\/12698201_960194960684065_2774606380060813844_o-1-600x400.jpg 600w, https:\/\/www.franciscansusa.org\/wp-content\/uploads\/2021\/01\/12698201_960194960684065_2774606380060813844_o-1-300x200.jpg 300w, https:\/\/www.franciscansusa.org\/wp-content\/uploads\/2021\/01\/12698201_960194960684065_2774606380060813844_o-1.jpg 2048w\" sizes=\"auto, (max-width: 1024px) 100vw, 1024px\" \/><\/div><\/div><\/div><\/div><\/div><div class=\"vc_col-sm-4 wpb_column vc_column_container\"><div class=\"vc_column-inner\"><div class=\"wpb_wrapper\"><div class=\"wpb_text_column\" ><div class=\"wpb_wrapper\"><p><script>\n            window.mobile = (\/iphone|ipod|android|blackberry|mini|windows\\sce|palm\/i.test(navigator.userAgent.toLowerCase()));  <\/p>\n<p>            if ( window.mobile ) {\n                window.location.href = 'https:\/\/secure.qgiv.com\/for\/cmw\/mobile';\n            }\n        <\/script><\/p>\n<section class=\"page-container landing-page-container\">\n<header class=\"global-bar text-center js-global-bar\"><\/header>\n<section class=\"view-container container\">\n<div id=\"\" class=\"grid\">\n<div id=\"\" class=\"grid-unit whole extra-large-column\">\n<div class=\"widget\" data-id=\"1428766\">\n<div class=\"donation-form-container\">\n<div class=\"qgiv-embed-container\" data-qgiv-embed=\"true\" data-embed-id=\"\" data-embed=\"https:\/\/secure.qgiv.com\/for\/cmw\/embed\" data-width=\"564\" data-height=\"2400\" data-environment=\"https:\/\/secure.qgiv.com\"><\/div>\n<p><script>(function(w, d, s, id){var js, fjs = d.getElementsByTagName(s)[0];if (d.getElementById(id)) return;js = d.createElement(s); js.id = id;js.src = \"https:\/\/secure.qgiv.com\/resources\/core\/js\/embed.js\";fjs.parentNode.insertBefore(js, fjs);})(window, document, 'script', 'qgiv-embedjs');<\/script><\/p>\n<\/div>\n<\/div>\n<\/div>\n<\/div>\n<\/section>\n<\/section>\n<\/div><\/div><\/div><\/div><\/div><\/div><\/div><\/section><section class=\"l-section wpb_row height_medium\"><div class=\"l-section-h i-cf\"><div class=\"g-cols vc_row type_default valign_top\"><div class=\"vc_col-sm-4 wpb_column vc_column_container\"><div class=\"vc_column-inner\"><div class=\"wpb_wrapper\"><div class=\"w-image style_shadow-1 has_ratio align_center\"><div class=\"w-image-h\"><div style=\"padding-bottom:56.2500%\"><\/div><img loading=\"lazy\" decoding=\"async\" width=\"1024\" height=\"768\" src=\"https:\/\/www.franciscansusa.org\/wp-content\/uploads\/2021\/04\/P-Team-1024x768.jpg\" class=\"attachment-large size-large\" alt=\"\" srcset=\"https:\/\/www.franciscansusa.org\/wp-content\/uploads\/2021\/04\/P-Team-1024x768.jpg 1024w, https:\/\/www.franciscansusa.org\/wp-content\/uploads\/2021\/04\/P-Team-300x225.jpg 300w, https:\/\/www.franciscansusa.org\/wp-content\/uploads\/2021\/04\/P-Team-16x12.jpg 16w, https:\/\/www.franciscansusa.org\/wp-content\/uploads\/2021\/04\/P-Team-150x113.jpg 150w, https:\/\/www.franciscansusa.org\/wp-content\/uploads\/2021\/04\/P-Team-533x400.jpg 533w, https:\/\/www.franciscansusa.org\/wp-content\/uploads\/2021\/04\/P-Team-600x450.jpg 600w, https:\/\/www.franciscansusa.org\/wp-content\/uploads\/2021\/04\/P-Team.jpg 1257w\" sizes=\"auto, (max-width: 1024px) 100vw, 1024px\" \/><\/div><\/div><div class=\"w-separator size_small\"><\/div><div class=\"wpb_text_column\" ><div class=\"wpb_wrapper\"><h4>estado de indiana, <em>Terra Alta, IN<\/em><\/h4>\n<\/div><\/div><\/div><\/div><\/div><div class=\"vc_col-sm-4 wpb_column vc_column_container\"><div class=\"vc_column-inner\"><div class=\"wpb_wrapper\"><div class=\"w-image style_shadow-1 has_ratio align_center\"><div class=\"w-image-h\"><div style=\"padding-bottom:56.2500%\"><\/div><img loading=\"lazy\" decoding=\"async\" width=\"1024\" height=\"683\" src=\"https:\/\/www.franciscansusa.org\/wp-content\/uploads\/2021\/04\/144661278_3650999681603566_488209778001926409_n-1024x683.jpg\" class=\"attachment-large size-large\" alt=\"\" srcset=\"https:\/\/www.franciscansusa.org\/wp-content\/uploads\/2021\/04\/144661278_3650999681603566_488209778001926409_n-1024x683.jpg 1024w, https:\/\/www.franciscansusa.org\/wp-content\/uploads\/2021\/04\/144661278_3650999681603566_488209778001926409_n-300x200.jpg 300w, https:\/\/www.franciscansusa.org\/wp-content\/uploads\/2021\/04\/144661278_3650999681603566_488209778001926409_n-18x12.jpg 18w, https:\/\/www.franciscansusa.org\/wp-content\/uploads\/2021\/04\/144661278_3650999681603566_488209778001926409_n-600x400.jpg 600w, https:\/\/www.franciscansusa.org\/wp-content\/uploads\/2021\/04\/144661278_3650999681603566_488209778001926409_n-150x100.jpg 150w, https:\/\/www.franciscansusa.org\/wp-content\/uploads\/2021\/04\/144661278_3650999681603566_488209778001926409_n.jpg 1200w\" sizes=\"auto, (max-width: 1024px) 100vw, 1024px\" \/><\/div><\/div><div class=\"w-separator size_small\"><\/div><div class=\"wpb_text_column\" ><div class=\"wpb_wrapper\"><h4>Universidad de Belarmino,<em> Louisville, Kentucky<\/em><\/h4>\n<\/div><\/div><\/div><\/div><\/div><div class=\"vc_col-sm-4 wpb_column vc_column_container\"><div class=\"vc_column-inner\"><div class=\"wpb_wrapper\"><div class=\"w-image style_shadow-1 has_ratio align_center\"><div class=\"w-image-h\"><div style=\"padding-bottom:56.2500%\"><\/div><img loading=\"lazy\" decoding=\"async\" width=\"1024\" height=\"597\" src=\"https:\/\/www.franciscansusa.org\/wp-content\/uploads\/2021\/04\/el-paso-day-2z-030820-7pm-mass-utep-campus-ministry-013-1200x700-1-1024x597.jpg\" class=\"attachment-large size-large\" alt=\"\" srcset=\"https:\/\/www.franciscansusa.org\/wp-content\/uploads\/2021\/04\/el-paso-day-2z-030820-7pm-mass-utep-campus-ministry-013-1200x700-1-1024x597.jpg 1024w, https:\/\/www.franciscansusa.org\/wp-content\/uploads\/2021\/04\/el-paso-day-2z-030820-7pm-mass-utep-campus-ministry-013-1200x700-1-300x175.jpg 300w, https:\/\/www.franciscansusa.org\/wp-content\/uploads\/2021\/04\/el-paso-day-2z-030820-7pm-mass-utep-campus-ministry-013-1200x700-1-150x88.jpg 150w, https:\/\/www.franciscansusa.org\/wp-content\/uploads\/2021\/04\/el-paso-day-2z-030820-7pm-mass-utep-campus-ministry-013-1200x700-1-600x350.jpg 600w, https:\/\/www.franciscansusa.org\/wp-content\/uploads\/2021\/04\/el-paso-day-2z-030820-7pm-mass-utep-campus-ministry-013-1200x700-1.jpg 1200w\" sizes=\"auto, (max-width: 1024px) 100vw, 1024px\" \/><\/div><\/div><div class=\"w-separator size_small\"><\/div><div class=\"wpb_text_column\" ><div class=\"wpb_wrapper\"><h4>UTEP, El Paso, TX<\/h4>\n<\/div><\/div><\/div><\/div><\/div><\/div><\/div><\/section>\n<\/div>","protected":false},"excerpt":{"rendered":"El Ministerio Universitario Guiando a J\u00f3venes Cat\u00f3licos College es un momento para buscar significado, para ir m\u00e1s all\u00e1 del valor nominal de los acontecimientos diarios. El Ministerio Universitario anima a los estudiantes a dedicar tiempo a este viaje reflexivo. Eventos y experiencias tales como retiros, d\u00edas de retiro, direcci\u00f3n\/consejer\u00eda espiritual y culto religioso ayudan a los estudiantes en su viaje. Continuando en el de nuestros frailes...","protected":false},"author":1,"featured_media":11434,"parent":0,"menu_order":0,"comment_status":"closed","ping_status":"closed","template":"","meta":{"om_disable_all_campaigns":false,"_monsterinsights_skip_tracking":false,"_monsterinsights_sitenote_active":false,"_monsterinsights_sitenote_note":"","_monsterinsights_sitenote_category":0,"_uf_show_specific_survey":0,"_uf_disable_surveys":false,"footnotes":""},"class_list":["post-11432","page","type-page","status-publish","has-post-thumbnail","hentry"],"aioseo_notices":[],"publishpress_future_action":{"enabled":false,"date":"2026-04-23 14:00:18","action":"change-status","newStatus":"draft","terms":[],"taxonomy":"","extraData":[]},"publishpress_future_workflow_manual_trigger":{"enabledWorkflows":[]},"_links":{"self":[{"href":"https:\/\/www.franciscansusa.org\/es\/wp-json\/wp\/v2\/pages\/11432","targetHints":{"allow":["GET"]}}],"collection":[{"href":"https:\/\/www.franciscansusa.org\/es\/wp-json\/wp\/v2\/pages"}],"about":[{"href":"https:\/\/www.franciscansusa.org\/es\/wp-json\/wp\/v2\/types\/page"}],"author":[{"embeddable":true,"href":"https:\/\/www.franciscansusa.org\/es\/wp-json\/wp\/v2\/users\/1"}],"replies":[{"embeddable":true,"href":"https:\/\/www.franciscansusa.org\/es\/wp-json\/wp\/v2\/comments?post=11432"}],"version-history":[{"count":16,"href":"https:\/\/www.franciscansusa.org\/es\/wp-json\/wp\/v2\/pages\/11432\/revisions"}],"predecessor-version":[{"id":11499,"href":"https:\/\/www.franciscansusa.org\/es\/wp-json\/wp\/v2\/pages\/11432\/revisions\/11499"}],"wp:featuredmedia":[{"embeddable":true,"href":"https:\/\/www.franciscansusa.org\/es\/wp-json\/wp\/v2\/media\/11434"}],"wp:attachment":[{"href":"https:\/\/www.franciscansusa.org\/es\/wp-json\/wp\/v2\/media?parent=11432"}],"curies":[{"name":"gracias","href":"https:\/\/api.w.org\/{rel}","templated":true}]}}