{"id":11439,"date":"2021-03-17T13:33:34","date_gmt":"2021-03-17T13:33:34","guid":{"rendered":"http:\/\/www.franciscansusa.dev\/franciscansusa.org\/?page_id=11439"},"modified":"2026-01-09T13:45:37","modified_gmt":"2026-01-09T18:45:37","slug":"basilica-national-shrine-of-our-lady-of-consolation","status":"publish","type":"page","link":"https:\/\/www.franciscansusa.org\/es\/basilica-national-shrine-of-our-lady-of-consolation\/","title":{"rendered":"Bas\u00edlica y Santuario Nacional de Nuestra Se\u00f1ora de la Consolaci\u00f3n"},"content":{"rendered":"<div class=\"wpb-content-wrapper\"><section class=\"l-section wpb_row height_huge with_img with_overlay\"><div class=\"l-section-img\" style=\"background-image: url(https:\/\/www.franciscansusa.org\/wp-content\/uploads\/2021\/04\/IMG_0515.jpg);\" data-img-width=\"1000\" data-img-height=\"750\"><\/div><div class=\"l-section-overlay\" style=\"background: rgba(0,0,0,0.6)\"><\/div><div class=\"l-section-h i-cf\"><div class=\"g-cols vc_row type_default valign_top\"><div class=\"vc_col-sm-12 wpb_column vc_column_container\"><div class=\"vc_column-inner\"><div class=\"wpb_wrapper\"><div class=\"wpb_text_column\" ><div class=\"wpb_wrapper\"><h2><span style=\"color: #ffffff;\"><strong>Bas\u00edlica y Santuario Nacional de Nuestra Se\u00f1ora de la Consolaci\u00f3n<\/strong><\/span><\/h2>\n<\/div><\/div><\/div><\/div><\/div><\/div><\/div><\/section><section class=\"l-section wpb_row height_medium\"><div class=\"l-section-h i-cf\"><div class=\"g-cols vc_row type_default valign_top\"><div class=\"vc_col-sm-8 wpb_column vc_column_container\"><div class=\"vc_column-inner\"><div class=\"wpb_wrapper\"><div class=\"w-image style_shadow-1 align_none\"><div class=\"w-image-h\"><img loading=\"lazy\" decoding=\"async\" width=\"1000\" height=\"667\" src=\"https:\/\/www.franciscansusa.org\/wp-content\/uploads\/2021\/01\/OLC-statue-with-lit-votives.jpg\" class=\"attachment-large size-large\" alt=\"\" srcset=\"https:\/\/www.franciscansusa.org\/wp-content\/uploads\/2021\/01\/OLC-statue-with-lit-votives.jpg 1000w, https:\/\/www.franciscansusa.org\/wp-content\/uploads\/2021\/01\/OLC-statue-with-lit-votives-18x12.jpg 18w, https:\/\/www.franciscansusa.org\/wp-content\/uploads\/2021\/01\/OLC-statue-with-lit-votives-600x400.jpg 600w, https:\/\/www.franciscansusa.org\/wp-content\/uploads\/2021\/01\/OLC-statue-with-lit-votives-150x100.jpg 150w, https:\/\/www.franciscansusa.org\/wp-content\/uploads\/2021\/01\/OLC-statue-with-lit-votives-300x200.jpg 300w\" sizes=\"auto, (max-width: 1000px) 100vw, 1000px\" \/><\/div><\/div><div class=\"w-separator size_small\"><\/div><div class=\"w-separator size_small\"><\/div><div class=\"wpb_text_column\" ><div class=\"wpb_wrapper\"><h4 style=\"text-align: left;\">Un Lugar Santo de los Favores de Mar\u00eda<\/h4>\n<\/div><\/div><div class=\"w-separator size_small\"><\/div><div class=\"wpb_text_column\" ><div class=\"wpb_wrapper\"><div class=\"page-header\"><\/div>\n<p>Desde 1875, innumerables peregrinos han viajado a la Bas\u00edlica y Santuario Nacional de Nuestra Se\u00f1ora de la Consolaci\u00f3n en Carey, Ohio, para ofrecer oraciones de agradecimiento y confiar sus necesidades a la Madre de Dios como Mar\u00eda, Consoladora de los Afligidos.<\/p>\n<p>La devoci\u00f3n a Mar\u00eda bajo este t\u00edtulo se remonta al siglo II y se encuentra entre sus primeros t\u00edtulos de honor. En el siglo XVII, cuando la peste asolaba la poblaci\u00f3n de Luxemburgo, el pueblo form\u00f3 una uni\u00f3n especial con Mar\u00eda, Consoladora de los Afligidos.<\/p>\n<p>Se consagr\u00f3 una imagen suya en una peque\u00f1a capilla construida a las afueras del pueblo y se autenticaron numerosos favores entre los peregrinos visitantes. En 1652, el Papa foment\u00f3 la devoci\u00f3n a Nuestra Se\u00f1ora bajo este t\u00edtulo al establecer una cofrad\u00eda.<\/p>\n<p>La devoci\u00f3n se extendi\u00f3 a los Estados Unidos y se construy\u00f3 el primer santuario de Nuestra Se\u00f1ora de la Consolaci\u00f3n en Carey, Ohio. Se encarg\u00f3 una r\u00e9plica de la estatua y lleg\u00f3 de Luxemburgo en 1875.<\/p>\n<p>Desde 1875, Mar\u00eda, la Madre de Dios, se ha manifestado como la Madre m\u00e1s amorosa a los miles de peregrinos devotos en este santuario. A trav\u00e9s de sus oraciones, los enfermos y afligidos han encontrado salud, consuelo y consuelo.<\/p>\n<p>Our Lady of Consolation ofrece una serie de eventos especiales durante todo el a\u00f1o. Todos son bienvenidos en cualquier momento de su viaje hacia la fe, la esperanza y la sanaci\u00f3n.<\/p>\n<\/div><\/div><\/div><\/div><\/div><div class=\"vc_col-sm-4 wpb_column vc_column_container\"><div class=\"vc_column-inner\"><div class=\"wpb_wrapper\"><div class=\"wpb_text_column\" ><div class=\"wpb_wrapper\"><h4 style=\"text-align: left;\">Apoye Nuestros Ministerios<span style=\"color: #339966;\"><br \/>\n<\/span><\/h4>\n<\/div><\/div><div class=\"wpb_text_column\" ><div class=\"wpb_wrapper\"><p><script>\n            window.mobile = (\/iphone|ipod|android|blackberry|mini|windows\\sce|palm\/i.test(navigator.userAgent.toLowerCase()));  <\/p>\n<p>            if ( window.mobile ) {\n                window.location.href = 'https:\/\/secure.qgiv.com\/for\/wpmfftbnsooloc\/mobile';\n            }\n        <\/script><\/p>\n<section class=\"page-container landing-page-container\">\n<header class=\"global-bar text-center js-global-bar\"><\/header>\n<section class=\"view-container container\">\n<div id=\"\" class=\"grid\">\n<div id=\"\" class=\"grid-unit whole extra-large-column\">\n<div class=\"widget\" data-id=\"1428766\">\n<div class=\"donation-form-container\">\n<div class=\"qgiv-embed-container\" data-qgiv-embed=\"true\" data-embed-id=\"\" data-embed=\"https:\/\/secure.qgiv.com\/for\/wpmfftbnsooloc\/embed\" data-width=\"564\" data-height=\"2400\" data-environment=\"https:\/\/secure.qgiv.com\"><\/div>\n<p><script>(function(w, d, s, id){var js, fjs = d.getElementsByTagName(s)[0];if (d.getElementById(id)) return;js = d.createElement(s); js.id = id;js.src = \"https:\/\/secure.qgiv.com\/resources\/core\/js\/embed.js\";fjs.parentNode.insertBefore(js, fjs);})(window, document, 'script', 'qgiv-embedjs');<\/script><\/p>\n<\/div>\n<\/div>\n<\/div>\n<\/div>\n<\/section>\n<\/section>\n<\/div><\/div><div class=\"wpb_text_column\" ><div class=\"wpb_wrapper\"><h4><span style=\"color: #598526;\"><span style=\"color: #673c97;\">\u00a1S\u00edganos!<\/span><br \/>\n<\/span><\/h4>\n<\/div><\/div><div class=\"w-separator size_small\"><\/div><div class=\"w-socials us_custom_eb849559 color_brand shape_rounded style_outlined hover_fade\"><div class=\"w-socials-list\" style=\"margin:-.5em;\"><div class=\"w-socials-item facebook\" style=\"padding:.5em;\"><a class=\"w-socials-item-link\" href=\"https:\/\/www.facebook.com\/FranciscanEarthCare\" target=\"_blank\" rel=\"noopener nofollow\" title=\"Facebook\" aria-label=\"Facebook\"><span class=\"w-socials-item-link-hover\"><\/span><i class=\"fab fa-facebook\"><\/i><\/a><div class=\"w-socials-item-popup\"><span>Facebook<\/span><\/div><\/div><div class=\"w-socials-item instagram\" style=\"padding:.5em;\"><a class=\"w-socials-item-link\" href=\"https:\/\/www.instagram.com\/franciscanartsintiative\/\" target=\"_blank\" rel=\"noopener nofollow\" title=\"Instagram\" aria-label=\"Instagram\"><span class=\"w-socials-item-link-hover\"><\/span><i class=\"fab fa-instagram\"><\/i><\/a><div class=\"w-socials-item-popup\"><span>Instagram<\/span><\/div><\/div><div class=\"w-socials-item twitter\" style=\"padding:.5em;\"><a class=\"w-socials-item-link\" href=\"https:\/\/twitter.com\/franciscanarts\" target=\"_blank\" rel=\"noopener nofollow\" title=\"Gorjeo\" aria-label=\"Gorjeo\"><span class=\"w-socials-item-link-hover\"><\/span><i class=\"fab fa-twitter\"><\/i><\/a><div class=\"w-socials-item-popup\"><span>Gorjeo<\/span><\/div><\/div><\/div><\/div><div class=\"w-separator size_large\"><\/div><\/div><\/div><\/div><\/div><\/div><\/section><section class=\"l-section wpb_row height_medium\"><div class=\"l-section-h i-cf\"><div class=\"g-cols vc_row type_default valign_top\"><div class=\"vc_col-sm-12 wpb_column vc_column_container\"><div class=\"vc_column-inner\"><div class=\"wpb_wrapper\"><div class=\"wpb_text_column\" ><div class=\"wpb_wrapper\"><h4>El papel de nuestro fraile<\/h4>\n<\/div><\/div><div class=\"w-separator size_small\"><\/div><\/div><\/div><\/div><div class=\"vc_col-sm-8 wpb_column vc_column_container\"><div class=\"vc_column-inner\"><div class=\"wpb_wrapper\"><div class=\"wpb_text_column\" ><div class=\"wpb_wrapper\"><p>En 1911, el obispo Schrembs de Ohio solicit\u00f3 al fraile franciscano, padre Aloys Fish, que investigara m\u00e1s de cerca la devoci\u00f3n de los fieles que visitaban el Santuario.<\/p>\n<p>El Padre Aloys le escribi\u00f3 al Obispo describiendo sus experiencias en el Santuario como \u201c\u00a1abrumadoras!\u201d Al a\u00f1o siguiente, el obispo Schrembs invit\u00f3 a los frailes franciscanos a mudarse permanentemente a Carey.<\/p>\n<p>Hasta el d\u00eda de hoy, los Frailes Franciscanos Conventuales est\u00e1n presentes en el Santuario y sirven en varias parroquias de los alrededores, atendiendo las necesidades de los fieles. Seguimos cuidando a los innumerables peregrinos que visitan el Santuario.<\/p>\n<p>Damos la bienvenida a su visita a la Bas\u00edlica y al Santuario Nacional y los invitamos a participar de nuestras oraciones y buenas obras.<\/p>\n<\/div><\/div><\/div><\/div><\/div><div class=\"vc_col-sm-4 wpb_column vc_column_container\"><div class=\"vc_column-inner\"><div class=\"wpb_wrapper\"><div class=\"w-image align_center\"><div class=\"w-image-h\"><img loading=\"lazy\" decoding=\"async\" width=\"208\" height=\"300\" src=\"https:\/\/www.franciscansusa.org\/wp-content\/uploads\/2021\/03\/21422817_1492267504-208x300.jpg\" class=\"attachment-medium size-medium\" alt=\"\" srcset=\"https:\/\/www.franciscansusa.org\/wp-content\/uploads\/2021\/03\/21422817_1492267504-208x300.jpg 208w, https:\/\/www.franciscansusa.org\/wp-content\/uploads\/2021\/03\/21422817_1492267504-415x600.jpg 415w, https:\/\/www.franciscansusa.org\/wp-content\/uploads\/2021\/03\/21422817_1492267504-709x1024.jpg 709w, https:\/\/www.franciscansusa.org\/wp-content\/uploads\/2021\/03\/21422817_1492267504-8x12.jpg 8w, https:\/\/www.franciscansusa.org\/wp-content\/uploads\/2021\/03\/21422817_1492267504-104x150.jpg 104w, https:\/\/www.franciscansusa.org\/wp-content\/uploads\/2021\/03\/21422817_1492267504-277x400.jpg 277w, https:\/\/www.franciscansusa.org\/wp-content\/uploads\/2021\/03\/21422817_1492267504-scaled.jpg 1773w\" sizes=\"auto, (max-width: 208px) 100vw, 208px\" \/><\/div><\/div><div class=\"w-separator size_medium\"><\/div><div class=\"wpb_text_column\" ><div class=\"wpb_wrapper\"><h6>El Padre Aloys era un hombre de tremenda energ\u00eda y visi\u00f3n. Promovi\u00f3 la educaci\u00f3n en la Provincia y favoreci\u00f3 la expansi\u00f3n de la fraternidad consiguiendo nuevos conventos y postolados. Era un escritor notable y amaba mucho a la Orden y su historia. Deseaba que la Orden y la Provincia aspiraran a altos ideales y asumieran un liderazgo real en la Iglesia.<\/h6>\n<\/div><\/div><\/div><\/div><\/div><\/div><\/div><\/section><section class=\"l-section wpb_row height_medium\"><div class=\"l-section-h i-cf\"><div class=\"g-cols vc_row type_default valign_top\"><div class=\"vc_col-sm-4 wpb_column vc_column_container\"><div class=\"vc_column-inner\"><div class=\"wpb_wrapper\"><div class=\"w-popup align_center\"><a class=\"w-popup-trigger type_image\" aria-label=\"Surgir\" href=\"javascript:void(0)\"><img loading=\"lazy\" decoding=\"async\" width=\"740\" height=\"416\" src=\"https:\/\/www.franciscansusa.org\/wp-content\/uploads\/2021\/02\/solar-panels-project.jpg\" class=\"attachment-large size-large\" alt=\"\" srcset=\"https:\/\/www.franciscansusa.org\/wp-content\/uploads\/2021\/02\/solar-panels-project.jpg 740w, https:\/\/www.franciscansusa.org\/wp-content\/uploads\/2021\/02\/solar-panels-project-18x10.jpg 18w, https:\/\/www.franciscansusa.org\/wp-content\/uploads\/2021\/02\/solar-panels-project-150x84.jpg 150w, https:\/\/www.franciscansusa.org\/wp-content\/uploads\/2021\/02\/solar-panels-project-600x337.jpg 600w, https:\/\/www.franciscansusa.org\/wp-content\/uploads\/2021\/02\/solar-panels-project-300x169.jpg 300w\" sizes=\"auto, (max-width: 740px) 100vw, 740px\" \/><\/a><div class=\"w-popup-overlay\" style=\"background:rgba(0,0,0,0.85);\"><\/div><div class=\"w-popup-wrap\"><div class=\"w-popup-box animation_fadeIn without_title\" style=\"width:600px;\"><div class=\"w-popup-box-h\"><div class=\"w-popup-box-content\" style=\"padding:5%;background:var(--color-content-bg);color:var(--color-content-text);\"><p><a ref=\"magnificPopup\" href=\"http:\/\/www.franciscansusa.dev\/franciscansusa.org\/wp-content\/uploads\/2021\/02\/Solar-Energy-Promotional-Flyer-franciscan-earth-care-1.jpg\"><img loading=\"lazy\" decoding=\"async\" class=\"alignnone wp-image-9459\" src=\"http:\/\/www.franciscansusa.dev\/franciscansusa.org\/wp-content\/uploads\/2021\/02\/Solar-Energy-Promotional-Flyer-franciscan-earth-care-1.jpg\" alt=\"\" width=\"893\" height=\"1150\" srcset=\"https:\/\/www.franciscansusa.org\/wp-content\/uploads\/2021\/02\/Solar-Energy-Promotional-Flyer-franciscan-earth-care-1-9x12.jpg 9w, https:\/\/www.franciscansusa.org\/wp-content\/uploads\/2021\/02\/Solar-Energy-Promotional-Flyer-franciscan-earth-care-1-117x150.jpg 117w, https:\/\/www.franciscansusa.org\/wp-content\/uploads\/2021\/02\/Solar-Energy-Promotional-Flyer-franciscan-earth-care-1-311x400.jpg 311w, https:\/\/www.franciscansusa.org\/wp-content\/uploads\/2021\/02\/Solar-Energy-Promotional-Flyer-franciscan-earth-care-1-467x600.jpg 467w, https:\/\/www.franciscansusa.org\/wp-content\/uploads\/2021\/02\/Solar-Energy-Promotional-Flyer-franciscan-earth-care-1-233x300.jpg 233w, https:\/\/www.franciscansusa.org\/wp-content\/uploads\/2021\/02\/Solar-Energy-Promotional-Flyer-franciscan-earth-care-1-796x1024.jpg 796w, https:\/\/www.franciscansusa.org\/wp-content\/uploads\/2021\/02\/Solar-Energy-Promotional-Flyer-franciscan-earth-care-1-600x772.jpg 600w\" sizes=\"auto, (max-width: 893px) 100vw, 893px\" \/><\/a><\/p>\n<\/div><\/div><\/div><div class=\"w-popup-closer\" style=\"background:var(--color-content-bg);color:var(--color-content-text);\"><\/div><\/div><\/div><div class=\"w-separator size_small\"><\/div><div class=\"wpb_text_column\" ><div class=\"wpb_wrapper\"><h4>Proyecto de paneles solares<\/h4>\n<p>Lo que comenz\u00f3 en Mount Saint Francis, Indiana, se ha convertido en una iniciativa global para nuestra Provincia.<\/p>\n<\/div><\/div><div class=\"w-popup align_center\"><div class=\"w-btn-wrapper\"><a class=\"w-popup-trigger type_btn w-btn us-btn-style_25\" href=\"javascript:void(0)\"><span class=\"w-btn-label\">Aprende m\u00e1s<\/span><\/a><\/div><div class=\"w-popup-overlay\" style=\"background:rgba(0,0,0,0.85);\"><\/div><div class=\"w-popup-wrap\"><div class=\"w-popup-box animation_fadeIn without_title\" style=\"width:600px;\"><div class=\"w-popup-box-h\"><div class=\"w-popup-box-content\" style=\"padding:5%;background:var(--color-content-bg);color:var(--color-content-text);\"><h4><a ref=\"magnificPopup\" href=\"http:\/\/www.franciscansusa.dev\/franciscansusa.org\/wp-content\/uploads\/2021\/02\/400-130.jpeg\"><img loading=\"lazy\" decoding=\"async\" class=\"size-medium wp-image-9443 alignleft\" src=\"http:\/\/www.franciscansusa.dev\/franciscansusa.org\/wp-content\/uploads\/2021\/02\/400-130-165x300.jpeg\" alt=\"\" width=\"165\" height=\"300\" srcset=\"https:\/\/www.franciscansusa.org\/wp-content\/uploads\/2021\/02\/400-130-165x300.jpeg 165w, https:\/\/www.franciscansusa.org\/wp-content\/uploads\/2021\/02\/400-130-7x12.jpeg 7w, https:\/\/www.franciscansusa.org\/wp-content\/uploads\/2021\/02\/400-130-83x150.jpeg 83w, https:\/\/www.franciscansusa.org\/wp-content\/uploads\/2021\/02\/400-130-220x400.jpeg 220w, https:\/\/www.franciscansusa.org\/wp-content\/uploads\/2021\/02\/400-130.jpeg 264w\" sizes=\"auto, (max-width: 165px) 100vw, 165px\" \/><\/a><\/h4>\n<h4>Ser buenos administradores de todo lo que recibimos<\/h4>\n<p>Como Santo Patrono de la ecolog\u00eda, los animales y la naturaleza, San Francisco de As\u00eds alab\u00f3 a todas las criaturas como hermanos y hermanas ante Dios. El cuidado de los franciscanos por la tierra es ahora m\u00e1s que nunca una prioridad m\u00e1xima. En medio de un planeta y un clima en constante cambio, proteger el medio ambiente para las generaciones futuras y demostrar la sostenibilidad son actividades cr\u00edticas necesarias para todas las personas y comunidades. <i>Alabado seas, mi Se\u00f1or, por nuestra Hermana Madre Tierra, que nos sustenta y gobierna, y que produce diversos frutos con flores y hierbas de colores\u201d. San Francisco de As\u00eds El C\u00e1ntico de las Criaturas<\/i><\/p>\n<\/div><\/div><\/div><div class=\"w-popup-closer\" style=\"background:var(--color-content-bg);color:var(--color-content-text);\"><\/div><\/div><\/div><\/div><\/div><\/div><div class=\"vc_col-sm-4 wpb_column vc_column_container\"><div class=\"vc_column-inner\"><div class=\"wpb_wrapper\"><div class=\"w-video align_center ratio_16x9\"><div class=\"w-video-h\"><iframe src=\"\/\/www.youtube.com\/embed\/nUNOjCibikU?autoplay=0&controls=1&origin=https%3A%2F%2Fwww.franciscansusa.org&enablejsapi=1\" allowfullscreen=\"1\"><\/iframe><\/div><div class=\"w-video-icon\" style=\"font-size:1.5rem;background:rgba(0,0,0,0.5);color:#fff;\"><\/div><\/div><div class=\"w-separator size_small\"><\/div><div class=\"wpb_text_column\" ><div class=\"wpb_wrapper\"><h4>Los iraqu\u00edes se re\u00fanen en Carey, OH para la Fiesta de la Asunci\u00f3n<\/h4>\n<p>Prueba aqu\u00ed<\/p>\n<\/div><\/div><\/div><\/div><\/div><div class=\"vc_col-sm-4 wpb_column vc_column_container\"><div class=\"vc_column-inner\"><div class=\"wpb_wrapper\"><div class=\"w-video align_center ratio_16x9\"><div class=\"w-video-h\"><iframe src=\"\/\/www.youtube.com\/embed\/KvJj0uq5IbQ?autoplay=0&controls=0&origin=https%3A%2F%2Fwww.franciscansusa.org&enablejsapi=1\" allowfullscreen=\"1\"><\/iframe><\/div><div class=\"w-video-icon\" style=\"font-size:1.5rem;background:rgba(0,0,0,0.5);color:#fff;\"><\/div><\/div><div class=\"w-separator size_small\"><\/div><div class=\"wpb_text_column\" ><div class=\"wpb_wrapper\"><h4>Pintando con el Padre<\/h4>\n<p>Texto aqui<\/p>\n<\/div><\/div><\/div><\/div><\/div><\/div><\/div><\/section>\n<\/div>","protected":false},"excerpt":{"rendered":"Bas\u00edlica y Santuario Nacional de Nuestra Se\u00f1ora de la Consolaci\u00f3n Un lugar santo de los favores de Mar\u00eda Desde 1875, innumerables peregrinos han viajado a la Bas\u00edlica y Santuario Nacional de Nuestra Se\u00f1ora de la Consolaci\u00f3n en Carey, Ohio, para ofrecer oraciones de agradecimiento y confiar sus necesidades a la Madre. de Dios como Mar\u00eda, Consoladora de...","protected":false},"author":1,"featured_media":0,"parent":0,"menu_order":0,"comment_status":"closed","ping_status":"closed","template":"","meta":{"om_disable_all_campaigns":false,"_monsterinsights_skip_tracking":false,"_monsterinsights_sitenote_active":false,"_monsterinsights_sitenote_note":"","_monsterinsights_sitenote_category":0,"_uf_show_specific_survey":0,"_uf_disable_surveys":false,"footnotes":""},"class_list":["post-11439","page","type-page","status-publish","hentry"],"aioseo_notices":[],"publishpress_future_action":{"enabled":false,"date":"2026-04-22 19:43:39","action":"change-status","newStatus":"draft","terms":[],"taxonomy":"","extraData":[]},"publishpress_future_workflow_manual_trigger":{"enabledWorkflows":[]},"_links":{"self":[{"href":"https:\/\/www.franciscansusa.org\/es\/wp-json\/wp\/v2\/pages\/11439","targetHints":{"allow":["GET"]}}],"collection":[{"href":"https:\/\/www.franciscansusa.org\/es\/wp-json\/wp\/v2\/pages"}],"about":[{"href":"https:\/\/www.franciscansusa.org\/es\/wp-json\/wp\/v2\/types\/page"}],"author":[{"embeddable":true,"href":"https:\/\/www.franciscansusa.org\/es\/wp-json\/wp\/v2\/users\/1"}],"replies":[{"embeddable":true,"href":"https:\/\/www.franciscansusa.org\/es\/wp-json\/wp\/v2\/comments?post=11439"}],"version-history":[{"count":20,"href":"https:\/\/www.franciscansusa.org\/es\/wp-json\/wp\/v2\/pages\/11439\/revisions"}],"predecessor-version":[{"id":23863,"href":"https:\/\/www.franciscansusa.org\/es\/wp-json\/wp\/v2\/pages\/11439\/revisions\/23863"}],"wp:attachment":[{"href":"https:\/\/www.franciscansusa.org\/es\/wp-json\/wp\/v2\/media?parent=11439"}],"curies":[{"name":"gracias","href":"https:\/\/api.w.org\/{rel}","templated":true}]}}