{"id":11916,"date":"2021-05-13T15:44:39","date_gmt":"2021-05-13T15:44:39","guid":{"rendered":"https:\/\/www.franciscansusa.org\/?page_id=11916"},"modified":"2021-05-25T20:15:45","modified_gmt":"2021-05-25T20:15:45","slug":"relief-for-india","status":"publish","type":"page","link":"https:\/\/www.franciscansusa.org\/es\/relief-for-india\/","title":{"rendered":"Ayuda por COVID-19 para Kerala, India"},"content":{"rendered":"<div class=\"wpb-content-wrapper\"><section class=\"l-section wpb_row height_medium\"><div class=\"l-section-h i-cf\"><div class=\"g-cols vc_row type_default valign_top\"><div class=\"vc_col-sm-8 wpb_column vc_column_container\"><div class=\"vc_column-inner\"><div class=\"wpb_wrapper\"><div class=\"w-video align_center ratio_16x9\"><div class=\"w-video-h\"><iframe src=\"\/\/player.vimeo.com\/video\/551656037?autopause=0&autoplay=0&color=00adef&portrait=0&byline=0&title=0\" webkitallowfullscreen mozallowfullscreen allowfullscreen><\/iframe><\/div><div class=\"w-video-icon\" style=\"font-size:1.5rem;background:rgba(0,0,0,0.5);color:#fff;\"><\/div><\/div><div class=\"w-separator size_small\"><\/div><div class=\"wpb_text_column\" ><div class=\"wpb_wrapper\"><h3 style=\"text-align: center;\"><strong>100% de las ganancias se destinan a la gente de Kerala, India, para el alivio de COVID<\/strong><\/h3>\n<p>India est\u00e1 experimentando una devastadora segunda ola de COVID-19 en todo el pa\u00eds. Seg\u00fan los informes, los casos positivos de COVID-19 se han disparado a 17 millones en total. Ahora hay m\u00e1s de 300,000 nuevas infecciones por d\u00eda, lo que convierte a India en el pa\u00eds con la tasa m\u00e1s alta del mundo de casos diarios de COVID-19. Seg\u00fan las noticias locales, las ciudades se enfrentan a una grave escasez de ox\u00edgeno para los pacientes en estado cr\u00edtico. En la ciudad capital de Nueva Delhi, el aumento del virus ha requerido un cierre total de la ciudad hasta mayo.<\/p>\n<p>Nuestros frailes indios que sirven a la Provincia de Nuestra Se\u00f1ora de la Consolaci\u00f3n se preocupan no s\u00f3lo por sus familias sino tambi\u00e9n por sus hermanos indios. Desafortunadamente, el virus contin\u00faa propag\u00e1ndose y matando a un ritmo alarmante. Dos de los veintis\u00e9is frailes que sirven actualmente en India han contra\u00eddo el virus COVID-19.<\/p>\n<p>Aqu\u00ed en los Estados Unidos, somos afortunados. A medida que Covid disminuye, vemos que nuestras vidas vuelven a la normalidad. Nuestras familias est\u00e1n bien. Pero, como se\u00f1ala el Padre John, en esta sociedad global <strong>la salud de nuestro pr\u00f3jimo es la salud de nosotros mismos.\u00a0 <\/strong><\/p>\n<h3 style=\"text-align: center;\"><strong>Hoy te pedimos que ayudes a nuestros hermanos indios y al pueblo de Kerala, India.<\/strong><\/h3>\n<\/div><\/div><\/div><\/div><\/div><div class=\"vc_col-sm-4 wpb_column vc_column_container\"><div class=\"vc_column-inner\"><div class=\"wpb_wrapper\"><div class=\"wpb_text_column\" ><div class=\"wpb_wrapper\"><div class=\"qgiv-embed-container\" data-qgiv-embed=\"true\" data-embed-id=\"61272\" data-embed=\"https:\/\/secure.qgiv.com\/for\/crfki\/embed\/61272\/\" data-width=\"300\"><\/div>\n<p><script>(function(w, d, s, id){var js, fjs = d.getElementsByTagName(s)[0];if (d.getElementById(id)) return;js = d.createElement(s); js.id = id;js.src = \"https:\/\/secure.qgiv.com\/resources\/core\/js\/embed.js\";fjs.parentNode.insertBefore(js, fjs);})(window, document, 'script', 'qgiv-embedjs');<\/script><\/p>\n<\/div><\/div><\/div><\/div><\/div><\/div><\/div><\/section>\n<\/div>","protected":false},"excerpt":{"rendered":"100% de las ganancias se destinar\u00e1n a la poblaci\u00f3n de Kerala, India, para la lucha contra la COVID-19. India est\u00e1 experimentando una devastadora segunda ola de COVID-19 en todo el pa\u00eds. Seg\u00fan informes, los casos positivos de COVID-19 se han disparado a un total de 17 millones. Actualmente, se registran m\u00e1s de 300.000 nuevas infecciones al d\u00eda, lo que convierte a India en el pa\u00eds con...","protected":false},"author":1,"featured_media":0,"parent":0,"menu_order":0,"comment_status":"closed","ping_status":"closed","template":"","meta":{"om_disable_all_campaigns":false,"_monsterinsights_skip_tracking":false,"_monsterinsights_sitenote_active":false,"_monsterinsights_sitenote_note":"","_monsterinsights_sitenote_category":0,"_uf_show_specific_survey":0,"_uf_disable_surveys":false,"footnotes":""},"class_list":["post-11916","page","type-page","status-publish","hentry"],"aioseo_notices":[],"publishpress_future_action":{"enabled":false,"date":"2026-04-22 01:29:14","action":"change-status","newStatus":"draft","terms":[],"taxonomy":"","extraData":[]},"publishpress_future_workflow_manual_trigger":{"enabledWorkflows":[]},"_links":{"self":[{"href":"https:\/\/www.franciscansusa.org\/es\/wp-json\/wp\/v2\/pages\/11916","targetHints":{"allow":["GET"]}}],"collection":[{"href":"https:\/\/www.franciscansusa.org\/es\/wp-json\/wp\/v2\/pages"}],"about":[{"href":"https:\/\/www.franciscansusa.org\/es\/wp-json\/wp\/v2\/types\/page"}],"author":[{"embeddable":true,"href":"https:\/\/www.franciscansusa.org\/es\/wp-json\/wp\/v2\/users\/1"}],"replies":[{"embeddable":true,"href":"https:\/\/www.franciscansusa.org\/es\/wp-json\/wp\/v2\/comments?post=11916"}],"version-history":[{"count":16,"href":"https:\/\/www.franciscansusa.org\/es\/wp-json\/wp\/v2\/pages\/11916\/revisions"}],"predecessor-version":[{"id":11949,"href":"https:\/\/www.franciscansusa.org\/es\/wp-json\/wp\/v2\/pages\/11916\/revisions\/11949"}],"wp:attachment":[{"href":"https:\/\/www.franciscansusa.org\/es\/wp-json\/wp\/v2\/media?parent=11916"}],"curies":[{"name":"gracias","href":"https:\/\/api.w.org\/{rel}","templated":true}]}}