{"id":12142,"date":"2021-08-11T13:06:00","date_gmt":"2021-08-11T13:06:00","guid":{"rendered":"https:\/\/www.franciscansusa.org\/?page_id=12142"},"modified":"2022-12-07T14:17:22","modified_gmt":"2022-12-07T19:17:22","slug":"tau-cross","status":"publish","type":"page","link":"https:\/\/www.franciscansusa.org\/es\/tau-cross\/","title":{"rendered":"Cruz Tau"},"content":{"rendered":"<div class=\"wpb-content-wrapper\"><section class=\"l-section wpb_row height_medium\"><div class=\"l-section-h i-cf\"><div class=\"g-cols vc_row type_default valign_top\"><div class=\"vc_col-sm-6 wpb_column vc_column_container\"><div class=\"vc_column-inner\"><div class=\"wpb_wrapper\"><div class=\"wpb_text_column\" ><div class=\"wpb_wrapper\"><p>Los cat\u00f3licos de todo el mundo est\u00e1n acostumbrados a ver la cruz latina dentro y encima de nuestras iglesias. Es uno de los s\u00edmbolos m\u00e1s reconocibles y conocidos del cristianismo. Pero, \u00bfsab\u00edas que hay otras \u201ccruces\u201d que tienen una larga procedencia en el cristianismo? Adem\u00e1s de nuestro s\u00edmbolo familiar, tambi\u00e9n est\u00e1n las cruces griega, maltesa, papal, patriarcal y de San Andr\u00e9s.<\/p>\n<p>Quiz\u00e1s el patr\u00f3n m\u00e1s antiguo de la cruz se llama cruz &quot;tau&quot;, la cruz que est\u00e1 asociada con la orden franciscana. Pero, \u00bfsab\u00edas que lo m\u00e1s probable es que la \u201ctau\u201d fuera la forma est\u00e1ndar de la crucifixi\u00f3n romana? El miembro vertical ya estaba montado en el lugar de ejecuci\u00f3n. El miembro horizontal era llevado por la v\u00edctima desde el lugar del juicio hasta el de su ejecuci\u00f3n.<\/p>\n<p>El nombre \u201ctau\u201d se asoci\u00f3 con la cruz por su forma y porque \u201ctau\u201d es la \u00faltima letra del alfabeto hebreo ya en uso simb\u00f3licamente en el Antiguo Testamento. Ya se habla de ello en el Libro de Ezequiel: \u201cEl Se\u00f1or le dijo: &#039;Pasa por la ciudad, por Jerusal\u00e9n, y ponles una se\u00f1al en la frente a los hombres que gimen y gimen a causa de las abominaciones\u2026 (Ez. 9: 4). La Tau era la se\u00f1al colocada en la frente de los pobres de Israel, como se\u00f1al de que iban a ser salvados.<\/p>\n<p>Esto fue adoptado desde el principio por las primeras generaciones de cristianos que eran jud\u00edos. Fue por una doble raz\u00f3n:<\/p>\n<p>Los cristianos adoptaron la Tau, porque su forma les recordaba la Cruz en la que Cristo fue sacrificado por la salvaci\u00f3n del mundo.<br \/>\nComo \u00faltima letra del alfabeto hebreo, profetizaba el D\u00eda Postrero y ten\u00eda la misma funci\u00f3n que la letra griega Omega tal como aparece en el Libro del Apocalipsis: \u201cYo soy el Alfa y la Omega, el principio y el fin. Al sediento le dar\u00e9 agua gratuitamente de la fuente del agua de la vida\u2026 Yo soy el Alfa y la Omega, el primero y el \u00faltimo, el principio y el fin\u201d (Ap. 21:6; 22:13).<\/p>\n<p>La Tau ocup\u00f3 un lugar importante en el pensamiento y la vida de San Francisco de As\u00eds, tanto que ocup\u00f3 un lugar importante en su pensamiento. Para Francisco el antiguo signo prof\u00e9tico se actualiz\u00f3, recuper\u00f3 su poder salv\u00edfico y expres\u00f3 la bienaventuranza de la pobreza, que es un elemento esencial del estilo de vida franciscano.<\/p>\n<p>\u201cCuando lo requer\u00eda la necesidad o la caridad, San Francisco marcaba con este sello las cartas que enviaba\u201d (FF 980); \u201cCon ella comenzaba todas sus acciones\u201d (FF 1347). La Tau era, por tanto, el signo m\u00e1s querido por Francisco, su sello, el signo revelador de una profunda convicci\u00f3n espiritual de que la salvaci\u00f3n de todo hombre est\u00e1 s\u00f3lo en la Cruz de Cristo.<\/p>\n<p>As\u00ed, la Tau, que est\u00e1 respaldada por una s\u00f3lida tradici\u00f3n b\u00edblica y cristiana, fue recibida por San Francisco por su valor espiritual. El Santo de As\u00eds se apoder\u00f3 de este signo de una manera tan completa e intensa que, al final de su vida y a trav\u00e9s de los estigmas impresos en su carne, se convirti\u00f3 en la imagen viva de la Tau que tantas veces hab\u00eda contemplado, dibujado y especialmente amado.<\/p>\n<\/div><\/div><\/div><\/div><\/div><div class=\"vc_col-sm-6 wpb_column vc_column_container\"><div class=\"vc_column-inner\"><div class=\"wpb_wrapper\"><div class=\"w-image align_none\"><div class=\"w-image-h\"><img loading=\"lazy\" decoding=\"async\" width=\"763\" height=\"1024\" src=\"https:\/\/www.franciscansusa.org\/wp-content\/uploads\/2022\/12\/tau-cross-763x1024.png\" class=\"attachment-large size-large\" alt=\"\" srcset=\"https:\/\/www.franciscansusa.org\/wp-content\/uploads\/2022\/12\/tau-cross-763x1024.png 763w, https:\/\/www.franciscansusa.org\/wp-content\/uploads\/2022\/12\/tau-cross-224x300.png 224w, https:\/\/www.franciscansusa.org\/wp-content\/uploads\/2022\/12\/tau-cross-9x12.png 9w, https:\/\/www.franciscansusa.org\/wp-content\/uploads\/2022\/12\/tau-cross-112x150.png 112w, https:\/\/www.franciscansusa.org\/wp-content\/uploads\/2022\/12\/tau-cross-298x400.png 298w, https:\/\/www.franciscansusa.org\/wp-content\/uploads\/2022\/12\/tau-cross-447x600.png 447w, https:\/\/www.franciscansusa.org\/wp-content\/uploads\/2022\/12\/tau-cross-600x805.png 600w, https:\/\/www.franciscansusa.org\/wp-content\/uploads\/2022\/12\/tau-cross.png 954w\" sizes=\"auto, (max-width: 763px) 100vw, 763px\" \/><\/div><\/div><\/div><\/div><\/div><\/div><\/div><\/section>\n<\/div>","protected":false},"excerpt":{"rendered":"Los cat\u00f3licos de todo el mundo est\u00e1n acostumbrados a ver la cruz latina en el interior y la cima de nuestras iglesias. Es uno de los s\u00edmbolos m\u00e1s reconocibles y conocidos del cristianismo. Pero \u00bfsab\u00edas que existen otras &quot;cruces&quot; con una larga tradici\u00f3n en el cristianismo? Adem\u00e1s de nuestro s\u00edmbolo familiar, tambi\u00e9n existen las cruces griega, maltesa, papal...","protected":false},"author":1,"featured_media":0,"parent":0,"menu_order":0,"comment_status":"closed","ping_status":"closed","template":"","meta":{"om_disable_all_campaigns":false,"_monsterinsights_skip_tracking":false,"_monsterinsights_sitenote_active":false,"_monsterinsights_sitenote_note":"","_monsterinsights_sitenote_category":0,"_uf_show_specific_survey":0,"_uf_disable_surveys":false,"footnotes":""},"class_list":["post-12142","page","type-page","status-publish","hentry"],"aioseo_notices":[],"publishpress_future_action":{"enabled":false,"date":"2026-04-22 18:47:14","action":"change-status","newStatus":"draft","terms":[],"taxonomy":"","extraData":[]},"publishpress_future_workflow_manual_trigger":{"enabledWorkflows":[]},"_links":{"self":[{"href":"https:\/\/www.franciscansusa.org\/es\/wp-json\/wp\/v2\/pages\/12142","targetHints":{"allow":["GET"]}}],"collection":[{"href":"https:\/\/www.franciscansusa.org\/es\/wp-json\/wp\/v2\/pages"}],"about":[{"href":"https:\/\/www.franciscansusa.org\/es\/wp-json\/wp\/v2\/types\/page"}],"author":[{"embeddable":true,"href":"https:\/\/www.franciscansusa.org\/es\/wp-json\/wp\/v2\/users\/1"}],"replies":[{"embeddable":true,"href":"https:\/\/www.franciscansusa.org\/es\/wp-json\/wp\/v2\/comments?post=12142"}],"version-history":[{"count":3,"href":"https:\/\/www.franciscansusa.org\/es\/wp-json\/wp\/v2\/pages\/12142\/revisions"}],"predecessor-version":[{"id":14827,"href":"https:\/\/www.franciscansusa.org\/es\/wp-json\/wp\/v2\/pages\/12142\/revisions\/14827"}],"wp:attachment":[{"href":"https:\/\/www.franciscansusa.org\/es\/wp-json\/wp\/v2\/media?parent=12142"}],"curies":[{"name":"gracias","href":"https:\/\/api.w.org\/{rel}","templated":true}]}}