{"id":12144,"date":"2021-08-11T13:06:49","date_gmt":"2021-08-11T13:06:49","guid":{"rendered":"https:\/\/www.franciscansusa.org\/?page_id=12144"},"modified":"2024-02-09T09:15:40","modified_gmt":"2024-02-09T14:15:40","slug":"san-damiano-cross","status":"publish","type":"page","link":"https:\/\/www.franciscansusa.org\/es\/san-damiano-cross\/","title":{"rendered":"Cruz de San Dami\u00e1n"},"content":{"rendered":"<div class=\"wpb-content-wrapper\"><section class=\"l-section wpb_row height_huge with_img with_overlay\"><div class=\"l-section-img\" style=\"background-image: url(https:\/\/www.franciscansusa.org\/wp-content\/uploads\/2024\/01\/San-Damiano-Cross.jpg);\" data-img-width=\"2048\" data-img-height=\"1365\"><\/div><div class=\"l-section-overlay\" style=\"background: rgba(0,0,0,0.6)\"><\/div><div class=\"l-section-h i-cf\"><div class=\"g-cols vc_row type_default valign_top\"><div class=\"vc_col-sm-12 wpb_column vc_column_container\"><div class=\"vc_column-inner\"><div class=\"wpb_wrapper\"><div class=\"wpb_text_column\" ><div class=\"wpb_wrapper\"><h2><span style=\"color: #ffffff;\"><strong>Cruz de San Dami\u00e1n<\/strong><\/span><\/h2>\n<\/div><\/div><\/div><\/div><\/div><\/div><\/div><\/section><section class=\"l-section wpb_row height_medium\"><div class=\"l-section-h i-cf\"><div class=\"g-cols vc_row type_default valign_top\"><div class=\"vc_col-sm-12 wpb_column vc_column_container\"><div class=\"vc_column-inner\"><div class=\"wpb_wrapper\"><div class=\"wpb_text_column\" ><div class=\"wpb_wrapper\"><h3><\/h3>\n<h4>Un faro de fe, esperanza y renovaci\u00f3n<\/h4>\n<p>La Cruz de San Dami\u00e1n no es simplemente un s\u00edmbolo; es una profunda invitaci\u00f3n a la reflexi\u00f3n, la oraci\u00f3n y la transformaci\u00f3n. Venerado por los frailes franciscanos conventuales y los cristianos de todo el mundo, este ic\u00f3nico crucifijo es un testimonio de fe, un puente hacia lo divino y un llamado a seguir los pasos de San Francisco de As\u00eds.<\/p>\n<h4>El G\u00e9nesis Hist\u00f3rico<\/h4>\n<p>Ubicada en la peque\u00f1a iglesia de San Dami\u00e1n, en las afueras de As\u00eds, Italia, se cree que la Cruz de San Dami\u00e1n fue creada en el siglo XII. Esta exquisita obra de arte es una representaci\u00f3n ejemplar de la artesan\u00eda religiosa de Umbr\u00eda, que representa no solo a Cristo crucificado sino tambi\u00e9n a varias figuras que han desempe\u00f1ado papeles fundamentales en la narrativa cristiana.<\/p>\n<p>Fue ante esta misma cruz, en la ruinosa iglesia de San Dami\u00e1n, que un joven Francisco de As\u00eds se arrodill\u00f3 al escuchar el llamado de Cristo: \u201cFrancisco, ve y repara mi casa, que, como puedes ver, est\u00e1 cayendo en ruinas. .\u201d Este encuentro divino marc\u00f3 el comienzo de un viaje extraordinario, que llev\u00f3 a Francisco a renunciar a su vida mundana y dedicarse a reconstruir la iglesia cristiana y vivir en pobreza, humildad y servicio a los dem\u00e1s.<\/p>\n<h4>Simbolismo y significado<\/h4>\n<p>La Cruz de San Dami\u00e1n es un catecismo visual, rico en simbolismo y profundidad teol\u00f3gica. Representa a Jesucristo no muerto, sino resucitado y triunfante sobre la cruz. Esta representaci\u00f3n sirve como recordatorio de la victoria sobre el pecado y la muerte, y la promesa de la resurrecci\u00f3n para todos los que creen. Alrededor de Cristo hay figuras de santos y testigos, entre ellos Mar\u00eda, su madre y San Juan Evangelista, todos contemplando la figura central de Jes\u00fas, lo que significa la naturaleza comunitaria de la Iglesia.<\/p>\n<p>Para los Frailes Franciscanos Conventuales, la Cruz de San Dami\u00e1n ocupa un lugar especial de honor ya que encarna el carisma de su fundador, San Francisco de As\u00eds. Sirve como un recordatorio constante de su compromiso de vivir el Evangelio en fraternidad y al servicio de toda la creaci\u00f3n. La cruz los invita, y de hecho a todos los cristianos, a una contemplaci\u00f3n m\u00e1s profunda de Jesucristo y su llamado a reconstruir la Iglesia, tanto espiritual como f\u00edsicamente.<\/p>\n<h4>Un legado vivo<\/h4>\n<p>Hoy en d\u00eda, la Cruz de San Dami\u00e1n sigue inspirando a personas de todo el mundo. Su mensaje es atemporal y nos llama a cada uno de nosotros a reflexionar sobre nuestras propias vidas, a abrazar la renovaci\u00f3n y a actuar con compasi\u00f3n y amor hacia los dem\u00e1s. Los Frailes Franciscanos Conventuales mantienen esta cruz como elemento central de su espiritualidad, enfatizando la importancia de la comunidad, la humildad y el servicio a los pobres y marginados.<\/p>\n<p>Te invitamos a explorar la profunda belleza y profundidad espiritual de la Cruz de San Dami\u00e1n. Que sea una fuente de inspiraci\u00f3n, que os gu\u00ede en vuestro camino de fe, os acerque a lo divino y os anime a vivir el Evangelio en vuestra vida diaria.<\/p>\n<h4>Abraza el viaje<\/h4>\n<p>\u00danase a nosotros para descubrir el legado perdurable de la Cruz de San Dami\u00e1n. Deja que sea una luz en tu camino, un consuelo en tiempos de oscuridad y un claro recordatorio del poder transformador del amor de Dios. Juntos, sigamos los pasos de San Francisco, reconstruyendo la Iglesia, piedra a piedra, con amor, humildad y alegr\u00eda.<\/p>\n<p>Bienvenidos a un camino de fe. Bienvenidos al legado de la Cruz de San Dami\u00e1n.<\/p>\n<\/div><\/div><\/div><\/div><\/div><\/div><\/div><\/section>\n<\/div>","protected":false},"excerpt":{"rendered":"Cruz de San Dami\u00e1n, un faro de fe, esperanza y renovaci\u00f3n. La Cruz de San Dami\u00e1n no es solo un s\u00edmbolo; es una profunda invitaci\u00f3n a la reflexi\u00f3n, la oraci\u00f3n y la transformaci\u00f3n. Venerado por los frailes franciscanos conventuales y cristianos de todo el mundo, este ic\u00f3nico crucifijo es un testimonio de fe, un puente hacia lo divino y una llamada a...","protected":false},"author":1,"featured_media":0,"parent":0,"menu_order":0,"comment_status":"closed","ping_status":"closed","template":"","meta":{"om_disable_all_campaigns":false,"_monsterinsights_skip_tracking":false,"_monsterinsights_sitenote_active":false,"_monsterinsights_sitenote_note":"","_monsterinsights_sitenote_category":0,"_uf_show_specific_survey":0,"_uf_disable_surveys":false,"footnotes":""},"class_list":["post-12144","page","type-page","status-publish","hentry"],"aioseo_notices":[],"publishpress_future_action":{"enabled":false,"date":"2026-05-01 13:36:04","action":"change-status","newStatus":"draft","terms":[],"taxonomy":"","extraData":[]},"publishpress_future_workflow_manual_trigger":{"enabledWorkflows":[]},"_links":{"self":[{"href":"https:\/\/www.franciscansusa.org\/es\/wp-json\/wp\/v2\/pages\/12144","targetHints":{"allow":["GET"]}}],"collection":[{"href":"https:\/\/www.franciscansusa.org\/es\/wp-json\/wp\/v2\/pages"}],"about":[{"href":"https:\/\/www.franciscansusa.org\/es\/wp-json\/wp\/v2\/types\/page"}],"author":[{"embeddable":true,"href":"https:\/\/www.franciscansusa.org\/es\/wp-json\/wp\/v2\/users\/1"}],"replies":[{"embeddable":true,"href":"https:\/\/www.franciscansusa.org\/es\/wp-json\/wp\/v2\/comments?post=12144"}],"version-history":[{"count":4,"href":"https:\/\/www.franciscansusa.org\/es\/wp-json\/wp\/v2\/pages\/12144\/revisions"}],"predecessor-version":[{"id":17734,"href":"https:\/\/www.franciscansusa.org\/es\/wp-json\/wp\/v2\/pages\/12144\/revisions\/17734"}],"wp:attachment":[{"href":"https:\/\/www.franciscansusa.org\/es\/wp-json\/wp\/v2\/media?parent=12144"}],"curies":[{"name":"gracias","href":"https:\/\/api.w.org\/{rel}","templated":true}]}}