{"id":12196,"date":"2021-08-31T14:18:18","date_gmt":"2021-08-31T14:18:18","guid":{"rendered":"https:\/\/www.franciscansusa.org\/?page_id=12196"},"modified":"2023-10-20T10:43:22","modified_gmt":"2023-10-20T14:43:22","slug":"all-souls-day","status":"publish","type":"page","link":"https:\/\/www.franciscansusa.org\/es\/all-souls-day\/","title":{"rendered":"Todo el d\u00eda de almas"},"content":{"rendered":"<div class=\"wpb-content-wrapper\"><section class=\"l-section wpb_row height_huge with_img with_overlay\"><div class=\"l-section-img\" style=\"background-image: url(https:\/\/www.franciscansusa.org\/wp-content\/uploads\/2021\/08\/lightcandles.jpg);\" data-img-width=\"1200\" data-img-height=\"800\"><\/div><div class=\"l-section-overlay\" style=\"background: rgba(0,0,0,0.6)\"><\/div><div class=\"l-section-h i-cf\"><div class=\"g-cols vc_row type_default valign_top\"><div class=\"vc_col-sm-12 wpb_column vc_column_container\"><div class=\"vc_column-inner\"><div class=\"wpb_wrapper\"><div class=\"wpb_text_column\" ><div class=\"wpb_wrapper\"><h2><span style=\"color: #ffffff;\"><strong>Todo el d\u00eda de almas<br \/>\n<\/strong><\/span><\/h2>\n<\/div><\/div><\/div><\/div><\/div><\/div><\/div><\/section><section class=\"l-section wpb_row height_medium\"><div class=\"l-section-h i-cf\"><div class=\"g-cols vc_row type_default valign_top\"><div class=\"vc_col-sm-8 wpb_column vc_column_container\"><div class=\"vc_column-inner\"><div class=\"wpb_wrapper\"><div class=\"w-image align_center\"><div class=\"w-image-h\"><img loading=\"lazy\" decoding=\"async\" width=\"800\" height=\"533\" src=\"https:\/\/www.franciscansusa.org\/wp-content\/uploads\/2021\/08\/fr-john-elmer-lights-candle-at-st-anthony-altar.jpg\" class=\"attachment-large size-large\" alt=\"\" srcset=\"https:\/\/www.franciscansusa.org\/wp-content\/uploads\/2021\/08\/fr-john-elmer-lights-candle-at-st-anthony-altar.jpg 800w, https:\/\/www.franciscansusa.org\/wp-content\/uploads\/2021\/08\/fr-john-elmer-lights-candle-at-st-anthony-altar-300x200.jpg 300w, https:\/\/www.franciscansusa.org\/wp-content\/uploads\/2021\/08\/fr-john-elmer-lights-candle-at-st-anthony-altar-18x12.jpg 18w, https:\/\/www.franciscansusa.org\/wp-content\/uploads\/2021\/08\/fr-john-elmer-lights-candle-at-st-anthony-altar-600x400.jpg 600w, https:\/\/www.franciscansusa.org\/wp-content\/uploads\/2021\/08\/fr-john-elmer-lights-candle-at-st-anthony-altar-150x100.jpg 150w\" sizes=\"auto, (max-width: 800px) 100vw, 800px\" \/><\/div><\/div><div class=\"w-separator size_small\"><\/div><div class=\"wpb_text_column\" ><div class=\"wpb_wrapper\"><h4>Recordando a los que has perdido<\/h4>\n<\/div><\/div><div class=\"w-separator size_small\"><\/div><div class=\"wpb_text_column\" ><div class=\"wpb_wrapper\"><p>Nuestros frailes se sentir\u00edan honrados de encender una vela votiva para iluminar sus oraciones por sus seres queridos fallecidos en esta ocasi\u00f3n del D\u00eda de los Muertos.<\/p>\n<p>Env\u00eda tus peticiones de oraci\u00f3n antes del 2 de noviembre. Colocaremos su petici\u00f3n de oraci\u00f3n en nuestro altar para nuestra pr\u00f3xima Novena de Misas que comienza el D\u00eda de Todos los Difuntos.<\/p>\n<p>Su apoyo a nuestro ministerio y misiones entre los m\u00e1s necesitados de Dios es verdaderamente una bendici\u00f3n.<\/p>\n<\/div><\/div><\/div><\/div><\/div><div class=\"vc_col-sm-4 wpb_column vc_column_container\"><div class=\"vc_column-inner\"><div class=\"wpb_wrapper\"><div class=\"wpb_text_column\" ><div class=\"wpb_wrapper\"><div class=\"qgiv-embed-container\" data-qgiv-embed=\"true\" data-embed-id=\"62282\" data-embed=\"https:\/\/secure.qgiv.com\/for\/alsouda\/embed\/62282\/\" data-width=\"630\"><\/div>\n<p><script>(function(w, d, s, id){var js, fjs = d.getElementsByTagName(s)[0];if (d.getElementById(id)) return;js = d.createElement(s); js.id = id;js.src = \"https:\/\/secure.qgiv.com\/resources\/core\/js\/embed.js\";fjs.parentNode.insertBefore(js, fjs);})(window, document, 'script', 'qgiv-embedjs');<\/script><\/p>\n<\/div><\/div><\/div><\/div><\/div><\/div><\/div><\/section>\n<\/div>","protected":false},"excerpt":{"rendered":"D\u00eda de los Fieles Difuntos: Recordando a los que han perdido. Nuestros frailes se sentir\u00edan honrados de encender una vela votiva para iluminar sus oraciones por sus seres queridos fallecidos en este D\u00eda de los Fieles Difuntos. Env\u00eden sus peticiones de oraci\u00f3n antes del 2 de noviembre. Las colocaremos en nuestro altar para nuestra pr\u00f3xima Novena de Misas.","protected":false},"author":1,"featured_media":0,"parent":0,"menu_order":0,"comment_status":"closed","ping_status":"closed","template":"","meta":{"om_disable_all_campaigns":false,"_monsterinsights_skip_tracking":false,"_monsterinsights_sitenote_active":false,"_monsterinsights_sitenote_note":"","_monsterinsights_sitenote_category":0,"_uf_show_specific_survey":0,"_uf_disable_surveys":false,"footnotes":""},"class_list":["post-12196","page","type-page","status-publish","hentry"],"aioseo_notices":[],"publishpress_future_action":{"enabled":false,"date":"2026-04-22 13:19:34","action":"change-status","newStatus":"draft","terms":[],"taxonomy":"","extraData":[]},"publishpress_future_workflow_manual_trigger":{"enabledWorkflows":[]},"_links":{"self":[{"href":"https:\/\/www.franciscansusa.org\/es\/wp-json\/wp\/v2\/pages\/12196","targetHints":{"allow":["GET"]}}],"collection":[{"href":"https:\/\/www.franciscansusa.org\/es\/wp-json\/wp\/v2\/pages"}],"about":[{"href":"https:\/\/www.franciscansusa.org\/es\/wp-json\/wp\/v2\/types\/page"}],"author":[{"embeddable":true,"href":"https:\/\/www.franciscansusa.org\/es\/wp-json\/wp\/v2\/users\/1"}],"replies":[{"embeddable":true,"href":"https:\/\/www.franciscansusa.org\/es\/wp-json\/wp\/v2\/comments?post=12196"}],"version-history":[{"count":15,"href":"https:\/\/www.franciscansusa.org\/es\/wp-json\/wp\/v2\/pages\/12196\/revisions"}],"predecessor-version":[{"id":16841,"href":"https:\/\/www.franciscansusa.org\/es\/wp-json\/wp\/v2\/pages\/12196\/revisions\/16841"}],"wp:attachment":[{"href":"https:\/\/www.franciscansusa.org\/es\/wp-json\/wp\/v2\/media?parent=12196"}],"curies":[{"name":"gracias","href":"https:\/\/api.w.org\/{rel}","templated":true}]}}