{"id":12561,"date":"2021-11-23T18:23:39","date_gmt":"2021-11-23T18:23:39","guid":{"rendered":"https:\/\/www.franciscansusa.org\/?page_id=12561"},"modified":"2021-11-23T18:52:42","modified_gmt":"2021-11-23T18:52:42","slug":"happy-thanksgiving","status":"publish","type":"page","link":"https:\/\/www.franciscansusa.org\/es\/happy-thanksgiving\/","title":{"rendered":"Feliz d\u00eda de acci\u00f3n de gracias"},"content":{"rendered":"<div class=\"wpb-content-wrapper\"><section class=\"l-section wpb_row height_huge with_img with_overlay\"><div class=\"l-section-img\" style=\"background-image: url(https:\/\/www.franciscansusa.org\/wp-content\/uploads\/2021\/11\/thanksgiving-card-background.jpg);\" data-img-width=\"1276\" data-img-height=\"1011\"><\/div><div class=\"l-section-overlay\" style=\"background: rgba(0,0,0,0.6)\"><\/div><div class=\"l-section-h i-cf\"><div class=\"g-cols vc_row type_default valign_top\"><div class=\"vc_col-sm-12 wpb_column vc_column_container\"><div class=\"vc_column-inner\"><div class=\"wpb_wrapper\"><div class=\"wpb_text_column\" ><div class=\"wpb_wrapper\"><h2><span style=\"color: #ffffff;\"><strong>Feliz d\u00eda de acci\u00f3n de gracias<br \/>\n<\/strong><\/span><\/h2>\n<\/div><\/div><\/div><\/div><\/div><\/div><\/div><\/section><section class=\"l-section wpb_row height_medium\"><div class=\"l-section-h i-cf\"><div class=\"g-cols vc_row type_default valign_top\"><div class=\"vc_col-sm-8 wpb_column vc_column_container\"><div class=\"vc_column-inner\"><div class=\"wpb_wrapper\"><div class=\"wpb_text_column\" ><div class=\"wpb_wrapper\"><p>De parte de todos los hermanos y personal de la Provincia de Nuestra Se\u00f1ora de la Consolaci\u00f3n, damos gracias a Dios por todos ustedes y por todo lo que han hecho por nosotros durante el a\u00f1o pasado. \u00a1Les deseamos a ustedes y a sus familias Paz y Todo Bien!<\/p>\n<p>Y en este d\u00eda de Acci\u00f3n de Gracias, disfrute de nuestro homenaje para usted:<\/p>\n<\/div><\/div><div class=\"w-separator size_small\"><\/div><div class=\"w-video align_center ratio_16x9\"><div class=\"w-video-h\"><iframe src=\"\/\/www.youtube.com\/embed\/3ZRxel5KBXo?autoplay=0&controls=1&origin=https%3A%2F%2Fwww.franciscansusa.org&enablejsapi=1\" allowfullscreen=\"1\"><\/iframe><\/div><div class=\"w-video-icon\" style=\"font-size:1.5rem;background:rgba(0,0,0,0.5);color:#fff;\"><\/div><\/div><\/div><\/div><\/div><div class=\"vc_col-sm-4 wpb_column vc_column_container\"><div class=\"vc_column-inner\"><div class=\"wpb_wrapper\">\n\t<div class=\"wpb_raw_code wpb_raw_html wpb_content_element us_custom_909b2fd0\" >\n\t\t<div class=\"wpb_wrapper\">\n\t\t\t<div class=\"qgiv-embed-container\" data-qgiv-embed=\"true\" data-embed-id=\"63249\" data-embed=\"https:\/\/secure.qgiv.com\/for\/20than\/embed\/63249\/\" data-width=\"630\"><\/div>\n<script>(function(w, d, s, id){var js, fjs = d.getElementsByTagName(s)[0];if (d.getElementById(id)) return;js = d.createElement(s); js.id = id;js.src = \"https:\/\/secure.qgiv.com\/resources\/core\/js\/embed.js\";fjs.parentNode.insertBefore(js, fjs);})(window, document, 'script', 'qgiv-embedjs');<\/script>\n\t\t<\/div>\n\t<\/div>\n<\/div><\/div><\/div><\/div><\/div><\/section>\n<\/div>","protected":false},"excerpt":{"rendered":"Feliz D\u00eda de Acci\u00f3n de Gracias De parte de todos los Frailes y el personal de la Provincia de Nuestra Se\u00f1ora de la Consolaci\u00f3n, damos gracias a Dios por todos ustedes y por todo lo que han hecho por nosotros durante el a\u00f1o pasado. \u00a1Les deseamos a ustedes y a sus familias Paz y Todo Bien! Y en este d\u00eda de Acci\u00f3n de Gracias, disfruten de nuestro homenaje...","protected":false},"author":1,"featured_media":0,"parent":0,"menu_order":0,"comment_status":"closed","ping_status":"closed","template":"","meta":{"om_disable_all_campaigns":false,"_monsterinsights_skip_tracking":false,"_monsterinsights_sitenote_active":false,"_monsterinsights_sitenote_note":"","_monsterinsights_sitenote_category":0,"_uf_show_specific_survey":0,"_uf_disable_surveys":false,"footnotes":""},"class_list":["post-12561","page","type-page","status-publish","hentry"],"aioseo_notices":[],"publishpress_future_action":{"enabled":false,"date":"2026-04-30 07:03:06","action":"change-status","newStatus":"draft","terms":[],"taxonomy":"","extraData":[]},"publishpress_future_workflow_manual_trigger":{"enabledWorkflows":[]},"_links":{"self":[{"href":"https:\/\/www.franciscansusa.org\/es\/wp-json\/wp\/v2\/pages\/12561","targetHints":{"allow":["GET"]}}],"collection":[{"href":"https:\/\/www.franciscansusa.org\/es\/wp-json\/wp\/v2\/pages"}],"about":[{"href":"https:\/\/www.franciscansusa.org\/es\/wp-json\/wp\/v2\/types\/page"}],"author":[{"embeddable":true,"href":"https:\/\/www.franciscansusa.org\/es\/wp-json\/wp\/v2\/users\/1"}],"replies":[{"embeddable":true,"href":"https:\/\/www.franciscansusa.org\/es\/wp-json\/wp\/v2\/comments?post=12561"}],"version-history":[{"count":7,"href":"https:\/\/www.franciscansusa.org\/es\/wp-json\/wp\/v2\/pages\/12561\/revisions"}],"predecessor-version":[{"id":12573,"href":"https:\/\/www.franciscansusa.org\/es\/wp-json\/wp\/v2\/pages\/12561\/revisions\/12573"}],"wp:attachment":[{"href":"https:\/\/www.franciscansusa.org\/es\/wp-json\/wp\/v2\/media?parent=12561"}],"curies":[{"name":"gracias","href":"https:\/\/api.w.org\/{rel}","templated":true}]}}