{"id":12700,"date":"2021-12-16T20:21:58","date_gmt":"2021-12-16T20:21:58","guid":{"rendered":"https:\/\/www.franciscansusa.org\/?page_id=12700"},"modified":"2021-12-16T20:27:23","modified_gmt":"2021-12-16T20:27:23","slug":"become-a-monthly-supporter","status":"publish","type":"page","link":"https:\/\/www.franciscansusa.org\/es\/become-a-monthly-supporter\/","title":{"rendered":"Convi\u00e9rtase en un colaborador mensual"},"content":{"rendered":"<div class=\"wpb-content-wrapper\"><section class=\"l-section wpb_row height_huge with_img with_overlay\"><div class=\"l-section-img\" style=\"background-image: url(https:\/\/www.franciscansusa.org\/wp-content\/uploads\/2021\/04\/knot-cord.jpg);\" data-img-width=\"1000\" data-img-height=\"667\"><\/div><div class=\"l-section-overlay\" style=\"background: rgba(0,0,0,0.6)\"><\/div><div class=\"l-section-h i-cf\"><div class=\"g-cols vc_row type_default valign_top\"><div class=\"vc_col-sm-12 wpb_column vc_column_container\"><div class=\"vc_column-inner\"><div class=\"wpb_wrapper\"><div class=\"wpb_text_column\" ><div class=\"wpb_wrapper\"><h2><span style=\"color: #ffffff;\"><strong>Convi\u00e9rtase en un colaborador mensual<\/strong><\/span><\/h2>\n<\/div><\/div><\/div><\/div><\/div><\/div><\/div><\/section><div class=\"vc_col-sm-12 wpb_column vc_column_container\"><div class=\"vc_column-inner\"><div class=\"wpb_wrapper\"><\/div><\/div><\/div><section class=\"l-section wpb_row height_medium\"><div class=\"l-section-h i-cf\"><div class=\"g-cols vc_row type_default valign_top\"><div class=\"vc_col-sm-12 wpb_column vc_column_container\"><div class=\"vc_column-inner\"><div class=\"wpb_wrapper\"><div class=\"wpb_text_column\" ><div class=\"wpb_wrapper\"><p>Monthly no solo brinda una forma conveniente de brindarlo tambi\u00e9n <strong>proporciona una fuente de ingresos constante para que nuestros frailes puedan continuar ayudando a los necesitados y expandir su trabajo ministerial para incluir a\u00fan m\u00e1s personas en los m\u00e1rgenes<\/strong>.<\/p>\n<\/div><\/div><div class=\"w-separator size_small\"><\/div><div class=\"wpb_text_column\" ><div class=\"wpb_wrapper\"><p>Lo hemos hecho tan f\u00e1cil como hacer clic en el bot\u00f3n que dice...<strong>\u201cMultiplica tu impacto, hazlo mensualmente\u201d <\/strong>cuando establezca el monto de su regalo en el siguiente formulario.<\/p>\n<\/div><\/div><div class=\"w-separator size_small\"><\/div>\n\t<div class=\"wpb_raw_code wpb_raw_html wpb_content_element us_custom_909b2fd0\" >\n\t\t<div class=\"wpb_wrapper\">\n\t\t\t<div class=\"qgiv-embed-container\" data-qgiv-embed=\"true\" data-embed-id=\"63467\" data-embed=\"https:\/\/secure.qgiv.com\/for\/becamondon\/embed\/63467\/\" data-width=\"630\"><\/div>\n<script>(function(w, d, s, id){var js, fjs = d.getElementsByTagName(s)[0];if (d.getElementById(id)) return;js = d.createElement(s); js.id = id;js.src = \"https:\/\/secure.qgiv.com\/resources\/core\/js\/embed.js\";fjs.parentNode.insertBefore(js, fjs);})(window, document, 'script', 'qgiv-embedjs');<\/script>\n\t\t<\/div>\n\t<\/div>\n<\/div><\/div><\/div><\/div><\/div><\/section>\n<\/div>","protected":false},"excerpt":{"rendered":"Convi\u00e9rtase en un colaborador mensual. Las donaciones mensuales no solo son una manera conveniente de donar, sino que tambi\u00e9n brindan una fuente de ingresos constante para que nuestros frailes puedan continuar ayudando a los necesitados y expandir su trabajo ministerial para incluir a\u00fan m\u00e1s personas marginadas. Lo hemos hecho tan f\u00e1cil como hacer clic en el bot\u00f3n...","protected":false},"author":1,"featured_media":0,"parent":0,"menu_order":0,"comment_status":"closed","ping_status":"closed","template":"","meta":{"om_disable_all_campaigns":false,"_monsterinsights_skip_tracking":false,"_monsterinsights_sitenote_active":false,"_monsterinsights_sitenote_note":"","_monsterinsights_sitenote_category":0,"_uf_show_specific_survey":0,"_uf_disable_surveys":false,"footnotes":""},"class_list":["post-12700","page","type-page","status-publish","hentry"],"aioseo_notices":[],"publishpress_future_action":{"enabled":false,"date":"2026-04-25 08:21:46","action":"change-status","newStatus":"draft","terms":[],"taxonomy":"","extraData":[]},"publishpress_future_workflow_manual_trigger":{"enabledWorkflows":[]},"_links":{"self":[{"href":"https:\/\/www.franciscansusa.org\/es\/wp-json\/wp\/v2\/pages\/12700","targetHints":{"allow":["GET"]}}],"collection":[{"href":"https:\/\/www.franciscansusa.org\/es\/wp-json\/wp\/v2\/pages"}],"about":[{"href":"https:\/\/www.franciscansusa.org\/es\/wp-json\/wp\/v2\/types\/page"}],"author":[{"embeddable":true,"href":"https:\/\/www.franciscansusa.org\/es\/wp-json\/wp\/v2\/users\/1"}],"replies":[{"embeddable":true,"href":"https:\/\/www.franciscansusa.org\/es\/wp-json\/wp\/v2\/comments?post=12700"}],"version-history":[{"count":5,"href":"https:\/\/www.franciscansusa.org\/es\/wp-json\/wp\/v2\/pages\/12700\/revisions"}],"predecessor-version":[{"id":12705,"href":"https:\/\/www.franciscansusa.org\/es\/wp-json\/wp\/v2\/pages\/12700\/revisions\/12705"}],"wp:attachment":[{"href":"https:\/\/www.franciscansusa.org\/es\/wp-json\/wp\/v2\/media?parent=12700"}],"curies":[{"name":"gracias","href":"https:\/\/api.w.org\/{rel}","templated":true}]}}