{"id":12772,"date":"2022-02-03T17:24:42","date_gmt":"2022-02-03T17:24:42","guid":{"rendered":"https:\/\/www.franciscansusa.org\/?page_id=12772"},"modified":"2022-02-03T18:01:38","modified_gmt":"2022-02-03T18:01:38","slug":"st-anthonys-bread","status":"publish","type":"page","link":"https:\/\/www.franciscansusa.org\/es\/st-anthonys-bread\/","title":{"rendered":"Pan de San Antonio"},"content":{"rendered":"<div class=\"wpb-content-wrapper\"><section class=\"l-section wpb_row height_huge with_img with_overlay\"><div class=\"l-section-img\" style=\"background-image: url(https:\/\/www.franciscansusa.org\/wp-content\/uploads\/2022\/02\/st-anthony-bread.jpg);\" data-img-width=\"820\" data-img-height=\"1024\"><\/div><div class=\"l-section-overlay\" style=\"background: rgba(0,0,0,0.6)\"><\/div><div class=\"l-section-h i-cf\"><div class=\"g-cols vc_row type_default valign_top\"><div class=\"vc_col-sm-12 wpb_column vc_column_container\"><div class=\"vc_column-inner\"><div class=\"wpb_wrapper\"><div class=\"wpb_text_column\" ><div class=\"wpb_wrapper\"><h2><span style=\"color: #ffffff;\"><strong>Pan de San Antonio<br \/>\n<\/strong><\/span><\/h2>\n<\/div><\/div><\/div><\/div><\/div><\/div><\/div><\/section><section class=\"l-section wpb_row height_medium\"><div class=\"l-section-h i-cf\"><div class=\"g-cols vc_row type_default valign_top\"><div class=\"vc_col-sm-8 wpb_column vc_column_container\"><div class=\"vc_column-inner\"><div class=\"wpb_wrapper\"><div class=\"w-separator size_small\"><\/div><div class=\"wpb_text_column\" ><div class=\"wpb_wrapper\"><h5 style=\"text-align: center;\">Yo soy el pan de vida.<br \/>\nQuien venga a m\u00ed nunca pasar\u00e1 hambre.<br \/>\n-Juan 6:35<\/h5>\n<\/div><\/div><div class=\"w-separator size_small\"><\/div><div class=\"g-cols wpb_row  type_default valign_top vc_inner\"><div class=\"vc_col-sm-6 wpb_column vc_column_container\"><div class=\"vc_column-inner\"><div class=\"wpb_wrapper\"><div class=\"w-image align_none\"><div class=\"w-image-h\"><img loading=\"lazy\" decoding=\"async\" width=\"600\" height=\"417\" src=\"https:\/\/www.franciscansusa.org\/wp-content\/uploads\/2021\/02\/soup-kitchen001-1.jpg\" class=\"attachment-large size-large\" alt=\"\" srcset=\"https:\/\/www.franciscansusa.org\/wp-content\/uploads\/2021\/02\/soup-kitchen001-1.jpg 600w, https:\/\/www.franciscansusa.org\/wp-content\/uploads\/2021\/02\/soup-kitchen001-1-18x12.jpg 18w, https:\/\/www.franciscansusa.org\/wp-content\/uploads\/2021\/02\/soup-kitchen001-1-150x104.jpg 150w, https:\/\/www.franciscansusa.org\/wp-content\/uploads\/2021\/02\/soup-kitchen001-1-576x400.jpg 576w, https:\/\/www.franciscansusa.org\/wp-content\/uploads\/2021\/02\/soup-kitchen001-1-300x209.jpg 300w\" sizes=\"auto, (max-width: 600px) 100vw, 600px\" \/><\/div><\/div><\/div><\/div><\/div><div class=\"vc_col-sm-6 wpb_column vc_column_container\"><div class=\"vc_column-inner\"><div class=\"wpb_wrapper\"><div class=\"w-image align_none\"><div class=\"w-image-h\"><img loading=\"lazy\" decoding=\"async\" width=\"738\" height=\"588\" src=\"https:\/\/www.franciscansusa.org\/wp-content\/uploads\/2022\/02\/st-anthony-bread3.png\" class=\"attachment-large size-large\" alt=\"\" srcset=\"https:\/\/www.franciscansusa.org\/wp-content\/uploads\/2022\/02\/st-anthony-bread3.png 738w, https:\/\/www.franciscansusa.org\/wp-content\/uploads\/2022\/02\/st-anthony-bread3-300x239.png 300w, https:\/\/www.franciscansusa.org\/wp-content\/uploads\/2022\/02\/st-anthony-bread3-15x12.png 15w, https:\/\/www.franciscansusa.org\/wp-content\/uploads\/2022\/02\/st-anthony-bread3-150x120.png 150w, https:\/\/www.franciscansusa.org\/wp-content\/uploads\/2022\/02\/st-anthony-bread3-502x400.png 502w, https:\/\/www.franciscansusa.org\/wp-content\/uploads\/2022\/02\/st-anthony-bread3-600x478.png 600w\" sizes=\"auto, (max-width: 738px) 100vw, 738px\" \/><\/div><\/div><\/div><\/div><\/div><\/div><div class=\"wpb_text_column\" ><div class=\"wpb_wrapper\"><h6>Hoy, fray Jaime Zaragoza, OFM Conv., contin\u00faa la tradici\u00f3n de alimentar a los hambrientos iniciada por fray Jim Fields, OFM Conv. y los frailes hace m\u00e1s de 40 a\u00f1os.<\/h6>\n<\/div><\/div><div class=\"w-separator size_small\"><\/div><div class=\"wpb_text_column\" ><div class=\"wpb_wrapper\"><p>Queridos amigos,<\/p>\n<p>San Antonio de Padua es famoso por encontrar lo perdido, objetos perdidos o incluso almas perdidas. Y, sin embargo, tiene otro derecho a la fama. \u00bfRecuerdas la tradici\u00f3n del Pan de San Antonio?<\/p>\n<p>Muchas son las leyendas de c\u00f3mo comenz\u00f3 esta piadosa tradici\u00f3n. Pero en el lejano siglo XIII, en Italia, las mujeres y los hombres buenos establec\u00edan una conexi\u00f3n entre suplicar la ayuda de San Antonio y ofrecerle un regalo a San Antonio: un regalo de pan.<\/p>\n<p>Mientras buscaban la intercesi\u00f3n de San Antonio, tambi\u00e9n deseaban \u201cpagar\u201d a San Antonio simb\u00f3licamente compartiendo su propio pan con los m\u00e1s necesitados, m\u00e1s hambrientos y m\u00e1s pobres que ellos.<\/p>\n<p>A lo largo del a\u00f1o, nosotros, los franciscanos, somos buscados por innumerables de nuestras hermanas y hermanos en Cristo. Saben a qui\u00e9n acudir cuando la comida escasea, cuando una comida caliente es su esperanza para el d\u00eda y la amabilidad y la hospitalidad ser\u00edan bendiciones adicionales.<\/p>\n<p>Hoy os pido que honr\u00e9is a San Antonio proporcionando pan \u2013 el Pan de San Antonio \u2013 a quienes miran hacia nosotros, los Frailes Franciscanos Conventuales de la Provincia de Nuestra Se\u00f1ora de la Consolaci\u00f3n.<\/p>\n<p>Durante m\u00e1s de 40 a\u00f1os, nuestra Cocina Franciscana en Louisville, Kentucky, comparti\u00f3 pan diario y comidas calientes con cientos de familias, ni\u00f1os y ancianos en extrema necesidad.<\/p>\n<p>Franciscan Kitchen fue fundada en 1981 por el fraile Jim Fields, OFM Conv., quien sirvi\u00f3 en los Seabees de la Marina de los EE. UU. en Okinawa durante la Segunda Guerra Mundial. Nunca olvid\u00f3 ver a personas asustadas y sin hogar escarbando fren\u00e9ticamente entre la basura del puesto militar. Esa imagen lo persigui\u00f3 y lo oblig\u00f3 a alimentar a los pobres.<\/p>\n<p>El Pan de San Antonio es un alimento b\u00e1sico del ministerio franciscano. En Saint Benedict en Terre Haute, Indiana, hemos establecido una despensa de alimentos para proporcionar pan, productos enlatados y otros alimentos a familias necesitadas.<\/p>\n<p>En la Misi\u00f3n Ysleta, dedicada a San Antonio de Padua, los Frailes Franciscanos Conventuales han servido durante m\u00e1s de 30 a\u00f1os. Los miembros de la Comunidad Nativa Americana de Tigua piden limosna para los pobres antes de la Fiesta de San Antonio en junio. Su alcance atiende a inmigrantes y a quienes esperan audiencias de asilo cerca de la frontera de Texas. El extranjero, el extranjero, el inmigrante son nuestros hermanos y hermanas en Cristo.<\/p>\n<p>Al comenzar el A\u00f1o de Nuestro Se\u00f1or, 2022, \u00fanete a los franciscanos para brindar pan y consuelo a los m\u00e1s necesitados. El hambre nunca descansa. Por favor da generosamente.<\/p>\n<\/div><\/div><div class=\"w-separator size_small\"><\/div><div class=\"w-image align_left\"><div class=\"w-image-h\"><img loading=\"lazy\" decoding=\"async\" width=\"150\" height=\"49\" src=\"https:\/\/www.franciscansusa.org\/wp-content\/uploads\/2021\/07\/father-john-signature-150x49.png\" class=\"attachment-us_150_150 size-us_150_150\" alt=\"\" srcset=\"https:\/\/www.franciscansusa.org\/wp-content\/uploads\/2021\/07\/father-john-signature-150x49.png 150w, https:\/\/www.franciscansusa.org\/wp-content\/uploads\/2021\/07\/father-john-signature-300x98.png 300w, https:\/\/www.franciscansusa.org\/wp-content\/uploads\/2021\/07\/father-john-signature-18x6.png 18w, https:\/\/www.franciscansusa.org\/wp-content\/uploads\/2021\/07\/father-john-signature.png 560w\" sizes=\"auto, (max-width: 150px) 100vw, 150px\" \/><\/div><\/div><\/div><\/div><\/div><div class=\"vc_col-sm-4 wpb_column vc_column_container\"><div class=\"vc_column-inner\"><div class=\"wpb_wrapper\">\n\t<div class=\"wpb_raw_code wpb_raw_html wpb_content_element us_custom_909b2fd0\" >\n\t\t<div class=\"wpb_wrapper\">\n\t\t\t<div class=\"qgiv-embed-container\" data-qgiv-embed=\"true\" data-embed-id=\"63843\" data-embed=\"https:\/\/secure.qgiv.com\/for\/sabdm-w\/embed\/63843\/\" data-width=\"630\"><\/div>\n<script>(function(w, d, s, id){var js, fjs = d.getElementsByTagName(s)[0];if (d.getElementById(id)) return;js = d.createElement(s); js.id = id;js.src = \"https:\/\/secure.qgiv.com\/resources\/core\/js\/embed.js\";fjs.parentNode.insertBefore(js, fjs);})(window, document, 'script', 'qgiv-embedjs');<\/script>\n\t\t<\/div>\n\t<\/div>\n<\/div><\/div><\/div><\/div><\/div><\/section>\n<\/div>","protected":false},"excerpt":{"rendered":"El Pan de San Antonio: Yo soy el pan de vida. El que a m\u00ed viene, nunca pasar\u00e1 hambre. - Juan 6:35. Hoy, fray Jaime Zaragoza, OFM Conv., contin\u00faa la tradici\u00f3n de alimentar a los hambrientos, iniciada por fray Jim Fields, OFM Conv. y los frailes hace m\u00e1s de 40 a\u00f1os. Queridos amigos, San Antonio de Padua es famoso por...","protected":false},"author":1,"featured_media":0,"parent":0,"menu_order":0,"comment_status":"closed","ping_status":"closed","template":"","meta":{"om_disable_all_campaigns":false,"_monsterinsights_skip_tracking":false,"_monsterinsights_sitenote_active":false,"_monsterinsights_sitenote_note":"","_monsterinsights_sitenote_category":0,"_uf_show_specific_survey":0,"_uf_disable_surveys":false,"footnotes":""},"class_list":["post-12772","page","type-page","status-publish","hentry"],"aioseo_notices":[],"publishpress_future_action":{"enabled":false,"date":"2026-05-13 13:15:39","action":"change-status","newStatus":"draft","terms":[],"taxonomy":"","extraData":[]},"publishpress_future_workflow_manual_trigger":{"enabledWorkflows":[]},"_links":{"self":[{"href":"https:\/\/www.franciscansusa.org\/es\/wp-json\/wp\/v2\/pages\/12772","targetHints":{"allow":["GET"]}}],"collection":[{"href":"https:\/\/www.franciscansusa.org\/es\/wp-json\/wp\/v2\/pages"}],"about":[{"href":"https:\/\/www.franciscansusa.org\/es\/wp-json\/wp\/v2\/types\/page"}],"author":[{"embeddable":true,"href":"https:\/\/www.franciscansusa.org\/es\/wp-json\/wp\/v2\/users\/1"}],"replies":[{"embeddable":true,"href":"https:\/\/www.franciscansusa.org\/es\/wp-json\/wp\/v2\/comments?post=12772"}],"version-history":[{"count":9,"href":"https:\/\/www.franciscansusa.org\/es\/wp-json\/wp\/v2\/pages\/12772\/revisions"}],"predecessor-version":[{"id":12784,"href":"https:\/\/www.franciscansusa.org\/es\/wp-json\/wp\/v2\/pages\/12772\/revisions\/12784"}],"wp:attachment":[{"href":"https:\/\/www.franciscansusa.org\/es\/wp-json\/wp\/v2\/media?parent=12772"}],"curies":[{"name":"gracias","href":"https:\/\/api.w.org\/{rel}","templated":true}]}}