{"id":12822,"date":"2022-02-21T16:16:15","date_gmt":"2022-02-21T16:16:15","guid":{"rendered":"https:\/\/franciscansusa.org\/?page_id=12822"},"modified":"2022-02-25T15:27:58","modified_gmt":"2022-02-25T15:27:58","slug":"2022-spring-newsletter-repent-believe","status":"publish","type":"page","link":"https:\/\/www.franciscansusa.org\/es\/2022-spring-newsletter-repent-believe\/","title":{"rendered":"2022 \u2013 Bolet\u00edn de primavera \u2013 \u00a1Arrepi\u00e9ntete y cree!"},"content":{"rendered":"<div class=\"wpb-content-wrapper\"><section class=\"l-section wpb_row height_medium\"><div class=\"l-section-h i-cf\"><div class=\"g-cols vc_row type_default valign_top\"><div class=\"vc_col-sm-12 wpb_column vc_column_container\"><div class=\"vc_column-inner\"><div class=\"wpb_wrapper\"><div class=\"w-image align_center\"><div class=\"w-image-h\"><img loading=\"lazy\" decoding=\"async\" width=\"1400\" height=\"365\" src=\"https:\/\/www.franciscansusa.org\/wp-content\/uploads\/2022\/02\/2022-spring-newsletter.jpg\" class=\"attachment-full size-full\" alt=\"\" srcset=\"https:\/\/www.franciscansusa.org\/wp-content\/uploads\/2022\/02\/2022-spring-newsletter.jpg 1400w, https:\/\/www.franciscansusa.org\/wp-content\/uploads\/2022\/02\/2022-spring-newsletter-300x78.jpg 300w, https:\/\/www.franciscansusa.org\/wp-content\/uploads\/2022\/02\/2022-spring-newsletter-1024x267.jpg 1024w, https:\/\/www.franciscansusa.org\/wp-content\/uploads\/2022\/02\/2022-spring-newsletter-18x5.jpg 18w, https:\/\/www.franciscansusa.org\/wp-content\/uploads\/2022\/02\/2022-spring-newsletter-150x39.jpg 150w, https:\/\/www.franciscansusa.org\/wp-content\/uploads\/2022\/02\/2022-spring-newsletter-600x156.jpg 600w\" sizes=\"auto, (max-width: 1400px) 100vw, 1400px\" \/><\/div><\/div><\/div><\/div><\/div><\/div><\/div><\/section><section class=\"l-section wpb_row height_medium\"><div class=\"l-section-h i-cf\"><div class=\"g-cols vc_row type_default valign_top\"><div class=\"vc_col-sm-12 wpb_column vc_column_container\"><div class=\"vc_column-inner\"><div class=\"wpb_wrapper\"><div class=\"wpb_text_column\" ><div class=\"wpb_wrapper\"><p><img loading=\"lazy\" decoding=\"async\" class=\"wp-image-9882 alignright\" src=\"https:\/\/www.franciscansusa.org\/wp-content\/uploads\/2020\/02\/Screenshot-2020-02-28-10.12.46.png\" alt=\"\" width=\"208\" height=\"208\" srcset=\"https:\/\/www.franciscansusa.org\/wp-content\/uploads\/2020\/02\/Screenshot-2020-02-28-10.12.46-11x12.png 11w, https:\/\/www.franciscansusa.org\/wp-content\/uploads\/2020\/02\/Screenshot-2020-02-28-10.12.46-25x25.png 25w, https:\/\/www.franciscansusa.org\/wp-content\/uploads\/2020\/02\/Screenshot-2020-02-28-10.12.46-150x150.png 150w, https:\/\/www.franciscansusa.org\/wp-content\/uploads\/2020\/02\/Screenshot-2020-02-28-10.12.46-600x600.png 600w\" sizes=\"auto, (max-width: 208px) 100vw, 208px\" \/><\/p>\n<p>Queridos amigos,<\/p>\n<p>\u00a1Saludos en el nombre de nuestro Buen Se\u00f1or!<\/p>\n<p>\u201c\u00a1Arrepent\u00edos y creed!\u201d Esa palabra, &quot;arrepentirse&quot;, podr\u00eda hacer que alguien experimente un miedo que le recorre la columna vertebral. Escuchamos el llamado del Se\u00f1or a &quot;arrepentirse y creer&quot; durante la temporada de Cuaresma. No es tiempo de miedo sino de volver al Se\u00f1or, a lo que somos a los ojos de Dios. Frailes: Ian, Wayne y Mario comparten sus reflexiones sobre el rejuvenecimiento espiritual durante nuestra Cuaresma que abre el camino a la alegr\u00eda de la Pascua.<\/p>\n<p>San Francisco de As\u00eds pas\u00f3 la Cuaresma en la isla de Trasimeno en el lago de Perugia, Italia, en preparaci\u00f3n para la Fiesta de Pascua. Ayun\u00f3 durante 40 d\u00edas y 40 noches sin comer nada. Trajo consigo dos panes para tentarse a s\u00ed mismo; y comi\u00f3 media hogaza para \u201cexpulsar de s\u00ed mismo el veneno de la vanagloria\u201d (Las florecitas de san Francisco, 40). \u00bfC\u00f3mo viviremos t\u00fa y yo la Cuaresma en preparaci\u00f3n de la Alegr\u00eda Pascual?<\/p>\n<p>San Francisco y San Antonio nos ejemplifican que nuestra fraternidad de hermanos acepta el desaf\u00edo de anunciar la grandeza del Se\u00f1or en la misi\u00f3n y el ministerio. Te invitamos a unirte a nosotros para hacer lo mismo.<\/p>\n<p>Que el Se\u00f1or te bendiga y te guarde; Que \u00c9l te muestre Su rostro y sea misericordioso contigo. Que \u00c9l vuelva Su rostro hacia ti y te d\u00e9 la paz. Que el Se\u00f1or te bendiga. (Bendici\u00f3n de San Francisco)<\/p>\n<p><a ref=\"magnificPopup\" href=\"https:\/\/www.franciscansusa.org\/wp-content\/uploads\/2021\/07\/father-john-signature.png\"><img loading=\"lazy\" decoding=\"async\" class=\"alignnone wp-image-12054\" src=\"https:\/\/www.franciscansusa.org\/wp-content\/uploads\/2021\/07\/father-john-signature.png\" alt=\"\" width=\"166\" height=\"54\" srcset=\"https:\/\/www.franciscansusa.org\/wp-content\/uploads\/2021\/07\/father-john-signature.png 560w, https:\/\/www.franciscansusa.org\/wp-content\/uploads\/2021\/07\/father-john-signature-300x98.png 300w, https:\/\/www.franciscansusa.org\/wp-content\/uploads\/2021\/07\/father-john-signature-18x6.png 18w, https:\/\/www.franciscansusa.org\/wp-content\/uploads\/2021\/07\/father-john-signature-150x49.png 150w\" sizes=\"auto, (max-width: 166px) 100vw, 166px\" \/><\/a><\/p>\n<p>Padre John Elmer OFM Conv.<br \/>\nDirector Espiritual<\/p>\n<\/div><\/div><\/div><\/div><\/div><\/div><\/div><\/section><section class=\"l-section wpb_row height_medium\"><div class=\"l-section-h i-cf\"><div class=\"g-cols vc_row type_default valign_top\"><div class=\"vc_col-sm-12 wpb_column vc_column_container\"><div class=\"vc_column-inner\"><div class=\"wpb_wrapper\"><div class=\"w-grid type_grid layout_12064 cols_2 overflow_hidden\" id=\"us_grid_1\" data-filterable=\"true\"><style id=\"us_grid_1_css\">#us_grid_1 .w-grid-item{padding:1.5rem}#us_grid_1 .w-grid-list{margin:-1.5rem}.w-grid + #us_grid_1 .w-grid-list{margin-top:1.5rem}@media (max-width:599px){#us_grid_1 .w-grid-list{margin:0}#us_grid_1 .w-grid-item{width:100.0000%;padding:0;margin-bottom:1.5rem}}<\/style><style>.layout_12064 .w-grid-item-h{background:var(--color-content-bg);color:var(--color-content-text);border-radius:0.3rem;z-index:3;box-shadow:0 0.03rem 0.06rem rgba(0,0,0,0.1),0 0.10rem 0.30rem rgba(0,0,0,0.1);transition-duration:0.3s}.no-touch .layout_12064 .w-grid-item-h:hover{box-shadow:0 0.10rem 0.20rem rgba(0,0,0,0.1),0 0.33rem 1.00rem rgba(0,0,0,0.15);z-index:4}.layout_12064 .usg_post_title_1{font-size:1.4rem!important;font-weight:700!important}.layout_12064 .usg_vwrapper_1{padding:9% 11% 11% 11%!important}.layout_12064 .usg_hwrapper_1{color:var(--color-content-faded)!important;font-size:0.9rem!important}@media (max-width:599px){.layout_12064 .usg_post_title_1{font-size:1.2rem!important}}<\/style><div class=\"w-grid-list\" >\t<article class=\"w-grid-item size_1x1 post-12825 post type-post status-publish format-standard has-post-thumbnail hentry category-2022-spring-newsletter-repent-believe tag-friar-ian-bremar\" data-id=\"12825\">\r\n\t\t<div class=\"w-grid-item-h\">\r\n\t\t\t\t\t\t<div class=\"w-post-elm post_image usg_post_image_1 stretched\"><a href=\"https:\/\/www.franciscansusa.org\/es\/repentance-a-biblical-perspective\/\" aria-label=\"Arrepentimiento: Una Perspectiva B\u00edblica\"><img loading=\"lazy\" decoding=\"async\" width=\"1024\" height=\"413\" src=\"https:\/\/www.franciscansusa.org\/wp-content\/uploads\/2022\/02\/repentance-a-biblical-perspective-1-1024x413.jpg\" class=\"attachment-large size-large wp-post-image\" alt=\"\" srcset=\"https:\/\/www.franciscansusa.org\/wp-content\/uploads\/2022\/02\/repentance-a-biblical-perspective-1-1024x413.jpg 1024w, https:\/\/www.franciscansusa.org\/wp-content\/uploads\/2022\/02\/repentance-a-biblical-perspective-1-300x121.jpg 300w, https:\/\/www.franciscansusa.org\/wp-content\/uploads\/2022\/02\/repentance-a-biblical-perspective-1-18x7.jpg 18w, https:\/\/www.franciscansusa.org\/wp-content\/uploads\/2022\/02\/repentance-a-biblical-perspective-1-150x61.jpg 150w, https:\/\/www.franciscansusa.org\/wp-content\/uploads\/2022\/02\/repentance-a-biblical-perspective-1-600x242.jpg 600w, https:\/\/www.franciscansusa.org\/wp-content\/uploads\/2022\/02\/repentance-a-biblical-perspective-1.jpg 1600w\" sizes=\"auto, (max-width: 1024px) 100vw, 1024px\" \/><\/a><\/div><div class=\"w-vwrapper usg_vwrapper_1 align_left valign_top\"><h2 class=\"w-post-elm post_title usg_post_title_1 entry-title color_link_inherit\"><a href=\"https:\/\/www.franciscansusa.org\/es\/repentance-a-biblical-perspective\/\">Arrepentimiento: Una Perspectiva B\u00edblica<\/a><\/h2><div class=\"w-hwrapper usg_hwrapper_1 align_left valign_top wrap\"><\/div><div class=\"w-post-elm post_content usg_post_content_1\">Entre las primeras palabras citadas de Jes\u00fas en el Evangelio de Marcos est\u00e1n \u201carrepent\u00edos y creed en las buenas nuevas\u201d. Venga el Mi\u00e9rcoles de Ceniza, es posible que escuchemos este llamado recitado cuando el holl\u00edn se manche en nuestras cabezas. Pero, \u00bfqu\u00e9 viene a la mente cuando se nos dice que nos arrepintamos? Ya que la Cuaresma es un tiempo\u2026<\/div><a class=\"w-btn us-btn-style_3 usg_btn_1\" href=\"https:\/\/www.franciscansusa.org\/es\/repentance-a-biblical-perspective\/\"><span class=\"w-btn-label\">Leer m\u00e1s<\/span><\/a><\/div>\t\t<\/div>\r\n\t<\/article>\r\n\t<article class=\"w-grid-item size_1x1 post-12827 post type-post status-publish format-standard has-post-thumbnail hentry category-2022-spring-newsletter-repent-believe tag-friar-wayne-hellmann\" data-id=\"12827\">\r\n\t\t<div class=\"w-grid-item-h\">\r\n\t\t\t\t\t\t<div class=\"w-post-elm post_image usg_post_image_1 stretched\"><a href=\"https:\/\/www.franciscansusa.org\/es\/repent-and-believe-the-gospel\/\" aria-label=\"Arrepentirse y creer en el evangelio\"><img loading=\"lazy\" decoding=\"async\" width=\"1024\" height=\"410\" src=\"https:\/\/www.franciscansusa.org\/wp-content\/uploads\/2022\/02\/repent-and-believe-the-gospel-1024x410.jpg\" class=\"attachment-large size-large wp-post-image\" alt=\"\" srcset=\"https:\/\/www.franciscansusa.org\/wp-content\/uploads\/2022\/02\/repent-and-believe-the-gospel-1024x410.jpg 1024w, https:\/\/www.franciscansusa.org\/wp-content\/uploads\/2022\/02\/repent-and-believe-the-gospel-300x120.jpg 300w, https:\/\/www.franciscansusa.org\/wp-content\/uploads\/2022\/02\/repent-and-believe-the-gospel-18x7.jpg 18w, https:\/\/www.franciscansusa.org\/wp-content\/uploads\/2022\/02\/repent-and-believe-the-gospel-150x60.jpg 150w, https:\/\/www.franciscansusa.org\/wp-content\/uploads\/2022\/02\/repent-and-believe-the-gospel-600x240.jpg 600w, https:\/\/www.franciscansusa.org\/wp-content\/uploads\/2022\/02\/repent-and-believe-the-gospel.jpg 1200w\" sizes=\"auto, (max-width: 1024px) 100vw, 1024px\" \/><\/a><\/div><div class=\"w-vwrapper usg_vwrapper_1 align_left valign_top\"><h2 class=\"w-post-elm post_title usg_post_title_1 entry-title color_link_inherit\"><a href=\"https:\/\/www.franciscansusa.org\/es\/repent-and-believe-the-gospel\/\">Arrepentirse y creer en el evangelio<\/a><\/h2><div class=\"w-hwrapper usg_hwrapper_1 align_left valign_top wrap\"><\/div><div class=\"w-post-elm post_content usg_post_content_1\">Arrepi\u00e9ntete y Cree en el Evangelio por fray Wayne Hellmann, OFM Conv. En noviembre de 2021, el Papa Francisco realiz\u00f3 una visita privada a las monjas contemplativas Clarisas en As\u00eds. Adem\u00e1s de pedir a las hermanas sus oraciones, les entreg\u00f3 un mensaje impactante. Su mensaje de noviembre sirve de buena reflexi\u00f3n para\u2026<\/div><a class=\"w-btn us-btn-style_3 usg_btn_1\" href=\"https:\/\/www.franciscansusa.org\/es\/repent-and-believe-the-gospel\/\"><span class=\"w-btn-label\">Leer m\u00e1s<\/span><\/a><\/div>\t\t<\/div>\r\n\t<\/article>\r\n\t<article class=\"w-grid-item size_1x1 post-12829 post type-post status-publish format-standard has-post-thumbnail hentry category-2022-spring-newsletter-repent-believe tag-friar-mario-serrano\" data-id=\"12829\">\r\n\t\t<div class=\"w-grid-item-h\">\r\n\t\t\t\t\t\t<div class=\"w-post-elm post_image usg_post_image_1 stretched\"><a href=\"https:\/\/www.franciscansusa.org\/es\/discerning-through-our-deserts\/\" aria-label=\"Discerniendo a trav\u00e9s de nuestros desiertos\"><img loading=\"lazy\" decoding=\"async\" width=\"1024\" height=\"409\" src=\"https:\/\/www.franciscansusa.org\/wp-content\/uploads\/2022\/02\/discerning-through-the-desert-1024x409.jpg\" class=\"attachment-large size-large wp-post-image\" alt=\"\" srcset=\"https:\/\/www.franciscansusa.org\/wp-content\/uploads\/2022\/02\/discerning-through-the-desert-1024x409.jpg 1024w, https:\/\/www.franciscansusa.org\/wp-content\/uploads\/2022\/02\/discerning-through-the-desert-300x120.jpg 300w, https:\/\/www.franciscansusa.org\/wp-content\/uploads\/2022\/02\/discerning-through-the-desert-18x7.jpg 18w, https:\/\/www.franciscansusa.org\/wp-content\/uploads\/2022\/02\/discerning-through-the-desert-150x60.jpg 150w, https:\/\/www.franciscansusa.org\/wp-content\/uploads\/2022\/02\/discerning-through-the-desert-600x240.jpg 600w, https:\/\/www.franciscansusa.org\/wp-content\/uploads\/2022\/02\/discerning-through-the-desert.jpg 1200w\" sizes=\"auto, (max-width: 1024px) 100vw, 1024px\" \/><\/a><\/div><div class=\"w-vwrapper usg_vwrapper_1 align_left valign_top\"><h2 class=\"w-post-elm post_title usg_post_title_1 entry-title color_link_inherit\"><a href=\"https:\/\/www.franciscansusa.org\/es\/discerning-through-our-deserts\/\">Discerniendo a trav\u00e9s de nuestros desiertos<\/a><\/h2><div class=\"w-hwrapper usg_hwrapper_1 align_left valign_top wrap\"><\/div><div class=\"w-post-elm post_content usg_post_content_1\">Cada Primer Domingo de Cuaresma escuchamos que Jes\u00fas es conducido al desierto por el Esp\u00edritu Santo. Esto ocurre inmediatamente despu\u00e9s de ser bautizado en el r\u00edo Jord\u00e1n por Juan el Bautista. Los cielos se abren y la Voz de Dios declara: \u201cT\u00fa eres mi Hijo amado; contigo estoy muy complacido\u201d\u2026<\/div><a class=\"w-btn us-btn-style_3 usg_btn_1\" href=\"https:\/\/www.franciscansusa.org\/es\/discerning-through-our-deserts\/\"><span class=\"w-btn-label\">Leer m\u00e1s<\/span><\/a><\/div>\t\t<\/div>\r\n\t<\/article>\r\n\t<article class=\"w-grid-item size_1x1 post-12832 post type-post status-publish format-standard has-post-thumbnail hentry category-2022-spring-newsletter-repent-believe tag-friar-vince-petersen\" data-id=\"12832\">\r\n\t\t<div class=\"w-grid-item-h\">\r\n\t\t\t\t\t\t<div class=\"w-post-elm post_image usg_post_image_1 stretched\"><a href=\"https:\/\/www.franciscansusa.org\/es\/repent-replenish\/\" aria-label=\"Arrepi\u00e9ntete y renu\u00e9vate\"><img loading=\"lazy\" decoding=\"async\" width=\"1024\" height=\"367\" src=\"https:\/\/www.franciscansusa.org\/wp-content\/uploads\/2022\/02\/repent-and-replenish-vince-petersen-1024x367.jpg\" class=\"attachment-large size-large wp-post-image\" alt=\"\" srcset=\"https:\/\/www.franciscansusa.org\/wp-content\/uploads\/2022\/02\/repent-and-replenish-vince-petersen-1024x367.jpg 1024w, https:\/\/www.franciscansusa.org\/wp-content\/uploads\/2022\/02\/repent-and-replenish-vince-petersen-300x108.jpg 300w, https:\/\/www.franciscansusa.org\/wp-content\/uploads\/2022\/02\/repent-and-replenish-vince-petersen-18x6.jpg 18w, https:\/\/www.franciscansusa.org\/wp-content\/uploads\/2022\/02\/repent-and-replenish-vince-petersen-150x54.jpg 150w, https:\/\/www.franciscansusa.org\/wp-content\/uploads\/2022\/02\/repent-and-replenish-vince-petersen-600x215.jpg 600w, https:\/\/www.franciscansusa.org\/wp-content\/uploads\/2022\/02\/repent-and-replenish-vince-petersen.jpg 1200w\" sizes=\"auto, (max-width: 1024px) 100vw, 1024px\" \/><\/a><\/div><div class=\"w-vwrapper usg_vwrapper_1 align_left valign_top\"><h2 class=\"w-post-elm post_title usg_post_title_1 entry-title color_link_inherit\"><a href=\"https:\/\/www.franciscansusa.org\/es\/repent-replenish\/\">Arrepi\u00e9ntete y renu\u00e9vate<\/a><\/h2><div class=\"w-hwrapper usg_hwrapper_1 align_left valign_top wrap\"><\/div><div class=\"w-post-elm post_content usg_post_content_1\">Sanando nuestro planeta, un \u00e1rbol a la vez La mayor\u00eda de las personas que visitan Mount Saint Francis, Indiana, se enamoran de todo el verde que los rodea. Al ingresar a la propiedad del Centro de Espiritualidad y el Santuario de m\u00e1s de 400 acres, muy pocos pensar\u00edan que este oasis en un \u00e1rea metropolitana en crecimiento...<\/div><a class=\"w-btn us-btn-style_3 usg_btn_1\" href=\"https:\/\/www.franciscansusa.org\/es\/repent-replenish\/\"><span class=\"w-btn-label\">Leer m\u00e1s<\/span><\/a><\/div>\t\t<\/div>\r\n\t<\/article>\r\n\t<article class=\"w-grid-item size_1x1 post-12837 post type-post status-publish format-standard has-post-thumbnail hentry category-2022-spring-newsletter-repent-believe tag-friar-bob-roddy\" data-id=\"12837\">\r\n\t\t<div class=\"w-grid-item-h\">\r\n\t\t\t\t\t\t<div class=\"w-post-elm post_image usg_post_image_1 stretched\"><a href=\"https:\/\/www.franciscansusa.org\/es\/faith-a-family-affair\/\" aria-label=\"Fe: un asunto de familia\"><img loading=\"lazy\" decoding=\"async\" width=\"800\" height=\"555\" src=\"https:\/\/www.franciscansusa.org\/wp-content\/uploads\/2022\/02\/colden-fell-02.jpg\" class=\"attachment-large size-large wp-post-image\" alt=\"\" srcset=\"https:\/\/www.franciscansusa.org\/wp-content\/uploads\/2022\/02\/colden-fell-02.jpg 800w, https:\/\/www.franciscansusa.org\/wp-content\/uploads\/2022\/02\/colden-fell-02-300x208.jpg 300w, https:\/\/www.franciscansusa.org\/wp-content\/uploads\/2022\/02\/colden-fell-02-18x12.jpg 18w, https:\/\/www.franciscansusa.org\/wp-content\/uploads\/2022\/02\/colden-fell-02-150x104.jpg 150w, https:\/\/www.franciscansusa.org\/wp-content\/uploads\/2022\/02\/colden-fell-02-577x400.jpg 577w, https:\/\/www.franciscansusa.org\/wp-content\/uploads\/2022\/02\/colden-fell-02-600x416.jpg 600w\" sizes=\"auto, (max-width: 800px) 100vw, 800px\" \/><\/a><\/div><div class=\"w-vwrapper usg_vwrapper_1 align_left valign_top\"><h2 class=\"w-post-elm post_title usg_post_title_1 entry-title color_link_inherit\"><a href=\"https:\/\/www.franciscansusa.org\/es\/faith-a-family-affair\/\">Fe: un asunto de familia<\/a><\/h2><div class=\"w-hwrapper usg_hwrapper_1 align_left valign_top wrap\"><\/div><div class=\"w-post-elm post_content usg_post_content_1\">El postulante Colden Fell (primera fila, centro, vestido de blanco) posa con su clase de RICA. Su madre y co-l\u00edder de RICA, Lisa Fell, entrelaza orgullosamente sus brazos a su izquierda. Faith: A Family Affair por el hermano Bob Roddy, OFM Conv. Para aquellos hombres y mujeres que participan en el RICA (Rito de Iniciaci\u00f3n Cristiana para Adultos), el\u2026<\/div><a class=\"w-btn us-btn-style_3 usg_btn_1\" href=\"https:\/\/www.franciscansusa.org\/es\/faith-a-family-affair\/\"><span class=\"w-btn-label\">Leer m\u00e1s<\/span><\/a><\/div>\t\t<\/div>\r\n\t<\/article>\r\n\t<article class=\"w-grid-item size_1x1 post-12879 post type-post status-publish format-standard has-post-thumbnail hentry category-2022-spring-newsletter-repent-believe\" data-id=\"12879\">\r\n\t\t<div class=\"w-grid-item-h\">\r\n\t\t\t\t\t\t<div class=\"w-post-elm post_image usg_post_image_1 stretched\"><a href=\"https:\/\/www.franciscansusa.org\/es\/ministry-spotlight-prison-ministry\/\" aria-label=\"Ministerio Destacado \u2013 Ministerio de Prisiones\"><img loading=\"lazy\" decoding=\"async\" width=\"1024\" height=\"562\" src=\"https:\/\/www.franciscansusa.org\/wp-content\/uploads\/2022\/02\/prison-ministry-1024x562.jpg\" class=\"attachment-large size-large wp-post-image\" alt=\"\" srcset=\"https:\/\/www.franciscansusa.org\/wp-content\/uploads\/2022\/02\/prison-ministry-1024x562.jpg 1024w, https:\/\/www.franciscansusa.org\/wp-content\/uploads\/2022\/02\/prison-ministry-300x165.jpg 300w, https:\/\/www.franciscansusa.org\/wp-content\/uploads\/2022\/02\/prison-ministry-18x10.jpg 18w, https:\/\/www.franciscansusa.org\/wp-content\/uploads\/2022\/02\/prison-ministry-150x82.jpg 150w, https:\/\/www.franciscansusa.org\/wp-content\/uploads\/2022\/02\/prison-ministry-600x329.jpg 600w, https:\/\/www.franciscansusa.org\/wp-content\/uploads\/2022\/02\/prison-ministry.jpg 1144w\" sizes=\"auto, (max-width: 1024px) 100vw, 1024px\" \/><\/a><\/div><div class=\"w-vwrapper usg_vwrapper_1 align_left valign_top\"><h2 class=\"w-post-elm post_title usg_post_title_1 entry-title color_link_inherit\"><a href=\"https:\/\/www.franciscansusa.org\/es\/ministry-spotlight-prison-ministry\/\">Ministerio Destacado \u2013 Ministerio de Prisiones<\/a><\/h2><div class=\"w-hwrapper usg_hwrapper_1 align_left valign_top wrap\"><\/div><div class=\"w-post-elm post_content usg_post_content_1\">Inspirado por las palabras de Jes\u00fas: \u201cEstuve en la c\u00e1rcel y me visitasteis\u201d. (Mc 25,35), nuestros hermanos buscan llevar la misericordia de Dios, la luz del Evangelio y la esperanza a los encarcelados. En la creencia de que cada persona est\u00e1 hecha a imagen de Dios y que ninguna vida est\u00e1 fuera de su alcance, nuestros hermanos...<\/div><a class=\"w-btn us-btn-style_3 usg_btn_1\" href=\"https:\/\/www.franciscansusa.org\/es\/ministry-spotlight-prison-ministry\/\"><span class=\"w-btn-label\">Leer m\u00e1s<\/span><\/a><\/div>\t\t<\/div>\r\n\t<\/article>\r\n\t<article class=\"w-grid-item size_1x1 post-12885 post type-post status-publish format-standard has-post-thumbnail hentry category-2022-spring-newsletter-repent-believe\" data-id=\"12885\">\r\n\t\t<div class=\"w-grid-item-h\">\r\n\t\t\t\t\t\t<div class=\"w-post-elm post_image usg_post_image_1 stretched\"><a href=\"https:\/\/www.franciscansusa.org\/es\/province-assembly\/\" aria-label=\"Asamblea Provincial\"><img loading=\"lazy\" decoding=\"async\" width=\"1000\" height=\"367\" src=\"https:\/\/www.franciscansusa.org\/wp-content\/uploads\/2022\/03\/chapter.jpg\" class=\"attachment-large size-large wp-post-image\" alt=\"\" srcset=\"https:\/\/www.franciscansusa.org\/wp-content\/uploads\/2022\/03\/chapter.jpg 1000w, https:\/\/www.franciscansusa.org\/wp-content\/uploads\/2022\/03\/chapter-300x110.jpg 300w, https:\/\/www.franciscansusa.org\/wp-content\/uploads\/2022\/03\/chapter-18x7.jpg 18w, https:\/\/www.franciscansusa.org\/wp-content\/uploads\/2022\/03\/chapter-150x55.jpg 150w, https:\/\/www.franciscansusa.org\/wp-content\/uploads\/2022\/03\/chapter-600x220.jpg 600w\" sizes=\"auto, (max-width: 1000px) 100vw, 1000px\" \/><\/a><\/div><div class=\"w-vwrapper usg_vwrapper_1 align_left valign_top\"><h2 class=\"w-post-elm post_title usg_post_title_1 entry-title color_link_inherit\"><a href=\"https:\/\/www.franciscansusa.org\/es\/province-assembly\/\">Asamblea Provincial<\/a><\/h2><div class=\"w-hwrapper usg_hwrapper_1 align_left valign_top wrap\"><\/div><div class=\"w-post-elm post_content usg_post_content_1\">74 frailes de la Provincia de Nuestra Se\u00f1ora de la Consolaci\u00f3n se reunieron en el Centro de Espiritualidad de Mount Saint Francis para su Asamblea Provincial, del 8 al 10 de noviembre de 2021. Las asambleas son generalmente momentos en los que los frailes se re\u00fanen y reciben aportes, as\u00ed como tambi\u00e9n participan en el trabajo grupal sobre un tema en particular. problema o problemas que enfrenta la comunidad; ellos\u2026<\/div><a class=\"w-btn us-btn-style_3 usg_btn_1\" href=\"https:\/\/www.franciscansusa.org\/es\/province-assembly\/\"><span class=\"w-btn-label\">Leer m\u00e1s<\/span><\/a><\/div>\t\t<\/div>\r\n\t<\/article>\r\n<\/div><div class=\"w-grid-preloader\"><div class=\"g-preloader type_1\">\r\n\t<div><\/div>\r\n<\/div>\r\n<\/div>\t<div class=\"w-grid-json hidden\" onclick='return {&quot;action&quot;:&quot;us_ajax_grid&quot;,&quot;ajax_url&quot;:&quot;https:\\\/\\\/www.franciscansusa.org\\\/wp-admin\\\/admin-ajax.php&quot;,&quot;infinite_scroll&quot;:0,&quot;max_num_pages&quot;:1,&quot;pagination&quot;:&quot;none&quot;,&quot;permalink_url&quot;:&quot;https:\\\/\\\/www.franciscansusa.org\\\/es\\\/wp-json\\\/wp\\\/v2\\\/pages\\\/12822&quot;,&quot;template_vars&quot;:{&quot;columns&quot;:&quot;2&quot;,&quot;exclude_items&quot;:&quot;none&quot;,&quot;img_size&quot;:&quot;default&quot;,&quot;ignore_items_size&quot;:false,&quot;items_layout&quot;:&quot;12064&quot;,&quot;items_offset&quot;:&quot;1&quot;,&quot;load_animation&quot;:&quot;none&quot;,&quot;overriding_link&quot;:&quot;none&quot;,&quot;post_id&quot;:12822,&quot;query_args&quot;:{&quot;post_type&quot;:[&quot;post&quot;],&quot;tax_query&quot;:[{&quot;taxonomy&quot;:&quot;category&quot;,&quot;field&quot;:&quot;slug&quot;,&quot;terms&quot;:[&quot;2022-spring-newsletter-repent-believe&quot;]}],&quot;post_status&quot;:[&quot;publish&quot;],&quot;posts_per_page&quot;:&quot;10&quot;},&quot;orderby_query_args&quot;:{&quot;orderby&quot;:{&quot;date&quot;:&quot;ASC&quot;}},&quot;type&quot;:&quot;grid&quot;,&quot;us_grid_ajax_index&quot;:1,&quot;us_grid_filter_params&quot;:null,&quot;us_grid_index&quot;:1,&quot;_us_grid_post_type&quot;:&quot;post&quot;}}'><\/div>\r\n\t<\/div><\/div><\/div><\/div><\/div><\/div><\/section>\n<\/div>","protected":false},"excerpt":{"rendered":"74 frailes de la Provincia de Nuestra Se\u00f1ora de la Consolaci\u00f3n se reunieron en el Centro de Espiritualidad Mount Saint Francis para su Asamblea Provincial, del 8 al 10 de noviembre de 2021. Las asambleas son generalmente momentos en los que los frailes se re\u00fanen y reciben aportes, as\u00ed como tambi\u00e9n participan en el trabajo grupal sobre un tema en particular. problema o problemas que enfrenta la comunidad; tambi\u00e9n son geniales...","protected":false},"author":1,"featured_media":0,"parent":0,"menu_order":0,"comment_status":"closed","ping_status":"closed","template":"","meta":{"om_disable_all_campaigns":false,"_monsterinsights_skip_tracking":false,"_monsterinsights_sitenote_active":false,"_monsterinsights_sitenote_note":"","_monsterinsights_sitenote_category":0,"_uf_show_specific_survey":0,"_uf_disable_surveys":false,"footnotes":""},"class_list":["post-12822","page","type-page","status-publish","hentry"],"aioseo_notices":[],"publishpress_future_action":{"enabled":false,"date":"2026-04-16 11:53:02","action":"change-status","newStatus":"draft","terms":[],"taxonomy":"","extraData":[]},"publishpress_future_workflow_manual_trigger":{"enabledWorkflows":[]},"_links":{"self":[{"href":"https:\/\/www.franciscansusa.org\/es\/wp-json\/wp\/v2\/pages\/12822","targetHints":{"allow":["GET"]}}],"collection":[{"href":"https:\/\/www.franciscansusa.org\/es\/wp-json\/wp\/v2\/pages"}],"about":[{"href":"https:\/\/www.franciscansusa.org\/es\/wp-json\/wp\/v2\/types\/page"}],"author":[{"embeddable":true,"href":"https:\/\/www.franciscansusa.org\/es\/wp-json\/wp\/v2\/users\/1"}],"replies":[{"embeddable":true,"href":"https:\/\/www.franciscansusa.org\/es\/wp-json\/wp\/v2\/comments?post=12822"}],"version-history":[{"count":5,"href":"https:\/\/www.franciscansusa.org\/es\/wp-json\/wp\/v2\/pages\/12822\/revisions"}],"predecessor-version":[{"id":12869,"href":"https:\/\/www.franciscansusa.org\/es\/wp-json\/wp\/v2\/pages\/12822\/revisions\/12869"}],"wp:attachment":[{"href":"https:\/\/www.franciscansusa.org\/es\/wp-json\/wp\/v2\/media?parent=12822"}],"curies":[{"name":"gracias","href":"https:\/\/api.w.org\/{rel}","templated":true}]}}