{"id":12897,"date":"2022-03-02T21:28:24","date_gmt":"2022-03-02T21:28:24","guid":{"rendered":"https:\/\/franciscansusa.org\/?page_id=12897"},"modified":"2024-05-13T15:11:38","modified_gmt":"2024-05-13T19:11:38","slug":"newsletter-donate","status":"publish","type":"page","link":"https:\/\/www.franciscansusa.org\/es\/newsletter-donate\/","title":{"rendered":"Bolet\u00edn Donar"},"content":{"rendered":"<div class=\"wpb-content-wrapper\"><section class=\"l-section wpb_row height_huge with_img with_overlay\"><div class=\"l-section-img\" style=\"background-image: url(https:\/\/www.franciscansusa.org\/wp-content\/uploads\/2020\/03\/earth-day.jpg);\" data-img-width=\"750\" data-img-height=\"445\"><\/div><div class=\"l-section-overlay\" style=\"background: rgba(0,0,0,0.6)\"><\/div><div class=\"l-section-h i-cf\"><div class=\"g-cols vc_row type_default valign_top\"><div class=\"vc_col-sm-12 wpb_column vc_column_container\"><div class=\"vc_column-inner\"><div class=\"wpb_wrapper\"><div class=\"wpb_text_column\" ><div class=\"wpb_wrapper\"><h2><span style=\"color: #ffffff;\"><strong>Para Donar<\/strong><\/span><\/h2>\n<\/div><\/div><\/div><\/div><\/div><\/div><\/div><\/section><section class=\"l-section wpb_row height_medium\"><div class=\"l-section-h i-cf\"><div class=\"g-cols vc_row type_default valign_top\"><div class=\"vc_col-sm-12 wpb_column vc_column_container\"><div class=\"vc_column-inner\"><div class=\"wpb_wrapper\"><div class=\"wpb_text_column\" ><div class=\"wpb_wrapper\"><div id=\"panel-5219-0-0-2\" class=\"so-panel widget widget_sow-editor panel-last-child\" data-index=\"2\">\n<div class=\"panel-widget-style panel-widget-style-for-5219-0-0-2\">\n<div class=\"so-widget-sow-editor so-widget-sow-editor-base\">\n<div class=\"siteorigin-widget-tinymce textwidget\">\n<h4>Gracias por ayudar a los Frailes Franciscanos Conventuales de la Provincia de Nuestra Se\u00f1ora de Consolaci\u00f3n.<\/h4>\n<p>Desde la \u00e9poca de San Francisco y sus primeros seguidores, nuestros ministerios, nuestra capacidad de servir a los necesitados, la educaci\u00f3n de los nuevos frailes y el cuidado de nuestros hombres mayores son posibles con la colaboraci\u00f3n de nuestros benefactores.<\/p>\n<\/div>\n<\/div>\n<\/div>\n<\/div>\n<\/div><\/div><\/div><\/div><\/div><\/div><\/div><\/section><section class=\"l-section wpb_row us_custom_4edece6e height_medium\"><div class=\"l-section-h i-cf\"><div class=\"g-cols vc_row type_default valign_top\"><div class=\"vc_col-sm-6 wpb_column vc_column_container\"><div class=\"vc_column-inner\"><div class=\"wpb_wrapper\">\n\t<div class=\"wpb_raw_code wpb_raw_html wpb_content_element us_custom_909b2fd0\" >\n\t\t<div class=\"wpb_wrapper\">\n\t\t\t<div class=\"qgiv-embed-container\" data-qgiv-embed=\"true\" data-embed-id=\"60418\" data-embed=\"https:\/\/secure.qgiv.com\/for\/newdonfor\/embed\/60418\/\" data-width=\"630\"><\/div>\n<script>(function(w, d, s, id){var js, fjs = d.getElementsByTagName(s)[0];if (d.getElementById(id)) return;js = d.createElement(s); js.id = id;js.src = \"https:\/\/secure.qgiv.com\/resources\/core\/js\/embed.js\";fjs.parentNode.insertBefore(js, fjs);})(window, document, 'script', 'qgiv-embedjs');<\/script>\n\t\t<\/div>\n\t<\/div>\n<\/div><\/div><\/div><div class=\"vc_col-sm-6 wpb_column vc_column_container\"><div class=\"vc_column-inner\"><div class=\"wpb_wrapper\"><div class=\"w-image align_none\"><div class=\"w-image-h\"><img loading=\"lazy\" decoding=\"async\" width=\"512\" height=\"1024\" src=\"https:\/\/www.franciscansusa.org\/wp-content\/uploads\/2020\/06\/donate-side-512x1024.png\" class=\"attachment-large size-large\" alt=\"\" srcset=\"https:\/\/www.franciscansusa.org\/wp-content\/uploads\/2020\/06\/donate-side-512x1024.png 512w, https:\/\/www.franciscansusa.org\/wp-content\/uploads\/2020\/06\/donate-side-6x12.png 6w, https:\/\/www.franciscansusa.org\/wp-content\/uploads\/2020\/06\/donate-side-75x150.png 75w, https:\/\/www.franciscansusa.org\/wp-content\/uploads\/2020\/06\/donate-side-200x400.png 200w, https:\/\/www.franciscansusa.org\/wp-content\/uploads\/2020\/06\/donate-side-300x600.png 300w, https:\/\/www.franciscansusa.org\/wp-content\/uploads\/2020\/06\/donate-side-150x300.png 150w, https:\/\/www.franciscansusa.org\/wp-content\/uploads\/2020\/06\/donate-side-600x1200.png 600w, https:\/\/www.franciscansusa.org\/wp-content\/uploads\/2020\/06\/donate-side.png 700w\" sizes=\"auto, (max-width: 512px) 100vw, 512px\" \/><\/div><\/div><\/div><\/div><\/div><\/div><\/div><\/section>\n<\/div>","protected":false},"excerpt":{"rendered":"Donar Gracias por ayudar a los Frailes Franciscanos Conventuales de la Provincia de Nuestra Se\u00f1ora de la Consolaci\u00f3n. Desde la \u00e9poca de San Francisco y sus primeros seguidores, nuestros ministerios, nuestra capacidad de servir a los necesitados, la educaci\u00f3n de los nuevos frailes y el cuidado de nuestros hombres mayores son posibles con la asociaci\u00f3n de...","protected":false},"author":1,"featured_media":0,"parent":0,"menu_order":0,"comment_status":"closed","ping_status":"closed","template":"","meta":{"om_disable_all_campaigns":false,"_monsterinsights_skip_tracking":false,"_monsterinsights_sitenote_active":false,"_monsterinsights_sitenote_note":"","_monsterinsights_sitenote_category":0,"_uf_show_specific_survey":0,"_uf_disable_surveys":false,"footnotes":""},"class_list":["post-12897","page","type-page","status-publish","hentry"],"aioseo_notices":[],"publishpress_future_action":{"enabled":false,"date":"2026-04-23 12:50:03","action":"change-status","newStatus":"draft","terms":[],"taxonomy":"","extraData":[]},"publishpress_future_workflow_manual_trigger":{"enabledWorkflows":[]},"_links":{"self":[{"href":"https:\/\/www.franciscansusa.org\/es\/wp-json\/wp\/v2\/pages\/12897","targetHints":{"allow":["GET"]}}],"collection":[{"href":"https:\/\/www.franciscansusa.org\/es\/wp-json\/wp\/v2\/pages"}],"about":[{"href":"https:\/\/www.franciscansusa.org\/es\/wp-json\/wp\/v2\/types\/page"}],"author":[{"embeddable":true,"href":"https:\/\/www.franciscansusa.org\/es\/wp-json\/wp\/v2\/users\/1"}],"replies":[{"embeddable":true,"href":"https:\/\/www.franciscansusa.org\/es\/wp-json\/wp\/v2\/comments?post=12897"}],"version-history":[{"count":4,"href":"https:\/\/www.franciscansusa.org\/es\/wp-json\/wp\/v2\/pages\/12897\/revisions"}],"predecessor-version":[{"id":18548,"href":"https:\/\/www.franciscansusa.org\/es\/wp-json\/wp\/v2\/pages\/12897\/revisions\/18548"}],"wp:attachment":[{"href":"https:\/\/www.franciscansusa.org\/es\/wp-json\/wp\/v2\/media?parent=12897"}],"curies":[{"name":"gracias","href":"https:\/\/api.w.org\/{rel}","templated":true}]}}