{"id":13211,"date":"2022-04-26T20:54:12","date_gmt":"2022-04-27T00:54:12","guid":{"rendered":"https:\/\/www.franciscansusa.org\/?page_id=13211"},"modified":"2023-04-27T09:46:43","modified_gmt":"2023-04-27T13:46:43","slug":"community-yoga","status":"publish","type":"page","link":"https:\/\/www.franciscansusa.org\/es\/community-yoga\/","title":{"rendered":"Yoga comunitario en el monte"},"content":{"rendered":"<div class=\"wpb-content-wrapper\"><section class=\"l-section wpb_row height_huge with_img with_overlay\"><div class=\"l-section-img\" style=\"background-image: url(https:\/\/www.franciscansusa.org\/wp-content\/uploads\/2022\/04\/278570764_10221622074963716_6705768729631514194_n.jpg);\" data-img-width=\"500\" data-img-height=\"375\"><\/div><div class=\"l-section-overlay\" style=\"background: rgba(0,0,0,0.6)\"><\/div><div class=\"l-section-h i-cf\"><div class=\"g-cols vc_row type_default valign_top\"><div class=\"vc_col-sm-12 wpb_column vc_column_container\"><div class=\"vc_column-inner\"><div class=\"wpb_wrapper\"><div class=\"wpb_text_column\" ><div class=\"wpb_wrapper\"><h2><span style=\"color: #ffffff;\"><strong>Yoga comunitario en el monte<\/strong><\/span><\/h2>\n<\/div><\/div><\/div><\/div><\/div><\/div><\/div><\/section><div class=\"vc_col-sm-12 wpb_column vc_column_container\"><div class=\"vc_column-inner\"><div class=\"wpb_wrapper\"><\/div><\/div><\/div><section class=\"l-section wpb_row height_medium\"><div class=\"l-section-h i-cf\"><div class=\"g-cols vc_row type_default valign_top\"><div class=\"vc_col-sm-8 wpb_column vc_column_container\"><div class=\"vc_column-inner\"><div class=\"wpb_wrapper\"><div class=\"wpb_text_column\" ><div class=\"wpb_wrapper\"><h4>Yoga comunitario en Mount Saint Francis<\/h4>\n<\/div><\/div><div class=\"w-separator size_small\"><\/div><div class=\"wpb_text_column\" ><div class=\"wpb_wrapper\"><p>\u00danase a nosotros en Mount St Francis para una clase de yoga de todos los niveles basada en donaciones todos los domingos a las 4:00 p.m. Baja por la rampa de la capilla y gira a la izquierda hacia la sala Cupertino. Los ni\u00f1os son bienvenidos. Las donaciones comprar\u00e1n los suministros de yoga necesarios y financiar\u00e1n la renovaci\u00f3n del estudio de arte Pump House.<\/p>\n<\/div><\/div><\/div><\/div><\/div><div class=\"vc_col-sm-4 wpb_column vc_column_container\"><div class=\"vc_column-inner\"><div class=\"wpb_wrapper\"><div class=\"wpb_text_column\" ><div class=\"wpb_wrapper\"><h4>pr\u00f3ximas clases<\/h4>\n<\/div><\/div><div class=\"w-separator size_small\"><\/div><div class=\"w-grid type_grid layout_13039\" id=\"us_grid_1\" data-filterable=\"true\"><style id=\"us_grid_1_css\">#us_grid_1 .w-grid-item:not(:last-child){margin-bottom:1.5rem}#us_grid_1 .g-loadmore{margin-top:1.5rem}<\/style><style>.layout_13039 .w-grid-item-h{}.layout_13039 .usg_post_title_1{font-size:1.2rem!important;margin-bottom:0.3rem!important}.layout_13039 .usg_post_custom_field_1{font-weight:700!important}.layout_13039 .usg_post_custom_field_2{font-weight:700!important}.layout_13039 .usg_post_custom_field_3{font-weight:700!important}.layout_13039 .usg_post_image_2{width:30%!important;margin-right:5%!important}<\/style><div class=\"w-grid-list\" ><\/div><div class=\"w-grid-preloader\"><div class=\"g-preloader type_1\">\r\n\t<div><\/div>\r\n<\/div>\r\n<\/div>\t<div class=\"w-grid-json hidden\" onclick='return {&quot;action&quot;:&quot;us_ajax_grid&quot;,&quot;ajax_url&quot;:&quot;https:\\\/\\\/www.franciscansusa.org\\\/wp-admin\\\/admin-ajax.php&quot;,&quot;infinite_scroll&quot;:0,&quot;max_num_pages&quot;:0,&quot;pagination&quot;:&quot;ajax&quot;,&quot;permalink_url&quot;:&quot;https:\\\/\\\/www.franciscansusa.org\\\/es\\\/wp-json\\\/wp\\\/v2\\\/pages\\\/13211&quot;,&quot;template_vars&quot;:{&quot;columns&quot;:&quot;1&quot;,&quot;exclude_items&quot;:&quot;none&quot;,&quot;img_size&quot;:&quot;default&quot;,&quot;ignore_items_size&quot;:false,&quot;items_layout&quot;:&quot;13039&quot;,&quot;items_offset&quot;:&quot;1&quot;,&quot;load_animation&quot;:&quot;none&quot;,&quot;overriding_link&quot;:&quot;none&quot;,&quot;post_id&quot;:13211,&quot;query_args&quot;:{&quot;post_type&quot;:[&quot;event&quot;],&quot;tax_query&quot;:[{&quot;taxonomy&quot;:&quot;event_category&quot;,&quot;field&quot;:&quot;slug&quot;,&quot;terms&quot;:[&quot;community-yoga-at-the-mount&quot;]}],&quot;post_status&quot;:[&quot;publish&quot;],&quot;posts_per_page&quot;:&quot;10&quot;},&quot;orderby_query_args&quot;:{&quot;meta_query&quot;:{&quot;_orderby_custom_&quot;:{&quot;relation&quot;:&quot;OR&quot;,&quot;0&quot;:{&quot;compare&quot;:&quot;EXISTS&quot;,&quot;key&quot;:&quot;event_start_date&quot;,&quot;type&quot;:&quot;CHAR&quot;},&quot;1&quot;:{&quot;compare&quot;:&quot;NOT EXISTS&quot;,&quot;key&quot;:&quot;event_start_date&quot;,&quot;type&quot;:&quot;CHAR&quot;}}},&quot;orderby&quot;:&quot;event_start_date&quot;,&quot;order&quot;:&quot;ASC&quot;},&quot;type&quot;:&quot;grid&quot;,&quot;us_grid_ajax_index&quot;:1,&quot;us_grid_filter_params&quot;:null,&quot;us_grid_index&quot;:1,&quot;_us_grid_post_type&quot;:&quot;event&quot;}}'><\/div>\r\n\t<h4 class=\"w-grid-none\">Sin resultados.<\/h4><\/div><\/div><\/div><\/div><\/div><\/div><\/section><div class=\"vc_col-sm-12 wpb_column vc_column_container\"><div class=\"vc_column-inner\"><div class=\"wpb_wrapper\"><\/div><\/div><\/div><section class=\"l-section wpb_row height_medium\"><div class=\"l-section-h i-cf\"><div class=\"g-cols vc_row type_default valign_top\"><div class=\"vc_col-sm-12 wpb_column vc_column_container\"><div class=\"vc_column-inner\"><div class=\"wpb_wrapper\"><div class=\"wpb_text_column\" ><div class=\"wpb_wrapper\"><h4>Conozca a nuestro instructor<\/h4>\n<\/div><\/div><div class=\"w-separator size_medium\"><\/div><\/div><\/div><\/div><div class=\"vc_col-sm-4 wpb_column vc_column_container\"><div class=\"vc_column-inner\"><div class=\"wpb_wrapper\"><div class=\"w-person layout_circle\" itemscope itemtype=\"https:\/\/schema.org\/Person\"><div class=\"w-person-image\"><img loading=\"lazy\" decoding=\"async\" width=\"800\" height=\"800\" src=\"https:\/\/www.franciscansusa.org\/wp-content\/uploads\/2021\/08\/becki-romans.jpg\" class=\"attachment-full size-full\" alt=\"\" srcset=\"https:\/\/www.franciscansusa.org\/wp-content\/uploads\/2021\/08\/becki-romans.jpg 800w, https:\/\/www.franciscansusa.org\/wp-content\/uploads\/2021\/08\/becki-romans-150x150.jpg 150w, https:\/\/www.franciscansusa.org\/wp-content\/uploads\/2021\/08\/becki-romans-300x300.jpg 300w, https:\/\/www.franciscansusa.org\/wp-content\/uploads\/2021\/08\/becki-romans-12x12.jpg 12w, https:\/\/www.franciscansusa.org\/wp-content\/uploads\/2021\/08\/becki-romans-600x600.jpg 600w, https:\/\/www.franciscansusa.org\/wp-content\/uploads\/2021\/08\/becki-romans-400x400.jpg 400w, https:\/\/www.franciscansusa.org\/wp-content\/uploads\/2021\/08\/becki-romans-25x25.jpg 25w\" sizes=\"auto, (max-width: 800px) 100vw, 800px\" \/><\/div><div class=\"w-person-content\"><h4 class=\"w-person-name\" itemprop=\"name\"><span>becki romanos<\/span><\/h4><div class=\"w-person-role\" itemprop=\"jobTitle\">instructora de yoga<\/div><\/div><\/div><\/div><\/div><\/div><div class=\"vc_col-sm-8 wpb_column vc_column_container\"><div class=\"vc_column-inner\"><div class=\"wpb_wrapper\"><div class=\"wpb_text_column\" ><div class=\"wpb_wrapper\"><h4>becki romanos<\/h4>\n<p>biograf\u00eda aqu\u00ed<\/p>\n<\/div><\/div><\/div><\/div><\/div><\/div><\/div><\/section>\n<\/div>","protected":false},"excerpt":{"rendered":"Yoga comunitario en Mount Yoga comunitario en Mount Saint Francis \u00danase a nosotros en Mount St Francis para una clase de yoga de todos los niveles basada en donaciones todos los domingos a las 4:00 pm. Baja por la rampa junto a la capilla y gira a la izquierda hacia la sala Cupertino. Los ni\u00f1os son bienvenidos. Las donaciones comprar\u00e1n los suministros de yoga necesarios y financiar\u00e1n el...","protected":false},"author":1,"featured_media":13215,"parent":0,"menu_order":0,"comment_status":"closed","ping_status":"closed","template":"","meta":{"om_disable_all_campaigns":false,"_monsterinsights_skip_tracking":false,"_monsterinsights_sitenote_active":false,"_monsterinsights_sitenote_note":"","_monsterinsights_sitenote_category":0,"_uf_show_specific_survey":0,"_uf_disable_surveys":false,"footnotes":""},"class_list":["post-13211","page","type-page","status-publish","has-post-thumbnail","hentry"],"aioseo_notices":[],"publishpress_future_action":{"enabled":false,"date":"2026-04-22 20:43:07","action":"change-status","newStatus":"draft","terms":[],"taxonomy":"","extraData":[]},"publishpress_future_workflow_manual_trigger":{"enabledWorkflows":[]},"_links":{"self":[{"href":"https:\/\/www.franciscansusa.org\/es\/wp-json\/wp\/v2\/pages\/13211","targetHints":{"allow":["GET"]}}],"collection":[{"href":"https:\/\/www.franciscansusa.org\/es\/wp-json\/wp\/v2\/pages"}],"about":[{"href":"https:\/\/www.franciscansusa.org\/es\/wp-json\/wp\/v2\/types\/page"}],"author":[{"embeddable":true,"href":"https:\/\/www.franciscansusa.org\/es\/wp-json\/wp\/v2\/users\/1"}],"replies":[{"embeddable":true,"href":"https:\/\/www.franciscansusa.org\/es\/wp-json\/wp\/v2\/comments?post=13211"}],"version-history":[{"count":10,"href":"https:\/\/www.franciscansusa.org\/es\/wp-json\/wp\/v2\/pages\/13211\/revisions"}],"predecessor-version":[{"id":15567,"href":"https:\/\/www.franciscansusa.org\/es\/wp-json\/wp\/v2\/pages\/13211\/revisions\/15567"}],"wp:featuredmedia":[{"embeddable":true,"href":"https:\/\/www.franciscansusa.org\/es\/wp-json\/wp\/v2\/media\/13215"}],"wp:attachment":[{"href":"https:\/\/www.franciscansusa.org\/es\/wp-json\/wp\/v2\/media?parent=13211"}],"curies":[{"name":"gracias","href":"https:\/\/api.w.org\/{rel}","templated":true}]}}