{"id":13419,"date":"2022-05-04T17:51:27","date_gmt":"2022-05-04T21:51:27","guid":{"rendered":"https:\/\/www.franciscansusa.org\/?page_id=13419"},"modified":"2022-09-23T15:47:14","modified_gmt":"2022-09-23T19:47:14","slug":"pottery-classes","status":"publish","type":"page","link":"https:\/\/www.franciscansusa.org\/es\/pottery-classes\/","title":{"rendered":"Clases de Cer\u00e1mica"},"content":{"rendered":"<div class=\"wpb-content-wrapper\"><section class=\"l-section wpb_row height_huge with_img with_overlay\"><div class=\"l-section-img\" style=\"background-image: url(https:\/\/www.franciscansusa.org\/wp-content\/uploads\/2022\/05\/Screen-Shot-2022-05-04-at-4.59.43-PM.png);\" data-img-width=\"1954\" data-img-height=\"1300\"><\/div><div class=\"l-section-overlay\" style=\"background: rgba(0,0,0,0.6)\"><\/div><div class=\"l-section-h i-cf\"><div class=\"g-cols vc_row type_default valign_top\"><div class=\"vc_col-sm-12 wpb_column vc_column_container\"><div class=\"vc_column-inner\"><div class=\"wpb_wrapper\"><div class=\"wpb_text_column\" ><div class=\"wpb_wrapper\"><h2><span style=\"color: #ffffff;\"><strong>Clases de Cer\u00e1mica<\/strong><\/span><\/h2>\n<\/div><\/div><\/div><\/div><\/div><\/div><\/div><\/section><section class=\"l-section wpb_row height_medium\"><div class=\"l-section-h i-cf\"><div class=\"g-cols vc_row type_default valign_top\"><div class=\"vc_col-sm-8 wpb_column vc_column_container\"><div class=\"vc_column-inner\"><div class=\"wpb_wrapper\"><div class=\"wpb_text_column\" ><div class=\"wpb_wrapper\"><h4>Clases de cer\u00e1mica en Mount Saint Francis<br \/>\nEstudio de cer\u00e1mica del Centro Mary Anderson<\/h4>\n<\/div><\/div><div class=\"w-separator size_small\"><\/div><div class=\"wpb_text_column\" ><div class=\"wpb_wrapper\"><p>\u00a1Estamos muy emocionados de traer de vuelta las clases de cer\u00e1mica al Mary Anderson Center Clay Studio en Mount Saint Francis! Marty Edlin, nuestro nuevo maestro de cer\u00e1mica, instruir\u00e1 a los estudiantes: principiantes, intermedios y avanzados en construcci\u00f3n y escultura manual, lanzamiento de torno, vidriado y horneado. El tama\u00f1o de las clases es limitado: \u00a1reg\u00edstrese para guardar su lugar hoy!<\/p>\n<\/div><\/div><\/div><\/div><\/div><div class=\"vc_col-sm-4 wpb_column vc_column_container\"><div class=\"vc_column-inner\"><div class=\"wpb_wrapper\"><div class=\"wpb_text_column\" ><div class=\"wpb_wrapper\"><h4>Clases de Cer\u00e1mica<\/h4>\n<\/div><\/div><div class=\"w-separator size_small\"><\/div><div class=\"w-grid type_grid layout_13039\" id=\"us_grid_1\" data-filterable=\"true\"><style id=\"us_grid_1_css\">#us_grid_1 .w-grid-item:not(:last-child){margin-bottom:1.5rem}#us_grid_1 .g-loadmore{margin-top:1.5rem}<\/style><style>.layout_13039 .w-grid-item-h{}.layout_13039 .usg_post_title_1{font-size:1.2rem!important;margin-bottom:0.3rem!important}.layout_13039 .usg_post_custom_field_1{font-weight:700!important}.layout_13039 .usg_post_custom_field_2{font-weight:700!important}.layout_13039 .usg_post_custom_field_3{font-weight:700!important}.layout_13039 .usg_post_image_2{width:30%!important;margin-right:5%!important}<\/style><div class=\"w-grid-list\" >\t<article class=\"w-grid-item size_1x1 post-24365 event type-event status-publish has-post-thumbnail hentry event_category-franciscan-arts-initiative event_category-pottery-classes\" data-id=\"24365\">\r\n\t\t<div class=\"w-grid-item-h\">\r\n\t\t\t\t\t\t<div class=\"w-hwrapper usg_hwrapper_1 align_left valign_top\"><div class=\"w-post-elm post_image usg_post_image_2 has_width has_ratio\"><div style=\"padding-bottom:100.0000%\"><\/div><a href=\"https:\/\/www.franciscansusa.org\/es\/event\/pottery-may-july\/\" aria-label=\"8-Week Pottery Session &#8211; May 13 &#8211; July 1, 2026\"><img loading=\"lazy\" decoding=\"async\" width=\"150\" height=\"150\" src=\"https:\/\/www.franciscansusa.org\/wp-content\/uploads\/2022\/05\/pottery-classes-150x150.jpg\" class=\"attachment-thumbnail size-thumbnail wp-post-image\" alt=\"\" srcset=\"https:\/\/www.franciscansusa.org\/wp-content\/uploads\/2022\/05\/pottery-classes-150x150.jpg 150w, https:\/\/www.franciscansusa.org\/wp-content\/uploads\/2022\/05\/pottery-classes-600x600.jpg 600w, https:\/\/www.franciscansusa.org\/wp-content\/uploads\/2022\/05\/pottery-classes-25x25.jpg 25w, https:\/\/www.franciscansusa.org\/wp-content\/uploads\/2022\/05\/pottery-classes-300x300.jpg 300w\" sizes=\"auto, (max-width: 150px) 100vw, 150px\" \/><\/a><\/div><div class=\"w-vwrapper usg_vwrapper_1 align_left valign_top\"><h2 class=\"w-post-elm post_title usg_post_title_1 entry-title color_link_inherit\"><a href=\"https:\/\/www.franciscansusa.org\/es\/event\/pottery-may-july\/\">8-Week Pottery Session &#8211; May 13 &#8211; July 1, 2026<\/a><\/h2><div class=\"w-vwrapper usg_vwrapper_2 align_left valign_top\" style=\"--vwrapper-gap:0.5rem\"><div class=\"w-hwrapper usg_hwrapper_2 align_left valign_top\"><div class=\"w-post-elm post_custom_field usg_post_custom_field_1 type_text\">05\/13\/2026<\/div><div class=\"w-post-elm post_custom_field usg_post_custom_field_3 type_text\"><span class=\"w-post-elm-before\">- <\/span>07\/01\/2026<\/div><\/div><div class=\"w-post-elm post_custom_field usg_post_custom_field_2 type_text\">7:00 pm<\/div><\/div><\/div><\/div>\t\t<\/div>\r\n\t<\/article>\r\n\t<article class=\"w-grid-item size_1x1 post-22990 event type-event status-publish has-post-thumbnail hentry event_category-franciscan-arts-initiative event_category-pottery-classes\" data-id=\"22990\">\r\n\t\t<div class=\"w-grid-item-h\">\r\n\t\t\t\t\t\t<div class=\"w-hwrapper usg_hwrapper_1 align_left valign_top\"><div class=\"w-post-elm post_image usg_post_image_2 has_width has_ratio\"><div style=\"padding-bottom:100.0000%\"><\/div><a href=\"https:\/\/www.franciscansusa.org\/es\/event\/8-week-pottery-jun-22-aug-10\/\" aria-label=\"Taller de cer\u00e1mica de 8 semanas: del 22 de junio al 10 de agosto de 2026\"><img loading=\"lazy\" decoding=\"async\" width=\"150\" height=\"150\" src=\"https:\/\/www.franciscansusa.org\/wp-content\/uploads\/2022\/05\/pottery-classes-150x150.jpg\" class=\"attachment-thumbnail size-thumbnail wp-post-image\" alt=\"\" srcset=\"https:\/\/www.franciscansusa.org\/wp-content\/uploads\/2022\/05\/pottery-classes-150x150.jpg 150w, https:\/\/www.franciscansusa.org\/wp-content\/uploads\/2022\/05\/pottery-classes-600x600.jpg 600w, https:\/\/www.franciscansusa.org\/wp-content\/uploads\/2022\/05\/pottery-classes-25x25.jpg 25w, https:\/\/www.franciscansusa.org\/wp-content\/uploads\/2022\/05\/pottery-classes-300x300.jpg 300w\" sizes=\"auto, (max-width: 150px) 100vw, 150px\" \/><\/a><\/div><div class=\"w-vwrapper usg_vwrapper_1 align_left valign_top\"><h2 class=\"w-post-elm post_title usg_post_title_1 entry-title color_link_inherit\"><a href=\"https:\/\/www.franciscansusa.org\/es\/event\/8-week-pottery-jun-22-aug-10\/\">Taller de cer\u00e1mica de 8 semanas: del 22 de junio al 10 de agosto de 2026<\/a><\/h2><div class=\"w-vwrapper usg_vwrapper_2 align_left valign_top\" style=\"--vwrapper-gap:0.5rem\"><div class=\"w-hwrapper usg_hwrapper_2 align_left valign_top\"><div class=\"w-post-elm post_custom_field usg_post_custom_field_1 type_text\">06\/22\/2026<\/div><div class=\"w-post-elm post_custom_field usg_post_custom_field_3 type_text\"><span class=\"w-post-elm-before\">- <\/span>08\/10\/2026<\/div><\/div><div class=\"w-post-elm post_custom_field usg_post_custom_field_2 type_text\">7:00 pm<\/div><\/div><\/div><\/div>\t\t<\/div>\r\n\t<\/article>\r\n\t<article class=\"w-grid-item size_1x1 post-22991 event type-event status-publish has-post-thumbnail hentry event_category-franciscan-arts-initiative event_category-pottery-classes\" data-id=\"22991\">\r\n\t\t<div class=\"w-grid-item-h\">\r\n\t\t\t\t\t\t<div class=\"w-hwrapper usg_hwrapper_1 align_left valign_top\"><div class=\"w-post-elm post_image usg_post_image_2 has_width has_ratio\"><div style=\"padding-bottom:100.0000%\"><\/div><a href=\"https:\/\/www.franciscansusa.org\/es\/event\/8-week-pottery-aug-24-oct-19\/\" aria-label=\"Taller de cer\u00e1mica de 8 semanas: del 24 de agosto al 19 de octubre de 2026\"><img loading=\"lazy\" decoding=\"async\" width=\"150\" height=\"150\" src=\"https:\/\/www.franciscansusa.org\/wp-content\/uploads\/2022\/05\/pottery-classes-150x150.jpg\" class=\"attachment-thumbnail size-thumbnail wp-post-image\" alt=\"\" srcset=\"https:\/\/www.franciscansusa.org\/wp-content\/uploads\/2022\/05\/pottery-classes-150x150.jpg 150w, https:\/\/www.franciscansusa.org\/wp-content\/uploads\/2022\/05\/pottery-classes-600x600.jpg 600w, https:\/\/www.franciscansusa.org\/wp-content\/uploads\/2022\/05\/pottery-classes-25x25.jpg 25w, https:\/\/www.franciscansusa.org\/wp-content\/uploads\/2022\/05\/pottery-classes-300x300.jpg 300w\" sizes=\"auto, (max-width: 150px) 100vw, 150px\" \/><\/a><\/div><div class=\"w-vwrapper usg_vwrapper_1 align_left valign_top\"><h2 class=\"w-post-elm post_title usg_post_title_1 entry-title color_link_inherit\"><a href=\"https:\/\/www.franciscansusa.org\/es\/event\/8-week-pottery-aug-24-oct-19\/\">Taller de cer\u00e1mica de 8 semanas: del 24 de agosto al 19 de octubre de 2026<\/a><\/h2><div class=\"w-vwrapper usg_vwrapper_2 align_left valign_top\" style=\"--vwrapper-gap:0.5rem\"><div class=\"w-hwrapper usg_hwrapper_2 align_left valign_top\"><div class=\"w-post-elm post_custom_field usg_post_custom_field_1 type_text\">08\/24\/2026<\/div><div class=\"w-post-elm post_custom_field usg_post_custom_field_3 type_text\"><span class=\"w-post-elm-before\">- <\/span>10\/19\/2026<\/div><\/div><div class=\"w-post-elm post_custom_field usg_post_custom_field_2 type_text\">7:00 pm<\/div><\/div><\/div><\/div>\t\t<\/div>\r\n\t<\/article>\r\n\t<article class=\"w-grid-item size_1x1 post-22977 event type-event status-publish has-post-thumbnail hentry event_category-franciscan-arts-initiative event_category-pottery-classes\" data-id=\"22977\">\r\n\t\t<div class=\"w-grid-item-h\">\r\n\t\t\t\t\t\t<div class=\"w-hwrapper usg_hwrapper_1 align_left valign_top\"><div class=\"w-post-elm post_image usg_post_image_2 has_width has_ratio\"><div style=\"padding-bottom:100.0000%\"><\/div><a href=\"https:\/\/www.franciscansusa.org\/es\/event\/8-week-pottery-nov-2-dec-21\/\" aria-label=\"Taller de cer\u00e1mica de 8 semanas: del 2 de noviembre al 21 de diciembre de 2026\"><img loading=\"lazy\" decoding=\"async\" width=\"150\" height=\"150\" src=\"https:\/\/www.franciscansusa.org\/wp-content\/uploads\/2022\/05\/pottery-classes-150x150.jpg\" class=\"attachment-thumbnail size-thumbnail wp-post-image\" alt=\"\" srcset=\"https:\/\/www.franciscansusa.org\/wp-content\/uploads\/2022\/05\/pottery-classes-150x150.jpg 150w, https:\/\/www.franciscansusa.org\/wp-content\/uploads\/2022\/05\/pottery-classes-600x600.jpg 600w, https:\/\/www.franciscansusa.org\/wp-content\/uploads\/2022\/05\/pottery-classes-25x25.jpg 25w, https:\/\/www.franciscansusa.org\/wp-content\/uploads\/2022\/05\/pottery-classes-300x300.jpg 300w\" sizes=\"auto, (max-width: 150px) 100vw, 150px\" \/><\/a><\/div><div class=\"w-vwrapper usg_vwrapper_1 align_left valign_top\"><h2 class=\"w-post-elm post_title usg_post_title_1 entry-title color_link_inherit\"><a href=\"https:\/\/www.franciscansusa.org\/es\/event\/8-week-pottery-nov-2-dec-21\/\">Taller de cer\u00e1mica de 8 semanas: del 2 de noviembre al 21 de diciembre de 2026<\/a><\/h2><div class=\"w-vwrapper usg_vwrapper_2 align_left valign_top\" style=\"--vwrapper-gap:0.5rem\"><div class=\"w-hwrapper usg_hwrapper_2 align_left valign_top\"><div class=\"w-post-elm post_custom_field usg_post_custom_field_1 type_text\">11\/02\/2026<\/div><div class=\"w-post-elm post_custom_field usg_post_custom_field_3 type_text\"><span class=\"w-post-elm-before\">- <\/span>12\/21\/2026<\/div><\/div><div class=\"w-post-elm post_custom_field usg_post_custom_field_2 type_text\">7:00 pm<\/div><\/div><\/div><\/div>\t\t<\/div>\r\n\t<\/article>\r\n\t<article class=\"w-grid-item size_1x1 post-22994 event type-event status-publish has-post-thumbnail hentry event_category-franciscan-arts-initiative event_category-pottery-classes\" data-id=\"22994\">\r\n\t\t<div class=\"w-grid-item-h\">\r\n\t\t\t\t\t\t<div class=\"w-hwrapper usg_hwrapper_1 align_left valign_top\"><div class=\"w-post-elm post_image usg_post_image_2 has_width has_ratio\"><div style=\"padding-bottom:100.0000%\"><\/div><a href=\"https:\/\/www.franciscansusa.org\/es\/event\/8-week-pottery-jan-4-mar-1\/\" aria-label=\"Taller de cer\u00e1mica de 8 semanas: del 4 de enero al 1 de marzo de 2027\"><img loading=\"lazy\" decoding=\"async\" width=\"150\" height=\"150\" src=\"https:\/\/www.franciscansusa.org\/wp-content\/uploads\/2022\/05\/pottery-classes-150x150.jpg\" class=\"attachment-thumbnail size-thumbnail wp-post-image\" alt=\"\" srcset=\"https:\/\/www.franciscansusa.org\/wp-content\/uploads\/2022\/05\/pottery-classes-150x150.jpg 150w, https:\/\/www.franciscansusa.org\/wp-content\/uploads\/2022\/05\/pottery-classes-600x600.jpg 600w, https:\/\/www.franciscansusa.org\/wp-content\/uploads\/2022\/05\/pottery-classes-25x25.jpg 25w, https:\/\/www.franciscansusa.org\/wp-content\/uploads\/2022\/05\/pottery-classes-300x300.jpg 300w\" sizes=\"auto, (max-width: 150px) 100vw, 150px\" \/><\/a><\/div><div class=\"w-vwrapper usg_vwrapper_1 align_left valign_top\"><h2 class=\"w-post-elm post_title usg_post_title_1 entry-title color_link_inherit\"><a href=\"https:\/\/www.franciscansusa.org\/es\/event\/8-week-pottery-jan-4-mar-1\/\">Taller de cer\u00e1mica de 8 semanas: del 4 de enero al 1 de marzo de 2027<\/a><\/h2><div class=\"w-vwrapper usg_vwrapper_2 align_left valign_top\" style=\"--vwrapper-gap:0.5rem\"><div class=\"w-hwrapper usg_hwrapper_2 align_left valign_top\"><div class=\"w-post-elm post_custom_field usg_post_custom_field_1 type_text\">01\/04\/2027<\/div><div class=\"w-post-elm post_custom_field usg_post_custom_field_3 type_text\"><span class=\"w-post-elm-before\">- <\/span>03\/01\/2027<\/div><\/div><div class=\"w-post-elm post_custom_field usg_post_custom_field_2 type_text\">7:00 pm<\/div><\/div><\/div><\/div>\t\t<\/div>\r\n\t<\/article>\r\n<\/div><div class=\"w-grid-preloader\"><div class=\"g-preloader type_1\">\r\n\t<div><\/div>\r\n<\/div>\r\n<\/div>\t<div class=\"w-grid-json hidden\" onclick='return {&quot;action&quot;:&quot;us_ajax_grid&quot;,&quot;ajax_url&quot;:&quot;https:\\\/\\\/www.franciscansusa.org\\\/wp-admin\\\/admin-ajax.php&quot;,&quot;infinite_scroll&quot;:0,&quot;max_num_pages&quot;:1,&quot;pagination&quot;:&quot;none&quot;,&quot;permalink_url&quot;:&quot;https:\\\/\\\/www.franciscansusa.org\\\/es\\\/wp-json\\\/wp\\\/v2\\\/pages\\\/13419&quot;,&quot;template_vars&quot;:{&quot;columns&quot;:&quot;1&quot;,&quot;exclude_items&quot;:&quot;none&quot;,&quot;img_size&quot;:&quot;default&quot;,&quot;ignore_items_size&quot;:false,&quot;items_layout&quot;:&quot;13039&quot;,&quot;items_offset&quot;:&quot;1&quot;,&quot;load_animation&quot;:&quot;none&quot;,&quot;overriding_link&quot;:&quot;none&quot;,&quot;post_id&quot;:13419,&quot;query_args&quot;:{&quot;post_type&quot;:[&quot;event&quot;],&quot;tax_query&quot;:[{&quot;taxonomy&quot;:&quot;event_category&quot;,&quot;field&quot;:&quot;slug&quot;,&quot;terms&quot;:[&quot;pottery-classes&quot;]}],&quot;post_status&quot;:[&quot;publish&quot;],&quot;posts_per_page&quot;:&quot;10&quot;},&quot;orderby_query_args&quot;:{&quot;meta_query&quot;:{&quot;_orderby_custom_&quot;:{&quot;relation&quot;:&quot;OR&quot;,&quot;0&quot;:{&quot;compare&quot;:&quot;EXISTS&quot;,&quot;key&quot;:&quot;event_start_date&quot;,&quot;type&quot;:&quot;CHAR&quot;},&quot;1&quot;:{&quot;compare&quot;:&quot;NOT EXISTS&quot;,&quot;key&quot;:&quot;event_start_date&quot;,&quot;type&quot;:&quot;CHAR&quot;}}},&quot;orderby&quot;:&quot;event_start_date&quot;,&quot;order&quot;:&quot;ASC&quot;},&quot;type&quot;:&quot;grid&quot;,&quot;us_grid_ajax_index&quot;:1,&quot;us_grid_filter_params&quot;:null,&quot;us_grid_index&quot;:1,&quot;_us_grid_post_type&quot;:&quot;event&quot;}}'><\/div>\r\n\t<\/div><\/div><\/div><\/div><\/div><\/div><\/section><div class=\"vc_col-sm-12 wpb_column vc_column_container\"><div class=\"vc_column-inner\"><div class=\"wpb_wrapper\"><\/div><\/div><\/div><section class=\"l-section wpb_row height_medium\"><div class=\"l-section-h i-cf\"><div class=\"g-cols vc_row type_default valign_top\"><div class=\"vc_col-sm-12 wpb_column vc_column_container\"><div class=\"vc_column-inner\"><div class=\"wpb_wrapper\"><div class=\"wpb_text_column\" ><div class=\"wpb_wrapper\"><h4>Conozca a nuestro instructor<\/h4>\n<\/div><\/div><div class=\"w-separator size_medium\"><\/div><\/div><\/div><\/div><div class=\"vc_col-sm-4 wpb_column vc_column_container\"><div class=\"vc_column-inner\"><div class=\"wpb_wrapper\"><div class=\"w-person layout_circle\" itemscope itemtype=\"https:\/\/schema.org\/Person\"><div class=\"w-person-image\"><img loading=\"lazy\" decoding=\"async\" width=\"225\" height=\"225\" src=\"https:\/\/www.franciscansusa.org\/wp-content\/uploads\/2022\/05\/MartinEdlin.jpg\" class=\"attachment-full size-full\" alt=\"\" srcset=\"https:\/\/www.franciscansusa.org\/wp-content\/uploads\/2022\/05\/MartinEdlin.jpg 225w, https:\/\/www.franciscansusa.org\/wp-content\/uploads\/2022\/05\/MartinEdlin-150x150.jpg 150w, https:\/\/www.franciscansusa.org\/wp-content\/uploads\/2022\/05\/MartinEdlin-12x12.jpg 12w, https:\/\/www.franciscansusa.org\/wp-content\/uploads\/2022\/05\/MartinEdlin-25x25.jpg 25w\" sizes=\"auto, (max-width: 225px) 100vw, 225px\" \/><\/div><div class=\"w-person-content\"><h4 class=\"w-person-name\" itemprop=\"name\"><span>marty edlin<\/span><\/h4><div class=\"w-person-role\" itemprop=\"jobTitle\">Instructor de alfarer\u00eda<\/div><\/div><\/div><\/div><\/div><\/div><div class=\"vc_col-sm-8 wpb_column vc_column_container\"><div class=\"vc_column-inner\"><div class=\"wpb_wrapper\"><div class=\"wpb_text_column\" ><div class=\"wpb_wrapper\"><h4>Mart\u00edn \u201cMarty\u201d Edlin<\/h4>\n<p>Martin Edlin es un artista que trabaja en varias disciplinas de los medios art\u00edsticos tradicionales. Su obra es t\u00e9cnicamente rigurosa pero muy imaginativa, dando forma y forma a emociones e ideas en escultura, cer\u00e1mica, pinturas y dibujos. Estudi\u00f3 arte en la Universidad de Louisville con el renombrado alfarero Tom Marsh y obtuvo una maestr\u00eda en la Escuela del Instituto de Arte de Chicago con el escultor y pionero de la terapia del arte Don Seiden. Su obra de arte se ha exhibido p\u00fablicamente desde 1984.<\/p>\n<p>Martin imparte talleres para muchas escuelas y programas comunitarios con personas de todas las edades y ha estado dirigiendo un centro comunitario de educaci\u00f3n art\u00edstica durante muchos a\u00f1os. Trabaj\u00f3 como artesano de vidrieras para los artistas de vidrio Peter Eichhorn y Bob Markert mientras estaba en la escuela secundaria y la universidad y ha practicado la terapia del arte en una multitud de entornos.<\/p>\n<\/div><\/div><\/div><\/div><\/div><\/div><\/div><\/section>\n<\/div>","protected":false},"excerpt":{"rendered":"Sesi\u00f3n de Cer\u00e1mica de 8 Semanas \u2013 4 de enero - 1 de marzo de 2027. Descripci\u00f3n de la Clase: Esta clase ense\u00f1ar\u00e1 a los estudiantes t\u00e9cnicas fundamentales de alfarer\u00eda y esculturas. Tambi\u00e9n aprender\u00e1n a usar el torno y diversos m\u00e9todos de decoraci\u00f3n de superficies, incluyendo esmaltes, bajoesmaltes y tintes. El cupo es limitado y la imparte un maestro local con experiencia...","protected":false},"author":1,"featured_media":13425,"parent":0,"menu_order":0,"comment_status":"closed","ping_status":"closed","template":"","meta":{"om_disable_all_campaigns":false,"_monsterinsights_skip_tracking":false,"_monsterinsights_sitenote_active":false,"_monsterinsights_sitenote_note":"","_monsterinsights_sitenote_category":0,"_uf_show_specific_survey":0,"_uf_disable_surveys":false,"footnotes":""},"class_list":["post-13419","page","type-page","status-publish","has-post-thumbnail","hentry"],"aioseo_notices":[],"publishpress_future_action":{"enabled":false,"date":"2026-04-22 20:19:08","action":"change-status","newStatus":"draft","terms":[],"taxonomy":"","extraData":[]},"publishpress_future_workflow_manual_trigger":{"enabledWorkflows":[]},"_links":{"self":[{"href":"https:\/\/www.franciscansusa.org\/es\/wp-json\/wp\/v2\/pages\/13419","targetHints":{"allow":["GET"]}}],"collection":[{"href":"https:\/\/www.franciscansusa.org\/es\/wp-json\/wp\/v2\/pages"}],"about":[{"href":"https:\/\/www.franciscansusa.org\/es\/wp-json\/wp\/v2\/types\/page"}],"author":[{"embeddable":true,"href":"https:\/\/www.franciscansusa.org\/es\/wp-json\/wp\/v2\/users\/1"}],"replies":[{"embeddable":true,"href":"https:\/\/www.franciscansusa.org\/es\/wp-json\/wp\/v2\/comments?post=13419"}],"version-history":[{"count":25,"href":"https:\/\/www.franciscansusa.org\/es\/wp-json\/wp\/v2\/pages\/13419\/revisions"}],"predecessor-version":[{"id":14441,"href":"https:\/\/www.franciscansusa.org\/es\/wp-json\/wp\/v2\/pages\/13419\/revisions\/14441"}],"wp:featuredmedia":[{"embeddable":true,"href":"https:\/\/www.franciscansusa.org\/es\/wp-json\/wp\/v2\/media\/13425"}],"wp:attachment":[{"href":"https:\/\/www.franciscansusa.org\/es\/wp-json\/wp\/v2\/media?parent=13419"}],"curies":[{"name":"gracias","href":"https:\/\/api.w.org\/{rel}","templated":true}]}}