{"id":13517,"date":"2022-05-23T10:00:59","date_gmt":"2022-05-23T14:00:59","guid":{"rendered":"https:\/\/www.franciscansusa.org\/?page_id=13517"},"modified":"2022-05-24T12:05:36","modified_gmt":"2022-05-24T16:05:36","slug":"2022-summer-newsletter-transitions","status":"publish","type":"page","link":"https:\/\/www.franciscansusa.org\/es\/2022-summer-newsletter-transitions\/","title":{"rendered":"2022 \u2013 Bolet\u00edn de Verano \u2013 Transiciones"},"content":{"rendered":"<div class=\"wpb-content-wrapper\"><section class=\"l-section wpb_row height_medium\"><div class=\"l-section-h i-cf\"><div class=\"g-cols vc_row type_default valign_top\"><div class=\"vc_col-sm-12 wpb_column vc_column_container\"><div class=\"vc_column-inner\"><div class=\"wpb_wrapper\"><div class=\"w-image align_center\"><div class=\"w-image-h\"><img loading=\"lazy\" decoding=\"async\" width=\"1730\" height=\"454\" src=\"https:\/\/www.franciscansusa.org\/wp-content\/uploads\/2022\/05\/Screen-Shot-2022-05-23-at-3.13.53-PM.png\" class=\"attachment-full size-full\" alt=\"\" srcset=\"https:\/\/www.franciscansusa.org\/wp-content\/uploads\/2022\/05\/Screen-Shot-2022-05-23-at-3.13.53-PM.png 1730w, https:\/\/www.franciscansusa.org\/wp-content\/uploads\/2022\/05\/Screen-Shot-2022-05-23-at-3.13.53-PM-300x79.png 300w, https:\/\/www.franciscansusa.org\/wp-content\/uploads\/2022\/05\/Screen-Shot-2022-05-23-at-3.13.53-PM-1024x269.png 1024w, https:\/\/www.franciscansusa.org\/wp-content\/uploads\/2022\/05\/Screen-Shot-2022-05-23-at-3.13.53-PM-18x5.png 18w, https:\/\/www.franciscansusa.org\/wp-content\/uploads\/2022\/05\/Screen-Shot-2022-05-23-at-3.13.53-PM-150x39.png 150w, https:\/\/www.franciscansusa.org\/wp-content\/uploads\/2022\/05\/Screen-Shot-2022-05-23-at-3.13.53-PM-600x157.png 600w\" sizes=\"auto, (max-width: 1730px) 100vw, 1730px\" \/><\/div><\/div><\/div><\/div><\/div><\/div><\/div><\/section><section class=\"l-section wpb_row height_medium\"><div class=\"l-section-h i-cf\"><div class=\"g-cols vc_row type_default valign_top\"><div class=\"vc_col-sm-12 wpb_column vc_column_container\"><div class=\"vc_column-inner\"><div class=\"wpb_wrapper\"><div class=\"wpb_text_column\" ><div class=\"wpb_wrapper\"><p><img loading=\"lazy\" decoding=\"async\" class=\"wp-image-9882 alignright\" src=\"https:\/\/www.franciscansusa.org\/wp-content\/uploads\/2020\/02\/Screenshot-2020-02-28-10.12.46.png\" alt=\"\" width=\"208\" height=\"208\" srcset=\"https:\/\/www.franciscansusa.org\/wp-content\/uploads\/2020\/02\/Screenshot-2020-02-28-10.12.46-11x12.png 11w, https:\/\/www.franciscansusa.org\/wp-content\/uploads\/2020\/02\/Screenshot-2020-02-28-10.12.46-25x25.png 25w, https:\/\/www.franciscansusa.org\/wp-content\/uploads\/2020\/02\/Screenshot-2020-02-28-10.12.46-150x150.png 150w, https:\/\/www.franciscansusa.org\/wp-content\/uploads\/2020\/02\/Screenshot-2020-02-28-10.12.46-600x600.png 600w\" sizes=\"auto, (max-width: 208px) 100vw, 208px\" \/><\/p>\n<p>Queridos amigos,<\/p>\n<p>\u00a1Saludos en el Se\u00f1or de los Frailes Franciscanos de la Provincia Nuestra Se\u00f1ora de la Consolaci\u00f3n!<\/p>\n<p>El Tiempo Pascual, un camino de cincuenta d\u00edas, refleja la experiencia profunda de la Resurrecci\u00f3n del Se\u00f1or, la promesa de nuestra resurrecci\u00f3n y la experiencia de Pentecost\u00e9s, envi\u00e1ndonos, disc\u00edpulos de Jes\u00fas, a ser testigos del Amor de Dios por la creaci\u00f3n de Dios.<\/p>\n<p>\u201cHe aqu\u00ed que hago nuevas todas las cosas\u201d. (Apocalipsis 21:5) Fray Wayne Hellmann comparte la experiencia humana de \u201ctransici\u00f3n\u201d, nacimiento del vientre a un nuevo mundo, ni\u00f1ez, adultez, etc. Los d\u00edas de Pascua que nos llevan a la experiencia de Pentecost\u00e9s son d\u00edas de gran \u201ctransici\u00f3n\u201d hacia nueva vida.<\/p>\n<p>La experiencia de Pentecost\u00e9s de ser enviados a predicar y vivir el Evangelio de Jes\u00fas nos llama a los frailes franciscanos a abrazar y acoger a todos, de todas las culturas. Fray Tim Unser comparte la adici\u00f3n de una nueva residencia a la casa de formaci\u00f3n (San Damiano Friary, San Antonio, Texas). La nueva residencia nos permite recibir frailes franciscanos de otros pa\u00edses y culturas para recibir la educaci\u00f3n necesaria para prepararse para el ministerio en su pa\u00eds de origen.<\/p>\n<p>Fray Michael Laskey presenta Brother Olive Tree como una met\u00e1fora de la imagen permanente de paz del olivo porque se necesitan a\u00f1os de cultivo para dar fruto. Los franciscanos todav\u00eda est\u00e1n escuchando el llamado de Jes\u00fas, envi\u00e1ndonos a hacer el arduo trabajo de predicar la paz en oraci\u00f3n en nuestro mundo de hoy. \u201cAlimentados por las ra\u00edces apost\u00f3licas del Hermano Olivo, nos esforzamos por cultivar nuevas formas de compartir el Evangelio de la Paz, con solo una rama de olivo para guiar nuestros pasos por el camino m\u00e1s dif\u00edcil de la paz y la amistad\u201d.<\/p>\n<p>Los hermanos seguiremos record\u00e1ndolos, nuestros queridos amigos y compa\u00f1eros, en nuestras oraciones y devociones diarias.<\/p>\n<p>\u00a1Que Dios los bendiga y los llene de la paz de nuestro Se\u00f1or!<br \/>\nSinceramente en Cristo, San Francisco y San Antonio,<\/p>\n<p><a ref=\"magnificPopup\" href=\"https:\/\/www.franciscansusa.org\/wp-content\/uploads\/2021\/07\/father-john-signature.png\"><img loading=\"lazy\" decoding=\"async\" class=\"alignnone wp-image-12054\" src=\"https:\/\/www.franciscansusa.org\/wp-content\/uploads\/2021\/07\/father-john-signature.png\" alt=\"\" width=\"166\" height=\"54\" srcset=\"https:\/\/www.franciscansusa.org\/wp-content\/uploads\/2021\/07\/father-john-signature.png 560w, https:\/\/www.franciscansusa.org\/wp-content\/uploads\/2021\/07\/father-john-signature-300x98.png 300w, https:\/\/www.franciscansusa.org\/wp-content\/uploads\/2021\/07\/father-john-signature-18x6.png 18w, https:\/\/www.franciscansusa.org\/wp-content\/uploads\/2021\/07\/father-john-signature-150x49.png 150w\" sizes=\"auto, (max-width: 166px) 100vw, 166px\" \/><\/a><\/p>\n<p>Padre John Elmer OFM Conv.<br \/>\nDirector Espiritual<\/p>\n<\/div><\/div><\/div><\/div><\/div><\/div><\/div><\/section><section class=\"l-section wpb_row height_medium\"><div class=\"l-section-h i-cf\"><div class=\"g-cols vc_row type_default valign_top\"><div class=\"vc_col-sm-12 wpb_column vc_column_container\"><div class=\"vc_column-inner\"><div class=\"wpb_wrapper\"><div class=\"w-grid type_grid layout_12064 cols_2 overflow_hidden\" id=\"us_grid_1\" data-filterable=\"true\"><style id=\"us_grid_1_css\">#us_grid_1 .w-grid-item{padding:1.5rem}#us_grid_1 .w-grid-list{margin:-1.5rem}.w-grid + #us_grid_1 .w-grid-list{margin-top:1.5rem}@media (max-width:599px){#us_grid_1 .w-grid-list{margin:0}#us_grid_1 .w-grid-item{width:100.0000%;padding:0;margin-bottom:1.5rem}}<\/style><style>.layout_12064 .w-grid-item-h{background:var(--color-content-bg);color:var(--color-content-text);border-radius:0.3rem;z-index:3;box-shadow:0 0.03rem 0.06rem rgba(0,0,0,0.1),0 0.10rem 0.30rem rgba(0,0,0,0.1);transition-duration:0.3s}.no-touch .layout_12064 .w-grid-item-h:hover{box-shadow:0 0.10rem 0.20rem rgba(0,0,0,0.1),0 0.33rem 1.00rem rgba(0,0,0,0.15);z-index:4}.layout_12064 .usg_post_title_1{font-size:1.4rem!important;font-weight:700!important}.layout_12064 .usg_vwrapper_1{padding:9% 11% 11% 11%!important}.layout_12064 .usg_hwrapper_1{color:var(--color-content-faded)!important;font-size:0.9rem!important}@media (max-width:599px){.layout_12064 .usg_post_title_1{font-size:1.2rem!important}}<\/style><div class=\"w-grid-list\" >\t<article class=\"w-grid-item size_1x1 post-13522 post type-post status-publish format-standard has-post-thumbnail hentry category-2022-summer-newsletter-transitions tag-friar-wayne-hellmann\" data-id=\"13522\">\r\n\t\t<div class=\"w-grid-item-h\">\r\n\t\t\t\t\t\t<div class=\"w-post-elm post_image usg_post_image_1 stretched\"><a href=\"https:\/\/www.franciscansusa.org\/es\/transitions\/\" aria-label=\"Transiciones\"><img loading=\"lazy\" decoding=\"async\" width=\"928\" height=\"412\" src=\"https:\/\/www.franciscansusa.org\/wp-content\/uploads\/2022\/05\/Screen-Shot-2022-05-23-at-3.14.10-PM.png\" class=\"attachment-large size-large wp-post-image\" alt=\"\" srcset=\"https:\/\/www.franciscansusa.org\/wp-content\/uploads\/2022\/05\/Screen-Shot-2022-05-23-at-3.14.10-PM.png 928w, https:\/\/www.franciscansusa.org\/wp-content\/uploads\/2022\/05\/Screen-Shot-2022-05-23-at-3.14.10-PM-300x133.png 300w, https:\/\/www.franciscansusa.org\/wp-content\/uploads\/2022\/05\/Screen-Shot-2022-05-23-at-3.14.10-PM-18x8.png 18w, https:\/\/www.franciscansusa.org\/wp-content\/uploads\/2022\/05\/Screen-Shot-2022-05-23-at-3.14.10-PM-150x67.png 150w, https:\/\/www.franciscansusa.org\/wp-content\/uploads\/2022\/05\/Screen-Shot-2022-05-23-at-3.14.10-PM-600x266.png 600w\" sizes=\"auto, (max-width: 928px) 100vw, 928px\" \/><\/a><\/div><div class=\"w-vwrapper usg_vwrapper_1 align_left valign_top\"><h2 class=\"w-post-elm post_title usg_post_title_1 entry-title color_link_inherit\"><a href=\"https:\/\/www.franciscansusa.org\/es\/transitions\/\">Transiciones<\/a><\/h2><div class=\"w-hwrapper usg_hwrapper_1 align_left valign_top wrap\"><\/div><div class=\"w-post-elm post_content usg_post_content_1\">\u201c\u00a1Ha resucitado!\u201d Nuestros Cincuenta D\u00edas de Pascua nos llevan al Don de Pentecost\u00e9s, el Don de la Plenitud del Esp\u00edritu. El Esp\u00edritu que resucit\u00f3 a Jes\u00fas nos llena de nueva vida de amistad agraciada con Dios. Aqu\u00ed y ahora comienza nuestra propia participaci\u00f3n en la gloria de Su Resurrecci\u00f3n...<\/div><a class=\"w-btn us-btn-style_3 usg_btn_1\" href=\"https:\/\/www.franciscansusa.org\/es\/transitions\/\"><span class=\"w-btn-label\">Leer m\u00e1s<\/span><\/a><\/div>\t\t<\/div>\r\n\t<\/article>\r\n\t<article class=\"w-grid-item size_1x1 post-13530 post type-post status-publish format-standard has-post-thumbnail hentry category-2022-summer-newsletter-transitions tag-friar-tim-unser\" data-id=\"13530\">\r\n\t\t<div class=\"w-grid-item-h\">\r\n\t\t\t\t\t\t<div class=\"w-post-elm post_image usg_post_image_1 stretched\"><a href=\"https:\/\/www.franciscansusa.org\/es\/let-us-build-a-house-where-love-can-dwell\/\" aria-label=\"Construyamos una casa donde el amor pueda morar\"><img loading=\"lazy\" decoding=\"async\" width=\"1024\" height=\"580\" src=\"https:\/\/www.franciscansusa.org\/wp-content\/uploads\/2022\/05\/san-damiano-expansion-1024x580.jpg\" class=\"attachment-large size-large wp-post-image\" alt=\"\" srcset=\"https:\/\/www.franciscansusa.org\/wp-content\/uploads\/2022\/05\/san-damiano-expansion-1024x580.jpg 1024w, https:\/\/www.franciscansusa.org\/wp-content\/uploads\/2022\/05\/san-damiano-expansion-300x170.jpg 300w, https:\/\/www.franciscansusa.org\/wp-content\/uploads\/2022\/05\/san-damiano-expansion-18x10.jpg 18w, https:\/\/www.franciscansusa.org\/wp-content\/uploads\/2022\/05\/san-damiano-expansion-150x85.jpg 150w, https:\/\/www.franciscansusa.org\/wp-content\/uploads\/2022\/05\/san-damiano-expansion-600x340.jpg 600w, https:\/\/www.franciscansusa.org\/wp-content\/uploads\/2022\/05\/san-damiano-expansion.jpg 1822w\" sizes=\"auto, (max-width: 1024px) 100vw, 1024px\" \/><\/a><\/div><div class=\"w-vwrapper usg_vwrapper_1 align_left valign_top\"><h2 class=\"w-post-elm post_title usg_post_title_1 entry-title color_link_inherit\"><a href=\"https:\/\/www.franciscansusa.org\/es\/let-us-build-a-house-where-love-can-dwell\/\">Construyamos una casa donde el amor pueda morar<\/a><\/h2><div class=\"w-hwrapper usg_hwrapper_1 align_left valign_top wrap\"><\/div><div class=\"w-post-elm post_content usg_post_content_1\">El nuevo Residence Hall proporcionar\u00e1 doce dormitorios con ba\u00f1o y ducha entre cada dormitorio; un lavadero en el segundo piso; y una gran sala de estar (735 pies cuadrados) donde los frailes pueden reunirse para la comunidad, los seminarios y el tiempo juntos para construir la fraternidad. Construyamos una casa donde el amor...<\/div><a class=\"w-btn us-btn-style_3 usg_btn_1\" href=\"https:\/\/www.franciscansusa.org\/es\/let-us-build-a-house-where-love-can-dwell\/\"><span class=\"w-btn-label\">Leer m\u00e1s<\/span><\/a><\/div>\t\t<\/div>\r\n\t<\/article>\r\n\t<article class=\"w-grid-item size_1x1 post-13541 post type-post status-publish format-standard has-post-thumbnail hentry category-2022-summer-newsletter-transitions tag-friar-bob-roddy\" data-id=\"13541\">\r\n\t\t<div class=\"w-grid-item-h\">\r\n\t\t\t\t\t\t<div class=\"w-post-elm post_image usg_post_image_1 stretched\"><a href=\"https:\/\/www.franciscansusa.org\/es\/transitioning-our-relationship-with-our-environment\/\" aria-label=\"Transici\u00f3n de nuestra relaci\u00f3n con nuestro entorno\"><img loading=\"lazy\" decoding=\"async\" width=\"1024\" height=\"347\" src=\"https:\/\/www.franciscansusa.org\/wp-content\/uploads\/2022\/05\/transition-relationship-1024x347.jpg\" class=\"attachment-large size-large wp-post-image\" alt=\"\" srcset=\"https:\/\/www.franciscansusa.org\/wp-content\/uploads\/2022\/05\/transition-relationship-1024x347.jpg 1024w, https:\/\/www.franciscansusa.org\/wp-content\/uploads\/2022\/05\/transition-relationship-300x102.jpg 300w, https:\/\/www.franciscansusa.org\/wp-content\/uploads\/2022\/05\/transition-relationship-18x6.jpg 18w, https:\/\/www.franciscansusa.org\/wp-content\/uploads\/2022\/05\/transition-relationship-150x51.jpg 150w, https:\/\/www.franciscansusa.org\/wp-content\/uploads\/2022\/05\/transition-relationship-600x203.jpg 600w\" sizes=\"auto, (max-width: 1024px) 100vw, 1024px\" \/><\/a><\/div><div class=\"w-vwrapper usg_vwrapper_1 align_left valign_top\"><h2 class=\"w-post-elm post_title usg_post_title_1 entry-title color_link_inherit\"><a href=\"https:\/\/www.franciscansusa.org\/es\/transitioning-our-relationship-with-our-environment\/\">Transici\u00f3n de nuestra relaci\u00f3n con nuestro entorno<\/a><\/h2><div class=\"w-hwrapper usg_hwrapper_1 align_left valign_top wrap\"><\/div><div class=\"w-post-elm post_content usg_post_content_1\">Con el lanzamiento de la Iniciativa Franciscana para el Cuidado de la Tierra en noviembre de 2018, los Frailes Franciscanos Conventuales de la Provincia de Nuestra Se\u00f1ora de la Consolaci\u00f3n se han comprometido a implementar el mensaje y los objetivos de la hist\u00f3rica enc\u00edclica del Papa Francisco, \u201cLaudato Si\u201d. Esta enc\u00edclica es una llamada de atenci\u00f3n mundial para ayudar a la humanidad a comprender la destrucci\u00f3n...<\/div><a class=\"w-btn us-btn-style_3 usg_btn_1\" href=\"https:\/\/www.franciscansusa.org\/es\/transitioning-our-relationship-with-our-environment\/\"><span class=\"w-btn-label\">Leer m\u00e1s<\/span><\/a><\/div>\t\t<\/div>\r\n\t<\/article>\r\n\t<article class=\"w-grid-item size_1x1 post-13544 post type-post status-publish format-standard has-post-thumbnail hentry category-2022-summer-newsletter-transitions\" data-id=\"13544\">\r\n\t\t<div class=\"w-grid-item-h\">\r\n\t\t\t\t\t\t<div class=\"w-post-elm post_image usg_post_image_1 stretched\"><a href=\"https:\/\/www.franciscansusa.org\/es\/brother-olive-tree\/\" aria-label=\"Hermano Olivo\"><img loading=\"lazy\" decoding=\"async\" width=\"1024\" height=\"675\" src=\"https:\/\/www.franciscansusa.org\/wp-content\/uploads\/2022\/05\/brother-olive-tree2-1024x675.jpg\" class=\"attachment-large size-large wp-post-image\" alt=\"\" srcset=\"https:\/\/www.franciscansusa.org\/wp-content\/uploads\/2022\/05\/brother-olive-tree2-1024x675.jpg 1024w, https:\/\/www.franciscansusa.org\/wp-content\/uploads\/2022\/05\/brother-olive-tree2-300x198.jpg 300w, https:\/\/www.franciscansusa.org\/wp-content\/uploads\/2022\/05\/brother-olive-tree2-18x12.jpg 18w, https:\/\/www.franciscansusa.org\/wp-content\/uploads\/2022\/05\/brother-olive-tree2-150x99.jpg 150w, https:\/\/www.franciscansusa.org\/wp-content\/uploads\/2022\/05\/brother-olive-tree2-600x395.jpg 600w, https:\/\/www.franciscansusa.org\/wp-content\/uploads\/2022\/05\/brother-olive-tree2.jpg 1114w\" sizes=\"auto, (max-width: 1024px) 100vw, 1024px\" \/><\/a><\/div><div class=\"w-vwrapper usg_vwrapper_1 align_left valign_top\"><h2 class=\"w-post-elm post_title usg_post_title_1 entry-title color_link_inherit\"><a href=\"https:\/\/www.franciscansusa.org\/es\/brother-olive-tree\/\">Hermano Olivo<\/a><\/h2><div class=\"w-hwrapper usg_hwrapper_1 align_left valign_top wrap\"><\/div><div class=\"w-post-elm post_content usg_post_content_1\">Una vista com\u00fan en Italia es el paraguas del gu\u00eda tur\u00edstico, que lleva a la gente a entrar y salir de iglesias, museos, tiendas de regalos y cualquier puerta que diga helado o espresso. El pr\u00f3ximo junio, ocho j\u00f3venes frailes se unir\u00e1n a m\u00ed para una peregrinaci\u00f3n en Italia, pero no habr\u00e1 paraguas para seguirlos...<\/div><a class=\"w-btn us-btn-style_3 usg_btn_1\" href=\"https:\/\/www.franciscansusa.org\/es\/brother-olive-tree\/\"><span class=\"w-btn-label\">Leer m\u00e1s<\/span><\/a><\/div>\t\t<\/div>\r\n\t<\/article>\r\n\t<article class=\"w-grid-item size_1x1 post-13546 post type-post status-publish format-standard has-post-thumbnail hentry category-2022-summer-newsletter-transitions\" data-id=\"13546\">\r\n\t\t<div class=\"w-grid-item-h\">\r\n\t\t\t\t\t\t<div class=\"w-post-elm post_image usg_post_image_1 stretched\"><a href=\"https:\/\/www.franciscansusa.org\/es\/federation-of-conventuals-in-latin-america\/\" aria-label=\"Federaci\u00f3n de Conventuales de Am\u00e9rica Latina\"><img loading=\"lazy\" decoding=\"async\" width=\"1024\" height=\"619\" src=\"https:\/\/www.franciscansusa.org\/wp-content\/uploads\/2022\/05\/latin-america-1024x619.jpg\" class=\"attachment-large size-large wp-post-image\" alt=\"\" srcset=\"https:\/\/www.franciscansusa.org\/wp-content\/uploads\/2022\/05\/latin-america-1024x619.jpg 1024w, https:\/\/www.franciscansusa.org\/wp-content\/uploads\/2022\/05\/latin-america-300x181.jpg 300w, https:\/\/www.franciscansusa.org\/wp-content\/uploads\/2022\/05\/latin-america-18x12.jpg 18w, https:\/\/www.franciscansusa.org\/wp-content\/uploads\/2022\/05\/latin-america-150x91.jpg 150w, https:\/\/www.franciscansusa.org\/wp-content\/uploads\/2022\/05\/latin-america-600x363.jpg 600w, https:\/\/www.franciscansusa.org\/wp-content\/uploads\/2022\/05\/latin-america.jpg 1152w\" sizes=\"auto, (max-width: 1024px) 100vw, 1024px\" \/><\/a><\/div><div class=\"w-vwrapper usg_vwrapper_1 align_left valign_top\"><h2 class=\"w-post-elm post_title usg_post_title_1 entry-title color_link_inherit\"><a href=\"https:\/\/www.franciscansusa.org\/es\/federation-of-conventuals-in-latin-america\/\">Federaci\u00f3n de Conventuales de Am\u00e9rica Latina<\/a><\/h2><div class=\"w-hwrapper usg_hwrapper_1 align_left valign_top wrap\"><\/div><div class=\"w-post-elm post_content usg_post_content_1\">La Federaci\u00f3n de Conventuales de Am\u00e9rica Latina (FALC) es la Federaci\u00f3n m\u00e1s grande de la Orden Franciscana Conventual, en t\u00e9rminos de n\u00famero de frailes y jurisdicciones representadas. (La Orden se divide en regiones o federaciones en todo el mundo). Con algunas excepciones, esta federaci\u00f3n sirve a los frailes en todos los pa\u00edses al sur de...<\/div><a class=\"w-btn us-btn-style_3 usg_btn_1\" href=\"https:\/\/www.franciscansusa.org\/es\/federation-of-conventuals-in-latin-america\/\"><span class=\"w-btn-label\">Leer m\u00e1s<\/span><\/a><\/div>\t\t<\/div>\r\n\t<\/article>\r\n\t<article class=\"w-grid-item size_1x1 post-13551 post type-post status-publish format-standard has-post-thumbnail hentry category-2022-summer-newsletter-transitions tag-friar-bob-roddy\" data-id=\"13551\">\r\n\t\t<div class=\"w-grid-item-h\">\r\n\t\t\t\t\t\t<div class=\"w-post-elm post_image usg_post_image_1 stretched\"><a href=\"https:\/\/www.franciscansusa.org\/es\/donor-story-vernetta-haywood\/\" aria-label=\"Historia de un donante \u2013 Vernetta Haywood\"><img loading=\"lazy\" decoding=\"async\" width=\"562\" height=\"752\" src=\"https:\/\/www.franciscansusa.org\/wp-content\/uploads\/2022\/05\/br-bob-supporter-1.jpg\" class=\"attachment-large size-large wp-post-image\" alt=\"\" srcset=\"https:\/\/www.franciscansusa.org\/wp-content\/uploads\/2022\/05\/br-bob-supporter-1.jpg 562w, https:\/\/www.franciscansusa.org\/wp-content\/uploads\/2022\/05\/br-bob-supporter-1-224x300.jpg 224w, https:\/\/www.franciscansusa.org\/wp-content\/uploads\/2022\/05\/br-bob-supporter-1-9x12.jpg 9w, https:\/\/www.franciscansusa.org\/wp-content\/uploads\/2022\/05\/br-bob-supporter-1-112x150.jpg 112w, https:\/\/www.franciscansusa.org\/wp-content\/uploads\/2022\/05\/br-bob-supporter-1-299x400.jpg 299w, https:\/\/www.franciscansusa.org\/wp-content\/uploads\/2022\/05\/br-bob-supporter-1-448x600.jpg 448w\" sizes=\"auto, (max-width: 562px) 100vw, 562px\" \/><\/a><\/div><div class=\"w-vwrapper usg_vwrapper_1 align_left valign_top\"><h2 class=\"w-post-elm post_title usg_post_title_1 entry-title color_link_inherit\"><a href=\"https:\/\/www.franciscansusa.org\/es\/donor-story-vernetta-haywood\/\">Historia de un donante \u2013 Vernetta Haywood<\/a><\/h2><div class=\"w-hwrapper usg_hwrapper_1 align_left valign_top wrap\"><\/div><div class=\"w-post-elm post_content usg_post_content_1\">Historia de un donante: Vernetta Haywood Cuando Joe Berghausen y yo nos detuvimos en la casa suburbana en las afueras de Nueva Orleans, nos convertimos inmediatamente en un objeto de inter\u00e9s. Llevaba mi h\u00e1bito franciscano, lo que atrajo algunas miradas estupefactas de la gente en la calle, incluidos los nietos de Vernetta Haywood, la donante que...<\/div><a class=\"w-btn us-btn-style_3 usg_btn_1\" href=\"https:\/\/www.franciscansusa.org\/es\/donor-story-vernetta-haywood\/\"><span class=\"w-btn-label\">Leer m\u00e1s<\/span><\/a><\/div>\t\t<\/div>\r\n\t<\/article>\r\n<\/div><div class=\"w-grid-preloader\"><div class=\"g-preloader type_1\">\r\n\t<div><\/div>\r\n<\/div>\r\n<\/div>\t<div class=\"w-grid-json hidden\" onclick='return {&quot;action&quot;:&quot;us_ajax_grid&quot;,&quot;ajax_url&quot;:&quot;https:\\\/\\\/www.franciscansusa.org\\\/wp-admin\\\/admin-ajax.php&quot;,&quot;infinite_scroll&quot;:0,&quot;max_num_pages&quot;:1,&quot;pagination&quot;:&quot;none&quot;,&quot;permalink_url&quot;:&quot;https:\\\/\\\/www.franciscansusa.org\\\/es\\\/wp-json\\\/wp\\\/v2\\\/pages\\\/13517&quot;,&quot;template_vars&quot;:{&quot;columns&quot;:&quot;2&quot;,&quot;exclude_items&quot;:&quot;none&quot;,&quot;img_size&quot;:&quot;default&quot;,&quot;ignore_items_size&quot;:false,&quot;items_layout&quot;:&quot;12064&quot;,&quot;items_offset&quot;:&quot;1&quot;,&quot;load_animation&quot;:&quot;none&quot;,&quot;overriding_link&quot;:&quot;none&quot;,&quot;post_id&quot;:13517,&quot;query_args&quot;:{&quot;post_type&quot;:[&quot;post&quot;],&quot;tax_query&quot;:[{&quot;taxonomy&quot;:&quot;category&quot;,&quot;field&quot;:&quot;slug&quot;,&quot;terms&quot;:[&quot;2022-summer-newsletter-transitions&quot;]}],&quot;post_status&quot;:[&quot;publish&quot;],&quot;posts_per_page&quot;:&quot;10&quot;},&quot;orderby_query_args&quot;:{&quot;orderby&quot;:{&quot;date&quot;:&quot;ASC&quot;}},&quot;type&quot;:&quot;grid&quot;,&quot;us_grid_ajax_index&quot;:1,&quot;us_grid_filter_params&quot;:null,&quot;us_grid_index&quot;:1,&quot;_us_grid_post_type&quot;:&quot;post&quot;}}'><\/div>\r\n\t<\/div><\/div><\/div><\/div><\/div><\/div><\/section>\n<\/div>","protected":false},"excerpt":{"rendered":"Historia del donante \u2013 Vernetta Haywood Cuando Joe Berghausen y yo llegamos a la casa suburbana en las afueras de Nueva Orleans, inmediatamente nos convertimos en objeto de inter\u00e9s. Llevaba mi h\u00e1bito franciscano, lo que atrajo algunas miradas estupefactas de la gente en la calle, incluidos los nietos de Vernetta Haywood, la donante a la que est\u00e1bamos visitando. Cuando...","protected":false},"author":1,"featured_media":0,"parent":0,"menu_order":0,"comment_status":"closed","ping_status":"closed","template":"","meta":{"om_disable_all_campaigns":false,"_monsterinsights_skip_tracking":false,"_monsterinsights_sitenote_active":false,"_monsterinsights_sitenote_note":"","_monsterinsights_sitenote_category":0,"_uf_show_specific_survey":0,"_uf_disable_surveys":false,"footnotes":""},"class_list":["post-13517","page","type-page","status-publish","hentry"],"aioseo_notices":[],"publishpress_future_action":{"enabled":false,"date":"2026-04-16 06:45:34","action":"change-status","newStatus":"draft","terms":[],"taxonomy":"","extraData":[]},"publishpress_future_workflow_manual_trigger":{"enabledWorkflows":[]},"_links":{"self":[{"href":"https:\/\/www.franciscansusa.org\/es\/wp-json\/wp\/v2\/pages\/13517","targetHints":{"allow":["GET"]}}],"collection":[{"href":"https:\/\/www.franciscansusa.org\/es\/wp-json\/wp\/v2\/pages"}],"about":[{"href":"https:\/\/www.franciscansusa.org\/es\/wp-json\/wp\/v2\/types\/page"}],"author":[{"embeddable":true,"href":"https:\/\/www.franciscansusa.org\/es\/wp-json\/wp\/v2\/users\/1"}],"replies":[{"embeddable":true,"href":"https:\/\/www.franciscansusa.org\/es\/wp-json\/wp\/v2\/comments?post=13517"}],"version-history":[{"count":4,"href":"https:\/\/www.franciscansusa.org\/es\/wp-json\/wp\/v2\/pages\/13517\/revisions"}],"predecessor-version":[{"id":13529,"href":"https:\/\/www.franciscansusa.org\/es\/wp-json\/wp\/v2\/pages\/13517\/revisions\/13529"}],"wp:attachment":[{"href":"https:\/\/www.franciscansusa.org\/es\/wp-json\/wp\/v2\/media?parent=13517"}],"curies":[{"name":"gracias","href":"https:\/\/api.w.org\/{rel}","templated":true}]}}