{"id":13707,"date":"2022-06-23T11:08:19","date_gmt":"2022-06-23T15:08:19","guid":{"rendered":"https:\/\/www.franciscansusa.org\/?page_id=13707"},"modified":"2022-12-09T13:50:33","modified_gmt":"2022-12-09T18:50:33","slug":"painting-classes","status":"publish","type":"page","link":"https:\/\/www.franciscansusa.org\/es\/painting-classes\/","title":{"rendered":"Clases de pintura"},"content":{"rendered":"<div class=\"wpb-content-wrapper\"><section class=\"l-section wpb_row height_huge with_img with_overlay\"><div class=\"l-section-img\" style=\"background-image: url(https:\/\/www.franciscansusa.org\/wp-content\/uploads\/2022\/06\/father-vince-background.jpg);\" data-img-width=\"1920\" data-img-height=\"1080\"><\/div><div class=\"l-section-overlay\" style=\"background: rgba(0,0,0,0.6)\"><\/div><div class=\"l-section-h i-cf\"><div class=\"g-cols vc_row type_default valign_top\"><div class=\"vc_col-sm-12 wpb_column vc_column_container\"><div class=\"vc_column-inner\"><div class=\"wpb_wrapper\"><div class=\"wpb_text_column\" ><div class=\"wpb_wrapper\"><h2><span style=\"color: #ffffff;\"><strong>Clases de pintura<\/strong><\/span><\/h2>\n<\/div><\/div><\/div><\/div><\/div><\/div><\/div><\/section><section class=\"l-section wpb_row height_medium\"><div class=\"l-section-h i-cf\"><div class=\"g-cols vc_row type_default valign_top\"><div class=\"vc_col-sm-8 wpb_column vc_column_container\"><div class=\"vc_column-inner\"><div class=\"wpb_wrapper\"><div class=\"wpb_text_column\" ><div class=\"wpb_wrapper\"><h4>Clases de pintura en Mount Saint Francis<br \/>\nEstudio Pump House\/Santuario Mount Saint Francis<\/h4>\n<\/div><\/div><div class=\"w-separator size_small\"><\/div><div class=\"wpb_text_column\" ><div class=\"wpb_wrapper\"><p>La Iniciativa de las Artes Franciscanas se complace en ofrecer clases de pintura en Mount Saint Francis. Fray Vince Petersen imparte una variedad de clases que se centran en los 400 acres en los que se encuentra nuestro Pump House Studio, y en una amplia variedad de importantes artistas y t\u00e9cnicas. Hay lugar para todos los niveles de habilidad, desde principiante hasta avanzado. El tama\u00f1o de las clases es limitado para que cada estudiante pueda recibir una amplia instrucci\u00f3n: \u00a1reg\u00edstrese para guardar su lugar hoy!<\/p>\n<\/div><\/div><\/div><\/div><\/div><div class=\"vc_col-sm-4 wpb_column vc_column_container\"><div class=\"vc_column-inner\"><div class=\"wpb_wrapper\"><div class=\"wpb_text_column\" ><div class=\"wpb_wrapper\"><h4>Clases de pintura<\/h4>\n<\/div><\/div><div class=\"w-separator size_small\"><\/div><div class=\"w-grid type_grid layout_13842\" id=\"us_grid_1\" data-filterable=\"true\"><style id=\"us_grid_1_css\">#us_grid_1 .w-grid-item:not(:last-child){margin-bottom:1.5rem}#us_grid_1 .g-loadmore{margin-top:1.5rem}<\/style><style>.layout_13842 .w-grid-item-h{}.layout_13842 .usg_post_title_1{font-size:1.2rem!important;margin-bottom:0.3rem!important}.layout_13842 .usg_post_custom_field_1{font-weight:700!important}.layout_13842 .usg_post_custom_field_2{font-weight:700!important}.layout_13842 .usg_post_custom_field_3{font-weight:700!important}.layout_13842 .usg_post_image_2{width:30%!important;margin-right:5%!important}.layout_13842 .usg_post_custom_field_4{font-weight:700!important}<\/style><div class=\"w-grid-list\" >\t<article class=\"w-grid-item size_1x1 post-23141 event type-event status-publish has-post-thumbnail hentry event_category-franciscan-arts-initiative event_category-painting-classes\" data-id=\"23141\">\r\n\t\t<div class=\"w-grid-item-h\">\r\n\t\t\t\t\t\t<div class=\"w-hwrapper usg_hwrapper_1 align_left valign_top\"><div class=\"w-post-elm post_image usg_post_image_2 has_width has_ratio\"><div style=\"padding-bottom:100.0000%\"><\/div><a href=\"https:\/\/www.franciscansusa.org\/es\/event\/cache-cache-morisot-may-15\/\" aria-label=\"Pintando con el Padre: Cache-cache, Berthe Morisot, 15 de mayo de 2026\"><img loading=\"lazy\" decoding=\"async\" width=\"150\" height=\"150\" src=\"https:\/\/www.franciscansusa.org\/wp-content\/uploads\/2025\/10\/Cache-cache-Morisot-Berthe-1873-150x150.jpg\" class=\"attachment-thumbnail size-thumbnail wp-post-image\" alt=\"\" srcset=\"https:\/\/www.franciscansusa.org\/wp-content\/uploads\/2025\/10\/Cache-cache-Morisot-Berthe-1873-150x150.jpg 150w, https:\/\/www.franciscansusa.org\/wp-content\/uploads\/2025\/10\/Cache-cache-Morisot-Berthe-1873-600x600.jpg 600w, https:\/\/www.franciscansusa.org\/wp-content\/uploads\/2025\/10\/Cache-cache-Morisot-Berthe-1873-25x25.jpg 25w\" sizes=\"auto, (max-width: 150px) 100vw, 150px\" \/><\/a><\/div><div class=\"w-vwrapper usg_vwrapper_1 align_left valign_top\"><h2 class=\"w-post-elm post_title usg_post_title_1 entry-title color_link_inherit\"><a href=\"https:\/\/www.franciscansusa.org\/es\/event\/cache-cache-morisot-may-15\/\">Pintando con el Padre: Cache-cache, Berthe Morisot, 15 de mayo de 2026<\/a><\/h2><div class=\"w-vwrapper usg_vwrapper_2 align_left valign_top\"><div class=\"w-hwrapper usg_hwrapper_2 align_left valign_top\"><div class=\"w-post-elm post_custom_field usg_post_custom_field_1 type_text\">05\/15\/2026<\/div><\/div><div class=\"w-hwrapper usg_hwrapper_3 align_left valign_top\"><div class=\"w-post-elm post_custom_field usg_post_custom_field_2 type_text\">18:00<\/div><div class=\"w-post-elm post_custom_field usg_post_custom_field_4 type_text\"><span class=\"w-post-elm-before\">- <\/span>21:00<\/div><\/div><\/div><\/div><\/div>\t\t<\/div>\r\n\t<\/article>\r\n\t<article class=\"w-grid-item size_1x1 post-23152 event type-event status-publish has-post-thumbnail hentry event_category-franciscan-arts-initiative event_category-painting-classes\" data-id=\"23152\">\r\n\t\t<div class=\"w-grid-item-h\">\r\n\t\t\t\t\t\t<div class=\"w-hwrapper usg_hwrapper_1 align_left valign_top\"><div class=\"w-post-elm post_image usg_post_image_2 has_width has_ratio\"><div style=\"padding-bottom:100.0000%\"><\/div><a href=\"https:\/\/www.franciscansusa.org\/es\/event\/still-glides-the-stream-streeton-june-19\/\" aria-label=\"Pintando con el Padre: El arroyo a\u00fan se desliza, Arthur Streeton, 19 de junio de 2026\"><img loading=\"lazy\" decoding=\"async\" width=\"150\" height=\"150\" src=\"https:\/\/www.franciscansusa.org\/wp-content\/uploads\/2025\/10\/859S-150x150.jpg\" class=\"attachment-thumbnail size-thumbnail wp-post-image\" alt=\"\" srcset=\"https:\/\/www.franciscansusa.org\/wp-content\/uploads\/2025\/10\/859S-150x150.jpg 150w, https:\/\/www.franciscansusa.org\/wp-content\/uploads\/2025\/10\/859S-600x600.jpg 600w, https:\/\/www.franciscansusa.org\/wp-content\/uploads\/2025\/10\/859S-25x25.jpg 25w\" sizes=\"auto, (max-width: 150px) 100vw, 150px\" \/><\/a><\/div><div class=\"w-vwrapper usg_vwrapper_1 align_left valign_top\"><h2 class=\"w-post-elm post_title usg_post_title_1 entry-title color_link_inherit\"><a href=\"https:\/\/www.franciscansusa.org\/es\/event\/still-glides-the-stream-streeton-june-19\/\">Pintando con el Padre: El arroyo a\u00fan se desliza, Arthur Streeton, 19 de junio de 2026<\/a><\/h2><div class=\"w-vwrapper usg_vwrapper_2 align_left valign_top\"><div class=\"w-hwrapper usg_hwrapper_2 align_left valign_top\"><div class=\"w-post-elm post_custom_field usg_post_custom_field_1 type_text\">06\/19\/2026<\/div><\/div><div class=\"w-hwrapper usg_hwrapper_3 align_left valign_top\"><div class=\"w-post-elm post_custom_field usg_post_custom_field_2 type_text\">18:00<\/div><div class=\"w-post-elm post_custom_field usg_post_custom_field_4 type_text\"><span class=\"w-post-elm-before\">- <\/span>21:00<\/div><\/div><\/div><\/div><\/div>\t\t<\/div>\r\n\t<\/article>\r\n<\/div><div class=\"w-grid-preloader\"><div class=\"g-preloader type_1\">\r\n\t<div><\/div>\r\n<\/div>\r\n<\/div>\t<div class=\"w-grid-json hidden\" onclick='return {&quot;action&quot;:&quot;us_ajax_grid&quot;,&quot;ajax_url&quot;:&quot;https:\\\/\\\/www.franciscansusa.org\\\/wp-admin\\\/admin-ajax.php&quot;,&quot;infinite_scroll&quot;:0,&quot;max_num_pages&quot;:1,&quot;pagination&quot;:&quot;ajax&quot;,&quot;permalink_url&quot;:&quot;https:\\\/\\\/www.franciscansusa.org\\\/es\\\/wp-json\\\/wp\\\/v2\\\/pages\\\/13707&quot;,&quot;template_vars&quot;:{&quot;columns&quot;:&quot;1&quot;,&quot;exclude_items&quot;:&quot;none&quot;,&quot;img_size&quot;:&quot;default&quot;,&quot;ignore_items_size&quot;:false,&quot;items_layout&quot;:&quot;13842&quot;,&quot;items_offset&quot;:&quot;1&quot;,&quot;load_animation&quot;:&quot;none&quot;,&quot;overriding_link&quot;:&quot;none&quot;,&quot;post_id&quot;:13707,&quot;query_args&quot;:{&quot;post_type&quot;:[&quot;event&quot;],&quot;tax_query&quot;:[{&quot;taxonomy&quot;:&quot;event_category&quot;,&quot;field&quot;:&quot;slug&quot;,&quot;terms&quot;:[&quot;painting-classes&quot;]}],&quot;post_status&quot;:[&quot;publish&quot;],&quot;posts_per_page&quot;:&quot;10&quot;},&quot;orderby_query_args&quot;:{&quot;meta_query&quot;:{&quot;_orderby_custom_&quot;:{&quot;relation&quot;:&quot;OR&quot;,&quot;0&quot;:{&quot;compare&quot;:&quot;EXISTS&quot;,&quot;key&quot;:&quot;event_start_date&quot;,&quot;type&quot;:&quot;CHAR&quot;},&quot;1&quot;:{&quot;compare&quot;:&quot;NOT EXISTS&quot;,&quot;key&quot;:&quot;event_start_date&quot;,&quot;type&quot;:&quot;CHAR&quot;}}},&quot;orderby&quot;:&quot;event_start_date&quot;,&quot;order&quot;:&quot;ASC&quot;},&quot;type&quot;:&quot;grid&quot;,&quot;us_grid_ajax_index&quot;:1,&quot;us_grid_filter_params&quot;:null,&quot;us_grid_index&quot;:1,&quot;_us_grid_post_type&quot;:&quot;event&quot;}}'><\/div>\r\n\t<\/div><\/div><\/div><\/div><\/div><\/div><\/section><div class=\"vc_col-sm-12 wpb_column vc_column_container\"><div class=\"vc_column-inner\"><div class=\"wpb_wrapper\"><\/div><\/div><\/div><section class=\"l-section wpb_row height_medium\"><div class=\"l-section-h i-cf\"><div class=\"g-cols vc_row type_default valign_top\"><div class=\"vc_col-sm-12 wpb_column vc_column_container\"><div class=\"vc_column-inner\"><div class=\"wpb_wrapper\"><div class=\"wpb_text_column\" ><div class=\"wpb_wrapper\"><h4>Conozca a nuestro instructor<\/h4>\n<\/div><\/div><div class=\"w-separator size_medium\"><\/div><\/div><\/div><\/div><div class=\"vc_col-sm-4 wpb_column vc_column_container\"><div class=\"vc_column-inner\"><div class=\"wpb_wrapper\"><div class=\"w-person layout_circle\" itemscope itemtype=\"https:\/\/schema.org\/Person\"><div class=\"w-person-image\"><img loading=\"lazy\" decoding=\"async\" width=\"2160\" height=\"2160\" src=\"https:\/\/www.franciscansusa.org\/wp-content\/uploads\/2022\/06\/20200824_182224-rotated.jpg\" class=\"attachment-full size-full\" alt=\"\" srcset=\"https:\/\/www.franciscansusa.org\/wp-content\/uploads\/2022\/06\/20200824_182224-rotated.jpg 2160w, https:\/\/www.franciscansusa.org\/wp-content\/uploads\/2022\/06\/20200824_182224-150x150.jpg 150w, https:\/\/www.franciscansusa.org\/wp-content\/uploads\/2022\/06\/20200824_182224-300x300.jpg 300w, https:\/\/www.franciscansusa.org\/wp-content\/uploads\/2022\/06\/20200824_182224-1024x1024.jpg 1024w, https:\/\/www.franciscansusa.org\/wp-content\/uploads\/2022\/06\/20200824_182224-12x12.jpg 12w, https:\/\/www.franciscansusa.org\/wp-content\/uploads\/2022\/06\/20200824_182224-600x600.jpg 600w, https:\/\/www.franciscansusa.org\/wp-content\/uploads\/2022\/06\/20200824_182224-400x400.jpg 400w, https:\/\/www.franciscansusa.org\/wp-content\/uploads\/2022\/06\/20200824_182224-25x25.jpg 25w\" sizes=\"auto, (max-width: 2160px) 100vw, 2160px\" \/><\/div><div class=\"w-person-content\"><h4 class=\"w-person-name\" itemprop=\"name\"><span>Padre Vince Petersen, OFM Conv.<\/span><\/h4><div class=\"w-person-role\" itemprop=\"jobTitle\">Instructor de pintura<\/div><\/div><\/div><\/div><\/div><\/div><div class=\"vc_col-sm-8 wpb_column vc_column_container\"><div class=\"vc_column-inner\"><div class=\"wpb_wrapper\"><div class=\"wpb_text_column\" ><div class=\"wpb_wrapper\"><h4>Fray Vince Petersen<\/h4>\n<p>Fray Vincent Petersen es un artista ambiental que trabaja principalmente en el medio acr\u00edlico. Desde ni\u00f1o, la belleza de la Tierra lo mantuvo cautivo. Al crecer en la zona rural de Minnesota, atribuye a las formas, las estaciones, las dimensiones y los estados de \u00e1nimo de la creaci\u00f3n el color de su comprensi\u00f3n de Dios y la espiritualidad.<\/p>\n<p>El trabajo de Fray Vincent se ha visto muy influenciado por los paisajes del suroeste, donde estuvo involucrado en el ministerio de 1997 a 2015. Durante una exposici\u00f3n de 2006 en beneficio de un esfuerzo local para preservar los espacios abiertos y el h\u00e1bitat vulnerable en el \u00e1rea, su arte se not\u00f3 por primera vez.<\/p>\n<p>Fray Vincent tiene una licenciatura en Artes de Estudio de la Universidad de St. Louis y una Maestr\u00eda en Divinidad de la Uni\u00f3n Teol\u00f3gica de Washington. Su activismo ha sido extenso, incluyendo la oposici\u00f3n a la guerra y el militarismo, los Equipos Cristianos de Acci\u00f3n por la Paz, Pax Christi, la justicia racial y la protecci\u00f3n del medio ambiente.<\/p>\n<\/div><\/div><\/div><\/div><\/div><\/div><\/div><\/section>\n<\/div>","protected":false},"excerpt":{"rendered":"Painting with the Padre The Illuminated Heart: Impressions of Color and LightMonthly Paint-and-Sip Series \u2502 Hosted by Fr. Vince Petersen Still Glides the Stream&#8211; Arthur Streeton June 19, 2026\u00a0 |\u00a0 6:00-9:00 pm Step into the luminous world of color, light, and spirit in this monthly Painting with the Padre\u00a0series, led by Fr. Vince Petersen. Each...","protected":false},"author":1,"featured_media":13710,"parent":0,"menu_order":0,"comment_status":"closed","ping_status":"closed","template":"","meta":{"om_disable_all_campaigns":false,"_monsterinsights_skip_tracking":false,"_monsterinsights_sitenote_active":false,"_monsterinsights_sitenote_note":"","_monsterinsights_sitenote_category":0,"_uf_show_specific_survey":0,"_uf_disable_surveys":false,"footnotes":""},"class_list":["post-13707","page","type-page","status-publish","has-post-thumbnail","hentry"],"aioseo_notices":[],"publishpress_future_action":{"enabled":false,"date":"2026-05-12 22:10:29","action":"change-status","newStatus":"draft","terms":[],"taxonomy":"","extraData":[]},"publishpress_future_workflow_manual_trigger":{"enabledWorkflows":[]},"_links":{"self":[{"href":"https:\/\/www.franciscansusa.org\/es\/wp-json\/wp\/v2\/pages\/13707","targetHints":{"allow":["GET"]}}],"collection":[{"href":"https:\/\/www.franciscansusa.org\/es\/wp-json\/wp\/v2\/pages"}],"about":[{"href":"https:\/\/www.franciscansusa.org\/es\/wp-json\/wp\/v2\/types\/page"}],"author":[{"embeddable":true,"href":"https:\/\/www.franciscansusa.org\/es\/wp-json\/wp\/v2\/users\/1"}],"replies":[{"embeddable":true,"href":"https:\/\/www.franciscansusa.org\/es\/wp-json\/wp\/v2\/comments?post=13707"}],"version-history":[{"count":12,"href":"https:\/\/www.franciscansusa.org\/es\/wp-json\/wp\/v2\/pages\/13707\/revisions"}],"predecessor-version":[{"id":14879,"href":"https:\/\/www.franciscansusa.org\/es\/wp-json\/wp\/v2\/pages\/13707\/revisions\/14879"}],"wp:featuredmedia":[{"embeddable":true,"href":"https:\/\/www.franciscansusa.org\/es\/wp-json\/wp\/v2\/media\/13710"}],"wp:attachment":[{"href":"https:\/\/www.franciscansusa.org\/es\/wp-json\/wp\/v2\/media?parent=13707"}],"curies":[{"name":"gracias","href":"https:\/\/api.w.org\/{rel}","templated":true}]}}