{"id":14602,"date":"2022-10-24T10:26:39","date_gmt":"2022-10-24T14:26:39","guid":{"rendered":"https:\/\/www.franciscansusa.org\/?page_id=14602"},"modified":"2024-10-03T09:03:43","modified_gmt":"2024-10-03T13:03:43","slug":"2022-winter-newsletter-listening-an-act-of-love","status":"publish","type":"page","link":"https:\/\/www.franciscansusa.org\/es\/2022-winter-newsletter-listening-an-act-of-love\/","title":{"rendered":"Bolet\u00edn de invierno 2022 \u2013 Escuchar: un acto de amor"},"content":{"rendered":"<div class=\"wpb-content-wrapper\"><section class=\"l-section wpb_row height_medium\"><div class=\"l-section-h i-cf\"><div class=\"g-cols vc_row type_default valign_top\"><div class=\"vc_col-sm-12 wpb_column vc_column_container\"><div class=\"vc_column-inner\"><div class=\"wpb_wrapper\"><div class=\"w-image align_center\"><div class=\"w-image-h\"><img loading=\"lazy\" decoding=\"async\" width=\"1200\" height=\"310\" src=\"https:\/\/www.franciscansusa.org\/wp-content\/uploads\/2022\/10\/Winter-2022-St-Anthony-Newsletter-header.jpg\" class=\"attachment-full size-full\" alt=\"\" srcset=\"https:\/\/www.franciscansusa.org\/wp-content\/uploads\/2022\/10\/Winter-2022-St-Anthony-Newsletter-header.jpg 1200w, https:\/\/www.franciscansusa.org\/wp-content\/uploads\/2022\/10\/Winter-2022-St-Anthony-Newsletter-header-300x78.jpg 300w, https:\/\/www.franciscansusa.org\/wp-content\/uploads\/2022\/10\/Winter-2022-St-Anthony-Newsletter-header-1024x265.jpg 1024w, https:\/\/www.franciscansusa.org\/wp-content\/uploads\/2022\/10\/Winter-2022-St-Anthony-Newsletter-header-18x5.jpg 18w, https:\/\/www.franciscansusa.org\/wp-content\/uploads\/2022\/10\/Winter-2022-St-Anthony-Newsletter-header-150x39.jpg 150w, https:\/\/www.franciscansusa.org\/wp-content\/uploads\/2022\/10\/Winter-2022-St-Anthony-Newsletter-header-600x155.jpg 600w\" sizes=\"auto, (max-width: 1200px) 100vw, 1200px\" \/><\/div><\/div><\/div><\/div><\/div><\/div><\/div><\/section><section class=\"l-section wpb_row height_medium\"><div class=\"l-section-h i-cf\"><div class=\"g-cols vc_row type_default valign_top\"><div class=\"vc_col-sm-12 wpb_column vc_column_container\"><div class=\"vc_column-inner\"><div class=\"wpb_wrapper\"><div class=\"wpb_text_column\" ><div class=\"wpb_wrapper\"><p><img loading=\"lazy\" decoding=\"async\" class=\"wp-image-9882 alignright\" src=\"https:\/\/www.franciscansusa.org\/wp-content\/uploads\/2020\/02\/Screenshot-2020-02-28-10.12.46.png\" alt=\"\" width=\"208\" height=\"208\" srcset=\"https:\/\/www.franciscansusa.org\/wp-content\/uploads\/2020\/02\/Screenshot-2020-02-28-10.12.46-11x12.png 11w, https:\/\/www.franciscansusa.org\/wp-content\/uploads\/2020\/02\/Screenshot-2020-02-28-10.12.46-25x25.png 25w, https:\/\/www.franciscansusa.org\/wp-content\/uploads\/2020\/02\/Screenshot-2020-02-28-10.12.46-150x150.png 150w, https:\/\/www.franciscansusa.org\/wp-content\/uploads\/2020\/02\/Screenshot-2020-02-28-10.12.46-600x600.png 600w\" sizes=\"auto, (max-width: 208px) 100vw, 208px\" \/><\/p>\n<p>Queridos amigos,<\/p>\n<p>\u00a1Saludos en nombre del Se\u00f1or de parte de los Frailes Franciscanos de la Provincia de Nuestra Se\u00f1ora de la Consolaci\u00f3n!<\/p>\n<p>El Papa Francisco llama a los miembros de la Iglesia Cat\u00f3lica Romana a prepararse para el S\u00ednodo sobre la Sinodalidad de 2023. \u00bfCu\u00e1l es el significado de \u201csinodalidad\u201d? Fray Bob Roddy en su art\u00edculo reflexiona sobre el significado de \u201cescuchar\u201d que el Papa Francisco est\u00e1 enfatizando en el proceso de \u201cSinodalidad\u201d. Fray Thomas Fetz comparte la importancia de escuchar tanto a los pobres como a la tierra. &quot;Van de la mano unos con otros&quot;.<\/p>\n<p>La sinodalidad es un proceso de escucha y de \u201ccaminar juntos\u201d. Fray Mario Serrano escribe sobre el camino a seguir en esta \u00e9poca de disminuci\u00f3n de la pr\u00e1ctica religiosa. \u00bfQui\u00e9nes son los \u201cnones\u201d y los \u201cdones\u201d entre nosotros y c\u00f3mo los acompa\u00f1aremos? Fray Mario nos invita a orar por los \u201cnones\u201d y los \u201cdones\u201d y \u201ctodos los que hacen lugar al Esp\u00edritu de la Esperanza\u201d.<\/p>\n<p>Uno de los art\u00edculos de este bolet\u00edn es la reflexi\u00f3n de Angie Donahoe sobre caminar \u201cde la mano\u201d como participante en la \u201cmisi\u00f3n del amor de Dios\u201d. Estar presente y escuchar es signo de amor, del amor de Dios. Fray Alberto Bravo escribe sobre el testimonio de tres m\u00e1rtires franciscanos conventuales que caminaron \u201cde la mano\u201d entre el Pueblo de Dios de Per\u00fa y Argentina.<\/p>\n<p>Los hermanos seguiremos record\u00e1ndolos, nuestros queridos amigos y compa\u00f1eros, en nuestras oraciones y devociones diarias.<\/p>\n<p>\u00a1Que Dios los bendiga y los llene de la paz de nuestro Se\u00f1or!<\/p>\n<p>Sinceramente en Cristo, San Francisco y San Antonio,<\/p>\n<p><a ref=\"magnificPopup\" href=\"https:\/\/www.franciscansusa.org\/wp-content\/uploads\/2021\/07\/father-john-signature.png\"><img loading=\"lazy\" decoding=\"async\" class=\"alignnone wp-image-12054\" src=\"https:\/\/www.franciscansusa.org\/wp-content\/uploads\/2021\/07\/father-john-signature.png\" alt=\"\" width=\"166\" height=\"54\" srcset=\"https:\/\/www.franciscansusa.org\/wp-content\/uploads\/2021\/07\/father-john-signature.png 560w, https:\/\/www.franciscansusa.org\/wp-content\/uploads\/2021\/07\/father-john-signature-300x98.png 300w, https:\/\/www.franciscansusa.org\/wp-content\/uploads\/2021\/07\/father-john-signature-18x6.png 18w, https:\/\/www.franciscansusa.org\/wp-content\/uploads\/2021\/07\/father-john-signature-150x49.png 150w\" sizes=\"auto, (max-width: 166px) 100vw, 166px\" \/><\/a><\/p>\n<p>Padre John Elmer OFM Conv.<br \/>\nDirector Espiritual<\/p>\n<\/div><\/div><\/div><\/div><\/div><\/div><\/div><\/section><section class=\"l-section wpb_row height_medium\"><div class=\"l-section-h i-cf\"><div class=\"g-cols vc_row type_default valign_top\"><div class=\"vc_col-sm-12 wpb_column vc_column_container\"><div class=\"vc_column-inner\"><div class=\"wpb_wrapper\"><div class=\"w-grid type_grid layout_12064 cols_2 overflow_hidden\" id=\"us_grid_1\" data-filterable=\"true\"><style id=\"us_grid_1_css\">#us_grid_1 .w-grid-item{padding:1.5rem}#us_grid_1 .w-grid-list{margin:-1.5rem}.w-grid + #us_grid_1 .w-grid-list{margin-top:1.5rem}@media (max-width:599px){#us_grid_1 .w-grid-list{margin:0}#us_grid_1 .w-grid-item{width:100.0000%;padding:0;margin-bottom:1.5rem}}<\/style><style>.layout_12064 .w-grid-item-h{background:var(--color-content-bg);color:var(--color-content-text);border-radius:0.3rem;z-index:3;box-shadow:0 0.03rem 0.06rem rgba(0,0,0,0.1),0 0.10rem 0.30rem rgba(0,0,0,0.1);transition-duration:0.3s}.no-touch .layout_12064 .w-grid-item-h:hover{box-shadow:0 0.10rem 0.20rem rgba(0,0,0,0.1),0 0.33rem 1.00rem rgba(0,0,0,0.15);z-index:4}.layout_12064 .usg_post_title_1{font-size:1.4rem!important;font-weight:700!important}.layout_12064 .usg_vwrapper_1{padding:9% 11% 11% 11%!important}.layout_12064 .usg_hwrapper_1{color:var(--color-content-faded)!important;font-size:0.9rem!important}@media (max-width:599px){.layout_12064 .usg_post_title_1{font-size:1.2rem!important}}<\/style><div class=\"w-grid-list\" >\t<article class=\"w-grid-item size_1x1 post-14612 post type-post status-publish format-standard has-post-thumbnail hentry category-2022-winter-newsletter-listening-an-act-of-love\" data-id=\"14612\">\r\n\t\t<div class=\"w-grid-item-h\">\r\n\t\t\t\t\t\t<div class=\"w-post-elm post_image usg_post_image_1 stretched\"><a href=\"https:\/\/www.franciscansusa.org\/es\/listening-an-act-of-love\/\" aria-label=\"Escuchar: un acto de amor\"><img loading=\"lazy\" decoding=\"async\" width=\"1024\" height=\"330\" src=\"https:\/\/www.franciscansusa.org\/wp-content\/uploads\/2022\/10\/listening-an-act-of-love-1024x330.jpg\" class=\"attachment-large size-large wp-post-image\" alt=\"\" srcset=\"https:\/\/www.franciscansusa.org\/wp-content\/uploads\/2022\/10\/listening-an-act-of-love-1024x330.jpg 1024w, https:\/\/www.franciscansusa.org\/wp-content\/uploads\/2022\/10\/listening-an-act-of-love-300x97.jpg 300w, https:\/\/www.franciscansusa.org\/wp-content\/uploads\/2022\/10\/listening-an-act-of-love-18x6.jpg 18w, https:\/\/www.franciscansusa.org\/wp-content\/uploads\/2022\/10\/listening-an-act-of-love-150x48.jpg 150w, https:\/\/www.franciscansusa.org\/wp-content\/uploads\/2022\/10\/listening-an-act-of-love-600x194.jpg 600w, https:\/\/www.franciscansusa.org\/wp-content\/uploads\/2022\/10\/listening-an-act-of-love.jpg 1200w\" sizes=\"auto, (max-width: 1024px) 100vw, 1024px\" \/><\/a><\/div><div class=\"w-vwrapper usg_vwrapper_1 align_left valign_top\"><h2 class=\"w-post-elm post_title usg_post_title_1 entry-title color_link_inherit\"><a href=\"https:\/\/www.franciscansusa.org\/es\/listening-an-act-of-love\/\">Escuchar: un acto de amor<\/a><\/h2><div class=\"w-hwrapper usg_hwrapper_1 align_left valign_top wrap\"><\/div><div class=\"w-post-elm post_content usg_post_content_1\">Durante mi a\u00f1o de noviciado, 1980-81, descubr\u00ed que la palabra \u00abobediencia\u00bb proviene del lat\u00edn \u00abobediere\u00bb, que significa \u00abescuchar\u00bb o \u00abprestar atenci\u00f3n\u00bb. Como la mayor\u00eda de la gente, entend\u00eda que el voto de obediencia significaba \u00abhacer lo que se te dice\u00bb. \u00a1Qu\u00e9 revelaci\u00f3n! Mis directores de formaci\u00f3n inicial hicieron su...<\/div><a class=\"w-btn us-btn-style_3 usg_btn_1\" href=\"https:\/\/www.franciscansusa.org\/es\/listening-an-act-of-love\/\"><span class=\"w-btn-label\">Leer m\u00e1s<\/span><\/a><\/div>\t\t<\/div>\r\n\t<\/article>\r\n\t<article class=\"w-grid-item size_1x1 post-14616 post type-post status-publish format-standard has-post-thumbnail hentry category-2022-winter-newsletter-listening-an-act-of-love\" data-id=\"14616\">\r\n\t\t<div class=\"w-grid-item-h\">\r\n\t\t\t\t\t\t<div class=\"w-post-elm post_image usg_post_image_1 stretched\"><a href=\"https:\/\/www.franciscansusa.org\/es\/journeying-together\/\" aria-label=\"Viajando Juntos\"><img loading=\"lazy\" decoding=\"async\" width=\"584\" height=\"434\" src=\"https:\/\/www.franciscansusa.org\/wp-content\/uploads\/2022\/10\/fr-mario-carey.png\" class=\"attachment-large size-large wp-post-image\" alt=\"\" srcset=\"https:\/\/www.franciscansusa.org\/wp-content\/uploads\/2022\/10\/fr-mario-carey.png 584w, https:\/\/www.franciscansusa.org\/wp-content\/uploads\/2022\/10\/fr-mario-carey-300x223.png 300w, https:\/\/www.franciscansusa.org\/wp-content\/uploads\/2022\/10\/fr-mario-carey-16x12.png 16w, https:\/\/www.franciscansusa.org\/wp-content\/uploads\/2022\/10\/fr-mario-carey-150x111.png 150w, https:\/\/www.franciscansusa.org\/wp-content\/uploads\/2022\/10\/fr-mario-carey-538x400.png 538w\" sizes=\"auto, (max-width: 584px) 100vw, 584px\" \/><\/a><\/div><div class=\"w-vwrapper usg_vwrapper_1 align_left valign_top\"><h2 class=\"w-post-elm post_title usg_post_title_1 entry-title color_link_inherit\"><a href=\"https:\/\/www.franciscansusa.org\/es\/journeying-together\/\">Viajando Juntos<\/a><\/h2><div class=\"w-hwrapper usg_hwrapper_1 align_left valign_top wrap\"><\/div><div class=\"w-post-elm post_content usg_post_content_1\">Caminando Juntos, por fray Mario Serrano, OFM Conv. El camino hacia adelante no se logra marginando a\u00fan m\u00e1s a nuestros hermanos y hermanas. El camino hacia adelante viene con consuelo y reconciliaci\u00f3n. La pr\u00e1ctica religiosa est\u00e1 disminuyendo radicalmente; esto no es ning\u00fan secreto. Nuestros hermanos y hermanas que optan por la exclusi\u00f3n no son los mismos, ni se identifican con el mismo nombre. Algunos son ateos, expl\u00edcitamente\u2026<\/div><a class=\"w-btn us-btn-style_3 usg_btn_1\" href=\"https:\/\/www.franciscansusa.org\/es\/journeying-together\/\"><span class=\"w-btn-label\">Leer m\u00e1s<\/span><\/a><\/div>\t\t<\/div>\r\n\t<\/article>\r\n\t<article class=\"w-grid-item size_1x1 post-14622 post type-post status-publish format-standard has-post-thumbnail hentry category-2022-winter-newsletter-listening-an-act-of-love\" data-id=\"14622\">\r\n\t\t<div class=\"w-grid-item-h\">\r\n\t\t\t\t\t\t<div class=\"w-post-elm post_image usg_post_image_1 stretched\"><a href=\"https:\/\/www.franciscansusa.org\/es\/hand-in-hand-with-the-mission-of-gods-love\/\" aria-label=\"De la mano con la Misi\u00f3n del Amor de Dios\"><img loading=\"lazy\" decoding=\"async\" width=\"1024\" height=\"398\" src=\"https:\/\/www.franciscansusa.org\/wp-content\/uploads\/2022\/10\/hand-in-hand-header-1024x398.png\" class=\"attachment-large size-large wp-post-image\" alt=\"\" srcset=\"https:\/\/www.franciscansusa.org\/wp-content\/uploads\/2022\/10\/hand-in-hand-header-1024x398.png 1024w, https:\/\/www.franciscansusa.org\/wp-content\/uploads\/2022\/10\/hand-in-hand-header-300x117.png 300w, https:\/\/www.franciscansusa.org\/wp-content\/uploads\/2022\/10\/hand-in-hand-header-18x7.png 18w, https:\/\/www.franciscansusa.org\/wp-content\/uploads\/2022\/10\/hand-in-hand-header-150x58.png 150w, https:\/\/www.franciscansusa.org\/wp-content\/uploads\/2022\/10\/hand-in-hand-header-600x233.png 600w, https:\/\/www.franciscansusa.org\/wp-content\/uploads\/2022\/10\/hand-in-hand-header.png 1200w\" sizes=\"auto, (max-width: 1024px) 100vw, 1024px\" \/><\/a><\/div><div class=\"w-vwrapper usg_vwrapper_1 align_left valign_top\"><h2 class=\"w-post-elm post_title usg_post_title_1 entry-title color_link_inherit\"><a href=\"https:\/\/www.franciscansusa.org\/es\/hand-in-hand-with-the-mission-of-gods-love\/\">De la mano con la Misi\u00f3n del Amor de Dios<\/a><\/h2><div class=\"w-hwrapper usg_hwrapper_1 align_left valign_top wrap\"><\/div><div class=\"w-post-elm post_content usg_post_content_1\">Caminar de la mano es se\u00f1al de amor e intimidad. La simplicidad de este toque conecta directamente con el coraz\u00f3n, la mente y el alma. Recuerdo a mi abuela tom\u00e1ndome de la mano mientras camin\u00e1bamos juntas por el centro de El Paso, Texas. Recuerdo tomar de la mano a mis hijos y ahora a mis nietos\u2026<\/div><a class=\"w-btn us-btn-style_3 usg_btn_1\" href=\"https:\/\/www.franciscansusa.org\/es\/hand-in-hand-with-the-mission-of-gods-love\/\"><span class=\"w-btn-label\">Leer m\u00e1s<\/span><\/a><\/div>\t\t<\/div>\r\n\t<\/article>\r\n\t<article class=\"w-grid-item size_1x1 post-14625 post type-post status-publish format-standard has-post-thumbnail hentry category-2022-winter-newsletter-listening-an-act-of-love\" data-id=\"14625\">\r\n\t\t<div class=\"w-grid-item-h\">\r\n\t\t\t\t\t\t<div class=\"w-post-elm post_image usg_post_image_1 stretched\"><a href=\"https:\/\/www.franciscansusa.org\/es\/the-seed-of-the-church\/\" aria-label=\"La semilla de la iglesia\"><img loading=\"lazy\" decoding=\"async\" width=\"1024\" height=\"516\" src=\"https:\/\/www.franciscansusa.org\/wp-content\/uploads\/2022\/10\/franciscan-martyrs-1024x516.png\" class=\"attachment-large size-large wp-post-image\" alt=\"\" srcset=\"https:\/\/www.franciscansusa.org\/wp-content\/uploads\/2022\/10\/franciscan-martyrs-1024x516.png 1024w, https:\/\/www.franciscansusa.org\/wp-content\/uploads\/2022\/10\/franciscan-martyrs-300x151.png 300w, https:\/\/www.franciscansusa.org\/wp-content\/uploads\/2022\/10\/franciscan-martyrs-18x9.png 18w, https:\/\/www.franciscansusa.org\/wp-content\/uploads\/2022\/10\/franciscan-martyrs-150x76.png 150w, https:\/\/www.franciscansusa.org\/wp-content\/uploads\/2022\/10\/franciscan-martyrs-600x302.png 600w, https:\/\/www.franciscansusa.org\/wp-content\/uploads\/2022\/10\/franciscan-martyrs.png 2040w\" sizes=\"auto, (max-width: 1024px) 100vw, 1024px\" \/><\/a><\/div><div class=\"w-vwrapper usg_vwrapper_1 align_left valign_top\"><h2 class=\"w-post-elm post_title usg_post_title_1 entry-title color_link_inherit\"><a href=\"https:\/\/www.franciscansusa.org\/es\/the-seed-of-the-church\/\">La semilla de la iglesia<\/a><\/h2><div class=\"w-hwrapper usg_hwrapper_1 align_left valign_top wrap\"><\/div><div class=\"w-post-elm post_content usg_post_content_1\">La semilla de la Iglesia, fraile Alberto Bravo, OFM Conv. La sangre de los m\u00e1rtires es la semilla de la Iglesia -Tertuliano, 160-220 d. C. De izquierda a derecha: M\u00e1rtires franciscanos conventuales, Beato Miguel Tomaszek, Beato Carlos Muria y Beato Zbigniew Strzalkowski. El 9 de agosto, los frailes y la comunidad de Nuestra Se\u00f1ora del Monte\u2026<\/div><a class=\"w-btn us-btn-style_3 usg_btn_1\" href=\"https:\/\/www.franciscansusa.org\/es\/the-seed-of-the-church\/\"><span class=\"w-btn-label\">Leer m\u00e1s<\/span><\/a><\/div>\t\t<\/div>\r\n\t<\/article>\r\n\t<article class=\"w-grid-item size_1x1 post-14631 post type-post status-publish format-standard has-post-thumbnail hentry category-2022-winter-newsletter-listening-an-act-of-love\" data-id=\"14631\">\r\n\t\t<div class=\"w-grid-item-h\">\r\n\t\t\t\t\t\t<div class=\"w-post-elm post_image usg_post_image_1 stretched\"><a href=\"https:\/\/www.franciscansusa.org\/es\/hear-our-earth\/\" aria-label=\"Escucha nuestra tierra\"><img loading=\"lazy\" decoding=\"async\" width=\"1024\" height=\"538\" src=\"https:\/\/www.franciscansusa.org\/wp-content\/uploads\/2022\/10\/hear-our-earth-1024x538.jpg\" class=\"attachment-large size-large wp-post-image\" alt=\"\" srcset=\"https:\/\/www.franciscansusa.org\/wp-content\/uploads\/2022\/10\/hear-our-earth-1024x538.jpg 1024w, https:\/\/www.franciscansusa.org\/wp-content\/uploads\/2022\/10\/hear-our-earth-300x158.jpg 300w, https:\/\/www.franciscansusa.org\/wp-content\/uploads\/2022\/10\/hear-our-earth-18x9.jpg 18w, https:\/\/www.franciscansusa.org\/wp-content\/uploads\/2022\/10\/hear-our-earth-150x79.jpg 150w, https:\/\/www.franciscansusa.org\/wp-content\/uploads\/2022\/10\/hear-our-earth-600x316.jpg 600w, https:\/\/www.franciscansusa.org\/wp-content\/uploads\/2022\/10\/hear-our-earth.jpg 1200w\" sizes=\"auto, (max-width: 1024px) 100vw, 1024px\" \/><\/a><\/div><div class=\"w-vwrapper usg_vwrapper_1 align_left valign_top\"><h2 class=\"w-post-elm post_title usg_post_title_1 entry-title color_link_inherit\"><a href=\"https:\/\/www.franciscansusa.org\/es\/hear-our-earth\/\">Escucha nuestra tierra<\/a><\/h2><div class=\"w-hwrapper usg_hwrapper_1 align_left valign_top wrap\"><\/div><div class=\"w-post-elm post_content usg_post_content_1\">El P. Juan Z\u00fa\u00f1iga, OFM Conv. y el P. Thomas Fetz, OFM Conv., disfrutando de los jardines del Convento de San Dami\u00e1n en San Antonio, Texas. Una de las mayores artima\u00f1as de las grandes corporaciones ha sido convertir el impacto ambiental en una preocupaci\u00f3n para el cliente. \u00abSi usa nuestro producto, \u00a1rec\u00edclelo!\u00bb. En otras palabras: conc\u00e9ntrese en obtener\u2026<\/div><a class=\"w-btn us-btn-style_3 usg_btn_1\" href=\"https:\/\/www.franciscansusa.org\/es\/hear-our-earth\/\"><span class=\"w-btn-label\">Leer m\u00e1s<\/span><\/a><\/div>\t\t<\/div>\r\n\t<\/article>\r\n\t<article class=\"w-grid-item size_1x1 post-14637 post type-post status-publish format-standard has-post-thumbnail hentry category-2022-winter-newsletter-listening-an-act-of-love\" data-id=\"14637\">\r\n\t\t<div class=\"w-grid-item-h\">\r\n\t\t\t\t\t\t<div class=\"w-post-elm post_image usg_post_image_1 stretched\"><a href=\"https:\/\/www.franciscansusa.org\/es\/trusting-the-community-of-faith\/\" aria-label=\"Confiando en la Comunidad de Fe\"><img loading=\"lazy\" decoding=\"async\" width=\"1024\" height=\"543\" src=\"https:\/\/www.franciscansusa.org\/wp-content\/uploads\/2022\/10\/trusting-the-community-of-faith-1024x543.jpg\" class=\"attachment-large size-large wp-post-image\" alt=\"\" srcset=\"https:\/\/www.franciscansusa.org\/wp-content\/uploads\/2022\/10\/trusting-the-community-of-faith-1024x543.jpg 1024w, https:\/\/www.franciscansusa.org\/wp-content\/uploads\/2022\/10\/trusting-the-community-of-faith-300x159.jpg 300w, https:\/\/www.franciscansusa.org\/wp-content\/uploads\/2022\/10\/trusting-the-community-of-faith-18x10.jpg 18w, https:\/\/www.franciscansusa.org\/wp-content\/uploads\/2022\/10\/trusting-the-community-of-faith-150x80.jpg 150w, https:\/\/www.franciscansusa.org\/wp-content\/uploads\/2022\/10\/trusting-the-community-of-faith-600x318.jpg 600w, https:\/\/www.franciscansusa.org\/wp-content\/uploads\/2022\/10\/trusting-the-community-of-faith.jpg 1200w\" sizes=\"auto, (max-width: 1024px) 100vw, 1024px\" \/><\/a><\/div><div class=\"w-vwrapper usg_vwrapper_1 align_left valign_top\"><h2 class=\"w-post-elm post_title usg_post_title_1 entry-title color_link_inherit\"><a href=\"https:\/\/www.franciscansusa.org\/es\/trusting-the-community-of-faith\/\">Confiando en la Comunidad de Fe<\/a><\/h2><div class=\"w-hwrapper usg_hwrapper_1 align_left valign_top wrap\"><\/div><div class=\"w-post-elm post_content usg_post_content_1\">Confiando en la Comunidad de Fe, por fray Martin Day, OFM Conv. Hace poco, durante la misa matutina, hice una pregunta de prueba a los frailes: &quot;\u00bfCu\u00e1ndo oyeron hablar de la &quot;sinodalidad&quot; por primera vez?&quot;. Nadie recordaba haberla o\u00eddo hablar de su infancia, y un fraile indic\u00f3 que su primer contacto con el t\u00e9rmino fue menos de...<\/div><a class=\"w-btn us-btn-style_3 usg_btn_1\" href=\"https:\/\/www.franciscansusa.org\/es\/trusting-the-community-of-faith\/\"><span class=\"w-btn-label\">Leer m\u00e1s<\/span><\/a><\/div>\t\t<\/div>\r\n\t<\/article>\r\n\t<article class=\"w-grid-item size_1x1 post-14640 post type-post status-publish format-standard has-post-thumbnail hentry category-2022-winter-newsletter-listening-an-act-of-love category-the-power-of-prayer\" data-id=\"14640\">\r\n\t\t<div class=\"w-grid-item-h\">\r\n\t\t\t\t\t\t<div class=\"w-post-elm post_image usg_post_image_1 stretched\"><a href=\"https:\/\/www.franciscansusa.org\/es\/the-power-of-prayer-having-faith\/\" aria-label=\"El poder de la oraci\u00f3n: tener fe\"><img loading=\"lazy\" decoding=\"async\" width=\"768\" height=\"1024\" src=\"https:\/\/www.franciscansusa.org\/wp-content\/uploads\/2022\/10\/faith-shoes-768x1024.jpg\" class=\"attachment-large size-large wp-post-image\" alt=\"\" srcset=\"https:\/\/www.franciscansusa.org\/wp-content\/uploads\/2022\/10\/faith-shoes-768x1024.jpg 768w, https:\/\/www.franciscansusa.org\/wp-content\/uploads\/2022\/10\/faith-shoes-225x300.jpg 225w, https:\/\/www.franciscansusa.org\/wp-content\/uploads\/2022\/10\/faith-shoes-9x12.jpg 9w, https:\/\/www.franciscansusa.org\/wp-content\/uploads\/2022\/10\/faith-shoes-113x150.jpg 113w, https:\/\/www.franciscansusa.org\/wp-content\/uploads\/2022\/10\/faith-shoes-300x400.jpg 300w, https:\/\/www.franciscansusa.org\/wp-content\/uploads\/2022\/10\/faith-shoes-450x600.jpg 450w, https:\/\/www.franciscansusa.org\/wp-content\/uploads\/2022\/10\/faith-shoes-600x800.jpg 600w, https:\/\/www.franciscansusa.org\/wp-content\/uploads\/2022\/10\/faith-shoes.jpg 900w\" sizes=\"auto, (max-width: 768px) 100vw, 768px\" \/><\/a><\/div><div class=\"w-vwrapper usg_vwrapper_1 align_left valign_top\"><h2 class=\"w-post-elm post_title usg_post_title_1 entry-title color_link_inherit\"><a href=\"https:\/\/www.franciscansusa.org\/es\/the-power-of-prayer-having-faith\/\">El poder de la oraci\u00f3n: tener fe<\/a><\/h2><div class=\"w-hwrapper usg_hwrapper_1 align_left valign_top wrap\"><\/div><div class=\"w-post-elm post_content usg_post_content_1\">Una se\u00f1ora de Columbus, Ohio, que peregrinaba al Santuario de Nuestra Se\u00f1ora de la Consolaci\u00f3n en Carey, Ohio, estaba muy interesada en ver las vitrinas que tenemos en la Bas\u00edlica Inferior. Estas vitrinas contienen art\u00edculos relacionados con milagros, como muletas, aparatos ortop\u00e9dicos, etc., que han ocurrido\u2026<\/div><a class=\"w-btn us-btn-style_3 usg_btn_1\" href=\"https:\/\/www.franciscansusa.org\/es\/the-power-of-prayer-having-faith\/\"><span class=\"w-btn-label\">Leer m\u00e1s<\/span><\/a><\/div>\t\t<\/div>\r\n\t<\/article>\r\n<\/div><div class=\"w-grid-preloader\"><div class=\"g-preloader type_1\">\r\n\t<div><\/div>\r\n<\/div>\r\n<\/div>\t<div class=\"w-grid-json hidden\" onclick='return {&quot;action&quot;:&quot;us_ajax_grid&quot;,&quot;ajax_url&quot;:&quot;https:\\\/\\\/www.franciscansusa.org\\\/wp-admin\\\/admin-ajax.php&quot;,&quot;infinite_scroll&quot;:0,&quot;max_num_pages&quot;:1,&quot;pagination&quot;:&quot;none&quot;,&quot;permalink_url&quot;:&quot;https:\\\/\\\/www.franciscansusa.org\\\/es\\\/wp-json\\\/wp\\\/v2\\\/pages\\\/14602&quot;,&quot;template_vars&quot;:{&quot;columns&quot;:&quot;2&quot;,&quot;exclude_items&quot;:&quot;none&quot;,&quot;img_size&quot;:&quot;default&quot;,&quot;ignore_items_size&quot;:false,&quot;items_layout&quot;:&quot;12064&quot;,&quot;items_offset&quot;:&quot;1&quot;,&quot;load_animation&quot;:&quot;none&quot;,&quot;overriding_link&quot;:&quot;none&quot;,&quot;post_id&quot;:14602,&quot;query_args&quot;:{&quot;post_type&quot;:[&quot;post&quot;],&quot;tax_query&quot;:[{&quot;taxonomy&quot;:&quot;category&quot;,&quot;field&quot;:&quot;slug&quot;,&quot;terms&quot;:[&quot;2022-winter-newsletter-listening-an-act-of-love&quot;]}],&quot;post_status&quot;:[&quot;publish&quot;],&quot;posts_per_page&quot;:&quot;10&quot;},&quot;orderby_query_args&quot;:{&quot;orderby&quot;:{&quot;date&quot;:&quot;ASC&quot;}},&quot;type&quot;:&quot;grid&quot;,&quot;us_grid_ajax_index&quot;:1,&quot;us_grid_filter_params&quot;:null,&quot;us_grid_index&quot;:1,&quot;_us_grid_post_type&quot;:&quot;post&quot;}}'><\/div>\r\n\t<\/div><\/div><\/div><\/div><\/div><\/div><\/section>\n<\/div>","protected":false},"excerpt":{"rendered":"Tener fe Una se\u00f1ora de Columbus, OH que estaba en peregrinaci\u00f3n al Santuario de Nuestra Se\u00f1ora de la Consolaci\u00f3n en Carey, OH, estaba muy interesada en ver las vitrinas que tenemos en la Bas\u00edlica Inferior. Estos estuches contienen art\u00edculos asociados con milagros, por ejemplo, muletas, aparatos ortop\u00e9dicos, etc., que han ocurrido a trav\u00e9s de Nuestra Se\u00f1ora...","protected":false},"author":1,"featured_media":0,"parent":0,"menu_order":0,"comment_status":"closed","ping_status":"closed","template":"","meta":{"om_disable_all_campaigns":false,"_monsterinsights_skip_tracking":false,"_monsterinsights_sitenote_active":false,"_monsterinsights_sitenote_note":"","_monsterinsights_sitenote_category":0,"_uf_show_specific_survey":0,"_uf_disable_surveys":false,"footnotes":""},"class_list":["post-14602","page","type-page","status-publish","hentry"],"aioseo_notices":[],"publishpress_future_action":{"enabled":false,"date":"2026-04-16 06:27:47","action":"change-status","newStatus":"draft","terms":[],"taxonomy":"","extraData":[]},"publishpress_future_workflow_manual_trigger":{"enabledWorkflows":[]},"_links":{"self":[{"href":"https:\/\/www.franciscansusa.org\/es\/wp-json\/wp\/v2\/pages\/14602","targetHints":{"allow":["GET"]}}],"collection":[{"href":"https:\/\/www.franciscansusa.org\/es\/wp-json\/wp\/v2\/pages"}],"about":[{"href":"https:\/\/www.franciscansusa.org\/es\/wp-json\/wp\/v2\/types\/page"}],"author":[{"embeddable":true,"href":"https:\/\/www.franciscansusa.org\/es\/wp-json\/wp\/v2\/users\/1"}],"replies":[{"embeddable":true,"href":"https:\/\/www.franciscansusa.org\/es\/wp-json\/wp\/v2\/comments?post=14602"}],"version-history":[{"count":4,"href":"https:\/\/www.franciscansusa.org\/es\/wp-json\/wp\/v2\/pages\/14602\/revisions"}],"predecessor-version":[{"id":19916,"href":"https:\/\/www.franciscansusa.org\/es\/wp-json\/wp\/v2\/pages\/14602\/revisions\/19916"}],"wp:attachment":[{"href":"https:\/\/www.franciscansusa.org\/es\/wp-json\/wp\/v2\/media?parent=14602"}],"curies":[{"name":"gracias","href":"https:\/\/api.w.org\/{rel}","templated":true}]}}