{"id":14958,"date":"2023-01-16T08:55:10","date_gmt":"2023-01-16T13:55:10","guid":{"rendered":"https:\/\/www.franciscansusa.org\/?page_id=14958"},"modified":"2023-01-18T11:53:43","modified_gmt":"2023-01-18T16:53:43","slug":"2023-alpha-omega","status":"publish","type":"page","link":"https:\/\/www.franciscansusa.org\/es\/2023-alpha-omega\/","title":{"rendered":"2023 Alfa Omega"},"content":{"rendered":"<div class=\"wpb-content-wrapper\"><section class=\"l-section wpb_row height_huge with_img with_overlay\"><div class=\"l-section-img\" style=\"background-image: url(https:\/\/www.franciscansusa.org\/wp-content\/uploads\/2023\/01\/292451661_10158541670391536_977515685817569407_n.jpg);\" data-img-width=\"2048\" data-img-height=\"1732\"><\/div><div class=\"l-section-overlay\" style=\"background: rgba(0,0,0,0.6)\"><\/div><div class=\"l-section-h i-cf\"><div class=\"g-cols vc_row type_default valign_top\"><div class=\"vc_col-sm-12 wpb_column vc_column_container\"><div class=\"vc_column-inner\"><div class=\"wpb_wrapper\"><div class=\"wpb_text_column\" ><div class=\"wpb_wrapper\"><h2><span style=\"color: #ffffff;\"><strong>Llamamiento anual Alfa y Omega<\/strong><\/span><\/h2>\n<\/div><\/div><\/div><\/div><\/div><\/div><\/div><\/section><section class=\"l-section wpb_row height_medium\"><div class=\"l-section-h i-cf\"><div class=\"g-cols vc_row type_default valign_top\"><div class=\"vc_col-sm-8 wpb_column vc_column_container\"><div class=\"vc_column-inner\"><div class=\"wpb_wrapper\"><div class=\"w-image align_none\"><div class=\"w-image-h\"><img loading=\"lazy\" decoding=\"async\" width=\"1024\" height=\"735\" src=\"https:\/\/www.franciscansusa.org\/wp-content\/uploads\/2023\/01\/Screen-Shot-2023-01-13-at-2.57.28-PM-1024x735.png\" class=\"attachment-large size-large\" alt=\"\" srcset=\"https:\/\/www.franciscansusa.org\/wp-content\/uploads\/2023\/01\/Screen-Shot-2023-01-13-at-2.57.28-PM-1024x735.png 1024w, https:\/\/www.franciscansusa.org\/wp-content\/uploads\/2023\/01\/Screen-Shot-2023-01-13-at-2.57.28-PM-300x215.png 300w, https:\/\/www.franciscansusa.org\/wp-content\/uploads\/2023\/01\/Screen-Shot-2023-01-13-at-2.57.28-PM-18x12.png 18w, https:\/\/www.franciscansusa.org\/wp-content\/uploads\/2023\/01\/Screen-Shot-2023-01-13-at-2.57.28-PM-150x108.png 150w, https:\/\/www.franciscansusa.org\/wp-content\/uploads\/2023\/01\/Screen-Shot-2023-01-13-at-2.57.28-PM-557x400.png 557w, https:\/\/www.franciscansusa.org\/wp-content\/uploads\/2023\/01\/Screen-Shot-2023-01-13-at-2.57.28-PM-600x431.png 600w, https:\/\/www.franciscansusa.org\/wp-content\/uploads\/2023\/01\/Screen-Shot-2023-01-13-at-2.57.28-PM.png 1052w\" sizes=\"auto, (max-width: 1024px) 100vw, 1024px\" \/><\/div><\/div><div class=\"w-separator size_small\"><\/div><div class=\"wpb_text_column\" ><div class=\"wpb_wrapper\"><h6>Nuestros novicios reciben la visita del Vicario General de la Orden Franciscana Conventual, fray Jan Maciejowski, OFM Conv.. Los novicios pudieron preguntar a fray Jan sobre el estado y el futuro de la Orden.<\/h6>\n<\/div><\/div><div class=\"w-separator size_small\"><\/div><div class=\"wpb_text_column\" ><div class=\"wpb_wrapper\"><blockquote>\n<p><em><strong>\u2026.\u00bfFuimos conducidos hasta all\u00ed para el Nacimiento o la Muerte? Hubo un nacimiento, ciertamente. Ten\u00edamos pruebas y no hab\u00eda duda. Hab\u00eda visto el nacimiento y la muerte, pero hab\u00eda pensado que eran diferentes; Este Nacimiento fue para nosotros una dura y amarga agon\u00eda, como la Muerte, nuestra muerte.<\/strong><\/em><\/p>\n<\/blockquote>\n<p style=\"text-align: right;\">\u2013 De \u201cEl viaje de los magos\u201d, de TS Eliot<\/p>\n<p>Ha concluido otro a\u00f1o y 2023 trae nuevas esperanzas y nuevas expectativas. Los comienzos y los finales son como dos parejas de baile que nos gu\u00edan, a veces con pasos y rutinas completamente nuevos, mientras trazamos nuestro camino por la vida. Principios y finales, alfa y omega. El narrador del poema de TS Eliot, \u201cEl viaje de los Magos\u201d, uno de los tres reyes magos que viajaron con grandes dificultades para rendir homenaje al rey reci\u00e9n nacido, tiene una premonici\u00f3n de la muerte de este ni\u00f1o, una muerte que sellar\u00e1 la salvaci\u00f3n del raza humana.<\/p>\n<p>Para tres hombres de la provincia de Nuestra Se\u00f1ora de la Consolaci\u00f3n, su comienzo, su alfa, no tuvo lugar el 1 de enero, sino el 17 de junio de 2022, cuando fueron investidos con el h\u00e1bito franciscano y entraron en su a\u00f1o de noviciado. Bob Moynihan, Colden Fell y Andre Miller entraron en este tiempo de oraci\u00f3n, reflexi\u00f3n y discernimiento con otros cuatro hombres de Estados Unidos y Canad\u00e1. Si Dios quiere, todos ellos dar\u00e1n el siguiente paso y har\u00e1n su primera profesi\u00f3n de votos en alg\u00fan momento del verano de 2023.<br \/>\nPara los de afuera, el a\u00f1o de noviciado puede parecer restrictivo, incluso anticuado, ya que se espera que los novicios limiten su acceso a cosas como Internet, correo electr\u00f3nico y llamadas telef\u00f3nicas. S\u00f3lo se les permite ausentarse del noviciado un n\u00famero limitado de d\u00edas. El noviciado se estructura con tiempos de oraci\u00f3n y comidas comunes, as\u00ed como con tareas dom\u00e9sticas, aportes del equipo de noviciado en forma de clases y seminarios y la experiencia pastoral de unas pocas horas a la semana de ministerio externo.<\/p>\n<p>Nuestros tres novicios han descubierto que la estructura del noviciado, junto con la hermosa ubicaci\u00f3n (Arroyo Grande, California), los han abierto de maneras que nunca podr\u00edan haber imaginado. \u201cMi vida de oraci\u00f3n se ha profundizado significativamente durante este tiempo\u201d, fue un sentimiento com\u00fan<\/p>\n<p>Otra gracia para nuestros novicios ha sido la construcci\u00f3n de la comunidad franciscana. Nuestros novicios provienen de una amplia gama de lugares, or\u00edgenes y puntos de vista y, sin embargo, han llegado a respetarse y amarse unos a otros; incluso disfrutan de estar juntos. Una de las cosas que sorprendi\u00f3 a los no cristianos en los primeros d\u00edas del cristianismo fue el cuidado y el compromiso que los seguidores de Jes\u00fas ten\u00edan unos por otros. \u201cMirad c\u00f3mo se aman unos a otros\u201d, era una observaci\u00f3n com\u00fan entre los no cristianos. Nuestra provincia y orden tienen un futuro brillante si estos hombres perseveran en su llamado franciscano.<\/p>\n<p>Otra gracia para nuestros novicios ha sido la construcci\u00f3n de la comunidad franciscana. Nuestros novicios provienen de una amplia gama de lugares, or\u00edgenes y puntos de vista y, sin embargo, han llegado a respetarse y amarse unos a otros; incluso disfrutan de estar juntos. Una de las cosas que sorprendi\u00f3 a los no cristianos en los primeros d\u00edas del cristianismo fue el cuidado y el compromiso que los seguidores de Jes\u00fas ten\u00edan unos por otros. \u201cMirad c\u00f3mo se aman unos a otros\u201d, era una observaci\u00f3n com\u00fan entre los no cristianos. Nuestra provincia y orden tienen un futuro brillante si estos hombres perseveran en su llamado franciscano.<\/p>\n<p>Su apoyo a nuestros hermanos a trav\u00e9s de Alpha &amp; Omega sirve como una fuente vital de apoyo para estos hombres que han respondido al llamado de Dios. Su donaci\u00f3n tambi\u00e9n brinda apoyo mientras contin\u00faan su formaci\u00f3n inicial como frailes franciscanos, especialmente mientras se preparan para el ministerio activo al pueblo de Dios. La preparaci\u00f3n para el ministerio y la vida franciscana exigen los escasos recursos financieros y de personal de los frailes, sin embargo, la formaci\u00f3n inicial de nuestros frailes siempre ha sido una alta prioridad para la provincia.<\/p>\n<p>Su generoso apoyo ayuda a la Provincia de Nuestra Se\u00f1ora de la Consolaci\u00f3n a cubrir $60,000.00 por a\u00f1o por cada fraile en formaci\u00f3n inicial. Esto incluye educaci\u00f3n, atenci\u00f3n m\u00e9dica, vivienda, etc. Estos frailes no son s\u00f3lo del Medio Oeste y Suroeste; nuestra provincia tambi\u00e9n brinda apoyo a nuestros<br \/>\ncasas de formaci\u00f3n inicial en Centroam\u00e9rica y Zambia.<\/p>\n<p>\u00bfPodemos contar con su apoyo hoy para esta campa\u00f1a Alfa y Omega? Su donaci\u00f3n tambi\u00e9n proporciona beneficios financieros.<br \/>\nasistencia para nuestros frailes que han servido fielmente en el ministerio activo y que ahora contin\u00faan sirviendo<br \/>\na trav\u00e9s de sus \u00faltimos a\u00f1os. El cuidado de nuestros hermanos mayores asciende a m\u00e1s de $1.000.000,00 al a\u00f1o. nuestro mayor<br \/>\nLos frailes tienen muchas y variadas necesidades, tanto f\u00edsicas como emocionales, y la mayor\u00eda de ellos contin\u00faan sirviendo, aunque<br \/>\nen una capacidad m\u00e1s limitada que en su juventud.<\/p>\n<p>Gracias por su apoyo financiero a Alpha y Omega, as\u00ed como por su apoyo en oraci\u00f3n a nuestra<br \/>\nfrailes que est\u00e1n al comienzo de su llamado franciscano as\u00ed como aquellos frailes que han servido a la iglesia<br \/>\ncon tanta fidelidad y generosidad. Usted y sus seres queridos permanecen en nuestros corazones y oraciones.<\/p>\n<p>Con agradecimiento,<\/p>\n<p><img loading=\"lazy\" decoding=\"async\" class=\"alignnone wp-image-12054\" src=\"https:\/\/www.franciscansusa.org\/wp-content\/uploads\/2021\/07\/father-john-signature.png\" alt=\"\" width=\"200\" height=\"65\" srcset=\"https:\/\/www.franciscansusa.org\/wp-content\/uploads\/2021\/07\/father-john-signature.png 560w, https:\/\/www.franciscansusa.org\/wp-content\/uploads\/2021\/07\/father-john-signature-300x98.png 300w, https:\/\/www.franciscansusa.org\/wp-content\/uploads\/2021\/07\/father-john-signature-18x6.png 18w, https:\/\/www.franciscansusa.org\/wp-content\/uploads\/2021\/07\/father-john-signature-150x49.png 150w\" sizes=\"auto, (max-width: 200px) 100vw, 200px\" \/><\/p>\n<p>Padre John Elmer, OFM Conv.<\/p>\n<p><strong>PD \u00a1Gracias por tu generosidad! Nuestros novicios los miran con esperanza y gratitud, y les piden su continuo apoyo y oraciones. Nuestros frailes mayores contin\u00faan record\u00e1ndote en sus oraciones diarias.<\/strong><\/p>\n<\/div><\/div><\/div><\/div><\/div><div class=\"vc_col-sm-4 wpb_column vc_column_container\"><div class=\"vc_column-inner\"><div class=\"wpb_wrapper\">\n\t<div class=\"wpb_raw_code wpb_raw_html wpb_content_element us_custom_909b2fd0\" >\n\t\t<div class=\"wpb_wrapper\">\n\t\t\t<div class=\"qgiv-embed-container\" data-qgiv-embed=\"true\" data-embed-id=\"66663\" data-embed=\"https:\/\/secure.qgiv.com\/for\/christmasantiphonslandingpage\/embed\/66663\/\" data-width=\"630\"><\/div>\n<script>(function(w, d, s, id){var js, fjs = d.getElementsByTagName(s)[0];if (d.getElementById(id)) return;js = d.createElement(s); js.id = id;js.src = \"https:\/\/secure.qgiv.com\/resources\/core\/js\/embed.js\";fjs.parentNode.insertBefore(js, fjs);})(window, document, 'script', 'qgiv-embedjs');<\/script>\n\t\t<\/div>\n\t<\/div>\n<div class=\"w-separator size_small\"><\/div><div class=\"w-image align_none\"><div class=\"w-image-h\"><img loading=\"lazy\" decoding=\"async\" width=\"1024\" height=\"768\" src=\"https:\/\/www.franciscansusa.org\/wp-content\/uploads\/2023\/01\/292772950_10158541669046536_8543829509353868312_n-1024x768.jpg\" class=\"attachment-large size-large\" alt=\"\" srcset=\"https:\/\/www.franciscansusa.org\/wp-content\/uploads\/2023\/01\/292772950_10158541669046536_8543829509353868312_n-1024x768.jpg 1024w, https:\/\/www.franciscansusa.org\/wp-content\/uploads\/2023\/01\/292772950_10158541669046536_8543829509353868312_n-300x225.jpg 300w, https:\/\/www.franciscansusa.org\/wp-content\/uploads\/2023\/01\/292772950_10158541669046536_8543829509353868312_n-16x12.jpg 16w, https:\/\/www.franciscansusa.org\/wp-content\/uploads\/2023\/01\/292772950_10158541669046536_8543829509353868312_n-150x113.jpg 150w, https:\/\/www.franciscansusa.org\/wp-content\/uploads\/2023\/01\/292772950_10158541669046536_8543829509353868312_n-533x400.jpg 533w, https:\/\/www.franciscansusa.org\/wp-content\/uploads\/2023\/01\/292772950_10158541669046536_8543829509353868312_n-600x450.jpg 600w, https:\/\/www.franciscansusa.org\/wp-content\/uploads\/2023\/01\/292772950_10158541669046536_8543829509353868312_n.jpg 2048w\" sizes=\"auto, (max-width: 1024px) 100vw, 1024px\" \/><\/div><\/div><div class=\"w-separator size_small\"><\/div><div class=\"w-image align_none\"><div class=\"w-image-h\"><img loading=\"lazy\" decoding=\"async\" width=\"1024\" height=\"866\" src=\"https:\/\/www.franciscansusa.org\/wp-content\/uploads\/2023\/01\/292451661_10158541670391536_977515685817569407_n-1024x866.jpg\" class=\"attachment-large size-large\" alt=\"\" srcset=\"https:\/\/www.franciscansusa.org\/wp-content\/uploads\/2023\/01\/292451661_10158541670391536_977515685817569407_n-1024x866.jpg 1024w, https:\/\/www.franciscansusa.org\/wp-content\/uploads\/2023\/01\/292451661_10158541670391536_977515685817569407_n-300x254.jpg 300w, https:\/\/www.franciscansusa.org\/wp-content\/uploads\/2023\/01\/292451661_10158541670391536_977515685817569407_n-14x12.jpg 14w, https:\/\/www.franciscansusa.org\/wp-content\/uploads\/2023\/01\/292451661_10158541670391536_977515685817569407_n-150x127.jpg 150w, https:\/\/www.franciscansusa.org\/wp-content\/uploads\/2023\/01\/292451661_10158541670391536_977515685817569407_n-473x400.jpg 473w, https:\/\/www.franciscansusa.org\/wp-content\/uploads\/2023\/01\/292451661_10158541670391536_977515685817569407_n-600x507.jpg 600w, https:\/\/www.franciscansusa.org\/wp-content\/uploads\/2023\/01\/292451661_10158541670391536_977515685817569407_n.jpg 2048w\" sizes=\"auto, (max-width: 1024px) 100vw, 1024px\" \/><\/div><\/div><div class=\"w-separator size_small\"><\/div><div class=\"w-image align_none\"><div class=\"w-image-h\"><img loading=\"lazy\" decoding=\"async\" width=\"1024\" height=\"768\" src=\"https:\/\/www.franciscansusa.org\/wp-content\/uploads\/2023\/01\/292615114_10158541669446536_2141449358287759676_n-1024x768.jpg\" class=\"attachment-large size-large\" alt=\"\" srcset=\"https:\/\/www.franciscansusa.org\/wp-content\/uploads\/2023\/01\/292615114_10158541669446536_2141449358287759676_n-1024x768.jpg 1024w, https:\/\/www.franciscansusa.org\/wp-content\/uploads\/2023\/01\/292615114_10158541669446536_2141449358287759676_n-300x225.jpg 300w, https:\/\/www.franciscansusa.org\/wp-content\/uploads\/2023\/01\/292615114_10158541669446536_2141449358287759676_n-16x12.jpg 16w, https:\/\/www.franciscansusa.org\/wp-content\/uploads\/2023\/01\/292615114_10158541669446536_2141449358287759676_n-150x113.jpg 150w, https:\/\/www.franciscansusa.org\/wp-content\/uploads\/2023\/01\/292615114_10158541669446536_2141449358287759676_n-533x400.jpg 533w, https:\/\/www.franciscansusa.org\/wp-content\/uploads\/2023\/01\/292615114_10158541669446536_2141449358287759676_n-600x450.jpg 600w, https:\/\/www.franciscansusa.org\/wp-content\/uploads\/2023\/01\/292615114_10158541669446536_2141449358287759676_n.jpg 2048w\" sizes=\"auto, (max-width: 1024px) 100vw, 1024px\" \/><\/div><\/div><div class=\"w-separator size_small\"><\/div><div class=\"wpb_text_column\" ><div class=\"wpb_wrapper\"><h6>ANTES: Bob Moynihan, Andre Miller y Colden Fell momentos antes de su investidura con el H\u00e1bito Franciscano Conventual en el Noviciado Interprovincial en Arroyo Grande, CA.<\/h6>\n<h6>DESPU\u00c9S: los frailes Bob, Colden y Andre reciben un abrazo de bienvenida y paz poco despu\u00e9s de ser investidos con el h\u00e1bito franciscano conventual.<\/h6>\n<\/div><\/div><\/div><\/div><\/div><\/div><\/div><\/section>\n<\/div>","protected":false},"excerpt":{"rendered":"Campa\u00f1a Anual Alfa y Omega. Nuestros novicios reciben la visita del Vicario General de la Orden Franciscana Conventual, fray Jan Maciejowski, OFM Conv. Los novicios pudieron preguntarle sobre la situaci\u00f3n y el futuro de la Orden. \u2026\u00bfFuimos guiados hasta aqu\u00ed para el Nacimiento o la Muerte? Hubo un Nacimiento, sin duda. Ten\u00edamos pruebas y...","protected":false},"author":1,"featured_media":0,"parent":0,"menu_order":0,"comment_status":"closed","ping_status":"closed","template":"","meta":{"om_disable_all_campaigns":false,"_monsterinsights_skip_tracking":false,"_monsterinsights_sitenote_active":false,"_monsterinsights_sitenote_note":"","_monsterinsights_sitenote_category":0,"_uf_show_specific_survey":0,"_uf_disable_surveys":false,"footnotes":""},"class_list":["post-14958","page","type-page","status-publish","hentry"],"aioseo_notices":[],"publishpress_future_action":{"enabled":false,"date":"2026-04-14 05:51:08","action":"change-status","newStatus":"draft","terms":[],"taxonomy":"","extraData":[]},"publishpress_future_workflow_manual_trigger":{"enabledWorkflows":[]},"_links":{"self":[{"href":"https:\/\/www.franciscansusa.org\/es\/wp-json\/wp\/v2\/pages\/14958","targetHints":{"allow":["GET"]}}],"collection":[{"href":"https:\/\/www.franciscansusa.org\/es\/wp-json\/wp\/v2\/pages"}],"about":[{"href":"https:\/\/www.franciscansusa.org\/es\/wp-json\/wp\/v2\/types\/page"}],"author":[{"embeddable":true,"href":"https:\/\/www.franciscansusa.org\/es\/wp-json\/wp\/v2\/users\/1"}],"replies":[{"embeddable":true,"href":"https:\/\/www.franciscansusa.org\/es\/wp-json\/wp\/v2\/comments?post=14958"}],"version-history":[{"count":6,"href":"https:\/\/www.franciscansusa.org\/es\/wp-json\/wp\/v2\/pages\/14958\/revisions"}],"predecessor-version":[{"id":14975,"href":"https:\/\/www.franciscansusa.org\/es\/wp-json\/wp\/v2\/pages\/14958\/revisions\/14975"}],"wp:attachment":[{"href":"https:\/\/www.franciscansusa.org\/es\/wp-json\/wp\/v2\/media?parent=14958"}],"curies":[{"name":"gracias","href":"https:\/\/api.w.org\/{rel}","templated":true}]}}