{"id":15680,"date":"2023-05-30T11:02:23","date_gmt":"2023-05-30T15:02:23","guid":{"rendered":"https:\/\/www.franciscansusa.org\/?page_id=15680"},"modified":"2023-06-06T08:51:09","modified_gmt":"2023-06-06T12:51:09","slug":"sacred-heart-of-jesus-devotional","status":"publish","type":"page","link":"https:\/\/www.franciscansusa.org\/es\/sacred-heart-of-jesus-devotional\/","title":{"rendered":"Devocional Sagrado Coraz\u00f3n de Jes\u00fas"},"content":{"rendered":"<div class=\"wpb-content-wrapper\"><section class=\"l-section wpb_row height_medium\"><div class=\"l-section-h i-cf\"><div class=\"g-cols vc_row type_default valign_top\"><div class=\"vc_col-sm-8 wpb_column vc_column_container\"><div class=\"vc_column-inner\"><div class=\"wpb_wrapper\"><div class=\"w-image align_center\"><div class=\"w-image-h\"><img loading=\"lazy\" decoding=\"async\" width=\"900\" height=\"600\" src=\"https:\/\/www.franciscansusa.org\/wp-content\/uploads\/2023\/05\/sacred-heart-of-jesus.jpg\" class=\"attachment-full size-full\" alt=\"\" srcset=\"https:\/\/www.franciscansusa.org\/wp-content\/uploads\/2023\/05\/sacred-heart-of-jesus.jpg 900w, https:\/\/www.franciscansusa.org\/wp-content\/uploads\/2023\/05\/sacred-heart-of-jesus-300x200.jpg 300w, https:\/\/www.franciscansusa.org\/wp-content\/uploads\/2023\/05\/sacred-heart-of-jesus-18x12.jpg 18w, https:\/\/www.franciscansusa.org\/wp-content\/uploads\/2023\/05\/sacred-heart-of-jesus-600x400.jpg 600w, https:\/\/www.franciscansusa.org\/wp-content\/uploads\/2023\/05\/sacred-heart-of-jesus-150x100.jpg 150w\" sizes=\"auto, (max-width: 900px) 100vw, 900px\" \/><\/div><\/div><div class=\"w-separator size_small\"><\/div><div class=\"wpb_text_column\" ><div class=\"wpb_wrapper\"><blockquote>\n<h4><strong>Mi Coraz\u00f3n divino est\u00e1 tan inflamado de amor por la humanidad, y por ti en particular, que ya no puede contener en s\u00ed las llamas de su amor ardiente, y debe esparcirlas a trav\u00e9s de ti...<\/strong><\/h4>\n<\/blockquote>\n<p style=\"text-align: right;\">-Revelaci\u00f3n de Nuestro Se\u00f1or a Santa Margarita Mar\u00eda Alacoque, diciembre de 1673<\/p>\n<p>Queridos amigos de los frailes,<\/p>\n<p>Durante el mes de junio, celebramos varias fiestas importantes, incluida la Fiesta del Sagrado Coraz\u00f3n de Jes\u00fas, el 16 de junio. La devoci\u00f3n al Sagrado Coraz\u00f3n se remonta a la Iglesia primitiva, pero la devoci\u00f3n, como muchos de nosotros la reconocemos, fue popularizada por Santa Margarita Mar\u00eda Alacoque, 1647-1690. Esta devoci\u00f3n se extendi\u00f3 y creci\u00f3 a medida que m\u00e1s y m\u00e1s fieles se sintieron atra\u00eddos por el mensaje de que el coraz\u00f3n de Jes\u00fas anhela unirse a nuestros corazones. Las visiones de Santa Margarita Mar\u00eda tuvieron lugar al comienzo de lo que ahora llamar\u00edamos \u201cla Ilustraci\u00f3n\u201d, cuando la raz\u00f3n y la ciencia eran vistas como las marcas distintivas de los seres humanos. De alguna manera, la devoci\u00f3n al Sagrado Coraz\u00f3n de Jes\u00fas sirvi\u00f3 como contrapeso a este \u00e9nfasis excesivo en el pensamiento y la raz\u00f3n.<\/p>\n<p>El coraz\u00f3n de Cristo contin\u00faa revel\u00e1ndose a trav\u00e9s de los muchos ministerios de los Frailes Franciscanos Conventuales: nuestro trabajo con los j\u00f3venes adultos que luchan con el significado de la fe en sus vidas; el alcance que tenemos a los migrantes que buscan seguridad para sus familias; el cuidado de los muchos peregrinos que buscan esperanza y consuelo mientras rezan en el Santuario de Nuestra Se\u00f1ora de la Consolaci\u00f3n en Carey, Ohio y los feligreses que son parte de las parroquias que cuidamos.<\/p>\n<p>El autor franc\u00e9s del siglo XX, Antoine de Sainte Exup\u00e9ry, escribi\u00f3 en su libro cl\u00e1sico, El Principito: \u201cSolo con el coraz\u00f3n se ve bien, lo esencial es invisible a los ojos\u201d. Nuestros frailes, en los Estados Unidos y en nuestras misiones extranjeras en Am\u00e9rica Central y \u00c1frica, han mirado a sus hermanos y hermanas con el coraz\u00f3n mientras responden a las muchas necesidades de una iglesia emergente y en expansi\u00f3n.<\/p>\n<p>Nuestros tres Centros de Espiritualidad: Mount Saint Francis Center for Spirituality (Mt St. Francis, IN), Franciscan Retreats and Spirituality Center (Prior Lake, MN) y Holy Cross Retreat Center (Mesilla Park, NM) muestran este coraz\u00f3n divino en su acogida a todos los que cruzan sus umbrales, especialmente a los que viven en los m\u00e1rgenes. Durante la pandemia, Holy Cross Retreat abri\u00f3 su coraz\u00f3n y su espacio a una mujer que luchaba contra el c\u00e1ncer y no ten\u00eda d\u00f3nde quedarse. \u201cSent\u00ed que estaba recibiendo un gran abrazo de parte de los frailes y el personal aqu\u00ed\u201d, dijo Terri. Los retiros en nuestro Prior Lake Center est\u00e1n cautivados por el hecho de que el equipo de predicaci\u00f3n les da la bienvenida tan pronto como entran y est\u00e1n all\u00ed para despedirlos cuando se van. Mt. St. Francis brinda espacio para que muchos estudiantes de secundaria experimenten el amor de Cristo; los frailes locales a menudo se sorprenden cuando los adultos j\u00f3venes dicen: \u201c\u00bfMonte San Francisco? \u00a1Hice mi retiro para personas mayores all\u00ed!\u201d<\/p>\n<\/div><\/div><\/div><\/div><\/div><div class=\"vc_col-sm-4 wpb_column vc_column_container\"><div class=\"vc_column-inner\"><div class=\"wpb_wrapper\">\n\t<div class=\"wpb_raw_code wpb_raw_html wpb_content_element us_custom_909b2fd0\" >\n\t\t<div class=\"wpb_wrapper\">\n\t\t\t<div class=\"qgiv-embed-container\" data-qgiv-embed=\"true\" data-embed-id=\"68419\" data-embed=\"https:\/\/secure.qgiv.com\/for\/sacredheartdevotional\/embed\/68419\/\" data-width=\"630\"><\/div>\n<script>(function(w, d, s, id){var js, fjs = d.getElementsByTagName(s)[0];if (d.getElementById(id)) return;js = d.createElement(s); js.id = id;js.src = \"https:\/\/secure.qgiv.com\/resources\/core\/js\/embed.js\";fjs.parentNode.insertBefore(js, fjs);})(window, document, 'script', 'qgiv-embedjs');<\/script>\n\t\t<\/div>\n\t<\/div>\n<div class=\"w-separator size_medium\"><\/div><div class=\"w-image align_center\"><a target=\"_blank\" href=\"https:\/\/www.franciscansusa.org\/es\/perpetual-mass\/\" rel=\"noopener\" aria-label=\"Rodear a\" class=\"w-image-h\"><img loading=\"lazy\" decoding=\"async\" width=\"1024\" height=\"606\" src=\"https:\/\/www.franciscansusa.org\/wp-content\/uploads\/2021\/01\/perpetual-mass-1024x606.png\" class=\"attachment-large size-large\" alt=\"\" srcset=\"https:\/\/www.franciscansusa.org\/wp-content\/uploads\/2021\/01\/perpetual-mass-1024x606.png 1024w, https:\/\/www.franciscansusa.org\/wp-content\/uploads\/2021\/01\/perpetual-mass-18x12.png 18w, https:\/\/www.franciscansusa.org\/wp-content\/uploads\/2021\/01\/perpetual-mass-150x89.png 150w, https:\/\/www.franciscansusa.org\/wp-content\/uploads\/2021\/01\/perpetual-mass-600x355.png 600w, https:\/\/www.franciscansusa.org\/wp-content\/uploads\/2021\/01\/perpetual-mass-300x178.png 300w\" sizes=\"auto, (max-width: 1024px) 100vw, 1024px\" \/><\/a><\/div><div class=\"w-btn-wrapper width_auto align_center\"><a class=\"w-btn us-btn-style_3\" title=\"Inscripci\u00f3n Misa Perpetua\" target=\"_blank\" href=\"https:\/\/www.franciscansusa.org\/es\/perpetual-mass\/\" rel=\"noopener\"><span class=\"w-btn-label\">Inscr\u00edbete en las Misas Perpetuas<\/span><\/a><\/div><\/div><\/div><\/div><\/div><\/div><\/section><section class=\"l-section wpb_row us_custom_8535c5f4 height_medium\"><div class=\"l-section-h i-cf\"><div class=\"g-cols vc_row type_default valign_top\"><div class=\"vc_col-sm-4 wpb_column vc_column_container\"><div class=\"vc_column-inner\"><div class=\"wpb_wrapper\"><div class=\"w-image align_center\"><div class=\"w-image-h\"><img loading=\"lazy\" decoding=\"async\" width=\"600\" height=\"400\" src=\"https:\/\/www.franciscansusa.org\/wp-content\/uploads\/2023\/05\/msf-17-600x400.jpg\" class=\"attachment-us_600_400_crop size-us_600_400_crop\" alt=\"\" \/><\/div><\/div><div class=\"wpb_text_column\" ><div class=\"wpb_wrapper\"><h6 style=\"text-align: center;\">Centro de Espiritualidad Mount Saint Francis<\/h6>\n<\/div><\/div><\/div><\/div><\/div><div class=\"vc_col-sm-4 wpb_column vc_column_container\"><div class=\"vc_column-inner\"><div class=\"wpb_wrapper\"><div class=\"w-image align_center\"><div class=\"w-image-h\"><img loading=\"lazy\" decoding=\"async\" width=\"600\" height=\"400\" src=\"https:\/\/www.franciscansusa.org\/wp-content\/uploads\/2023\/05\/frc-600x400.jpg\" class=\"attachment-us_600_400_crop size-us_600_400_crop\" alt=\"\" srcset=\"https:\/\/www.franciscansusa.org\/wp-content\/uploads\/2023\/05\/frc-600x400.jpg 600w, https:\/\/www.franciscansusa.org\/wp-content\/uploads\/2023\/05\/frc-300x200.jpg 300w, https:\/\/www.franciscansusa.org\/wp-content\/uploads\/2023\/05\/frc-18x12.jpg 18w, https:\/\/www.franciscansusa.org\/wp-content\/uploads\/2023\/05\/frc-150x100.jpg 150w, https:\/\/www.franciscansusa.org\/wp-content\/uploads\/2023\/05\/frc.jpg 1000w\" sizes=\"auto, (max-width: 600px) 100vw, 600px\" \/><\/div><\/div><div class=\"wpb_text_column\" ><div class=\"wpb_wrapper\"><h6 style=\"text-align: center;\">Centro Franciscano de Retiros y Espiritualidad<\/h6>\n<\/div><\/div><\/div><\/div><\/div><div class=\"vc_col-sm-4 wpb_column vc_column_container\"><div class=\"vc_column-inner\"><div class=\"wpb_wrapper\"><div class=\"w-image align_center\"><div class=\"w-image-h\"><img loading=\"lazy\" decoding=\"async\" width=\"600\" height=\"400\" src=\"https:\/\/www.franciscansusa.org\/wp-content\/uploads\/2023\/05\/holy-cross-retreat-center-1-600x400.jpg\" class=\"attachment-us_600_400_crop size-us_600_400_crop\" alt=\"\" srcset=\"https:\/\/www.franciscansusa.org\/wp-content\/uploads\/2023\/05\/holy-cross-retreat-center-1-600x400.jpg 600w, https:\/\/www.franciscansusa.org\/wp-content\/uploads\/2023\/05\/holy-cross-retreat-center-1-16x12.jpg 16w\" sizes=\"auto, (max-width: 600px) 100vw, 600px\" \/><\/div><\/div><div class=\"wpb_text_column\" ><div class=\"wpb_wrapper\"><h6 style=\"text-align: center;\">Centro de Retiros Santa Cruz<\/h6>\n<\/div><\/div><\/div><\/div><\/div><\/div><\/div><\/section><section class=\"l-section wpb_row height_medium\"><div class=\"l-section-h i-cf\"><div class=\"g-cols vc_row type_default valign_top\"><div class=\"vc_col-sm-12 wpb_column vc_column_container\"><div class=\"vc_column-inner\"><div class=\"wpb_wrapper\"><div class=\"wpb_text_column\" ><div class=\"wpb_wrapper\"><p><img loading=\"lazy\" decoding=\"async\" class=\"wp-image-15686 alignright\" src=\"https:\/\/www.franciscansusa.org\/wp-content\/uploads\/2023\/05\/gold-folder-600x400.jpg\" alt=\"\" width=\"318\" height=\"212\" srcset=\"https:\/\/www.franciscansusa.org\/wp-content\/uploads\/2023\/05\/gold-folder-600x400.jpg 600w, https:\/\/www.franciscansusa.org\/wp-content\/uploads\/2023\/05\/gold-folder-16x12.jpg 16w\" sizes=\"auto, (max-width: 318px) 100vw, 318px\" \/>Los frailes a menudo ministran al coraz\u00f3n herido de Cristo en su alcance a quienes est\u00e1n luchando contra enfermedades graves (y a sus seres queridos), as\u00ed como a quienes est\u00e1n de luto por la p\u00e9rdida de un ser querido. Muchos de nuestros amigos aprovechan la Membres\u00eda Perpetua en la Asociaci\u00f3n Misionera Franciscana durante este tiempo. Las familias comentan lo reconfortante que es saber que su ser querido ser\u00e1 recordado en una Misa diaria, una Misa todos los martes en honor a San Antonio, Misas concelebradas en Navidad, Semana Santa y las fiestas de la Inmaculada Concepci\u00f3n, San Francisco de As\u00eds y San Antonio de Padua; un recuerdo en todas las oraciones y devociones de los Franciscanos Conventuales y una Misa especial cada mes en cada iglesia y capilla seminario de la Orden. Las familias reciben una carpeta dorada con una imagen sagrada en un lado de la carpeta y un certificado de inscripci\u00f3n con el nombre del ser querido. En la foto sostengo una carpeta dorada con la imagen solicitada con frecuencia del Sagrado Coraz\u00f3n de Jes\u00fas.<\/p>\n<p>Al reflexionar sobre el amor divino que irradia del Sagrado Coraz\u00f3n de Jes\u00fas, recordamos nuestro llamado a compartir este amor con el mundo. La asociaci\u00f3n entre los frailes y nuestros seguidores, a trav\u00e9s de su compromiso y alcance inquebrantables, son faros de esperanza y amor en un mundo que lo necesita desesperadamente. Usted tambi\u00e9n puede desempe\u00f1ar un papel fundamental en la transformaci\u00f3n de vidas y la difusi\u00f3n del mensaje del Sagrado Coraz\u00f3n apoyando a los frailes en su misi\u00f3n y ministerios. Su generosa donaci\u00f3n tendr\u00e1 un impacto directo en la vida de quienes m\u00e1s lo necesitan, permitiendo que los frailes contin\u00faen con su labor vital, tocando corazones y encendiendo la llama del amor divino en innumerables almas.<\/p>\n<p>Unamos nuestras manos y ayudemos a los frailes a llevar el amor divino del Sagrado Coraz\u00f3n a aquellos que tienen hambre de su calor y consuelo. Done hoy y, juntos, podemos crear un futuro en el que se reconozca y valore la belleza esencial e invisible del coraz\u00f3n. Acomp\u00e1\u00f1anos en abrazar el mensaje de Santa Margarita Mar\u00eda Alacoque y ayuda a garantizar que el amor del Sagrado Coraz\u00f3n contin\u00fae ardiendo intensamente en las generaciones venideras.<\/p>\n<p>\u201cJes\u00fas, Rey y centro de todos los corazones\u2026 ten piedad de nosotros\u201d<\/p>\n<p>De la Letan\u00eda al Sagrado Coraz\u00f3n<\/p>\n<p>Dios los bendiga,<\/p>\n<p><img loading=\"lazy\" decoding=\"async\" class=\"alignnone wp-image-12054\" src=\"https:\/\/www.franciscansusa.org\/wp-content\/uploads\/2021\/07\/father-john-signature.png\" alt=\"\" width=\"194\" height=\"63\" srcset=\"https:\/\/www.franciscansusa.org\/wp-content\/uploads\/2021\/07\/father-john-signature.png 560w, https:\/\/www.franciscansusa.org\/wp-content\/uploads\/2021\/07\/father-john-signature-300x98.png 300w, https:\/\/www.franciscansusa.org\/wp-content\/uploads\/2021\/07\/father-john-signature-18x6.png 18w, https:\/\/www.franciscansusa.org\/wp-content\/uploads\/2021\/07\/father-john-signature-150x49.png 150w\" sizes=\"auto, (max-width: 194px) 100vw, 194px\" \/><\/p>\n<p>Padre John Elmer, OFM Conv.<br \/>\nDirector Espiritual<\/p>\n<p><strong>PS Con su regalo, env\u00edenos los nombres de aquellos que le gustar\u00eda que los frailes recordaran en la oraci\u00f3n, junto con cualquier intenci\u00f3n especial que pueda tener. \u00a1Sigue siendo nuestro honor y alegr\u00eda orar por usted y con usted!<\/strong><\/p>\n<\/div><\/div><\/div><\/div><\/div><\/div><\/div><\/section>\n<\/div>","protected":false},"excerpt":{"rendered":"Mi divino Coraz\u00f3n est\u00e1 de tal manera inflamado de amor por la humanidad, y por ti en particular, que ya no puede contener en s\u00ed las llamas de su ardiente amor, y debe difundirlas a trav\u00e9s de ti\u2026 -Revelaci\u00f3n de Nuestro Se\u00f1or a Santa Margarita Mar\u00eda Alacoque, diciembre de 1673 Queridos amigos de los frailes, Durante el mes de...","protected":false},"author":1,"featured_media":0,"parent":0,"menu_order":0,"comment_status":"closed","ping_status":"closed","template":"","meta":{"om_disable_all_campaigns":false,"_monsterinsights_skip_tracking":false,"_monsterinsights_sitenote_active":false,"_monsterinsights_sitenote_note":"","_monsterinsights_sitenote_category":0,"_uf_show_specific_survey":0,"_uf_disable_surveys":false,"footnotes":""},"class_list":["post-15680","page","type-page","status-publish","hentry"],"aioseo_notices":[],"publishpress_future_action":{"enabled":false,"date":"2026-05-01 14:31:59","action":"change-status","newStatus":"draft","terms":[],"taxonomy":"","extraData":[]},"publishpress_future_workflow_manual_trigger":{"enabledWorkflows":[]},"_links":{"self":[{"href":"https:\/\/www.franciscansusa.org\/es\/wp-json\/wp\/v2\/pages\/15680","targetHints":{"allow":["GET"]}}],"collection":[{"href":"https:\/\/www.franciscansusa.org\/es\/wp-json\/wp\/v2\/pages"}],"about":[{"href":"https:\/\/www.franciscansusa.org\/es\/wp-json\/wp\/v2\/types\/page"}],"author":[{"embeddable":true,"href":"https:\/\/www.franciscansusa.org\/es\/wp-json\/wp\/v2\/users\/1"}],"replies":[{"embeddable":true,"href":"https:\/\/www.franciscansusa.org\/es\/wp-json\/wp\/v2\/comments?post=15680"}],"version-history":[{"count":16,"href":"https:\/\/www.franciscansusa.org\/es\/wp-json\/wp\/v2\/pages\/15680\/revisions"}],"predecessor-version":[{"id":15726,"href":"https:\/\/www.franciscansusa.org\/es\/wp-json\/wp\/v2\/pages\/15680\/revisions\/15726"}],"wp:attachment":[{"href":"https:\/\/www.franciscansusa.org\/es\/wp-json\/wp\/v2\/media?parent=15680"}],"curies":[{"name":"gracias","href":"https:\/\/api.w.org\/{rel}","templated":true}]}}