{"id":16192,"date":"2023-08-03T09:21:36","date_gmt":"2023-08-03T13:21:36","guid":{"rendered":"https:\/\/www.franciscansusa.org\/?page_id=16192"},"modified":"2023-08-15T13:22:57","modified_gmt":"2023-08-15T17:22:57","slug":"2023-fall-newsletter-the-beauty-of-encounter","status":"publish","type":"page","link":"https:\/\/www.franciscansusa.org\/es\/2023-fall-newsletter-the-beauty-of-encounter\/","title":{"rendered":"2023 \u2013 Bolet\u00edn de Oto\u00f1o \u2013 La Belleza del Encuentro"},"content":{"rendered":"<div class=\"wpb-content-wrapper\"><section class=\"l-section wpb_row height_medium\"><div class=\"l-section-h i-cf\"><div class=\"g-cols vc_row type_default valign_top\"><div class=\"vc_col-sm-12 wpb_column vc_column_container\"><div class=\"vc_column-inner\"><div class=\"wpb_wrapper\"><div class=\"w-image align_center\"><div class=\"w-image-h\"><img loading=\"lazy\" decoding=\"async\" width=\"1400\" height=\"366\" src=\"https:\/\/www.franciscansusa.org\/wp-content\/uploads\/2023\/08\/st-anthony-fall-2023-header.jpg\" class=\"attachment-full size-full\" alt=\"\" srcset=\"https:\/\/www.franciscansusa.org\/wp-content\/uploads\/2023\/08\/st-anthony-fall-2023-header.jpg 1400w, https:\/\/www.franciscansusa.org\/wp-content\/uploads\/2023\/08\/st-anthony-fall-2023-header-300x78.jpg 300w, https:\/\/www.franciscansusa.org\/wp-content\/uploads\/2023\/08\/st-anthony-fall-2023-header-1024x268.jpg 1024w, https:\/\/www.franciscansusa.org\/wp-content\/uploads\/2023\/08\/st-anthony-fall-2023-header-18x5.jpg 18w, https:\/\/www.franciscansusa.org\/wp-content\/uploads\/2023\/08\/st-anthony-fall-2023-header-150x39.jpg 150w, https:\/\/www.franciscansusa.org\/wp-content\/uploads\/2023\/08\/st-anthony-fall-2023-header-600x157.jpg 600w\" sizes=\"auto, (max-width: 1400px) 100vw, 1400px\" \/><\/div><\/div><\/div><\/div><\/div><\/div><\/div><\/section><section class=\"l-section wpb_row height_medium\"><div class=\"l-section-h i-cf\"><div class=\"g-cols vc_row type_default valign_top\"><div class=\"vc_col-sm-12 wpb_column vc_column_container\"><div class=\"vc_column-inner\"><div class=\"wpb_wrapper\"><div class=\"wpb_text_column\" ><div class=\"wpb_wrapper\"><p><img loading=\"lazy\" decoding=\"async\" class=\"wp-image-9882 alignright\" src=\"https:\/\/www.franciscansusa.org\/wp-content\/uploads\/2020\/02\/Screenshot-2020-02-28-10.12.46.png\" alt=\"\" width=\"208\" height=\"208\" srcset=\"https:\/\/www.franciscansusa.org\/wp-content\/uploads\/2020\/02\/Screenshot-2020-02-28-10.12.46-11x12.png 11w, https:\/\/www.franciscansusa.org\/wp-content\/uploads\/2020\/02\/Screenshot-2020-02-28-10.12.46-25x25.png 25w, https:\/\/www.franciscansusa.org\/wp-content\/uploads\/2020\/02\/Screenshot-2020-02-28-10.12.46-150x150.png 150w, https:\/\/www.franciscansusa.org\/wp-content\/uploads\/2020\/02\/Screenshot-2020-02-28-10.12.46-600x600.png 600w\" sizes=\"auto, (max-width: 208px) 100vw, 208px\" \/><\/p>\n<p>Queridos amigos,<\/p>\n<p>\u00a1Saludos en el Se\u00f1or de parte de los Frailes Franciscanos de la Provincia de Nuestra Se\u00f1ora de Consolaci\u00f3n!<\/p>\n<p>Muchas escapadas se realizan durante los meses de verano cuando nuestros hijos est\u00e1n de vacaciones escolares. Algunos hacen un recorrido por lugares memorables. Otros van en peregrinaci\u00f3n. \u00bfCu\u00e1l es la diferencia entre hacer un recorrido y hacer una peregrinaci\u00f3n?<\/p>\n<p>En los recorridos vemos majestuosas vistas de monta\u00f1as, r\u00edos, espectaculares edificios arquitect\u00f3nicos, palacios, catedrales, etc. Peregrinar es un viaje espiritual, estar abiertos a tener un encuentro con el lugar de inter\u00e9s o la persona de la historia que queremos. encontrar y conocer a la persona.<\/p>\n<p>Los art\u00edculos de este bolet\u00edn nos presentan la naturaleza y el esp\u00edritu de las peregrinaciones. Fray Randy Kin da la bienvenida a hombres y mujeres en peregrinaci\u00f3n al Santuario y Bas\u00edlica de Nuestra Se\u00f1ora de la Consolaci\u00f3n y habla del significado de la peregrinaci\u00f3n en la vida de las personas. Fray Mario Serrano comparte la experiencia de encontrar otra cultura como \u201chermandad\u201d con los frailes y el pueblo de Zambia. El art\u00edculo \u201cFrancisco y el encuentro con los dem\u00e1s\u201d reflexiona desde el momento del primer encuentro de San Francisco con los leprosos hasta el final de los d\u00edas de su vida marcados por todos los encuentros en los que experiment\u00f3 la misericordia y la compasi\u00f3n de Dios.<\/p>\n<p>Los hermanos seguiremos record\u00e1ndolos, nuestros queridos amigos y compa\u00f1eros, en nuestras oraciones y devociones diarias.<\/p>\n<p>\u00a1Que Dios los bendiga y los llene de la paz de nuestro Se\u00f1or!<\/p>\n<p>Sinceramente en Cristo, San Francisco y San Antonio<\/p>\n<p><a ref=\"magnificPopup\" href=\"https:\/\/www.franciscansusa.org\/wp-content\/uploads\/2021\/07\/father-john-signature.png\"><img loading=\"lazy\" decoding=\"async\" class=\"alignnone wp-image-12054\" src=\"https:\/\/www.franciscansusa.org\/wp-content\/uploads\/2021\/07\/father-john-signature.png\" alt=\"\" width=\"151\" height=\"49\" srcset=\"https:\/\/www.franciscansusa.org\/wp-content\/uploads\/2021\/07\/father-john-signature.png 560w, https:\/\/www.franciscansusa.org\/wp-content\/uploads\/2021\/07\/father-john-signature-300x98.png 300w, https:\/\/www.franciscansusa.org\/wp-content\/uploads\/2021\/07\/father-john-signature-18x6.png 18w, https:\/\/www.franciscansusa.org\/wp-content\/uploads\/2021\/07\/father-john-signature-150x49.png 150w\" sizes=\"auto, (max-width: 151px) 100vw, 151px\" \/><\/a><\/p>\n<p>Padre John Elmer OFM Conv.<br \/>\nDirector Espiritual<\/p>\n<\/div><\/div><\/div><\/div><\/div><\/div><\/div><\/section><section class=\"l-section wpb_row height_medium\"><div class=\"l-section-h i-cf\"><div class=\"g-cols vc_row type_default valign_top\"><div class=\"vc_col-sm-12 wpb_column vc_column_container\"><div class=\"vc_column-inner\"><div class=\"wpb_wrapper\"><div class=\"w-grid type_grid layout_12064 cols_2 overflow_hidden\" id=\"us_grid_1\" data-filterable=\"true\"><style id=\"us_grid_1_css\">#us_grid_1 .w-grid-item{padding:1.5rem}#us_grid_1 .w-grid-list{margin:-1.5rem}.w-grid + #us_grid_1 .w-grid-list{margin-top:1.5rem}@media (max-width:599px){#us_grid_1 .w-grid-list{margin:0}#us_grid_1 .w-grid-item{width:100.0000%;padding:0;margin-bottom:1.5rem}}<\/style><style>.layout_12064 .w-grid-item-h{background:var(--color-content-bg);color:var(--color-content-text);border-radius:0.3rem;z-index:3;box-shadow:0 0.03rem 0.06rem rgba(0,0,0,0.1),0 0.10rem 0.30rem rgba(0,0,0,0.1);transition-duration:0.3s}.no-touch .layout_12064 .w-grid-item-h:hover{box-shadow:0 0.10rem 0.20rem rgba(0,0,0,0.1),0 0.33rem 1.00rem rgba(0,0,0,0.15);z-index:4}.layout_12064 .usg_post_title_1{font-size:1.4rem!important;font-weight:700!important}.layout_12064 .usg_vwrapper_1{padding:9% 11% 11% 11%!important}.layout_12064 .usg_hwrapper_1{color:var(--color-content-faded)!important;font-size:0.9rem!important}@media (max-width:599px){.layout_12064 .usg_post_title_1{font-size:1.2rem!important}}<\/style><div class=\"w-grid-list\" >\t<article class=\"w-grid-item size_1x1 post-16329 post type-post status-publish format-standard has-post-thumbnail hentry category-2023-fall-newsletter-the-beauty-in-encounter\" data-id=\"16329\">\r\n\t\t<div class=\"w-grid-item-h\">\r\n\t\t\t\t\t\t<div class=\"w-post-elm post_image usg_post_image_1 stretched\"><a href=\"https:\/\/www.franciscansusa.org\/es\/st-francis-encounters-with-mercy-and-compassion\/\" aria-label=\"Encuentros de San Francisco con la Misericordia y la Compasi\u00f3n\"><img loading=\"lazy\" decoding=\"async\" width=\"1024\" height=\"404\" src=\"https:\/\/www.franciscansusa.org\/wp-content\/uploads\/2023\/08\/beauty-in-encounter-1024x404.jpg\" class=\"attachment-large size-large wp-post-image\" alt=\"\" srcset=\"https:\/\/www.franciscansusa.org\/wp-content\/uploads\/2023\/08\/beauty-in-encounter-1024x404.jpg 1024w, https:\/\/www.franciscansusa.org\/wp-content\/uploads\/2023\/08\/beauty-in-encounter-300x119.jpg 300w, https:\/\/www.franciscansusa.org\/wp-content\/uploads\/2023\/08\/beauty-in-encounter-18x7.jpg 18w, https:\/\/www.franciscansusa.org\/wp-content\/uploads\/2023\/08\/beauty-in-encounter-150x59.jpg 150w, https:\/\/www.franciscansusa.org\/wp-content\/uploads\/2023\/08\/beauty-in-encounter-600x237.jpg 600w, https:\/\/www.franciscansusa.org\/wp-content\/uploads\/2023\/08\/beauty-in-encounter.jpg 1400w\" sizes=\"auto, (max-width: 1024px) 100vw, 1024px\" \/><\/a><\/div><div class=\"w-vwrapper usg_vwrapper_1 align_left valign_top\"><h2 class=\"w-post-elm post_title usg_post_title_1 entry-title color_link_inherit\"><a href=\"https:\/\/www.franciscansusa.org\/es\/st-francis-encounters-with-mercy-and-compassion\/\">Encuentros de San Francisco con la Misericordia y la Compasi\u00f3n<\/a><\/h2><div class=\"w-hwrapper usg_hwrapper_1 align_left valign_top wrap\"><\/div><div class=\"w-post-elm post_content usg_post_content_1\">Encuentros de San Francisco con la Misericordia y la Compasi\u00f3n, por fray Steve McMichael, OFM Conv. Hacia el final de su vida, Francisco de As\u00eds (m. 1226) escribi\u00f3 una reflexi\u00f3n personal titulada &quot;El Testamento&quot;, en la que relata su encuentro con los leprosos: &quot;El Se\u00f1or me dio, hermano Francisco, as\u00ed, comenzar a hacer penitencia...&quot;<\/div><a class=\"w-btn us-btn-style_3 usg_btn_1\" href=\"https:\/\/www.franciscansusa.org\/es\/st-francis-encounters-with-mercy-and-compassion\/\"><span class=\"w-btn-label\">Leer m\u00e1s<\/span><\/a><\/div>\t\t<\/div>\r\n\t<\/article>\r\n\t<article class=\"w-grid-item size_1x1 post-16332 post type-post status-publish format-standard has-post-thumbnail hentry category-2023-fall-newsletter-the-beauty-in-encounter\" data-id=\"16332\">\r\n\t\t<div class=\"w-grid-item-h\">\r\n\t\t\t\t\t\t<div class=\"w-post-elm post_image usg_post_image_1 stretched\"><a href=\"https:\/\/www.franciscansusa.org\/es\/encountering-through-the-generations\/\" aria-label=\"Encuentro a trav\u00e9s de las generaciones\"><img loading=\"lazy\" decoding=\"async\" width=\"864\" height=\"652\" src=\"https:\/\/www.franciscansusa.org\/wp-content\/uploads\/2023\/08\/encounter-throught-the-generations.jpg\" class=\"attachment-large size-large wp-post-image\" alt=\"\" srcset=\"https:\/\/www.franciscansusa.org\/wp-content\/uploads\/2023\/08\/encounter-throught-the-generations.jpg 864w, https:\/\/www.franciscansusa.org\/wp-content\/uploads\/2023\/08\/encounter-throught-the-generations-300x226.jpg 300w, https:\/\/www.franciscansusa.org\/wp-content\/uploads\/2023\/08\/encounter-throught-the-generations-16x12.jpg 16w, https:\/\/www.franciscansusa.org\/wp-content\/uploads\/2023\/08\/encounter-throught-the-generations-150x113.jpg 150w, https:\/\/www.franciscansusa.org\/wp-content\/uploads\/2023\/08\/encounter-throught-the-generations-530x400.jpg 530w, https:\/\/www.franciscansusa.org\/wp-content\/uploads\/2023\/08\/encounter-throught-the-generations-600x453.jpg 600w\" sizes=\"auto, (max-width: 864px) 100vw, 864px\" \/><\/a><\/div><div class=\"w-vwrapper usg_vwrapper_1 align_left valign_top\"><h2 class=\"w-post-elm post_title usg_post_title_1 entry-title color_link_inherit\"><a href=\"https:\/\/www.franciscansusa.org\/es\/encountering-through-the-generations\/\">Encuentro a trav\u00e9s de las generaciones<\/a><\/h2><div class=\"w-hwrapper usg_hwrapper_1 align_left valign_top wrap\"><\/div><div class=\"w-post-elm post_content usg_post_content_1\">Nuestra sociedad se ha vuelto cada vez m\u00e1s consciente de las distinciones generacionales: qu\u00e9 a\u00f1os, eventos importantes y caracter\u00edsticas definen a una generaci\u00f3n y moldean su visi\u00f3n del mundo. Incluso les hemos dado nombres: Baby Boomers, Generaci\u00f3n X, Millennials, etc. Por supuesto, las diferencias en experiencias de vida, valores y perspectivas generan tensi\u00f3n. No es raro notar que las personas mayores\u2026<\/div><a class=\"w-btn us-btn-style_3 usg_btn_1\" href=\"https:\/\/www.franciscansusa.org\/es\/encountering-through-the-generations\/\"><span class=\"w-btn-label\">Leer m\u00e1s<\/span><\/a><\/div>\t\t<\/div>\r\n\t<\/article>\r\n\t<article class=\"w-grid-item size_1x1 post-16334 post type-post status-publish format-standard has-post-thumbnail hentry category-2023-fall-newsletter-the-beauty-in-encounter\" data-id=\"16334\">\r\n\t\t<div class=\"w-grid-item-h\">\r\n\t\t\t\t\t\t<div class=\"w-post-elm post_image usg_post_image_1 stretched\"><a href=\"https:\/\/www.franciscansusa.org\/es\/a-brotherhood-of-belonging\/\" aria-label=\"Una hermandad de pertenencia\"><img loading=\"lazy\" decoding=\"async\" width=\"1024\" height=\"617\" src=\"https:\/\/www.franciscansusa.org\/wp-content\/uploads\/2023\/08\/brotherhood-of-belonging-1024x617.jpg\" class=\"attachment-large size-large wp-post-image\" alt=\"\" srcset=\"https:\/\/www.franciscansusa.org\/wp-content\/uploads\/2023\/08\/brotherhood-of-belonging-1024x617.jpg 1024w, https:\/\/www.franciscansusa.org\/wp-content\/uploads\/2023\/08\/brotherhood-of-belonging-300x181.jpg 300w, https:\/\/www.franciscansusa.org\/wp-content\/uploads\/2023\/08\/brotherhood-of-belonging-18x12.jpg 18w, https:\/\/www.franciscansusa.org\/wp-content\/uploads\/2023\/08\/brotherhood-of-belonging-150x90.jpg 150w, https:\/\/www.franciscansusa.org\/wp-content\/uploads\/2023\/08\/brotherhood-of-belonging-600x361.jpg 600w, https:\/\/www.franciscansusa.org\/wp-content\/uploads\/2023\/08\/brotherhood-of-belonging.jpg 1400w\" sizes=\"auto, (max-width: 1024px) 100vw, 1024px\" \/><\/a><\/div><div class=\"w-vwrapper usg_vwrapper_1 align_left valign_top\"><h2 class=\"w-post-elm post_title usg_post_title_1 entry-title color_link_inherit\"><a href=\"https:\/\/www.franciscansusa.org\/es\/a-brotherhood-of-belonging\/\">Una hermandad de pertenencia<\/a><\/h2><div class=\"w-hwrapper usg_hwrapper_1 align_left valign_top wrap\"><\/div><div class=\"w-post-elm post_content usg_post_content_1\">Hace m\u00e1s de 90 a\u00f1os, los primeros frailes franciscanos conventuales partieron de Italia rumbo a lo que hoy conocemos como Zambia. Poco despu\u00e9s de la Segunda Guerra Mundial, en 1945, los frailes de Nuestra Se\u00f1ora de la Consolaci\u00f3n se unir\u00edan a los frailes de la zona de Copperbelt para ministrar al pueblo bemba. Su disposici\u00f3n a compartir la vida evang\u00e9lica se expandi\u00f3...<\/div><a class=\"w-btn us-btn-style_3 usg_btn_1\" href=\"https:\/\/www.franciscansusa.org\/es\/a-brotherhood-of-belonging\/\"><span class=\"w-btn-label\">Leer m\u00e1s<\/span><\/a><\/div>\t\t<\/div>\r\n\t<\/article>\r\n\t<article class=\"w-grid-item size_1x1 post-16343 post type-post status-publish format-standard has-post-thumbnail hentry category-2023-fall-newsletter-the-beauty-in-encounter category-uncategorized\" data-id=\"16343\">\r\n\t\t<div class=\"w-grid-item-h\">\r\n\t\t\t\t\t\t<div class=\"w-post-elm post_image usg_post_image_1 stretched\"><a href=\"https:\/\/www.franciscansusa.org\/es\/pilgrimage-a-transformative-encounter\/\" aria-label=\"Peregrinaci\u00f3n: un encuentro transformador\"><img loading=\"lazy\" decoding=\"async\" width=\"1024\" height=\"389\" src=\"https:\/\/www.franciscansusa.org\/wp-content\/uploads\/2023\/08\/pilgrimage-encounter-1024x389.jpg\" class=\"attachment-large size-large wp-post-image\" alt=\"\" srcset=\"https:\/\/www.franciscansusa.org\/wp-content\/uploads\/2023\/08\/pilgrimage-encounter-1024x389.jpg 1024w, https:\/\/www.franciscansusa.org\/wp-content\/uploads\/2023\/08\/pilgrimage-encounter-300x114.jpg 300w, https:\/\/www.franciscansusa.org\/wp-content\/uploads\/2023\/08\/pilgrimage-encounter-18x7.jpg 18w, https:\/\/www.franciscansusa.org\/wp-content\/uploads\/2023\/08\/pilgrimage-encounter-150x57.jpg 150w, https:\/\/www.franciscansusa.org\/wp-content\/uploads\/2023\/08\/pilgrimage-encounter-600x228.jpg 600w, https:\/\/www.franciscansusa.org\/wp-content\/uploads\/2023\/08\/pilgrimage-encounter.jpg 1400w\" sizes=\"auto, (max-width: 1024px) 100vw, 1024px\" \/><\/a><\/div><div class=\"w-vwrapper usg_vwrapper_1 align_left valign_top\"><h2 class=\"w-post-elm post_title usg_post_title_1 entry-title color_link_inherit\"><a href=\"https:\/\/www.franciscansusa.org\/es\/pilgrimage-a-transformative-encounter\/\">Peregrinaci\u00f3n: un encuentro transformador<\/a><\/h2><div class=\"w-hwrapper usg_hwrapper_1 align_left valign_top wrap\"><\/div><div class=\"w-post-elm post_content usg_post_content_1\">Recientemente, nuestra Oficina de Promoci\u00f3n de la Misi\u00f3n patrocin\u00f3 una peregrinaci\u00f3n a Baviera con los frailes Wayne Hellmann, OFM Conv., y Steven McMichael, OFM Conv., como gu\u00edas. Varios peregrinos se conoc\u00edan entre s\u00ed o a los frailes Steve o Wayne, y unos pocos solo ten\u00edan una conexi\u00f3n con el Monte San Francisco. Un grupo de peregrinos se inscribi\u00f3 para\u2026<\/div><a class=\"w-btn us-btn-style_3 usg_btn_1\" href=\"https:\/\/www.franciscansusa.org\/es\/pilgrimage-a-transformative-encounter\/\"><span class=\"w-btn-label\">Leer m\u00e1s<\/span><\/a><\/div>\t\t<\/div>\r\n\t<\/article>\r\n\t<article class=\"w-grid-item size_1x1 post-16347 post type-post status-publish format-standard has-post-thumbnail hentry category-2023-fall-newsletter-the-beauty-in-encounter\" data-id=\"16347\">\r\n\t\t<div class=\"w-grid-item-h\">\r\n\t\t\t\t\t\t<div class=\"w-post-elm post_image usg_post_image_1 stretched\"><a href=\"https:\/\/www.franciscansusa.org\/es\/invitation-to-encounter-a-franciscan-perspective-on-pilgrimage-ministry\/\" aria-label=\"Invitaci\u00f3n al encuentro: una perspectiva franciscana sobre el ministerio de peregrinaci\u00f3n\"><img loading=\"lazy\" decoding=\"async\" width=\"1024\" height=\"576\" src=\"https:\/\/www.franciscansusa.org\/wp-content\/uploads\/2023\/08\/358363398_581172787559274_4989294674192723293_n-1024x576.jpg\" class=\"attachment-large size-large wp-post-image\" alt=\"\" srcset=\"https:\/\/www.franciscansusa.org\/wp-content\/uploads\/2023\/08\/358363398_581172787559274_4989294674192723293_n-1024x576.jpg 1024w, https:\/\/www.franciscansusa.org\/wp-content\/uploads\/2023\/08\/358363398_581172787559274_4989294674192723293_n-300x169.jpg 300w, https:\/\/www.franciscansusa.org\/wp-content\/uploads\/2023\/08\/358363398_581172787559274_4989294674192723293_n-18x10.jpg 18w, https:\/\/www.franciscansusa.org\/wp-content\/uploads\/2023\/08\/358363398_581172787559274_4989294674192723293_n-150x84.jpg 150w, https:\/\/www.franciscansusa.org\/wp-content\/uploads\/2023\/08\/358363398_581172787559274_4989294674192723293_n-600x338.jpg 600w, https:\/\/www.franciscansusa.org\/wp-content\/uploads\/2023\/08\/358363398_581172787559274_4989294674192723293_n.jpg 1600w\" sizes=\"auto, (max-width: 1024px) 100vw, 1024px\" \/><\/a><\/div><div class=\"w-vwrapper usg_vwrapper_1 align_left valign_top\"><h2 class=\"w-post-elm post_title usg_post_title_1 entry-title color_link_inherit\"><a href=\"https:\/\/www.franciscansusa.org\/es\/invitation-to-encounter-a-franciscan-perspective-on-pilgrimage-ministry\/\">Invitaci\u00f3n al encuentro: una perspectiva franciscana sobre el ministerio de peregrinaci\u00f3n<\/a><\/h2><div class=\"w-hwrapper usg_hwrapper_1 align_left valign_top wrap\"><\/div><div class=\"w-post-elm post_content usg_post_content_1\">Fray Randy Kin, guiando a los devotos en una serena procesi\u00f3n del rosario en Nuestra Se\u00f1ora de la Consolaci\u00f3n, Carey, Ohio. Un camino de fe, una oraci\u00f3n a la vez. Invitaci\u00f3n al Encuentro: Una Perspectiva Franciscana sobre el Ministerio de Peregrinaci\u00f3n. Preguntas y respuestas con el Ministro de Hospitalidad de Nuestra Se\u00f1ora de la Consolaci\u00f3n, fray Randy Kin, OFM Conv.\u2026<\/div><a class=\"w-btn us-btn-style_3 usg_btn_1\" href=\"https:\/\/www.franciscansusa.org\/es\/invitation-to-encounter-a-franciscan-perspective-on-pilgrimage-ministry\/\"><span class=\"w-btn-label\">Leer m\u00e1s<\/span><\/a><\/div>\t\t<\/div>\r\n\t<\/article>\r\n<\/div><div class=\"w-grid-preloader\"><div class=\"g-preloader type_1\">\r\n\t<div><\/div>\r\n<\/div>\r\n<\/div>\t<div class=\"w-grid-json hidden\" onclick='return {&quot;action&quot;:&quot;us_ajax_grid&quot;,&quot;ajax_url&quot;:&quot;https:\\\/\\\/www.franciscansusa.org\\\/wp-admin\\\/admin-ajax.php&quot;,&quot;infinite_scroll&quot;:0,&quot;max_num_pages&quot;:1,&quot;pagination&quot;:&quot;none&quot;,&quot;permalink_url&quot;:&quot;https:\\\/\\\/www.franciscansusa.org\\\/es\\\/wp-json\\\/wp\\\/v2\\\/pages\\\/16192&quot;,&quot;template_vars&quot;:{&quot;columns&quot;:&quot;2&quot;,&quot;exclude_items&quot;:&quot;none&quot;,&quot;img_size&quot;:&quot;default&quot;,&quot;ignore_items_size&quot;:false,&quot;items_layout&quot;:&quot;12064&quot;,&quot;items_offset&quot;:&quot;1&quot;,&quot;load_animation&quot;:&quot;none&quot;,&quot;overriding_link&quot;:&quot;none&quot;,&quot;post_id&quot;:16192,&quot;query_args&quot;:{&quot;post_type&quot;:[&quot;post&quot;],&quot;tax_query&quot;:[{&quot;taxonomy&quot;:&quot;category&quot;,&quot;field&quot;:&quot;slug&quot;,&quot;terms&quot;:[&quot;2023-fall-newsletter-the-beauty-in-encounter&quot;]}],&quot;post_status&quot;:[&quot;publish&quot;],&quot;posts_per_page&quot;:&quot;10&quot;},&quot;orderby_query_args&quot;:{&quot;orderby&quot;:{&quot;date&quot;:&quot;ASC&quot;}},&quot;type&quot;:&quot;grid&quot;,&quot;us_grid_ajax_index&quot;:1,&quot;us_grid_filter_params&quot;:null,&quot;us_grid_index&quot;:1,&quot;_us_grid_post_type&quot;:&quot;post&quot;}}'><\/div>\r\n\t<\/div><\/div><\/div><\/div><\/div><\/div><\/section>\n<\/div>","protected":false},"excerpt":{"rendered":"Fray Randy Kin, guiando a los devotos en una serena procesi\u00f3n del rosario en Our Lady of Consolation, Carey, Ohio. Un camino de fe, una oraci\u00f3n a la vez. Invitaci\u00f3n al encuentro: Una perspectiva franciscana sobre el ministerio de peregrinaci\u00f3n Preguntas y respuestas con el Ministro de Hospitalidad de Nuestra Se\u00f1ora de la Consolaci\u00f3n, fray Randy Kin, OFM Conv. \u00bfPor qu\u00e9 es...?","protected":false},"author":1,"featured_media":16308,"parent":0,"menu_order":0,"comment_status":"closed","ping_status":"closed","template":"","meta":{"om_disable_all_campaigns":false,"_monsterinsights_skip_tracking":false,"_monsterinsights_sitenote_active":false,"_monsterinsights_sitenote_note":"","_monsterinsights_sitenote_category":0,"_uf_show_specific_survey":0,"_uf_disable_surveys":false,"footnotes":""},"class_list":["post-16192","page","type-page","status-publish","has-post-thumbnail","hentry"],"aioseo_notices":[],"publishpress_future_action":{"enabled":false,"date":"2026-04-16 06:26:36","action":"change-status","newStatus":"draft","terms":[],"taxonomy":"","extraData":[]},"publishpress_future_workflow_manual_trigger":{"enabledWorkflows":[]},"_links":{"self":[{"href":"https:\/\/www.franciscansusa.org\/es\/wp-json\/wp\/v2\/pages\/16192","targetHints":{"allow":["GET"]}}],"collection":[{"href":"https:\/\/www.franciscansusa.org\/es\/wp-json\/wp\/v2\/pages"}],"about":[{"href":"https:\/\/www.franciscansusa.org\/es\/wp-json\/wp\/v2\/types\/page"}],"author":[{"embeddable":true,"href":"https:\/\/www.franciscansusa.org\/es\/wp-json\/wp\/v2\/users\/1"}],"replies":[{"embeddable":true,"href":"https:\/\/www.franciscansusa.org\/es\/wp-json\/wp\/v2\/comments?post=16192"}],"version-history":[{"count":5,"href":"https:\/\/www.franciscansusa.org\/es\/wp-json\/wp\/v2\/pages\/16192\/revisions"}],"predecessor-version":[{"id":16350,"href":"https:\/\/www.franciscansusa.org\/es\/wp-json\/wp\/v2\/pages\/16192\/revisions\/16350"}],"wp:featuredmedia":[{"embeddable":true,"href":"https:\/\/www.franciscansusa.org\/es\/wp-json\/wp\/v2\/media\/16308"}],"wp:attachment":[{"href":"https:\/\/www.franciscansusa.org\/es\/wp-json\/wp\/v2\/media?parent=16192"}],"curies":[{"name":"gracias","href":"https:\/\/api.w.org\/{rel}","templated":true}]}}