{"id":16495,"date":"2023-08-30T12:50:52","date_gmt":"2023-08-30T16:50:52","guid":{"rendered":"https:\/\/www.franciscansusa.org\/?page_id=16495"},"modified":"2023-08-30T12:54:02","modified_gmt":"2023-08-30T16:54:02","slug":"prayer-request-don-sta","status":"publish","type":"page","link":"https:\/\/www.franciscansusa.org\/es\/prayer-request-don-sta\/","title":{"rendered":"Solicitud de oraci\u00f3n Donaciones"},"content":{"rendered":"<div class=\"wpb-content-wrapper\"><section class=\"l-section wpb_row height_huge with_img with_overlay\"><div class=\"l-section-img\" style=\"background-image: url(https:\/\/www.franciscansusa.org\/wp-content\/uploads\/2020\/06\/friar-mario-seperation.jpg);\" data-img-width=\"1731\" data-img-height=\"1154\"><\/div><div class=\"l-section-overlay\" style=\"background: rgba(0,0,0,0.6)\"><\/div><div class=\"l-section-h i-cf\"><div class=\"g-cols vc_row type_default valign_top\"><div class=\"vc_col-sm-12 wpb_column vc_column_container\"><div class=\"vc_column-inner\"><div class=\"wpb_wrapper\"><div class=\"wpb_text_column\" ><div class=\"wpb_wrapper\"><h2><span style=\"color: #ffffff;\"><strong>Peticiones de oraci\u00f3n<\/strong><\/span><\/h2>\n<\/div><\/div><\/div><\/div><\/div><\/div><\/div><\/section><section class=\"l-section wpb_row height_medium\"><div class=\"l-section-h i-cf\"><div class=\"g-cols vc_row type_default valign_top\"><div class=\"vc_col-sm-6 wpb_column vc_column_container\"><div class=\"vc_column-inner\"><div class=\"wpb_wrapper\"><div class=\"w-image align_none\"><div class=\"w-image-h\"><img loading=\"lazy\" decoding=\"async\" width=\"600\" height=\"364\" src=\"https:\/\/www.franciscansusa.org\/wp-content\/uploads\/2021\/01\/thanksgiving-2018-HC-small.jpg\" class=\"attachment-shop_single size-shop_single\" alt=\"\" srcset=\"https:\/\/www.franciscansusa.org\/wp-content\/uploads\/2021\/01\/thanksgiving-2018-HC-small.jpg 600w, https:\/\/www.franciscansusa.org\/wp-content\/uploads\/2021\/01\/thanksgiving-2018-HC-small-18x12.jpg 18w, https:\/\/www.franciscansusa.org\/wp-content\/uploads\/2021\/01\/thanksgiving-2018-HC-small-150x91.jpg 150w, https:\/\/www.franciscansusa.org\/wp-content\/uploads\/2021\/01\/thanksgiving-2018-HC-small-300x182.jpg 300w\" sizes=\"auto, (max-width: 600px) 100vw, 600px\" \/><\/div><\/div><div class=\"w-separator size_small\"><\/div><div class=\"wpb_text_column\" ><div class=\"wpb_wrapper\"><header><\/header>\n<div class=\"entry-content\">\n<div id=\"pl-165\" class=\"panel-layout\">\n<div id=\"pg-165-0\" class=\"panel-grid panel-no-style\">\n<div id=\"pgc-165-0-0\" class=\"panel-grid-cell\">\n<div id=\"panel-165-0-0-0\" class=\"so-panel widget widget_black-studio-tinymce widget_black_studio_tinymce panel-first-child panel-last-child\" data-index=\"0\">\n<div class=\"textwidget\">\n<p>Siguiendo el ejemplo de Jes\u00fas, San Francisco de As\u00eds desarroll\u00f3 una profunda relaci\u00f3n con Dios entreg\u00e1ndose a la oraci\u00f3n durante el d\u00eda.<\/p>\n<p>Hoy, esa tradici\u00f3n contin\u00faa en capillas, conventos y conventos en todo el mundo. Los miembros de la familia franciscana se re\u00fanen para orar por su vida consagrada, sus ministerios y los queridos amigos de los frailes que apoyan su trabajo y vida de servicio con la generosidad de sus dones y talentos.<\/p>\n<p>Estamos agradecidos de tener la oportunidad de orar por usted, sus seres queridos y sus intenciones.<\/p>\n<p>Sus intenciones ser\u00e1n colocadas en el Altar de San Antonio.<br \/>\nLos frailes rezar\u00e1n diariamente por vuestras intenciones.<\/p>\n<\/div>\n<\/div>\n<\/div>\n<\/div>\n<\/div>\n<\/div>\n<\/div><\/div><\/div><\/div><\/div><div class=\"vc_col-sm-6 wpb_column vc_column_container\"><div class=\"vc_column-inner\"><div class=\"wpb_wrapper\">\n\t<div class=\"wpb_raw_code wpb_raw_html wpb_content_element us_custom_909b2fd0\" >\n\t\t<div class=\"wpb_wrapper\">\n\t\t\t<div class=\"qgiv-embed-container\" data-qgiv-embed=\"true\" data-embed-id=\"69273\" data-embed=\"https:\/\/secure.qgiv.com\/for\/newsletter-prayerrequest\/embed\/69273\/\" data-width=\"630\"><\/div>\n<script>(function(w, d, s, id){var js, fjs = d.getElementsByTagName(s)[0];if (d.getElementById(id)) return;js = d.createElement(s); js.id = id;js.src = \"https:\/\/secure.qgiv.com\/resources\/core\/js\/embed.js\";fjs.parentNode.insertBefore(js, fjs);})(window, document, 'script', 'qgiv-embedjs');<\/script>\n\t\t<\/div>\n\t<\/div>\n<\/div><\/div><\/div><\/div><\/div><\/section>\n<\/div>","protected":false},"excerpt":{"rendered":"Peticiones de Oraci\u00f3n. Siguiendo el ejemplo de Jes\u00fas, San Francisco de As\u00eds desarroll\u00f3 una profunda relaci\u00f3n con Dios entreg\u00e1ndose a la oraci\u00f3n durante el d\u00eda. Hoy, esta tradici\u00f3n contin\u00faa en capillas, conventos y monasterios de todo el mundo. Los miembros de la familia franciscana se re\u00fanen para orar por su vida consagrada, sus ministerios y los queridos amigos de los frailes que los apoyan...","protected":false},"author":1,"featured_media":0,"parent":0,"menu_order":0,"comment_status":"closed","ping_status":"closed","template":"","meta":{"om_disable_all_campaigns":false,"_monsterinsights_skip_tracking":false,"_monsterinsights_sitenote_active":false,"_monsterinsights_sitenote_note":"","_monsterinsights_sitenote_category":0,"_uf_show_specific_survey":0,"_uf_disable_surveys":false,"footnotes":""},"class_list":["post-16495","page","type-page","status-publish","hentry"],"aioseo_notices":[],"publishpress_future_action":{"enabled":false,"date":"2026-04-21 17:08:11","action":"change-status","newStatus":"draft","terms":[],"taxonomy":"","extraData":[]},"publishpress_future_workflow_manual_trigger":{"enabledWorkflows":[]},"_links":{"self":[{"href":"https:\/\/www.franciscansusa.org\/es\/wp-json\/wp\/v2\/pages\/16495","targetHints":{"allow":["GET"]}}],"collection":[{"href":"https:\/\/www.franciscansusa.org\/es\/wp-json\/wp\/v2\/pages"}],"about":[{"href":"https:\/\/www.franciscansusa.org\/es\/wp-json\/wp\/v2\/types\/page"}],"author":[{"embeddable":true,"href":"https:\/\/www.franciscansusa.org\/es\/wp-json\/wp\/v2\/users\/1"}],"replies":[{"embeddable":true,"href":"https:\/\/www.franciscansusa.org\/es\/wp-json\/wp\/v2\/comments?post=16495"}],"version-history":[{"count":2,"href":"https:\/\/www.franciscansusa.org\/es\/wp-json\/wp\/v2\/pages\/16495\/revisions"}],"predecessor-version":[{"id":16497,"href":"https:\/\/www.franciscansusa.org\/es\/wp-json\/wp\/v2\/pages\/16495\/revisions\/16497"}],"wp:attachment":[{"href":"https:\/\/www.franciscansusa.org\/es\/wp-json\/wp\/v2\/media?parent=16495"}],"curies":[{"name":"gracias","href":"https:\/\/api.w.org\/{rel}","templated":true}]}}