{"id":16742,"date":"2023-10-03T13:46:59","date_gmt":"2023-10-03T17:46:59","guid":{"rendered":"https:\/\/www.franciscansusa.org\/?page_id=16742"},"modified":"2024-02-27T09:52:43","modified_gmt":"2024-02-27T14:52:43","slug":"2024-franciscan-homecoming","status":"publish","type":"page","link":"https:\/\/www.franciscansusa.org\/es\/2024-franciscan-homecoming\/","title":{"rendered":"2024 Asociaci\u00f3n de Frailes y Antiguos Alumnos Regreso a Casa Franciscano \u2013 Confirmar asistencia"},"content":{"rendered":"<div class=\"wpb-content-wrapper\"><section class=\"l-section wpb_row height_medium\"><div class=\"l-section-h i-cf\"><div class=\"g-cols vc_row type_default valign_top\"><div class=\"vc_col-sm-8 wpb_column vc_column_container\"><div class=\"vc_column-inner\"><div class=\"wpb_wrapper\"><div class=\"w-image align_none\"><div class=\"w-image-h\"><img loading=\"lazy\" decoding=\"async\" width=\"1024\" height=\"662\" src=\"https:\/\/www.franciscansusa.org\/wp-content\/uploads\/2024\/02\/Screenshot-2024-02-27-at-9.45.47-AM-1024x662.png\" class=\"attachment-large size-large\" alt=\"\" srcset=\"https:\/\/www.franciscansusa.org\/wp-content\/uploads\/2024\/02\/Screenshot-2024-02-27-at-9.45.47-AM-1024x662.png 1024w, https:\/\/www.franciscansusa.org\/wp-content\/uploads\/2024\/02\/Screenshot-2024-02-27-at-9.45.47-AM-150x97.png 150w, https:\/\/www.franciscansusa.org\/wp-content\/uploads\/2024\/02\/Screenshot-2024-02-27-at-9.45.47-AM-600x388.png 600w, https:\/\/www.franciscansusa.org\/wp-content\/uploads\/2024\/02\/Screenshot-2024-02-27-at-9.45.47-AM-300x194.png 300w, https:\/\/www.franciscansusa.org\/wp-content\/uploads\/2024\/02\/Screenshot-2024-02-27-at-9.45.47-AM-18x12.png 18w, https:\/\/www.franciscansusa.org\/wp-content\/uploads\/2024\/02\/Screenshot-2024-02-27-at-9.45.47-AM.png 1181w\" sizes=\"auto, (max-width: 1024px) 100vw, 1024px\" \/><\/div><\/div><div class=\"wpb_text_column\" ><div class=\"wpb_wrapper\"><h4>TODOS los frailes y antiguos alumnos: \u00a1\u00fananse a nosotros para el regreso a casa franciscano de 2024!<\/h4>\n<p>\u00a1Saludos desde el Monte San Francisco!<\/p>\n<p>Lo invitamos a asistir a nuestro regreso a casa franciscano 2024, del 7 al 9 de junio de 2024.<\/p>\n<p>Los miembros de la junta directiva de la Asociaci\u00f3n de Frailes y Exalumnos quieren invitar a TODOS los frailes y TODOS los exfrailes, estudiantes y candidatos de la Provincia de Nuestra Se\u00f1ora de la Consolaci\u00f3n desde la fundaci\u00f3n de la provincia en 1926 hasta el presente a\u00f1o 2024.<\/p>\n<p>\u201c\u00a1Hermanos unidos!\u201d El objetivo de nuestra reuni\u00f3n, frailes y antiguos alumnos (candidatos), para el Regreso a Casa Franciscano de 2024 es fomentar y fortalecer nuestra hermandad franciscana. Sois una parte esencial de lo que somos como miembros de la provincia, porque compartimos una espiritualidad franciscana cotidiana.<\/p>\n<p>\u00a1Complete el registro del Regreso a Casa Franciscano 2024 en esta p\u00e1gina lo antes posible para que los miembros de la junta directiva de la Asociaci\u00f3n puedan completar los preparativos para nuestro tiempo juntos!<\/p>\n<p>Si tiene alguna pregunta sobre el proceso de registro, llame al Padre John Elmer, OFM Conv. en la Oficina de Avance de la Misi\u00f3n al 812-923-5250.<\/p>\n<\/div><\/div><\/div><\/div><\/div><div class=\"vc_col-sm-4 wpb_column vc_column_container\"><div class=\"vc_column-inner\"><div class=\"wpb_wrapper\">\n\t<div class=\"wpb_raw_code wpb_raw_html wpb_content_element us_custom_909b2fd0\" >\n\t\t<div class=\"wpb_wrapper\">\n\t\t\t<div class=\"qgiv-embed-container\" data-qgiv-embed=\"true\" data-embed-id=\"71167\" data-embed=\"https:\/\/secure.qgiv.com\/for\/2a-fhr\/control\/8242342\/embed\/71167\/\" data-width=\"630\"><\/div>\n<script>(function(w, d, s, id){var js, fjs = d.getElementsByTagName(s)[0];if (d.getElementById(id)) return;js = d.createElement(s); js.id = id;js.src = \"https:\/\/secure.qgiv.com\/resources\/core\/js\/embed.js\";fjs.parentNode.insertBefore(js, fjs);})(window, document, 'script', 'qgiv-embedjs');<\/script>\n\t\t<\/div>\n\t<\/div>\n<\/div><\/div><\/div><\/div><\/div><\/section>\n<\/div>","protected":false},"excerpt":{"rendered":"Todos los Frailes y Exalumnos: \u00a1\u00dananse a nosotros en la Reunion Franciscana 2024! \u00a1Saludos desde el Monte San Francisco! Los invitamos a nuestra Reunion Franciscana 2024, del 7 al 9 de junio de 2024. La junta directiva de la Asociaci\u00f3n de Frailes y Exalumnos invita a todos los frailes, exfrailes, estudiantes y candidatos de la Provincia de...","protected":false},"author":1,"featured_media":0,"parent":0,"menu_order":0,"comment_status":"closed","ping_status":"closed","template":"","meta":{"om_disable_all_campaigns":false,"_monsterinsights_skip_tracking":false,"_monsterinsights_sitenote_active":false,"_monsterinsights_sitenote_note":"","_monsterinsights_sitenote_category":0,"_uf_show_specific_survey":0,"_uf_disable_surveys":false,"footnotes":""},"class_list":["post-16742","page","type-page","status-publish","hentry"],"aioseo_notices":[],"publishpress_future_action":{"enabled":false,"date":"2026-05-16 14:53:30","action":"change-status","newStatus":"draft","terms":[],"taxonomy":"","extraData":[]},"publishpress_future_workflow_manual_trigger":{"enabledWorkflows":[]},"_links":{"self":[{"href":"https:\/\/www.franciscansusa.org\/es\/wp-json\/wp\/v2\/pages\/16742","targetHints":{"allow":["GET"]}}],"collection":[{"href":"https:\/\/www.franciscansusa.org\/es\/wp-json\/wp\/v2\/pages"}],"about":[{"href":"https:\/\/www.franciscansusa.org\/es\/wp-json\/wp\/v2\/types\/page"}],"author":[{"embeddable":true,"href":"https:\/\/www.franciscansusa.org\/es\/wp-json\/wp\/v2\/users\/1"}],"replies":[{"embeddable":true,"href":"https:\/\/www.franciscansusa.org\/es\/wp-json\/wp\/v2\/comments?post=16742"}],"version-history":[{"count":10,"href":"https:\/\/www.franciscansusa.org\/es\/wp-json\/wp\/v2\/pages\/16742\/revisions"}],"predecessor-version":[{"id":17884,"href":"https:\/\/www.franciscansusa.org\/es\/wp-json\/wp\/v2\/pages\/16742\/revisions\/17884"}],"wp:attachment":[{"href":"https:\/\/www.franciscansusa.org\/es\/wp-json\/wp\/v2\/media?parent=16742"}],"curies":[{"name":"gracias","href":"https:\/\/api.w.org\/{rel}","templated":true}]}}