{"id":17041,"date":"2023-11-13T20:38:40","date_gmt":"2023-11-14T01:38:40","guid":{"rendered":"https:\/\/www.franciscansusa.org\/?page_id=17041"},"modified":"2023-11-13T21:22:38","modified_gmt":"2023-11-14T02:22:38","slug":"2023-winter-newsletter-invitation-to-transformation","status":"publish","type":"page","link":"https:\/\/www.franciscansusa.org\/es\/2023-winter-newsletter-invitation-to-transformation\/","title":{"rendered":"2023 \u2013 Bolet\u00edn de Invierno \u2013 Invitaci\u00f3n a la Transformaci\u00f3n"},"content":{"rendered":"<div class=\"wpb-content-wrapper\"><section class=\"l-section wpb_row height_medium\"><div class=\"l-section-h i-cf\"><div class=\"g-cols vc_row type_default valign_top\"><div class=\"vc_col-sm-12 wpb_column vc_column_container\"><div class=\"vc_column-inner\"><div class=\"wpb_wrapper\"><div class=\"w-image align_center\"><div class=\"w-image-h\"><img loading=\"lazy\" decoding=\"async\" width=\"1200\" height=\"315\" src=\"https:\/\/www.franciscansusa.org\/wp-content\/uploads\/2023\/11\/invitation-to-transformation.jpg\" class=\"attachment-full size-full\" alt=\"\" srcset=\"https:\/\/www.franciscansusa.org\/wp-content\/uploads\/2023\/11\/invitation-to-transformation.jpg 1200w, https:\/\/www.franciscansusa.org\/wp-content\/uploads\/2023\/11\/invitation-to-transformation-300x79.jpg 300w, https:\/\/www.franciscansusa.org\/wp-content\/uploads\/2023\/11\/invitation-to-transformation-1024x269.jpg 1024w, https:\/\/www.franciscansusa.org\/wp-content\/uploads\/2023\/11\/invitation-to-transformation-18x5.jpg 18w, https:\/\/www.franciscansusa.org\/wp-content\/uploads\/2023\/11\/invitation-to-transformation-150x39.jpg 150w, https:\/\/www.franciscansusa.org\/wp-content\/uploads\/2023\/11\/invitation-to-transformation-600x158.jpg 600w\" sizes=\"auto, (max-width: 1200px) 100vw, 1200px\" \/><\/div><\/div><\/div><\/div><\/div><\/div><\/div><\/section><section class=\"l-section wpb_row height_medium\"><div class=\"l-section-h i-cf\"><div class=\"g-cols vc_row type_default valign_top\"><div class=\"vc_col-sm-12 wpb_column vc_column_container\"><div class=\"vc_column-inner\"><div class=\"wpb_wrapper\"><div class=\"wpb_text_column\" ><div class=\"wpb_wrapper\"><p><img loading=\"lazy\" decoding=\"async\" class=\"wp-image-9882 alignright\" src=\"https:\/\/www.franciscansusa.org\/wp-content\/uploads\/2020\/02\/Screenshot-2020-02-28-10.12.46.png\" alt=\"\" width=\"208\" height=\"208\" srcset=\"https:\/\/www.franciscansusa.org\/wp-content\/uploads\/2020\/02\/Screenshot-2020-02-28-10.12.46-11x12.png 11w, https:\/\/www.franciscansusa.org\/wp-content\/uploads\/2020\/02\/Screenshot-2020-02-28-10.12.46-25x25.png 25w, https:\/\/www.franciscansusa.org\/wp-content\/uploads\/2020\/02\/Screenshot-2020-02-28-10.12.46-150x150.png 150w, https:\/\/www.franciscansusa.org\/wp-content\/uploads\/2020\/02\/Screenshot-2020-02-28-10.12.46-600x600.png 600w\" sizes=\"auto, (max-width: 208px) 100vw, 208px\" \/><\/p>\n<p>Queridos amigos,<\/p>\n<p>\u00a1Saludos en el Se\u00f1or de parte de los Frailes Franciscanos de la Provincia de Nuestra Se\u00f1ora de Consolaci\u00f3n!<\/p>\n<p>La palabra \u201cencuentro\u201d est\u00e1 muy presente en las noticias de la sociedad y de la Iglesia cat\u00f3lica. En n\u00fameros anteriores de nuestro Bolet\u00edn San Antonio, los frailes y amigos de los frailes han estado reflexionando sobre la visi\u00f3n del Papa Francisco de crear una cultura del encuentro en su enc\u00edclica Fratelli Tutti.<\/p>\n<p>El encuentro es parte del tejido del ser humano, de una persona. En nuestra experiencia de nacimiento, encontramos el amor de nuestros padres y familia. El v\u00ednculo en y con la familia son momentos de encuentro. Nos volvemos completamente vivos y conscientes de qui\u00e9nes somos formados a imagen de Dios al relacionarnos con los dem\u00e1s y con todos los aspectos de la creaci\u00f3n de Dios.<\/p>\n<p>El Papa Francisco se\u00f1ala c\u00f3mo San Francisco de As\u00eds \u201cse sent\u00eda hermano del sol, del mar y del viento, pero sab\u00eda que estaba a\u00fan m\u00e1s cerca de los de su carne\u201d. (FT, 2) Francisco se arriesg\u00f3 a encontrarse con el leproso y abrazarlo. Los ojos de Francisco contemplaron la persona de Jesucristo. En otra ocasi\u00f3n, cruz\u00f3 las l\u00edneas de la Cruzada en busca de la paz para encontrarse con el sult\u00e1n de Egipto, Malek el-Kamil. En ese encuentro, ambos comprendieron que la verdadera paz es de Dios.<\/p>\n<p>No tengamos miedo de dar un paso de fe para encontrarnos, saludar y escuchar a Dios, que habita en la persona que tenemos ante nosotros.<\/p>\n<p>Los hermanos seguiremos record\u00e1ndolos, nuestros queridos amigos y compa\u00f1eros, en nuestras oraciones y devociones diarias.<\/p>\n<p>\u00a1Que Dios los bendiga y los llene de la paz de nuestro Se\u00f1or!<\/p>\n<p><a ref=\"magnificPopup\" href=\"https:\/\/www.franciscansusa.org\/wp-content\/uploads\/2021\/07\/father-john-signature.png\"><img loading=\"lazy\" decoding=\"async\" class=\"alignnone wp-image-12054\" src=\"https:\/\/www.franciscansusa.org\/wp-content\/uploads\/2021\/07\/father-john-signature.png\" alt=\"\" width=\"151\" height=\"49\" srcset=\"https:\/\/www.franciscansusa.org\/wp-content\/uploads\/2021\/07\/father-john-signature.png 560w, https:\/\/www.franciscansusa.org\/wp-content\/uploads\/2021\/07\/father-john-signature-300x98.png 300w, https:\/\/www.franciscansusa.org\/wp-content\/uploads\/2021\/07\/father-john-signature-18x6.png 18w, https:\/\/www.franciscansusa.org\/wp-content\/uploads\/2021\/07\/father-john-signature-150x49.png 150w\" sizes=\"auto, (max-width: 151px) 100vw, 151px\" \/><\/a><\/p>\n<p>Padre John Elmer OFM Conv.<br \/>\nDirector Espiritual<\/p>\n<\/div><\/div><\/div><\/div><\/div><\/div><\/div><\/section><section class=\"l-section wpb_row height_medium\"><div class=\"l-section-h i-cf\"><div class=\"g-cols vc_row type_default valign_top\"><div class=\"vc_col-sm-12 wpb_column vc_column_container\"><div class=\"vc_column-inner\"><div class=\"wpb_wrapper\"><div class=\"w-grid type_grid layout_12064 cols_2 overflow_hidden\" id=\"us_grid_1\" data-filterable=\"true\"><style id=\"us_grid_1_css\">#us_grid_1 .w-grid-item{padding:1.5rem}#us_grid_1 .w-grid-list{margin:-1.5rem}.w-grid + #us_grid_1 .w-grid-list{margin-top:1.5rem}@media (max-width:599px){#us_grid_1 .w-grid-list{margin:0}#us_grid_1 .w-grid-item{width:100.0000%;padding:0;margin-bottom:1.5rem}}<\/style><style>.layout_12064 .w-grid-item-h{background:var(--color-content-bg);color:var(--color-content-text);border-radius:0.3rem;z-index:3;box-shadow:0 0.03rem 0.06rem rgba(0,0,0,0.1),0 0.10rem 0.30rem rgba(0,0,0,0.1);transition-duration:0.3s}.no-touch .layout_12064 .w-grid-item-h:hover{box-shadow:0 0.10rem 0.20rem rgba(0,0,0,0.1),0 0.33rem 1.00rem rgba(0,0,0,0.15);z-index:4}.layout_12064 .usg_post_title_1{font-size:1.4rem!important;font-weight:700!important}.layout_12064 .usg_vwrapper_1{padding:9% 11% 11% 11%!important}.layout_12064 .usg_hwrapper_1{color:var(--color-content-faded)!important;font-size:0.9rem!important}@media (max-width:599px){.layout_12064 .usg_post_title_1{font-size:1.2rem!important}}<\/style><div class=\"w-grid-list\" >\t<article class=\"w-grid-item size_1x1 post-17045 post type-post status-publish format-standard has-post-thumbnail hentry category-2021-spring-st-anthony-let-us-dream category-2023-winter-newsletter-invitation-to-transformation tag-friar-bob-roddy\" data-id=\"17045\">\r\n\t\t<div class=\"w-grid-item-h\">\r\n\t\t\t\t\t\t<div class=\"w-post-elm post_image usg_post_image_1 stretched\"><a href=\"https:\/\/www.franciscansusa.org\/es\/encounters-of-faith\/\" aria-label=\"Encuentros de fe\"><img loading=\"lazy\" decoding=\"async\" width=\"894\" height=\"586\" src=\"https:\/\/www.franciscansusa.org\/wp-content\/uploads\/2023\/11\/Screen-Shot-2023-11-13-at-9.17.30-PM.png\" class=\"attachment-large size-large wp-post-image\" alt=\"\" srcset=\"https:\/\/www.franciscansusa.org\/wp-content\/uploads\/2023\/11\/Screen-Shot-2023-11-13-at-9.17.30-PM.png 894w, https:\/\/www.franciscansusa.org\/wp-content\/uploads\/2023\/11\/Screen-Shot-2023-11-13-at-9.17.30-PM-300x197.png 300w, https:\/\/www.franciscansusa.org\/wp-content\/uploads\/2023\/11\/Screen-Shot-2023-11-13-at-9.17.30-PM-18x12.png 18w, https:\/\/www.franciscansusa.org\/wp-content\/uploads\/2023\/11\/Screen-Shot-2023-11-13-at-9.17.30-PM-150x98.png 150w, https:\/\/www.franciscansusa.org\/wp-content\/uploads\/2023\/11\/Screen-Shot-2023-11-13-at-9.17.30-PM-600x393.png 600w\" sizes=\"auto, (max-width: 894px) 100vw, 894px\" \/><\/a><\/div><div class=\"w-vwrapper usg_vwrapper_1 align_left valign_top\"><h2 class=\"w-post-elm post_title usg_post_title_1 entry-title color_link_inherit\"><a href=\"https:\/\/www.franciscansusa.org\/es\/encounters-of-faith\/\">Encuentros de fe<\/a><\/h2><div class=\"w-hwrapper usg_hwrapper_1 align_left valign_top wrap\"><\/div><div class=\"w-post-elm post_content usg_post_content_1\">Encuentros de fe: Celebrando un a\u00f1o de crecimiento, gracia y comunidad en San Antonio y m\u00e1s all\u00e1 Fray Andy Mart\u00ednez, comparte un momento con fray Cristian Ubaldo-Mart\u00ednez (izquierda) y fray Philip Ley (derecha). Est\u00e1n celebrando m\u00e1s de un a\u00f1o de liderazgo pastoral en las tres parroquias del West Side en San Antonio, TX. Los frailes de\u2026<\/div><a class=\"w-btn us-btn-style_3 usg_btn_1\" href=\"https:\/\/www.franciscansusa.org\/es\/encounters-of-faith\/\"><span class=\"w-btn-label\">Leer m\u00e1s<\/span><\/a><\/div>\t\t<\/div>\r\n\t<\/article>\r\n\t<article class=\"w-grid-item size_1x1 post-17053 post type-post status-publish format-standard has-post-thumbnail hentry category-2023-winter-newsletter-invitation-to-transformation tag-friar-joseph-bach\" data-id=\"17053\">\r\n\t\t<div class=\"w-grid-item-h\">\r\n\t\t\t\t\t\t<div class=\"w-post-elm post_image usg_post_image_1 stretched\"><a href=\"https:\/\/www.franciscansusa.org\/es\/an-encounter-in-beginning-again\/\" aria-label=\"Un encuentro en \u201ccomenzar de nuevo\u201d\"><img loading=\"lazy\" decoding=\"async\" width=\"1024\" height=\"643\" src=\"https:\/\/www.franciscansusa.org\/wp-content\/uploads\/2023\/11\/encounter-in-begining-again-1024x643.jpg\" class=\"attachment-large size-large wp-post-image\" alt=\"\" srcset=\"https:\/\/www.franciscansusa.org\/wp-content\/uploads\/2023\/11\/encounter-in-begining-again-1024x643.jpg 1024w, https:\/\/www.franciscansusa.org\/wp-content\/uploads\/2023\/11\/encounter-in-begining-again-300x188.jpg 300w, https:\/\/www.franciscansusa.org\/wp-content\/uploads\/2023\/11\/encounter-in-begining-again-18x12.jpg 18w, https:\/\/www.franciscansusa.org\/wp-content\/uploads\/2023\/11\/encounter-in-begining-again-150x94.jpg 150w, https:\/\/www.franciscansusa.org\/wp-content\/uploads\/2023\/11\/encounter-in-begining-again-600x377.jpg 600w, https:\/\/www.franciscansusa.org\/wp-content\/uploads\/2023\/11\/encounter-in-begining-again.jpg 1200w\" sizes=\"auto, (max-width: 1024px) 100vw, 1024px\" \/><\/a><\/div><div class=\"w-vwrapper usg_vwrapper_1 align_left valign_top\"><h2 class=\"w-post-elm post_title usg_post_title_1 entry-title color_link_inherit\"><a href=\"https:\/\/www.franciscansusa.org\/es\/an-encounter-in-beginning-again\/\">Un encuentro en \u201ccomenzar de nuevo\u201d<\/a><\/h2><div class=\"w-hwrapper usg_hwrapper_1 align_left valign_top wrap\"><\/div><div class=\"w-post-elm post_content usg_post_content_1\">El primer bi\u00f3grafo de San Francisco, Tom\u00e1s de Celano, relata que cuando Francisco se acercaba al final de su vida, dijo a los frailes: \u201ccomencemos, hermanos, a servir al Se\u00f1or Dios, que hasta ahora hemos hecho poco o nada\u201d. Cuando me pidieron que escribiera esta reflexi\u00f3n,\u2026<\/div><a class=\"w-btn us-btn-style_3 usg_btn_1\" href=\"https:\/\/www.franciscansusa.org\/es\/an-encounter-in-beginning-again\/\"><span class=\"w-btn-label\">Leer m\u00e1s<\/span><\/a><\/div>\t\t<\/div>\r\n\t<\/article>\r\n\t<article class=\"w-grid-item size_1x1 post-17056 post type-post status-publish format-standard has-post-thumbnail hentry category-2023-winter-newsletter-invitation-to-transformation\" data-id=\"17056\">\r\n\t\t<div class=\"w-grid-item-h\">\r\n\t\t\t\t\t\t<div class=\"w-post-elm post_image usg_post_image_1 stretched\"><a href=\"https:\/\/www.franciscansusa.org\/es\/shepherding-in-the-shadows\/\" aria-label=\"Pastoreando en las sombras\"><img loading=\"lazy\" decoding=\"async\" width=\"800\" height=\"525\" src=\"https:\/\/www.franciscansusa.org\/wp-content\/uploads\/2023\/11\/matthew-malek.jpg\" class=\"attachment-large size-large wp-post-image\" alt=\"\" srcset=\"https:\/\/www.franciscansusa.org\/wp-content\/uploads\/2023\/11\/matthew-malek.jpg 800w, https:\/\/www.franciscansusa.org\/wp-content\/uploads\/2023\/11\/matthew-malek-300x197.jpg 300w, https:\/\/www.franciscansusa.org\/wp-content\/uploads\/2023\/11\/matthew-malek-18x12.jpg 18w, https:\/\/www.franciscansusa.org\/wp-content\/uploads\/2023\/11\/matthew-malek-150x98.jpg 150w, https:\/\/www.franciscansusa.org\/wp-content\/uploads\/2023\/11\/matthew-malek-600x394.jpg 600w\" sizes=\"auto, (max-width: 800px) 100vw, 800px\" \/><\/a><\/div><div class=\"w-vwrapper usg_vwrapper_1 align_left valign_top\"><h2 class=\"w-post-elm post_title usg_post_title_1 entry-title color_link_inherit\"><a href=\"https:\/\/www.franciscansusa.org\/es\/shepherding-in-the-shadows\/\">Pastoreando en las sombras<\/a><\/h2><div class=\"w-hwrapper usg_hwrapper_1 align_left valign_top wrap\"><\/div><div class=\"w-post-elm post_content usg_post_content_1\">Para fray Matthew Malek, OFM Conv., los encuentros son parte integrante de su ministerio como sacerdote-fraile y como consejero en formaci\u00f3n. Fray Matthew ha estado trabajando en la certificaci\u00f3n como consejero despu\u00e9s de completar un programa de maestr\u00eda en la Universidad St. Mary. Durante sus estudios, fray Mateo asisti\u00f3 en varias parroquias en\u2026<\/div><a class=\"w-btn us-btn-style_3 usg_btn_1\" href=\"https:\/\/www.franciscansusa.org\/es\/shepherding-in-the-shadows\/\"><span class=\"w-btn-label\">Leer m\u00e1s<\/span><\/a><\/div>\t\t<\/div>\r\n\t<\/article>\r\n\t<article class=\"w-grid-item size_1x1 post-17060 post type-post status-publish format-standard has-post-thumbnail hentry category-2023-winter-newsletter-invitation-to-transformation\" data-id=\"17060\">\r\n\t\t<div class=\"w-grid-item-h\">\r\n\t\t\t\t\t\t<div class=\"w-post-elm post_image usg_post_image_1 stretched\"><a href=\"https:\/\/www.franciscansusa.org\/es\/encounter-behind-bars\/\" aria-label=\"Encuentro tras las rejas: lecciones de empat\u00eda, compasi\u00f3n y amor\"><img loading=\"lazy\" decoding=\"async\" width=\"800\" height=\"546\" src=\"https:\/\/www.franciscansusa.org\/wp-content\/uploads\/2023\/11\/encounter-behind-bars-square.jpg\" class=\"attachment-large size-large wp-post-image\" alt=\"\" srcset=\"https:\/\/www.franciscansusa.org\/wp-content\/uploads\/2023\/11\/encounter-behind-bars-square.jpg 800w, https:\/\/www.franciscansusa.org\/wp-content\/uploads\/2023\/11\/encounter-behind-bars-square-300x205.jpg 300w, https:\/\/www.franciscansusa.org\/wp-content\/uploads\/2023\/11\/encounter-behind-bars-square-18x12.jpg 18w, https:\/\/www.franciscansusa.org\/wp-content\/uploads\/2023\/11\/encounter-behind-bars-square-150x102.jpg 150w, https:\/\/www.franciscansusa.org\/wp-content\/uploads\/2023\/11\/encounter-behind-bars-square-586x400.jpg 586w, https:\/\/www.franciscansusa.org\/wp-content\/uploads\/2023\/11\/encounter-behind-bars-square-600x410.jpg 600w\" sizes=\"auto, (max-width: 800px) 100vw, 800px\" \/><\/a><\/div><div class=\"w-vwrapper usg_vwrapper_1 align_left valign_top\"><h2 class=\"w-post-elm post_title usg_post_title_1 entry-title color_link_inherit\"><a href=\"https:\/\/www.franciscansusa.org\/es\/encounter-behind-bars\/\">Encuentro tras las rejas: lecciones de empat\u00eda, compasi\u00f3n y amor<\/a><\/h2><div class=\"w-hwrapper usg_hwrapper_1 align_left valign_top wrap\"><\/div><div class=\"w-post-elm post_content usg_post_content_1\">A los 57 a\u00f1os, y mientras trabajaba como capell\u00e1n de una base militar, fray Keith O&#039;Neill acudi\u00f3 al llamado de celebrar misa por los prisioneros cat\u00f3licos en una prisi\u00f3n federal de Georgia. M\u00e1s de veinte a\u00f1os despu\u00e9s, el fraile Keith reflexiona sobre este ministerio \u00fanico con el que se top\u00f3. Fray Keith O&#039;Neill reflexiona\u2026<\/div><a class=\"w-btn us-btn-style_3 usg_btn_1\" href=\"https:\/\/www.franciscansusa.org\/es\/encounter-behind-bars\/\"><span class=\"w-btn-label\">Leer m\u00e1s<\/span><\/a><\/div>\t\t<\/div>\r\n\t<\/article>\r\n\t<article class=\"w-grid-item size_1x1 post-17068 post type-post status-publish format-standard has-post-thumbnail hentry category-2023-winter-newsletter-invitation-to-transformation tag-friar-andre-miller tag-friar-bob-moynihan tag-friar-colden-fell\" data-id=\"17068\">\r\n\t\t<div class=\"w-grid-item-h\">\r\n\t\t\t\t\t\t<div class=\"w-post-elm post_image usg_post_image_1 stretched\"><a href=\"https:\/\/www.franciscansusa.org\/es\/embracing-the-journey\/\" aria-label=\"Abrazando el viaje\"><img loading=\"lazy\" decoding=\"async\" width=\"800\" height=\"533\" src=\"https:\/\/www.franciscansusa.org\/wp-content\/uploads\/2023\/11\/Profession-First-Vows-30.jpg\" class=\"attachment-large size-large wp-post-image\" alt=\"\" srcset=\"https:\/\/www.franciscansusa.org\/wp-content\/uploads\/2023\/11\/Profession-First-Vows-30.jpg 800w, https:\/\/www.franciscansusa.org\/wp-content\/uploads\/2023\/11\/Profession-First-Vows-30-300x200.jpg 300w, https:\/\/www.franciscansusa.org\/wp-content\/uploads\/2023\/11\/Profession-First-Vows-30-18x12.jpg 18w, https:\/\/www.franciscansusa.org\/wp-content\/uploads\/2023\/11\/Profession-First-Vows-30-600x400.jpg 600w, https:\/\/www.franciscansusa.org\/wp-content\/uploads\/2023\/11\/Profession-First-Vows-30-150x100.jpg 150w\" sizes=\"auto, (max-width: 800px) 100vw, 800px\" \/><\/a><\/div><div class=\"w-vwrapper usg_vwrapper_1 align_left valign_top\"><h2 class=\"w-post-elm post_title usg_post_title_1 entry-title color_link_inherit\"><a href=\"https:\/\/www.franciscansusa.org\/es\/embracing-the-journey\/\">Abrazando el viaje<\/a><\/h2><div class=\"w-hwrapper usg_hwrapper_1 align_left valign_top wrap\"><\/div><div class=\"w-post-elm post_content usg_post_content_1\">Abrazando el viaje Al embarcarse en el viaje espiritual de la vida franciscana, nuestros frailes reci\u00e9n profesos est\u00e1n dando pasos fundamentales en sus respectivos viajes. Fray Bob Moynihan, OFM Conv. y fray Colden Fell, OFM Conv. se han establecido en San Antonio, TX, abrazando la diversidad y calidez del Convento de San Dami\u00e1n. En el\u2026<\/div><a class=\"w-btn us-btn-style_3 usg_btn_1\" href=\"https:\/\/www.franciscansusa.org\/es\/embracing-the-journey\/\"><span class=\"w-btn-label\">Leer m\u00e1s<\/span><\/a><\/div>\t\t<\/div>\r\n\t<\/article>\r\n<\/div><div class=\"w-grid-preloader\"><div class=\"g-preloader type_1\">\r\n\t<div><\/div>\r\n<\/div>\r\n<\/div>\t<div class=\"w-grid-json hidden\" onclick='return {&quot;action&quot;:&quot;us_ajax_grid&quot;,&quot;ajax_url&quot;:&quot;https:\\\/\\\/www.franciscansusa.org\\\/wp-admin\\\/admin-ajax.php&quot;,&quot;infinite_scroll&quot;:0,&quot;max_num_pages&quot;:1,&quot;pagination&quot;:&quot;none&quot;,&quot;permalink_url&quot;:&quot;https:\\\/\\\/www.franciscansusa.org\\\/es\\\/wp-json\\\/wp\\\/v2\\\/pages\\\/17041&quot;,&quot;template_vars&quot;:{&quot;columns&quot;:&quot;2&quot;,&quot;exclude_items&quot;:&quot;none&quot;,&quot;img_size&quot;:&quot;default&quot;,&quot;ignore_items_size&quot;:false,&quot;items_layout&quot;:&quot;12064&quot;,&quot;items_offset&quot;:&quot;1&quot;,&quot;load_animation&quot;:&quot;none&quot;,&quot;overriding_link&quot;:&quot;none&quot;,&quot;post_id&quot;:17041,&quot;query_args&quot;:{&quot;post_type&quot;:[&quot;post&quot;],&quot;tax_query&quot;:[{&quot;taxonomy&quot;:&quot;category&quot;,&quot;field&quot;:&quot;slug&quot;,&quot;terms&quot;:[&quot;2023-winter-newsletter-invitation-to-transformation&quot;]}],&quot;post_status&quot;:[&quot;publish&quot;],&quot;posts_per_page&quot;:&quot;10&quot;},&quot;orderby_query_args&quot;:{&quot;orderby&quot;:{&quot;date&quot;:&quot;ASC&quot;}},&quot;type&quot;:&quot;grid&quot;,&quot;us_grid_ajax_index&quot;:1,&quot;us_grid_filter_params&quot;:null,&quot;us_grid_index&quot;:1,&quot;_us_grid_post_type&quot;:&quot;post&quot;}}'><\/div>\r\n\t<\/div><\/div><\/div><\/div><\/div><\/div><\/section>\n<\/div>","protected":false},"excerpt":{"rendered":"Abrazando el viaje Al embarcarse en el viaje espiritual de la vida franciscana, nuestros frailes reci\u00e9n profesos est\u00e1n dando pasos fundamentales en sus respectivos viajes. Fray Bob Moynihan, OFM Conv. y fray Colden Fell, OFM Conv. se han establecido en San Antonio, TX, abrazando la diversidad y calidez del Convento de San Dami\u00e1n. Al mismo tiempo fraile...","protected":false},"author":1,"featured_media":16308,"parent":0,"menu_order":0,"comment_status":"closed","ping_status":"closed","template":"","meta":{"om_disable_all_campaigns":false,"_monsterinsights_skip_tracking":false,"_monsterinsights_sitenote_active":false,"_monsterinsights_sitenote_note":"","_monsterinsights_sitenote_category":0,"_uf_show_specific_survey":0,"_uf_disable_surveys":false,"footnotes":""},"class_list":["post-17041","page","type-page","status-publish","has-post-thumbnail","hentry"],"aioseo_notices":[],"publishpress_future_action":{"enabled":false,"date":"2026-04-16 06:30:07","action":"change-status","newStatus":"draft","terms":[],"taxonomy":"","extraData":[]},"publishpress_future_workflow_manual_trigger":{"enabledWorkflows":[]},"_links":{"self":[{"href":"https:\/\/www.franciscansusa.org\/es\/wp-json\/wp\/v2\/pages\/17041","targetHints":{"allow":["GET"]}}],"collection":[{"href":"https:\/\/www.franciscansusa.org\/es\/wp-json\/wp\/v2\/pages"}],"about":[{"href":"https:\/\/www.franciscansusa.org\/es\/wp-json\/wp\/v2\/types\/page"}],"author":[{"embeddable":true,"href":"https:\/\/www.franciscansusa.org\/es\/wp-json\/wp\/v2\/users\/1"}],"replies":[{"embeddable":true,"href":"https:\/\/www.franciscansusa.org\/es\/wp-json\/wp\/v2\/comments?post=17041"}],"version-history":[{"count":3,"href":"https:\/\/www.franciscansusa.org\/es\/wp-json\/wp\/v2\/pages\/17041\/revisions"}],"predecessor-version":[{"id":17052,"href":"https:\/\/www.franciscansusa.org\/es\/wp-json\/wp\/v2\/pages\/17041\/revisions\/17052"}],"wp:featuredmedia":[{"embeddable":true,"href":"https:\/\/www.franciscansusa.org\/es\/wp-json\/wp\/v2\/media\/16308"}],"wp:attachment":[{"href":"https:\/\/www.franciscansusa.org\/es\/wp-json\/wp\/v2\/media?parent=17041"}],"curies":[{"name":"gracias","href":"https:\/\/api.w.org\/{rel}","templated":true}]}}