{"id":17486,"date":"2024-01-10T20:45:23","date_gmt":"2024-01-11T01:45:23","guid":{"rendered":"https:\/\/www.franciscansusa.org\/?page_id=17486"},"modified":"2024-01-10T20:55:48","modified_gmt":"2024-01-11T01:55:48","slug":"safe-environment","status":"publish","type":"page","link":"https:\/\/www.franciscansusa.org\/es\/safe-environment\/","title":{"rendered":"Ambiente seguro"},"content":{"rendered":"<div class=\"wpb-content-wrapper\"><section class=\"l-section wpb_row height_huge with_img with_overlay\"><div class=\"l-section-img\" style=\"background-image: url(https:\/\/www.franciscansusa.org\/wp-content\/uploads\/2021\/02\/Screen-Shot-2021-01-21-at-12.56-1.52-PM-scaled.jpg);\" data-img-width=\"2560\" data-img-height=\"1071\"><\/div><div class=\"l-section-overlay\" style=\"background: rgba(0,0,0,0.6)\"><\/div><div class=\"l-section-h i-cf\"><div class=\"g-cols vc_row type_default valign_top\"><div class=\"vc_col-sm-12 wpb_column vc_column_container\"><div class=\"vc_column-inner\"><div class=\"wpb_wrapper\"><div class=\"wpb_text_column\" ><div class=\"wpb_wrapper\"><h2><span style=\"color: #ffffff;\"><strong>Ambiente seguro<\/strong><\/span><\/h2>\n<\/div><\/div><\/div><\/div><\/div><\/div><\/div><\/section><section class=\"l-section wpb_row height_medium\"><div class=\"l-section-h i-cf\"><div class=\"g-cols vc_row type_default valign_top\"><div class=\"vc_col-sm-12 wpb_column vc_column_container\"><div class=\"vc_column-inner\"><div class=\"wpb_wrapper\"><div class=\"wpb_text_column\" ><div class=\"wpb_wrapper\"><p><strong>Declaraci\u00f3n de salvaguardia: <\/strong>Dentro de la Provincia Franciscana de Nuestra Se\u00f1ora de la Consolaci\u00f3n, ning\u00fan fraile con una acusaci\u00f3n cre\u00edble de abuso sexual de menores se encuentra en el ministerio activo. Los Frailes Franciscanos Conventuales \u2013 Provincia de Nuestra Se\u00f1ora de la Consolaci\u00f3n est\u00e1n comprometidos a crear entornos seguros para ni\u00f1os y adultos vulnerables. Nuestros procesos de salvaguarda para la protecci\u00f3n de menores y adultos vulnerables son revisados rutinariamente por la organizaci\u00f3n acreditadora. <a href=\"https:\/\/www.praesidiuminc.com\" target=\"_blank\" rel=\"noopener\">Presidio<\/a>, de acuerdo con estrictas normas de la Iglesia. Cualquier denuncia relativa a los Frailes Franciscanos Conventuales \u2013 Provincia de Nuestra Se\u00f1ora de la Consolaci\u00f3n recibe una respuesta inmediata, seg\u00fan los rigurosos est\u00e1ndares del Praesidium. Esto incluye la plena cooperaci\u00f3n de la provincia con las autoridades policiales locales y los ordinarios (obispos o arzobispos) que tienen jurisdicci\u00f3n eclesial sobre los asuntos, as\u00ed como una investigaci\u00f3n debidamente diligente por parte de un tercero calificado para fundamentar la credibilidad.<\/p>\n<\/div><\/div><\/div><\/div><\/div><\/div><\/div><\/section>\n<\/div>","protected":false},"excerpt":{"rendered":"Declaraci\u00f3n de Protecci\u00f3n de Entornos Seguros: En la Provincia Franciscana de Nuestra Se\u00f1ora de la Consolaci\u00f3n, ning\u00fan fraile con una acusaci\u00f3n cre\u00edble de abuso sexual de menores ejerce su ministerio. Los Frailes Franciscanos Conventuales de la Provincia de Nuestra Se\u00f1ora de la Consolaci\u00f3n se comprometen a crear entornos seguros para ni\u00f1os y adultos vulnerables. Nuestros procesos de protecci\u00f3n para la protecci\u00f3n...","protected":false},"author":1,"featured_media":0,"parent":0,"menu_order":0,"comment_status":"closed","ping_status":"closed","template":"","meta":{"om_disable_all_campaigns":false,"_monsterinsights_skip_tracking":false,"_monsterinsights_sitenote_active":false,"_monsterinsights_sitenote_note":"","_monsterinsights_sitenote_category":0,"_uf_show_specific_survey":0,"_uf_disable_surveys":false,"footnotes":""},"class_list":["post-17486","page","type-page","status-publish","hentry"],"aioseo_notices":[],"publishpress_future_action":{"enabled":false,"date":"2026-05-08 05:03:01","action":"change-status","newStatus":"draft","terms":[],"taxonomy":"","extraData":[]},"publishpress_future_workflow_manual_trigger":{"enabledWorkflows":[]},"_links":{"self":[{"href":"https:\/\/www.franciscansusa.org\/es\/wp-json\/wp\/v2\/pages\/17486","targetHints":{"allow":["GET"]}}],"collection":[{"href":"https:\/\/www.franciscansusa.org\/es\/wp-json\/wp\/v2\/pages"}],"about":[{"href":"https:\/\/www.franciscansusa.org\/es\/wp-json\/wp\/v2\/types\/page"}],"author":[{"embeddable":true,"href":"https:\/\/www.franciscansusa.org\/es\/wp-json\/wp\/v2\/users\/1"}],"replies":[{"embeddable":true,"href":"https:\/\/www.franciscansusa.org\/es\/wp-json\/wp\/v2\/comments?post=17486"}],"version-history":[{"count":5,"href":"https:\/\/www.franciscansusa.org\/es\/wp-json\/wp\/v2\/pages\/17486\/revisions"}],"predecessor-version":[{"id":17492,"href":"https:\/\/www.franciscansusa.org\/es\/wp-json\/wp\/v2\/pages\/17486\/revisions\/17492"}],"wp:attachment":[{"href":"https:\/\/www.franciscansusa.org\/es\/wp-json\/wp\/v2\/media?parent=17486"}],"curies":[{"name":"gracias","href":"https:\/\/api.w.org\/{rel}","templated":true}]}}