{"id":17545,"date":"2024-01-17T12:39:03","date_gmt":"2024-01-17T17:39:03","guid":{"rendered":"https:\/\/www.franciscansusa.org\/?page_id=17545"},"modified":"2024-01-19T14:59:09","modified_gmt":"2024-01-19T19:59:09","slug":"2024-alpha-omega","status":"publish","type":"page","link":"https:\/\/www.franciscansusa.org\/es\/2024-alpha-omega\/","title":{"rendered":"2024 Alfa Omega"},"content":{"rendered":"<div class=\"wpb-content-wrapper\"><section class=\"l-section wpb_row height_huge with_img with_overlay\"><div class=\"l-section-img\" style=\"background-image: url(https:\/\/www.franciscansusa.org\/wp-content\/uploads\/2023\/01\/292451661_10158541670391536_977515685817569407_n.jpg);\" data-img-width=\"2048\" data-img-height=\"1732\"><\/div><div class=\"l-section-overlay\" style=\"background: rgba(0,0,0,0.6)\"><\/div><div class=\"l-section-h i-cf\"><div class=\"g-cols vc_row type_default valign_top\"><div class=\"vc_col-sm-12 wpb_column vc_column_container\"><div class=\"vc_column-inner\"><div class=\"wpb_wrapper\"><div class=\"wpb_text_column\" ><div class=\"wpb_wrapper\"><h2><span style=\"color: #ffffff;\"><strong>Llamamiento anual Alfa y Omega<\/strong><\/span><\/h2>\n<\/div><\/div><\/div><\/div><\/div><\/div><\/div><\/section><section class=\"l-section wpb_row height_medium\"><div class=\"l-section-h i-cf\"><div class=\"g-cols vc_row type_default valign_top\"><div class=\"vc_col-sm-8 wpb_column vc_column_container\"><div class=\"vc_column-inner\"><div class=\"wpb_wrapper\"><div class=\"w-image align_none\"><div class=\"w-image-h\"><img loading=\"lazy\" decoding=\"async\" width=\"1024\" height=\"379\" src=\"https:\/\/www.franciscansusa.org\/wp-content\/uploads\/2024\/01\/Alpha-Omega-header-1024x379.jpg\" class=\"attachment-large size-large\" alt=\"\" srcset=\"https:\/\/www.franciscansusa.org\/wp-content\/uploads\/2024\/01\/Alpha-Omega-header-1024x379.jpg 1024w, https:\/\/www.franciscansusa.org\/wp-content\/uploads\/2024\/01\/Alpha-Omega-header-300x111.jpg 300w, https:\/\/www.franciscansusa.org\/wp-content\/uploads\/2024\/01\/Alpha-Omega-header-18x7.jpg 18w, https:\/\/www.franciscansusa.org\/wp-content\/uploads\/2024\/01\/Alpha-Omega-header-150x56.jpg 150w, https:\/\/www.franciscansusa.org\/wp-content\/uploads\/2024\/01\/Alpha-Omega-header-600x222.jpg 600w, https:\/\/www.franciscansusa.org\/wp-content\/uploads\/2024\/01\/Alpha-Omega-header.jpg 1200w\" sizes=\"auto, (max-width: 1024px) 100vw, 1024px\" \/><\/div><\/div><div class=\"w-separator size_small\"><\/div><div class=\"wpb_text_column\" ><div class=\"wpb_wrapper\"><p>Una vez escuch\u00e9 a un miembro de la junta directiva de nuestra comunidad franciscana plantear una pregunta conmovedora: &quot;\u00bfNo nos corresponde a nosotros ayudar a quienes ayudan a los m\u00e1s necesitados?&quot; Esta simple pregunta toc\u00f3 una fibra sensible en mi coraz\u00f3n, encapsulando la esencia misma de nuestro llamamiento Alfa y Omega.<\/p>\n<p>Imaginemos, por un momento, a nuestros frailes ancianos, hombres que han entregado su vida al servicio, la oraci\u00f3n y la difusi\u00f3n del amor de Dios. Ahora, en sus a\u00f1os de ocaso, a menudo son olvidados por el mundo al que han servido; sin embargo, dentro de nuestra comunidad franciscana, est\u00e1n todo menos olvidados. Nuestro ministerio interno mutuo garantiza que estos venerables hombres, nuestros frailes, contin\u00faen viviendo con dignidad y gracia. Este compromiso de cuidar unos de otros, especialmente de nuestros frailes ancianos o enfermos, no es s\u00f3lo un acto de caridad; es una expresi\u00f3n del profundo v\u00ednculo que compartimos como miembros de nuestra hermandad, nuestra fraternidad franciscana.<\/p>\n<p>El cuidado de nuestros frailes ancianos y enfermos constituye el punto central de la parte Omega de nuestro llamado a ustedes. A los frailes les cuesta m\u00e1s de $63,669 por fraile anualmente mantener a nuestros frailes de ministerio limitado. Estos costos cada vez mayores abarcan tratamientos m\u00e9dicos, vivienda y la multitud de otras necesidades que surgen con la edad avanzada. Nuestra provincia gasta m\u00e1s de $1.375.000 anualmente para garantizar que estos fieles siervos de Dios reciban la atenci\u00f3n y el apoyo que necesitan.<\/p>\n<p>Si bien asignamos diligentemente recursos para garantizar que nuestros frailes mayores vivan sus \u00faltimos a\u00f1os con comodidad y dignidad, simult\u00e1neamente reconocemos la importancia de invertir en el futuro fomentando el crecimiento y la formaci\u00f3n de nuestros frailes j\u00f3venes. Para completar la formaci\u00f3n inicial de un joven fraile, la parte Alfa del viaje de un joven fraile, invertimos aproximadamente $71.500 al a\u00f1o. Esta cantidad incluye no s\u00f3lo su educaci\u00f3n teol\u00f3gica y ministerial, sino tambi\u00e9n su atenci\u00f3n m\u00e9dica, vivienda, formaci\u00f3n espiritual y otras necesidades f\u00edsicas.<\/p>\n<p>Nuestro Alfa y Omega, dos extremos de un \u201cS\u00ed\u201d continuo al llamado que Dios puso en el coraz\u00f3n de nuestros hermanos. Nuestros frailes m\u00e1s j\u00f3venes, que representan la parte Alfa de este llamamiento, aportan sus muchos dones y entusiasmo por la vida franciscana; sobre todo, traen alegr\u00eda a las vidas de aquellos a quienes sirven. Nuestros \u201cOmegas\u201d, que han contribuido con casi 2000 a\u00f1os de ministerio combinado a la Iglesia, ahora necesitan atenci\u00f3n y cuidado adicionales. Han sido pilares de la fe y son testimonios vivos de nuestra tradici\u00f3n franciscana.<\/p>\n<p>Su generosidad sirve como un rayo de esperanza y una afirmaci\u00f3n del amor que nosotros, como comunidad franciscana, nos prometemos unos a otros. Es un eco vivo del esp\u00edritu cristiano primitivo, donde \u201cmirad c\u00f3mo se aman unos a otros\u201d no era s\u00f3lo una frase, sino una forma de vida.<\/p>\n<p>\u00bfPuedo contar con su apoyo financiero a la campa\u00f1a Alfa y Omega? Tu donaci\u00f3n es un encargo sagrado y una poderosa afirmaci\u00f3n de tu fe en nuestra misi\u00f3n, donde \u201cnos esforzamos por ayudar a los m\u00e1s necesitados, especialmente a los m\u00e1s marginados\u201d.<\/p>\n<p>En agradecimiento por su consideraci\u00f3n y con oraciones por sus intenciones, permanezco,<\/p>\n<p>Vuestro en San Francisco,<\/p>\n<p>&nbsp;<\/p>\n<p><img loading=\"lazy\" decoding=\"async\" class=\"alignnone wp-image-12054\" src=\"https:\/\/www.franciscansusa.org\/wp-content\/uploads\/2021\/07\/father-john-signature.png\" alt=\"\" width=\"200\" height=\"65\" srcset=\"https:\/\/www.franciscansusa.org\/wp-content\/uploads\/2021\/07\/father-john-signature.png 560w, https:\/\/www.franciscansusa.org\/wp-content\/uploads\/2021\/07\/father-john-signature-300x98.png 300w, https:\/\/www.franciscansusa.org\/wp-content\/uploads\/2021\/07\/father-john-signature-18x6.png 18w, https:\/\/www.franciscansusa.org\/wp-content\/uploads\/2021\/07\/father-john-signature-150x49.png 150w\" sizes=\"auto, (max-width: 200px) 100vw, 200px\" \/><\/p>\n<p>Padre John Elmer, OFM Conv.<\/p>\n<p><strong>PD \u00a1Gracias por tu generosidad! Nuestros novicios los miran con esperanza y gratitud, y les piden su continuo apoyo y oraciones. Nuestros frailes mayores contin\u00faan record\u00e1ndote en sus oraciones diarias.<\/strong><\/p>\n<\/div><\/div><\/div><\/div><\/div><div class=\"vc_col-sm-4 wpb_column vc_column_container\"><div class=\"vc_column-inner\"><div class=\"wpb_wrapper\">\n\t<div class=\"wpb_raw_code wpb_raw_html wpb_content_element us_custom_909b2fd0\" >\n\t\t<div class=\"wpb_wrapper\">\n\t\t\t<div class=\"qgiv-embed-container\" data-qgiv-embed=\"true\" data-embed-id=\"70621\" data-embed=\"https:\/\/secure.qgiv.com\/for\/2024alphaomega\/embed\/70621\/\" data-width=\"630\"><\/div>\n<script>(function(w, d, s, id){var js, fjs = d.getElementsByTagName(s)[0];if (d.getElementById(id)) return;js = d.createElement(s); js.id = id;js.src = \"https:\/\/secure.qgiv.com\/resources\/core\/js\/embed.js\";fjs.parentNode.insertBefore(js, fjs);})(window, document, 'script', 'qgiv-embedjs');<\/script>\n\t\t<\/div>\n\t<\/div>\n<div class=\"w-separator size_small\"><\/div><div class=\"w-image align_none\"><div class=\"w-image-h\"><img loading=\"lazy\" decoding=\"async\" width=\"666\" height=\"912\" src=\"https:\/\/www.franciscansusa.org\/wp-content\/uploads\/2024\/01\/Alpha-Omega-pic1.jpg\" class=\"attachment-large size-large\" alt=\"\" srcset=\"https:\/\/www.franciscansusa.org\/wp-content\/uploads\/2024\/01\/Alpha-Omega-pic1.jpg 666w, https:\/\/www.franciscansusa.org\/wp-content\/uploads\/2024\/01\/Alpha-Omega-pic1-219x300.jpg 219w, https:\/\/www.franciscansusa.org\/wp-content\/uploads\/2024\/01\/Alpha-Omega-pic1-9x12.jpg 9w, https:\/\/www.franciscansusa.org\/wp-content\/uploads\/2024\/01\/Alpha-Omega-pic1-110x150.jpg 110w, https:\/\/www.franciscansusa.org\/wp-content\/uploads\/2024\/01\/Alpha-Omega-pic1-292x400.jpg 292w, https:\/\/www.franciscansusa.org\/wp-content\/uploads\/2024\/01\/Alpha-Omega-pic1-438x600.jpg 438w, https:\/\/www.franciscansusa.org\/wp-content\/uploads\/2024\/01\/Alpha-Omega-pic1-600x822.jpg 600w\" sizes=\"auto, (max-width: 666px) 100vw, 666px\" \/><\/div><\/div><div class=\"w-separator size_small\"><\/div><div class=\"wpb_text_column\" ><div class=\"wpb_wrapper\"><h6>Desde sus humildes comienzos en 1950 como joven estudiante hasta su profundo servicio en 2023 celebrando Misa, el Padre Christian Moore, OFM Conv., encarna el esp\u00edritu franciscano de dedicaci\u00f3n permanente a la fe y al ministerio.<\/h6>\n<\/div><\/div><div class=\"w-image align_none\"><div class=\"w-image-h\"><img loading=\"lazy\" decoding=\"async\" width=\"680\" height=\"428\" src=\"https:\/\/www.franciscansusa.org\/wp-content\/uploads\/2024\/01\/Alpha-Omega-pic2.jpg\" class=\"attachment-large size-large\" alt=\"\" srcset=\"https:\/\/www.franciscansusa.org\/wp-content\/uploads\/2024\/01\/Alpha-Omega-pic2.jpg 680w, https:\/\/www.franciscansusa.org\/wp-content\/uploads\/2024\/01\/Alpha-Omega-pic2-300x189.jpg 300w, https:\/\/www.franciscansusa.org\/wp-content\/uploads\/2024\/01\/Alpha-Omega-pic2-18x12.jpg 18w, https:\/\/www.franciscansusa.org\/wp-content\/uploads\/2024\/01\/Alpha-Omega-pic2-150x94.jpg 150w, https:\/\/www.franciscansusa.org\/wp-content\/uploads\/2024\/01\/Alpha-Omega-pic2-600x378.jpg 600w\" sizes=\"auto, (max-width: 680px) 100vw, 680px\" \/><\/div><\/div><div class=\"w-separator size_small\"><\/div><div class=\"wpb_text_column\" ><div class=\"wpb_wrapper\"><h6>En una ceremonia de investidura, tres frailes (de izquierda a derecha), fray Bob Moynihan, fray Colden Fell y fray Andr\u00e9 Miller, reciben sus h\u00e1bitos. M\u00e1s adelante ese mismo a\u00f1o, los tres hicieron sus primeros votos. Ahora, contin\u00faan un viaje de fe y servicio de toda la vida mientras se concentran en la educaci\u00f3n y en el discernimiento de sus caminos ministeriales.<\/h6>\n<\/div><\/div><\/div><\/div><\/div><\/div><\/div><\/section>\n<\/div>","protected":false},"excerpt":{"rendered":"Campa\u00f1a Anual Alfa y Omega. Una vez escuch\u00e9 a un miembro de la junta directiva de nuestra comunidad franciscana plantear una pregunta conmovedora: &quot;\u00bfNo nos corresponde a nosotros ayudar a quienes ayudan a los m\u00e1s necesitados?&quot;. Esta simple pregunta me conmovi\u00f3 profundamente y encapsul\u00f3 la esencia misma de nuestra Campa\u00f1a Alfa y Omega. Imaginen, por ejemplo...","protected":false},"author":1,"featured_media":0,"parent":0,"menu_order":0,"comment_status":"closed","ping_status":"closed","template":"","meta":{"om_disable_all_campaigns":false,"_monsterinsights_skip_tracking":false,"_monsterinsights_sitenote_active":false,"_monsterinsights_sitenote_note":"","_monsterinsights_sitenote_category":0,"_uf_show_specific_survey":0,"_uf_disable_surveys":false,"footnotes":""},"class_list":["post-17545","page","type-page","status-publish","hentry"],"aioseo_notices":[],"publishpress_future_action":{"enabled":false,"date":"2026-04-25 08:10:50","action":"change-status","newStatus":"draft","terms":[],"taxonomy":"","extraData":[]},"publishpress_future_workflow_manual_trigger":{"enabledWorkflows":[]},"_links":{"self":[{"href":"https:\/\/www.franciscansusa.org\/es\/wp-json\/wp\/v2\/pages\/17545","targetHints":{"allow":["GET"]}}],"collection":[{"href":"https:\/\/www.franciscansusa.org\/es\/wp-json\/wp\/v2\/pages"}],"about":[{"href":"https:\/\/www.franciscansusa.org\/es\/wp-json\/wp\/v2\/types\/page"}],"author":[{"embeddable":true,"href":"https:\/\/www.franciscansusa.org\/es\/wp-json\/wp\/v2\/users\/1"}],"replies":[{"embeddable":true,"href":"https:\/\/www.franciscansusa.org\/es\/wp-json\/wp\/v2\/comments?post=17545"}],"version-history":[{"count":6,"href":"https:\/\/www.franciscansusa.org\/es\/wp-json\/wp\/v2\/pages\/17545\/revisions"}],"predecessor-version":[{"id":17578,"href":"https:\/\/www.franciscansusa.org\/es\/wp-json\/wp\/v2\/pages\/17545\/revisions\/17578"}],"wp:attachment":[{"href":"https:\/\/www.franciscansusa.org\/es\/wp-json\/wp\/v2\/media?parent=17545"}],"curies":[{"name":"gracias","href":"https:\/\/api.w.org\/{rel}","templated":true}]}}