{"id":17743,"date":"2024-02-12T10:10:06","date_gmt":"2024-02-12T15:10:06","guid":{"rendered":"https:\/\/www.franciscansusa.org\/?page_id=17743"},"modified":"2024-02-12T10:23:58","modified_gmt":"2024-02-12T15:23:58","slug":"2024-spring-newsletter-light-of-faith","status":"publish","type":"page","link":"https:\/\/www.franciscansusa.org\/es\/2024-spring-newsletter-light-of-faith\/","title":{"rendered":"2024 \u2013 Bolet\u00edn de Primavera \u2013 Luz de Fe"},"content":{"rendered":"<div class=\"wpb-content-wrapper\"><section class=\"l-section wpb_row height_medium\"><div class=\"l-section-h i-cf\"><div class=\"g-cols vc_row type_default valign_top\"><div class=\"vc_col-sm-12 wpb_column vc_column_container\"><div class=\"vc_column-inner\"><div class=\"wpb_wrapper\"><div class=\"w-image align_center\"><div class=\"w-image-h\"><img loading=\"lazy\" decoding=\"async\" width=\"1600\" height=\"419\" src=\"https:\/\/www.franciscansusa.org\/wp-content\/uploads\/2024\/02\/2024-spring-newsletter-header.jpg\" class=\"attachment-full size-full\" alt=\"\" srcset=\"https:\/\/www.franciscansusa.org\/wp-content\/uploads\/2024\/02\/2024-spring-newsletter-header.jpg 1600w, https:\/\/www.franciscansusa.org\/wp-content\/uploads\/2024\/02\/2024-spring-newsletter-header-300x79.jpg 300w, https:\/\/www.franciscansusa.org\/wp-content\/uploads\/2024\/02\/2024-spring-newsletter-header-1024x268.jpg 1024w, https:\/\/www.franciscansusa.org\/wp-content\/uploads\/2024\/02\/2024-spring-newsletter-header-18x5.jpg 18w, https:\/\/www.franciscansusa.org\/wp-content\/uploads\/2024\/02\/2024-spring-newsletter-header-150x39.jpg 150w, https:\/\/www.franciscansusa.org\/wp-content\/uploads\/2024\/02\/2024-spring-newsletter-header-600x157.jpg 600w\" sizes=\"auto, (max-width: 1600px) 100vw, 1600px\" \/><\/div><\/div><\/div><\/div><\/div><\/div><\/div><\/section><section class=\"l-section wpb_row height_medium\"><div class=\"l-section-h i-cf\"><div class=\"g-cols vc_row type_default valign_top\"><div class=\"vc_col-sm-12 wpb_column vc_column_container\"><div class=\"vc_column-inner\"><div class=\"wpb_wrapper\"><div class=\"wpb_text_column\" ><div class=\"wpb_wrapper\"><p><img loading=\"lazy\" decoding=\"async\" class=\"wp-image-9882 alignright\" src=\"https:\/\/www.franciscansusa.org\/wp-content\/uploads\/2020\/02\/Screenshot-2020-02-28-10.12.46.png\" alt=\"\" width=\"208\" height=\"208\" srcset=\"https:\/\/www.franciscansusa.org\/wp-content\/uploads\/2020\/02\/Screenshot-2020-02-28-10.12.46-11x12.png 11w, https:\/\/www.franciscansusa.org\/wp-content\/uploads\/2020\/02\/Screenshot-2020-02-28-10.12.46-25x25.png 25w, https:\/\/www.franciscansusa.org\/wp-content\/uploads\/2020\/02\/Screenshot-2020-02-28-10.12.46-150x150.png 150w, https:\/\/www.franciscansusa.org\/wp-content\/uploads\/2020\/02\/Screenshot-2020-02-28-10.12.46-600x600.png 600w\" sizes=\"auto, (max-width: 208px) 100vw, 208px\" \/><\/p>\n<p>Queridos amigos,<\/p>\n<p>\u00a1Saludos de parte de los frailes de la Provincia de Nuestra Se\u00f1ora de Consolaci\u00f3n!<br \/>\nJes\u00fas era un misionero. Encarg\u00f3 a la Iglesia que continuara la misi\u00f3n que le hab\u00eda encomendado el Padre y fortaleci\u00f3 a la Iglesia con su Esp\u00edritu Santo. Ella contin\u00faa la misi\u00f3n del Hijo y la misi\u00f3n del Esp\u00edritu Santo proclamando hasta los confines de la tierra la salvaci\u00f3n que Cristo ofrece a quienes creen en \u00e9l.<\/p>\n<p>Como Cuerpo de Cristo, somos una iglesia misionera. La misi\u00f3n de la Iglesia es proclamar la salvaci\u00f3n de Cristo hasta los confines de la tierra. San Francisco de As\u00eds tom\u00f3 en serio el llamado de Jes\u00fas desde la Cruz de San Dami\u00e1n: \u201cFrancisco, reconstruye mi iglesia\u2026\u201d<\/p>\n<p>Francisco y sus frailes se involucraron en el trabajo misionero intercultural desde el principio de su historia. En 1219, su sue\u00f1o de predicar el Evangelio a los musulmanes se hizo realidad cuando, durante una de las Cruzadas, cruz\u00f3 las l\u00edneas enemigas para encontrarse con el sult\u00e1n Malik al-Kamil, con quien or\u00f3 y entabl\u00f3 un di\u00e1logo.<\/p>\n<p>El Papa Francisco nos llama una \u201ciglesia misionera\u201d con estas palabras: \u201cTodo cristiano est\u00e1 llamado a ser misionero y testigo de Cristo. Y la Iglesia, comunidad de los disc\u00edpulos de Cristo, no tiene otra misi\u00f3n que la de llevar el Evangelio al mundo entero dando testimonio de Cristo. Evangelizar es la identidad misma de la Iglesia\u201d.<\/p>\n<p>Queridos amigos, \u00fananse a nosotros en nuestras actividades misioneras de proclamar la Buena Nueva de Jes\u00fas a nuestro mundo dividido con sus oraciones. \u00a1Gracias!<\/p>\n<p>\u201c[Que] el Se\u00f1or os bendiga y os guarde. Que \u00c9l te muestre su rostro y tenga misericordia. Que \u00c9l vuelva hacia vosotros Su rostro y os d\u00e9 paz. \u00a1El Se\u00f1or os bendiga!\u201d (Bendici\u00f3n de San Francisco al Hermano Le\u00f3n)<\/p>\n<p>Sinceramente en Cristo y San Francisco,<\/p>\n<p><a ref=\"magnificPopup\" href=\"https:\/\/www.franciscansusa.org\/wp-content\/uploads\/2021\/07\/father-john-signature.png\"><img loading=\"lazy\" decoding=\"async\" class=\"alignnone wp-image-12054\" src=\"https:\/\/www.franciscansusa.org\/wp-content\/uploads\/2021\/07\/father-john-signature.png\" alt=\"\" width=\"151\" height=\"49\" srcset=\"https:\/\/www.franciscansusa.org\/wp-content\/uploads\/2021\/07\/father-john-signature.png 560w, https:\/\/www.franciscansusa.org\/wp-content\/uploads\/2021\/07\/father-john-signature-300x98.png 300w, https:\/\/www.franciscansusa.org\/wp-content\/uploads\/2021\/07\/father-john-signature-18x6.png 18w, https:\/\/www.franciscansusa.org\/wp-content\/uploads\/2021\/07\/father-john-signature-150x49.png 150w\" sizes=\"auto, (max-width: 151px) 100vw, 151px\" \/><\/a><\/p>\n<p>Padre John Elmer OFM Conv.<br \/>\nDirector Espiritual<\/p>\n<\/div><\/div><\/div><\/div><\/div><\/div><\/div><\/section><section class=\"l-section wpb_row height_medium\"><div class=\"l-section-h i-cf\"><div class=\"g-cols vc_row type_default valign_top\"><div class=\"vc_col-sm-12 wpb_column vc_column_container\"><div class=\"vc_column-inner\"><div class=\"wpb_wrapper\"><div class=\"w-grid type_grid layout_12064 cols_2 overflow_hidden\" id=\"us_grid_1\" data-filterable=\"true\"><style id=\"us_grid_1_css\">#us_grid_1 .w-grid-item{padding:1.5rem}#us_grid_1 .w-grid-list{margin:-1.5rem}.w-grid + #us_grid_1 .w-grid-list{margin-top:1.5rem}@media (max-width:599px){#us_grid_1 .w-grid-list{margin:0}#us_grid_1 .w-grid-item{width:100.0000%;padding:0;margin-bottom:1.5rem}}<\/style><style>.layout_12064 .w-grid-item-h{background:var(--color-content-bg);color:var(--color-content-text);border-radius:0.3rem;z-index:3;box-shadow:0 0.03rem 0.06rem rgba(0,0,0,0.1),0 0.10rem 0.30rem rgba(0,0,0,0.1);transition-duration:0.3s}.no-touch .layout_12064 .w-grid-item-h:hover{box-shadow:0 0.10rem 0.20rem rgba(0,0,0,0.1),0 0.33rem 1.00rem rgba(0,0,0,0.15);z-index:4}.layout_12064 .usg_post_title_1{font-size:1.4rem!important;font-weight:700!important}.layout_12064 .usg_vwrapper_1{padding:9% 11% 11% 11%!important}.layout_12064 .usg_hwrapper_1{color:var(--color-content-faded)!important;font-size:0.9rem!important}@media (max-width:599px){.layout_12064 .usg_post_title_1{font-size:1.2rem!important}}<\/style><div class=\"w-grid-list\" >\t<article class=\"w-grid-item size_1x1 post-17755 post type-post status-publish format-standard has-post-thumbnail hentry category-2024-spring-newsletter-light-of-faith tag-friar-martin-day\" data-id=\"17755\">\r\n\t\t<div class=\"w-grid-item-h\">\r\n\t\t\t\t\t\t<div class=\"w-post-elm post_image usg_post_image_1 stretched\"><a href=\"https:\/\/www.franciscansusa.org\/es\/enduring-faith\/\" aria-label=\"Fe duradera: el legado de los frailes en las misiones nacionales y extranjeras\"><img loading=\"lazy\" decoding=\"async\" width=\"1024\" height=\"585\" src=\"https:\/\/www.franciscansusa.org\/wp-content\/uploads\/2024\/02\/shutterstock_2267556127-1024x585.jpg\" class=\"attachment-large size-large wp-post-image\" alt=\"\" srcset=\"https:\/\/www.franciscansusa.org\/wp-content\/uploads\/2024\/02\/shutterstock_2267556127-1024x585.jpg 1024w, https:\/\/www.franciscansusa.org\/wp-content\/uploads\/2024\/02\/shutterstock_2267556127-300x171.jpg 300w, https:\/\/www.franciscansusa.org\/wp-content\/uploads\/2024\/02\/shutterstock_2267556127-18x10.jpg 18w, https:\/\/www.franciscansusa.org\/wp-content\/uploads\/2024\/02\/shutterstock_2267556127-150x86.jpg 150w, https:\/\/www.franciscansusa.org\/wp-content\/uploads\/2024\/02\/shutterstock_2267556127-600x343.jpg 600w, https:\/\/www.franciscansusa.org\/wp-content\/uploads\/2024\/02\/shutterstock_2267556127.jpg 1200w\" sizes=\"auto, (max-width: 1024px) 100vw, 1024px\" \/><\/a><\/div><div class=\"w-vwrapper usg_vwrapper_1 align_left valign_top\"><h2 class=\"w-post-elm post_title usg_post_title_1 entry-title color_link_inherit\"><a href=\"https:\/\/www.franciscansusa.org\/es\/enduring-faith\/\">Fe duradera: el legado de los frailes en las misiones nacionales y extranjeras<\/a><\/h2><div class=\"w-hwrapper usg_hwrapper_1 align_left valign_top wrap\"><\/div><div class=\"w-post-elm post_content usg_post_content_1\">Fe duradera: el legado de los frailes en las misiones nacionales y extranjeras Por fray Martin Day, OFM Conv. La Provincia de Nuestra Se\u00f1ora de la Consolaci\u00f3n tiene una fuerte historia de enviar frailes a misiones extranjeras, en algunos casos sin ninguna expectativa de que alguna vez regresar\u00edan. Nuestros primeros cuatro misioneros extranjeros que fueron\u2026<\/div><a class=\"w-btn us-btn-style_3 usg_btn_1\" href=\"https:\/\/www.franciscansusa.org\/es\/enduring-faith\/\"><span class=\"w-btn-label\">Leer m\u00e1s<\/span><\/a><\/div>\t\t<\/div>\r\n\t<\/article>\r\n\t<article class=\"w-grid-item size_1x1 post-17763 post type-post status-publish format-standard has-post-thumbnail hentry category-2024-spring-newsletter-light-of-faith tag-friar-wayne-hellmann\" data-id=\"17763\">\r\n\t\t<div class=\"w-grid-item-h\">\r\n\t\t\t\t\t\t<div class=\"w-post-elm post_image usg_post_image_1 stretched\"><a href=\"https:\/\/www.franciscansusa.org\/es\/friar-juniper-reluctant-missionary\/\" aria-label=\"Fray Juniper: misionero reacio\"><img loading=\"lazy\" decoding=\"async\" width=\"856\" height=\"569\" src=\"https:\/\/www.franciscansusa.org\/wp-content\/uploads\/2024\/02\/juniper-cummings-web.jpg\" class=\"attachment-large size-large wp-post-image\" alt=\"\" srcset=\"https:\/\/www.franciscansusa.org\/wp-content\/uploads\/2024\/02\/juniper-cummings-web.jpg 856w, https:\/\/www.franciscansusa.org\/wp-content\/uploads\/2024\/02\/juniper-cummings-web-300x199.jpg 300w, https:\/\/www.franciscansusa.org\/wp-content\/uploads\/2024\/02\/juniper-cummings-web-18x12.jpg 18w, https:\/\/www.franciscansusa.org\/wp-content\/uploads\/2024\/02\/juniper-cummings-web-600x399.jpg 600w, https:\/\/www.franciscansusa.org\/wp-content\/uploads\/2024\/02\/juniper-cummings-web-150x100.jpg 150w\" sizes=\"auto, (max-width: 856px) 100vw, 856px\" \/><\/a><\/div><div class=\"w-vwrapper usg_vwrapper_1 align_left valign_top\"><h2 class=\"w-post-elm post_title usg_post_title_1 entry-title color_link_inherit\"><a href=\"https:\/\/www.franciscansusa.org\/es\/friar-juniper-reluctant-missionary\/\">Fray Juniper: misionero reacio<\/a><\/h2><div class=\"w-hwrapper usg_hwrapper_1 align_left valign_top wrap\"><\/div><div class=\"w-post-elm post_content usg_post_content_1\">\u201cNo puedo decir que s\u00ed\u201d, dijo un sorprendido fraile Juniper Cummings al fraile Wayne Hellmann, entonces Ministro provincial, \u201cnunca he dicho que no. No puedo decir que no\u201d. Esta fue la esencia de una conversaci\u00f3n telef\u00f3nica a las 2:00 am entre Louisville, KY, y Kitwe, Zambia, donde el fraile Wayne presid\u00eda el Cap\u00edtulo Custodial de\u2026<\/div><a class=\"w-btn us-btn-style_3 usg_btn_1\" href=\"https:\/\/www.franciscansusa.org\/es\/friar-juniper-reluctant-missionary\/\"><span class=\"w-btn-label\">Leer m\u00e1s<\/span><\/a><\/div>\t\t<\/div>\r\n\t<\/article>\r\n\t<article class=\"w-grid-item size_1x1 post-17766 post type-post status-publish format-standard has-post-thumbnail hentry category-2024-spring-newsletter-light-of-faith\" data-id=\"17766\">\r\n\t\t<div class=\"w-grid-item-h\">\r\n\t\t\t\t\t\t<div class=\"w-post-elm post_image usg_post_image_1 stretched\"><a href=\"https:\/\/www.franciscansusa.org\/es\/legacy-of-love-and-faith\/\" aria-label=\"Legado de amor y fe: mi peregrinaci\u00f3n al ministerio del t\u00edo Edgar en Zambia\"><img loading=\"lazy\" decoding=\"async\" width=\"836\" height=\"656\" src=\"https:\/\/www.franciscansusa.org\/wp-content\/uploads\/2024\/02\/jim-huges-lead-1.jpg\" class=\"attachment-large size-large wp-post-image\" alt=\"\" srcset=\"https:\/\/www.franciscansusa.org\/wp-content\/uploads\/2024\/02\/jim-huges-lead-1.jpg 836w, https:\/\/www.franciscansusa.org\/wp-content\/uploads\/2024\/02\/jim-huges-lead-1-300x235.jpg 300w, https:\/\/www.franciscansusa.org\/wp-content\/uploads\/2024\/02\/jim-huges-lead-1-15x12.jpg 15w, https:\/\/www.franciscansusa.org\/wp-content\/uploads\/2024\/02\/jim-huges-lead-1-150x118.jpg 150w, https:\/\/www.franciscansusa.org\/wp-content\/uploads\/2024\/02\/jim-huges-lead-1-510x400.jpg 510w, https:\/\/www.franciscansusa.org\/wp-content\/uploads\/2024\/02\/jim-huges-lead-1-600x471.jpg 600w\" sizes=\"auto, (max-width: 836px) 100vw, 836px\" \/><\/a><\/div><div class=\"w-vwrapper usg_vwrapper_1 align_left valign_top\"><h2 class=\"w-post-elm post_title usg_post_title_1 entry-title color_link_inherit\"><a href=\"https:\/\/www.franciscansusa.org\/es\/legacy-of-love-and-faith\/\">Legado de amor y fe: mi peregrinaci\u00f3n al ministerio del t\u00edo Edgar en Zambia<\/a><\/h2><div class=\"w-hwrapper usg_hwrapper_1 align_left valign_top wrap\"><\/div><div class=\"w-post-elm post_content usg_post_content_1\">Fray Edgar Hughes camin\u00f3 con el pueblo de Zambia en un esfuerzo por mejorar las condiciones de vida de los m\u00e1s necesitados. Fotos cortes\u00eda de Archivos Provinciales. Mi padre y su hermano Tom eran muy unidos mientras crec\u00edan. Una vez pap\u00e1 brome\u00f3 diciendo que mi t\u00edo solo ingres\u00f3 al seminario porque lo hab\u00eda hecho. Soy\u2026<\/div><a class=\"w-btn us-btn-style_3 usg_btn_1\" href=\"https:\/\/www.franciscansusa.org\/es\/legacy-of-love-and-faith\/\"><span class=\"w-btn-label\">Leer m\u00e1s<\/span><\/a><\/div>\t\t<\/div>\r\n\t<\/article>\r\n\t<article class=\"w-grid-item size_1x1 post-17774 post type-post status-publish format-standard has-post-thumbnail hentry category-2024-spring-newsletter-light-of-faith tag-friar-ray-mallett\" data-id=\"17774\">\r\n\t\t<div class=\"w-grid-item-h\">\r\n\t\t\t\t\t\t<div class=\"w-post-elm post_image usg_post_image_1 stretched\"><a href=\"https:\/\/www.franciscansusa.org\/es\/reflections-from-a-missionary\/\" aria-label=\"Reflexiones de un misionero\"><img loading=\"lazy\" decoding=\"async\" width=\"1000\" height=\"693\" src=\"https:\/\/www.franciscansusa.org\/wp-content\/uploads\/2024\/02\/Mallett-Raymond-priesthood-anniv.-in-Vietnam-2019-6.jpg\" class=\"attachment-large size-large wp-post-image\" alt=\"\" srcset=\"https:\/\/www.franciscansusa.org\/wp-content\/uploads\/2024\/02\/Mallett-Raymond-priesthood-anniv.-in-Vietnam-2019-6.jpg 1000w, https:\/\/www.franciscansusa.org\/wp-content\/uploads\/2024\/02\/Mallett-Raymond-priesthood-anniv.-in-Vietnam-2019-6-300x208.jpg 300w, https:\/\/www.franciscansusa.org\/wp-content\/uploads\/2024\/02\/Mallett-Raymond-priesthood-anniv.-in-Vietnam-2019-6-18x12.jpg 18w, https:\/\/www.franciscansusa.org\/wp-content\/uploads\/2024\/02\/Mallett-Raymond-priesthood-anniv.-in-Vietnam-2019-6-150x104.jpg 150w, https:\/\/www.franciscansusa.org\/wp-content\/uploads\/2024\/02\/Mallett-Raymond-priesthood-anniv.-in-Vietnam-2019-6-577x400.jpg 577w, https:\/\/www.franciscansusa.org\/wp-content\/uploads\/2024\/02\/Mallett-Raymond-priesthood-anniv.-in-Vietnam-2019-6-600x416.jpg 600w\" sizes=\"auto, (max-width: 1000px) 100vw, 1000px\" \/><\/a><\/div><div class=\"w-vwrapper usg_vwrapper_1 align_left valign_top\"><h2 class=\"w-post-elm post_title usg_post_title_1 entry-title color_link_inherit\"><a href=\"https:\/\/www.franciscansusa.org\/es\/reflections-from-a-missionary\/\">Reflexiones de un misionero<\/a><\/h2><div class=\"w-hwrapper usg_hwrapper_1 align_left valign_top wrap\"><\/div><div class=\"w-post-elm post_content usg_post_content_1\">Reflexiones de un misionero Por fray Ray Mallett, OFM Conv. Entr\u00e9 en la Provincia de Nuestra Se\u00f1ora de la Consolaci\u00f3n, como postulante, en 1967, cuando ten\u00eda 17 a\u00f1os. Unos a\u00f1os m\u00e1s tarde, recuerdo mis a\u00f1os como fraile, especialmente mis a\u00f1os de ministerio. Estos a\u00f1os han sido los m\u00e1s formativos\u2026<\/div><a class=\"w-btn us-btn-style_3 usg_btn_1\" href=\"https:\/\/www.franciscansusa.org\/es\/reflections-from-a-missionary\/\"><span class=\"w-btn-label\">Leer m\u00e1s<\/span><\/a><\/div>\t\t<\/div>\r\n\t<\/article>\r\n\t<article class=\"w-grid-item size_1x1 post-17779 post type-post status-publish format-standard has-post-thumbnail hentry category-2024-spring-newsletter-light-of-faith tag-friar-bob-roddy\" data-id=\"17779\">\r\n\t\t<div class=\"w-grid-item-h\">\r\n\t\t\t\t\t\t<div class=\"w-post-elm post_image usg_post_image_1 stretched\"><a href=\"https:\/\/www.franciscansusa.org\/es\/mercy-personified\/\" aria-label=\"Misericordia personificada\"><img loading=\"lazy\" decoding=\"async\" width=\"1024\" height=\"768\" src=\"https:\/\/www.franciscansusa.org\/wp-content\/uploads\/2024\/02\/mercy-personified-1024x768.jpg\" class=\"attachment-large size-large wp-post-image\" alt=\"\" srcset=\"https:\/\/www.franciscansusa.org\/wp-content\/uploads\/2024\/02\/mercy-personified-1024x768.jpg 1024w, https:\/\/www.franciscansusa.org\/wp-content\/uploads\/2024\/02\/mercy-personified-300x225.jpg 300w, https:\/\/www.franciscansusa.org\/wp-content\/uploads\/2024\/02\/mercy-personified-16x12.jpg 16w, https:\/\/www.franciscansusa.org\/wp-content\/uploads\/2024\/02\/mercy-personified-150x113.jpg 150w, https:\/\/www.franciscansusa.org\/wp-content\/uploads\/2024\/02\/mercy-personified-533x400.jpg 533w, https:\/\/www.franciscansusa.org\/wp-content\/uploads\/2024\/02\/mercy-personified-600x450.jpg 600w, https:\/\/www.franciscansusa.org\/wp-content\/uploads\/2024\/02\/mercy-personified.jpg 1200w\" sizes=\"auto, (max-width: 1024px) 100vw, 1024px\" \/><\/a><\/div><div class=\"w-vwrapper usg_vwrapper_1 align_left valign_top\"><h2 class=\"w-post-elm post_title usg_post_title_1 entry-title color_link_inherit\"><a href=\"https:\/\/www.franciscansusa.org\/es\/mercy-personified\/\">Misericordia personificada<\/a><\/h2><div class=\"w-hwrapper usg_hwrapper_1 align_left valign_top wrap\"><\/div><div class=\"w-post-elm post_content usg_post_content_1\">Los frailes celebran Misa en el Santuario de San Hermano Pedro de San Jos\u00e9 Betancurt (Hermano Pedrito) y la Iglesia de San Francisco en Antigua Guatemala, siendo el celebrante Fray Jorge Dobles, OFM Conv. Misericordia personificada Por fray Bob Roddy, OFM Conv. Donde habitan la Misericordia, el Amor y la Piedad, all\u00ed habita tambi\u00e9n Dios. -William Blake\u2026<\/div><a class=\"w-btn us-btn-style_3 usg_btn_1\" href=\"https:\/\/www.franciscansusa.org\/es\/mercy-personified\/\"><span class=\"w-btn-label\">Leer m\u00e1s<\/span><\/a><\/div>\t\t<\/div>\r\n\t<\/article>\r\n\t<article class=\"w-grid-item size_1x1 post-17782 post type-post status-publish format-standard has-post-thumbnail hentry category-2024-spring-newsletter-light-of-faith tag-friar-dariusz-mazurek\" data-id=\"17782\">\r\n\t\t<div class=\"w-grid-item-h\">\r\n\t\t\t\t\t\t<div class=\"w-post-elm post_image usg_post_image_1 stretched\"><a href=\"https:\/\/www.franciscansusa.org\/es\/we-are-all-missionaries\/\" aria-label=\"Todos somos misioneros: abrazando la profundidad de la fe y el compromiso\"><img loading=\"lazy\" decoding=\"async\" width=\"800\" height=\"600\" src=\"https:\/\/www.franciscansusa.org\/wp-content\/uploads\/2024\/02\/Dario2.jpg\" class=\"attachment-large size-large wp-post-image\" alt=\"\" srcset=\"https:\/\/www.franciscansusa.org\/wp-content\/uploads\/2024\/02\/Dario2.jpg 800w, https:\/\/www.franciscansusa.org\/wp-content\/uploads\/2024\/02\/Dario2-300x225.jpg 300w, https:\/\/www.franciscansusa.org\/wp-content\/uploads\/2024\/02\/Dario2-16x12.jpg 16w, https:\/\/www.franciscansusa.org\/wp-content\/uploads\/2024\/02\/Dario2-150x113.jpg 150w, https:\/\/www.franciscansusa.org\/wp-content\/uploads\/2024\/02\/Dario2-533x400.jpg 533w, https:\/\/www.franciscansusa.org\/wp-content\/uploads\/2024\/02\/Dario2-600x450.jpg 600w\" sizes=\"auto, (max-width: 800px) 100vw, 800px\" \/><\/a><\/div><div class=\"w-vwrapper usg_vwrapper_1 align_left valign_top\"><h2 class=\"w-post-elm post_title usg_post_title_1 entry-title color_link_inherit\"><a href=\"https:\/\/www.franciscansusa.org\/es\/we-are-all-missionaries\/\">Todos somos misioneros: abrazando la profundidad de la fe y el compromiso<\/a><\/h2><div class=\"w-hwrapper usg_hwrapper_1 align_left valign_top wrap\"><\/div><div class=\"w-post-elm post_content usg_post_content_1\">Imag\u00ednese una cruz que sobresale del mundo. De \u00e9l sale una luz que ilumina el globo, pero esta luz s\u00f3lo ilumina un tercio de la tierra. \u00bfQu\u00e9 quiere decir esto? \u00a1Significa que la luz de la fe en Jesucristo s\u00f3lo ha llegado a un tercio de nuestro planeta! No estoy hablando\u2026<\/div><a class=\"w-btn us-btn-style_3 usg_btn_1\" href=\"https:\/\/www.franciscansusa.org\/es\/we-are-all-missionaries\/\"><span class=\"w-btn-label\">Leer m\u00e1s<\/span><\/a><\/div>\t\t<\/div>\r\n\t<\/article>\r\n<\/div><div class=\"w-grid-preloader\"><div class=\"g-preloader type_1\">\r\n\t<div><\/div>\r\n<\/div>\r\n<\/div>\t<div class=\"w-grid-json hidden\" onclick='return {&quot;action&quot;:&quot;us_ajax_grid&quot;,&quot;ajax_url&quot;:&quot;https:\\\/\\\/www.franciscansusa.org\\\/wp-admin\\\/admin-ajax.php&quot;,&quot;infinite_scroll&quot;:0,&quot;max_num_pages&quot;:1,&quot;pagination&quot;:&quot;none&quot;,&quot;permalink_url&quot;:&quot;https:\\\/\\\/www.franciscansusa.org\\\/es\\\/wp-json\\\/wp\\\/v2\\\/pages\\\/17743&quot;,&quot;template_vars&quot;:{&quot;columns&quot;:&quot;2&quot;,&quot;exclude_items&quot;:&quot;none&quot;,&quot;img_size&quot;:&quot;default&quot;,&quot;ignore_items_size&quot;:false,&quot;items_layout&quot;:&quot;12064&quot;,&quot;items_offset&quot;:&quot;1&quot;,&quot;load_animation&quot;:&quot;none&quot;,&quot;overriding_link&quot;:&quot;none&quot;,&quot;post_id&quot;:17743,&quot;query_args&quot;:{&quot;post_type&quot;:[&quot;post&quot;],&quot;tax_query&quot;:[{&quot;taxonomy&quot;:&quot;category&quot;,&quot;field&quot;:&quot;slug&quot;,&quot;terms&quot;:[&quot;2024-spring-newsletter-light-of-faith&quot;]}],&quot;post_status&quot;:[&quot;publish&quot;],&quot;posts_per_page&quot;:&quot;10&quot;},&quot;orderby_query_args&quot;:{&quot;orderby&quot;:{&quot;date&quot;:&quot;ASC&quot;}},&quot;type&quot;:&quot;grid&quot;,&quot;us_grid_ajax_index&quot;:1,&quot;us_grid_filter_params&quot;:null,&quot;us_grid_index&quot;:1,&quot;_us_grid_post_type&quot;:&quot;post&quot;}}'><\/div>\r\n\t<\/div><\/div><\/div><\/div><\/div><\/div><\/section>\n<\/div>","protected":false},"excerpt":{"rendered":"Imag\u00ednese una cruz que sobresale del mundo. De \u00e9l sale una luz que ilumina el globo, pero esta luz s\u00f3lo ilumina un tercio de la tierra. \u00bfQu\u00e9 quiere decir esto? \u00a1Significa que la luz de la fe en Jesucristo s\u00f3lo ha llegado a un tercio de nuestro planeta! No estoy hablando de qui\u00e9n lo har\u00e1...","protected":false},"author":1,"featured_media":16308,"parent":0,"menu_order":0,"comment_status":"closed","ping_status":"closed","template":"","meta":{"om_disable_all_campaigns":false,"_monsterinsights_skip_tracking":false,"_monsterinsights_sitenote_active":false,"_monsterinsights_sitenote_note":"","_monsterinsights_sitenote_category":0,"_uf_show_specific_survey":0,"_uf_disable_surveys":false,"footnotes":""},"class_list":["post-17743","page","type-page","status-publish","has-post-thumbnail","hentry"],"aioseo_notices":[],"publishpress_future_action":{"enabled":false,"date":"2026-04-16 06:29:40","action":"change-status","newStatus":"draft","terms":[],"taxonomy":"","extraData":[]},"publishpress_future_workflow_manual_trigger":{"enabledWorkflows":[]},"_links":{"self":[{"href":"https:\/\/www.franciscansusa.org\/es\/wp-json\/wp\/v2\/pages\/17743","targetHints":{"allow":["GET"]}}],"collection":[{"href":"https:\/\/www.franciscansusa.org\/es\/wp-json\/wp\/v2\/pages"}],"about":[{"href":"https:\/\/www.franciscansusa.org\/es\/wp-json\/wp\/v2\/types\/page"}],"author":[{"embeddable":true,"href":"https:\/\/www.franciscansusa.org\/es\/wp-json\/wp\/v2\/users\/1"}],"replies":[{"embeddable":true,"href":"https:\/\/www.franciscansusa.org\/es\/wp-json\/wp\/v2\/comments?post=17743"}],"version-history":[{"count":3,"href":"https:\/\/www.franciscansusa.org\/es\/wp-json\/wp\/v2\/pages\/17743\/revisions"}],"predecessor-version":[{"id":17760,"href":"https:\/\/www.franciscansusa.org\/es\/wp-json\/wp\/v2\/pages\/17743\/revisions\/17760"}],"wp:featuredmedia":[{"embeddable":true,"href":"https:\/\/www.franciscansusa.org\/es\/wp-json\/wp\/v2\/media\/16308"}],"wp:attachment":[{"href":"https:\/\/www.franciscansusa.org\/es\/wp-json\/wp\/v2\/media?parent=17743"}],"curies":[{"name":"gracias","href":"https:\/\/api.w.org\/{rel}","templated":true}]}}