{"id":18264,"date":"2024-04-16T09:39:44","date_gmt":"2024-04-16T13:39:44","guid":{"rendered":"https:\/\/www.franciscansusa.org\/?page_id=18264"},"modified":"2024-04-22T09:58:55","modified_gmt":"2024-04-22T13:58:55","slug":"st-anthony-society","status":"publish","type":"page","link":"https:\/\/www.franciscansusa.org\/es\/st-anthony-society\/","title":{"rendered":"Sociedad de San Antonio"},"content":{"rendered":"<div class=\"wpb-content-wrapper\"><section class=\"l-section wpb_row height_huge with_img with_overlay\"><div class=\"l-section-img\" style=\"background-image: url(https:\/\/www.franciscansusa.org\/wp-content\/uploads\/2021\/01\/pme-st-anthony.jpg);\" data-img-width=\"432\" data-img-height=\"576\"><\/div><div class=\"l-section-overlay\" style=\"background: rgba(0,0,0,0.6)\"><\/div><div class=\"l-section-h i-cf\"><div class=\"g-cols vc_row type_default valign_top\"><div class=\"vc_col-sm-12 wpb_column vc_column_container\"><div class=\"vc_column-inner\"><div class=\"wpb_wrapper\"><div class=\"wpb_text_column\" ><div class=\"wpb_wrapper\"><h2><span style=\"color: #ffffff;\"><strong>Sociedad de San Antonio<\/strong><\/span><\/h2>\n<\/div><\/div><\/div><\/div><\/div><\/div><\/div><\/section><section class=\"l-section wpb_row height_medium\"><div class=\"l-section-h i-cf\"><div class=\"g-cols vc_row type_default valign_top\"><div class=\"vc_col-sm-8 wpb_column vc_column_container\"><div class=\"vc_column-inner\"><div class=\"wpb_wrapper\"><div class=\"w-image align_none\"><div class=\"w-image-h\"><img loading=\"lazy\" decoding=\"async\" width=\"800\" height=\"467\" src=\"https:\/\/www.franciscansusa.org\/wp-content\/uploads\/2024\/04\/st-anthony-society-logo.png\" class=\"attachment-large size-large\" alt=\"\" srcset=\"https:\/\/www.franciscansusa.org\/wp-content\/uploads\/2024\/04\/st-anthony-society-logo.png 800w, https:\/\/www.franciscansusa.org\/wp-content\/uploads\/2024\/04\/st-anthony-society-logo-300x175.png 300w, https:\/\/www.franciscansusa.org\/wp-content\/uploads\/2024\/04\/st-anthony-society-logo-18x12.png 18w, https:\/\/www.franciscansusa.org\/wp-content\/uploads\/2024\/04\/st-anthony-society-logo-150x88.png 150w, https:\/\/www.franciscansusa.org\/wp-content\/uploads\/2024\/04\/st-anthony-society-logo-600x350.png 600w\" sizes=\"auto, (max-width: 800px) 100vw, 800px\" \/><\/div><\/div><div class=\"w-separator size_small\"><\/div><div class=\"wpb_text_column\" ><div class=\"wpb_wrapper\"><h4><strong>Quienes somos<\/strong><\/h4>\n<p>St. Anthony Giving Society es un grupo exclusivo de personas compasivas comprometidas a apoyar la misi\u00f3n de los Frailes Franciscanos Conventuales \u2013 Provincia de Nuestra Se\u00f1ora de la Consolaci\u00f3n. Nuestra sociedad, que lleva el nombre de San Antonio de Padua, conocido por su dedicaci\u00f3n a los pobres y marginados, desempe\u00f1a un papel crucial en el mantenimiento de los esfuerzos caritativos de los frailes a trav\u00e9s de constantes contribuciones mensuales.<\/p>\n<h4><strong>\u00bfPor qu\u00e9 unirse?<\/strong><\/h4>\n<p>Al unirse a St. Anthony Giving Society, usted se convierte en parte de una comunidad que valora el apoyo proactivo a los necesitados y fomenta el crecimiento espiritual entre sus miembros. He aqu\u00ed por qu\u00e9 es importante su membres\u00eda:<\/p>\n<ul>\n<li><strong>Soporte sostenido:<\/strong> Sus donaciones mensuales proporcionan una base financiera estable que permite a los frailes planificar y ejecutar iniciativas nuevas y en curso destinadas a ayudar a los necesitados.<\/li>\n<li><strong>Conexi\u00f3n espiritual:<\/strong> Como miembro de la sociedad, se le incluir\u00e1 en las oraciones y misas diarias, ofreciendo beneficios espirituales y bienestar personal.<\/li>\n<li><strong>Beneficios exclusivos:<\/strong> Los miembros reciben un reconocimiento especial en nuestro sitio web, comunicaciones personales de los frailes, un im\u00e1n \u00fanico para la sociedad y misas para los miembros de la sociedad.<\/li>\n<\/ul>\n<div class=\"flex flex-grow flex-col max-w-full\">\n<div class=\"min-h-&#091;20px&#093; text-message flex flex-col items-start gap-3 whitespace-pre-wrap break-words &#091;.text-message+&amp;&#093;:mt-5 overflow-x-auto\" dir=\"auto\" data-message-author-role=\"assistant\" data-message-id=\"ecc8669b-0e0b-45ba-bf07-cd3d00faf152\">\n<div class=\"markdown prose w-full break-words dark:prose-invert light\">\n<h4><strong>Como unirse<\/strong><\/h4>\n<p>Unirse a St. Anthony Giving Society es f\u00e1cil y se puede hacer inmediatamente en esta p\u00e1gina:<\/p>\n<ol>\n<li><strong>Elija su contribuci\u00f3n:<\/strong> Ingrese la cantidad que desea donar mensualmente en el campo designado. Si tiene un monto espec\u00edfico en mente que no aparece en la lista, simplemente seleccione la opci\u00f3n &quot;Otro&quot; y especifique su monto.<\/li>\n<li><strong>Complete su donaci\u00f3n:<\/strong> Completa tus datos de pago en este mismo formulario para procesar tu aporte.<\/li>\n<li><strong>Confirmar y dar la bienvenida a bordo:<\/strong> Despu\u00e9s de confirmar su donaci\u00f3n, su apoyo comenzar\u00e1 de inmediato. Recibir\u00e1 un paquete de bienvenida y su exclusivo im\u00e1n de sociedad como muestra de nuestro agradecimiento.<\/li>\n<\/ol>\n<p>Comience su apoyo hoy completando el proceso de donaci\u00f3n en esta p\u00e1gina. \u00a1Estamos encantados de darle la bienvenida a St. Anthony Giving Society!<\/p>\n<\/div>\n<\/div>\n<\/div>\n<h4><strong>\u00danase hoy y marque la diferencia<\/strong><\/h4>\n<p>Su membres\u00eda apoya la misi\u00f3n de los frailes y lo conecta con un legado de caridad y compasi\u00f3n encarnado por San Antonio de Padua. Convi\u00e9rtase en un faro de esperanza y \u00fanase hoy a St. Anthony Giving Society. Juntos podemos iluminar vidas con fe y amor.<\/p>\n<p>Su asociaci\u00f3n nos acerca a un mundo enriquecido por los valores perdurables de amor y servicio de San Antonio. Gracias.<\/p>\n<\/div><\/div><\/div><\/div><\/div><div class=\"vc_col-sm-4 wpb_column vc_column_container\"><div class=\"vc_column-inner\"><div class=\"wpb_wrapper\">\n\t<div class=\"wpb_raw_code wpb_raw_html wpb_content_element us_custom_909b2fd0\" >\n\t\t<div class=\"wpb_wrapper\">\n\t\t\t<div class=\"qgiv-embed-container\" data-qgiv-embed=\"true\" data-embed-id=\"71817\" data-embed=\"https:\/\/secure.qgiv.com\/for\/website-stanthonysociety\/embed\/71817\/\" data-width=\"630\"><\/div>\n<script>(function(w, d, s, id){var js, fjs = d.getElementsByTagName(s)[0];if (d.getElementById(id)) return;js = d.createElement(s); js.id = id;js.src = \"https:\/\/secure.qgiv.com\/resources\/core\/js\/embed.js\";fjs.parentNode.insertBefore(js, fjs);})(window, document, 'script', 'qgiv-embedjs');<\/script>\n\t\t<\/div>\n\t<\/div>\n<\/div><\/div><\/div><\/div><\/div><\/section>\n<\/div>","protected":false},"excerpt":{"rendered":"Sociedad de San Antonio. Qui\u00e9nes somos. La Sociedad de Donaciones de San Antonio es un grupo exclusivo de personas compasivas, comprometidas con el apoyo a la misi\u00f3n de los Frailes Franciscanos Conventuales de la Provincia de Nuestra Se\u00f1ora de la Consolaci\u00f3n. Nombrada en honor a San Antonio de Padua, conocido por su dedicaci\u00f3n a los pobres y marginados, nuestra sociedad desempe\u00f1a un papel crucial...","protected":false},"author":1,"featured_media":0,"parent":0,"menu_order":0,"comment_status":"closed","ping_status":"closed","template":"","meta":{"om_disable_all_campaigns":false,"_monsterinsights_skip_tracking":false,"_monsterinsights_sitenote_active":false,"_monsterinsights_sitenote_note":"","_monsterinsights_sitenote_category":0,"_uf_show_specific_survey":0,"_uf_disable_surveys":false,"footnotes":""},"class_list":["post-18264","page","type-page","status-publish","hentry"],"aioseo_notices":[],"publishpress_future_action":{"enabled":false,"date":"2026-05-07 14:26:34","action":"change-status","newStatus":"draft","terms":[],"taxonomy":"","extraData":[]},"publishpress_future_workflow_manual_trigger":{"enabledWorkflows":[]},"_links":{"self":[{"href":"https:\/\/www.franciscansusa.org\/es\/wp-json\/wp\/v2\/pages\/18264","targetHints":{"allow":["GET"]}}],"collection":[{"href":"https:\/\/www.franciscansusa.org\/es\/wp-json\/wp\/v2\/pages"}],"about":[{"href":"https:\/\/www.franciscansusa.org\/es\/wp-json\/wp\/v2\/types\/page"}],"author":[{"embeddable":true,"href":"https:\/\/www.franciscansusa.org\/es\/wp-json\/wp\/v2\/users\/1"}],"replies":[{"embeddable":true,"href":"https:\/\/www.franciscansusa.org\/es\/wp-json\/wp\/v2\/comments?post=18264"}],"version-history":[{"count":12,"href":"https:\/\/www.franciscansusa.org\/es\/wp-json\/wp\/v2\/pages\/18264\/revisions"}],"predecessor-version":[{"id":18324,"href":"https:\/\/www.franciscansusa.org\/es\/wp-json\/wp\/v2\/pages\/18264\/revisions\/18324"}],"wp:attachment":[{"href":"https:\/\/www.franciscansusa.org\/es\/wp-json\/wp\/v2\/media?parent=18264"}],"curies":[{"name":"gracias","href":"https:\/\/api.w.org\/{rel}","templated":true}]}}