{"id":18697,"date":"2024-05-29T11:49:20","date_gmt":"2024-05-29T15:49:20","guid":{"rendered":"https:\/\/www.franciscansusa.org\/?page_id=18697"},"modified":"2024-05-29T11:57:07","modified_gmt":"2024-05-29T15:57:07","slug":"support-senior-friars","status":"publish","type":"page","link":"https:\/\/www.franciscansusa.org\/es\/support-senior-friars\/","title":{"rendered":"Apelaci\u00f3n del Fraile Mayor 2024"},"content":{"rendered":"<div class=\"wpb-content-wrapper\"><section class=\"l-section wpb_row height_huge with_img with_overlay\"><div class=\"l-section-img\" style=\"background-image: url(https:\/\/www.franciscansusa.org\/wp-content\/uploads\/2023\/07\/Profession-First-Vows-1.jpg);\" data-img-width=\"2400\" data-img-height=\"1600\"><\/div><div class=\"l-section-overlay\" style=\"background: rgba(0,0,0,0.6)\"><\/div><div class=\"l-section-h i-cf\"><div class=\"g-cols vc_row type_default valign_top\"><div class=\"vc_col-sm-12 wpb_column vc_column_container\"><div class=\"vc_column-inner\"><div class=\"wpb_wrapper\"><div class=\"wpb_text_column\" ><div class=\"wpb_wrapper\"><h2><span style=\"color: #ffffff;\"><strong>Apoye a nuestros frailes mayores<\/strong><\/span><\/h2>\n<\/div><\/div><\/div><\/div><\/div><\/div><\/div><\/section><section class=\"l-section wpb_row height_medium\"><div class=\"l-section-h i-cf\"><div class=\"g-cols vc_row type_default valign_top\"><div class=\"vc_col-sm-8 wpb_column vc_column_container\"><div class=\"vc_column-inner\"><div class=\"wpb_wrapper\"><div class=\"w-image align_none\"><div class=\"w-image-h\"><img loading=\"lazy\" decoding=\"async\" width=\"1024\" height=\"356\" src=\"https:\/\/www.franciscansusa.org\/wp-content\/uploads\/2024\/05\/senior-friars-appeal-header-1024x356.jpg\" class=\"attachment-large size-large\" alt=\"\" srcset=\"https:\/\/www.franciscansusa.org\/wp-content\/uploads\/2024\/05\/senior-friars-appeal-header-1024x356.jpg 1024w, https:\/\/www.franciscansusa.org\/wp-content\/uploads\/2024\/05\/senior-friars-appeal-header-300x104.jpg 300w, https:\/\/www.franciscansusa.org\/wp-content\/uploads\/2024\/05\/senior-friars-appeal-header-18x6.jpg 18w, https:\/\/www.franciscansusa.org\/wp-content\/uploads\/2024\/05\/senior-friars-appeal-header-150x52.jpg 150w, https:\/\/www.franciscansusa.org\/wp-content\/uploads\/2024\/05\/senior-friars-appeal-header-600x209.jpg 600w, https:\/\/www.franciscansusa.org\/wp-content\/uploads\/2024\/05\/senior-friars-appeal-header.jpg 1400w\" sizes=\"auto, (max-width: 1024px) 100vw, 1024px\" \/><\/div><\/div><div class=\"w-separator size_small\"><\/div><div class=\"wpb_text_column\" ><div class=\"wpb_wrapper\"><h2>Apoye a nuestros frailes mayores<\/h2>\n<p>Durante casi un siglo, los Frailes Franciscanos de la Provincia de Nuestra Se\u00f1ora de la Consolaci\u00f3n han sido una fuente de esperanza y consuelo para innumerables personas. Desde llamadas nocturnas para ungir a sus seres queridos, hasta ayudar a familias que luchan contra la adicci\u00f3n y consolar a padres preocupados por sus hijos, nuestros frailes han estado ah\u00ed en momentos de necesidad.<\/p>\n<p>Ahora, nuestros frailes necesitan su ayuda. A medida que envejecen, enfrentan los mismos desaf\u00edos que cualquier miembro de la familia: costos m\u00e9dicos crecientes, la necesidad de terapia de salud f\u00edsica y mental y otras intervenciones m\u00e9dicas. Aunque tienen acceso a la Seguridad Social y Medicare desde 2004, muchos costos a\u00fan no est\u00e1n cubiertos.<\/p>\n<p>Su apoyo puede marcar una profunda diferencia. Al donar, ayudas a garantizar que nuestros frailes mayores reciban la atenci\u00f3n que necesitan para vivir con dignidad y seguridad. Estos \u201cfrailes de ministerio limitado\u201d contin\u00faan sirviendo a la Orden y a la Iglesia orando por las intenciones de nuestros amigos y benefactores, y necesitan nuestra ayuda ahora m\u00e1s que nunca.<\/p>\n<h2><strong>C\u00f3mo puedes ayudar<\/strong><\/h2>\n<p>Su apoyo financiero y moral es crucial. Su donaci\u00f3n, sin importar el tama\u00f1o, es una promesa de agradecimiento por el servicio que estos hombres generosos han brindado a la Iglesia y sus comunidades. Es una manera de retribuir a quienes han dado tanto.<\/p>\n<p><strong>Done ahora:<\/strong> Su contribuci\u00f3n ayuda a cubrir los costos que Medicare y otros programas no cubren. Utilice el formulario de esta p\u00e1gina para ayudar a los frailes mayores.<\/p>\n<p><strong>Enviar intenciones de oraci\u00f3n:<\/strong> Incluya sus intenciones de oraci\u00f3n con su donaci\u00f3n y sepa que nuestros frailes lo mantendr\u00e1n a usted y a sus seres queridos en sus oraciones.<\/p>\n<p>Con agradecimiento,<\/p>\n<p><img loading=\"lazy\" decoding=\"async\" class=\"alignnone wp-image-12054\" src=\"https:\/\/www.franciscansusa.org\/wp-content\/uploads\/2021\/07\/father-john-signature.png\" alt=\"\" width=\"163\" height=\"53\" srcset=\"https:\/\/www.franciscansusa.org\/wp-content\/uploads\/2021\/07\/father-john-signature.png 560w, https:\/\/www.franciscansusa.org\/wp-content\/uploads\/2021\/07\/father-john-signature-300x98.png 300w, https:\/\/www.franciscansusa.org\/wp-content\/uploads\/2021\/07\/father-john-signature-18x6.png 18w, https:\/\/www.franciscansusa.org\/wp-content\/uploads\/2021\/07\/father-john-signature-150x49.png 150w\" sizes=\"auto, (max-width: 163px) 100vw, 163px\" \/><\/p>\n<p>Padre John Elmer, OFM Conv.<\/p>\n<p><em><strong>\u201cLos que esperan en Jehov\u00e1 renovar\u00e1n sus fuerzas, volar\u00e1n como alas de \u00e1guila; correr\u00e1n y no se cansar\u00e1n, caminar\u00e1n y no se fatigar\u00e1n\u201d. \u2013 Isa\u00edas 40:31<\/strong><\/em><\/p>\n<\/div><\/div><\/div><\/div><\/div><div class=\"vc_col-sm-4 wpb_column vc_column_container\"><div class=\"vc_column-inner\"><div class=\"wpb_wrapper\">\n\t<div class=\"wpb_raw_code wpb_raw_html wpb_content_element us_custom_909b2fd0\" >\n\t\t<div class=\"wpb_wrapper\">\n\t\t\t<div class=\"qgiv-embed-container\" data-qgiv-embed=\"true\" data-embed-id=\"72560\" data-embed=\"https:\/\/secure.qgiv.com\/for\/2024q4min-seniorfriarappeal\/embed\/72560\/\" data-width=\"630\"><\/div>\n<script>(function(w, d, s, id){var js, fjs = d.getElementsByTagName(s)[0];if (d.getElementById(id)) return;js = d.createElement(s); js.id = id;js.src = \"https:\/\/secure.qgiv.com\/resources\/core\/js\/embed.js\";fjs.parentNode.insertBefore(js, fjs);})(window, document, 'script', 'qgiv-embedjs');<\/script>\n\t\t<\/div>\n\t<\/div>\n<div class=\"w-separator size_small\"><\/div><div class=\"w-image align_none\"><div class=\"w-image-h\"><img loading=\"lazy\" decoding=\"async\" width=\"674\" height=\"512\" src=\"https:\/\/www.franciscansusa.org\/wp-content\/uploads\/2024\/05\/senior-friars-appeal-tony.jpg\" class=\"attachment-large size-large\" alt=\"\" srcset=\"https:\/\/www.franciscansusa.org\/wp-content\/uploads\/2024\/05\/senior-friars-appeal-tony.jpg 674w, https:\/\/www.franciscansusa.org\/wp-content\/uploads\/2024\/05\/senior-friars-appeal-tony-300x228.jpg 300w, https:\/\/www.franciscansusa.org\/wp-content\/uploads\/2024\/05\/senior-friars-appeal-tony-16x12.jpg 16w, https:\/\/www.franciscansusa.org\/wp-content\/uploads\/2024\/05\/senior-friars-appeal-tony-150x114.jpg 150w, https:\/\/www.franciscansusa.org\/wp-content\/uploads\/2024\/05\/senior-friars-appeal-tony-527x400.jpg 527w, https:\/\/www.franciscansusa.org\/wp-content\/uploads\/2024\/05\/senior-friars-appeal-tony-600x456.jpg 600w\" sizes=\"auto, (max-width: 674px) 100vw, 674px\" \/><\/div><\/div><div class=\"w-separator size_small\"><\/div><div class=\"wpb_text_column\" ><div class=\"wpb_wrapper\"><h6>El hermano Tony Droll, OFM Conv. (derecha), comparte un momento de compasi\u00f3n con una mujer de Zambia afectada por la lepra. Con m\u00e1s de 40 a\u00f1os dedicados al servicio misionero en Zambia, el hermano Tony encarna el compromiso desinteresado con los necesitados. A diferencia de las carreras t\u00edpicas, su devoci\u00f3n no tiene seguridad financiera. Apoye a los frailes franciscanos en su duradera misi\u00f3n de sanar y elevar a los m\u00e1s necesitados.<\/h6>\n<\/div><\/div><div class=\"w-image align_none\"><div class=\"w-image-h\"><img loading=\"lazy\" decoding=\"async\" width=\"678\" height=\"492\" src=\"https:\/\/www.franciscansusa.org\/wp-content\/uploads\/2024\/05\/senior-friars-appeal-valentine.jpg\" class=\"attachment-large size-large\" alt=\"\" srcset=\"https:\/\/www.franciscansusa.org\/wp-content\/uploads\/2024\/05\/senior-friars-appeal-valentine.jpg 678w, https:\/\/www.franciscansusa.org\/wp-content\/uploads\/2024\/05\/senior-friars-appeal-valentine-300x218.jpg 300w, https:\/\/www.franciscansusa.org\/wp-content\/uploads\/2024\/05\/senior-friars-appeal-valentine-18x12.jpg 18w, https:\/\/www.franciscansusa.org\/wp-content\/uploads\/2024\/05\/senior-friars-appeal-valentine-150x109.jpg 150w, https:\/\/www.franciscansusa.org\/wp-content\/uploads\/2024\/05\/senior-friars-appeal-valentine-551x400.jpg 551w, https:\/\/www.franciscansusa.org\/wp-content\/uploads\/2024\/05\/senior-friars-appeal-valentine-600x435.jpg 600w\" sizes=\"auto, (max-width: 678px) 100vw, 678px\" \/><\/div><\/div><div class=\"w-separator size_small\"><\/div><div class=\"wpb_text_column\" ><div class=\"wpb_wrapper\"><h6>El Padre Valentine Jankowski, OFM Conv., contin\u00faa encarnando una dedicaci\u00f3n y servicio inquebrantables, habiendo sido ordenado sacerdote el 19 de febrero de 1961 y sirviendo como sacerdote durante m\u00e1s de 63 a\u00f1os. En este emotivo momento, se le ve cuidando a sus gallinas, mostrando su esp\u00edritu solidario no s\u00f3lo hacia su comunidad parroquial sino tambi\u00e9n en las alegr\u00edas sencillas de la vida diaria. Incluso m\u00e1s all\u00e1 de la t\u00edpica edad de jubilaci\u00f3n, nuestros frailes a menudo contin\u00faan con su ministerio y su devoci\u00f3n de por vida a vivir el Evangelio.<\/h6>\n<\/div><\/div><\/div><\/div><\/div><\/div><\/div><\/section>\n<\/div>","protected":false},"excerpt":{"rendered":"Durante casi un siglo, los Frailes Franciscanos de la Provincia de Nuestra Se\u00f1ora de la Consolaci\u00f3n han sido fuente de esperanza y consuelo para innumerables personas. Desde llamadas nocturnas para ungir a sus seres queridos, hasta asistencia a familias con adicciones y consuelo para padres preocupados por sus hijos, nuestros frailes...","protected":false},"author":1,"featured_media":0,"parent":0,"menu_order":0,"comment_status":"closed","ping_status":"closed","template":"","meta":{"om_disable_all_campaigns":false,"_monsterinsights_skip_tracking":false,"_monsterinsights_sitenote_active":false,"_monsterinsights_sitenote_note":"","_monsterinsights_sitenote_category":0,"_uf_show_specific_survey":0,"_uf_disable_surveys":false,"footnotes":""},"class_list":["post-18697","page","type-page","status-publish","hentry"],"aioseo_notices":[],"publishpress_future_action":{"enabled":false,"date":"2026-04-21 08:11:35","action":"change-status","newStatus":"draft","terms":[],"taxonomy":"","extraData":[]},"publishpress_future_workflow_manual_trigger":{"enabledWorkflows":[]},"_links":{"self":[{"href":"https:\/\/www.franciscansusa.org\/es\/wp-json\/wp\/v2\/pages\/18697","targetHints":{"allow":["GET"]}}],"collection":[{"href":"https:\/\/www.franciscansusa.org\/es\/wp-json\/wp\/v2\/pages"}],"about":[{"href":"https:\/\/www.franciscansusa.org\/es\/wp-json\/wp\/v2\/types\/page"}],"author":[{"embeddable":true,"href":"https:\/\/www.franciscansusa.org\/es\/wp-json\/wp\/v2\/users\/1"}],"replies":[{"embeddable":true,"href":"https:\/\/www.franciscansusa.org\/es\/wp-json\/wp\/v2\/comments?post=18697"}],"version-history":[{"count":6,"href":"https:\/\/www.franciscansusa.org\/es\/wp-json\/wp\/v2\/pages\/18697\/revisions"}],"predecessor-version":[{"id":18724,"href":"https:\/\/www.franciscansusa.org\/es\/wp-json\/wp\/v2\/pages\/18697\/revisions\/18724"}],"wp:attachment":[{"href":"https:\/\/www.franciscansusa.org\/es\/wp-json\/wp\/v2\/media?parent=18697"}],"curies":[{"name":"gracias","href":"https:\/\/api.w.org\/{rel}","templated":true}]}}