{"id":19686,"date":"2024-08-28T13:22:05","date_gmt":"2024-08-28T17:22:05","guid":{"rendered":"https:\/\/www.franciscansusa.org\/?page_id=19686"},"modified":"2024-11-14T10:43:20","modified_gmt":"2024-11-14T15:43:20","slug":"holy-family-refugee-center","status":"publish","type":"page","link":"https:\/\/www.franciscansusa.org\/es\/holy-family-refugee-center\/","title":{"rendered":"Centro de Refugiados de la Sagrada Familia"},"content":{"rendered":"<div class=\"wpb-content-wrapper\"><section class=\"l-section wpb_row height_huge with_img with_overlay\"><div class=\"l-section-img\" style=\"background-image: url(https:\/\/www.franciscansusa.org\/wp-content\/uploads\/2024\/11\/img20240925_12030614-scaled.jpg);\" data-img-width=\"2560\" data-img-height=\"1829\"><\/div><div class=\"l-section-overlay\" style=\"background: rgba(0,0,0,0.6)\"><\/div><div class=\"l-section-h i-cf\"><div class=\"g-cols vc_row type_default valign_top\"><div class=\"vc_col-sm-12 wpb_column vc_column_container\"><div class=\"vc_column-inner\"><div class=\"wpb_wrapper\"><div class=\"wpb_text_column\" ><div class=\"wpb_wrapper\"><h2><span style=\"color: #ffffff;\"><strong>Centro de Refugiados de la Sagrada Familia<\/strong><\/span><\/h2>\n<\/div><\/div><\/div><\/div><\/div><\/div><\/div><\/section><section class=\"l-section wpb_row height_medium\"><div class=\"l-section-h i-cf\"><div class=\"g-cols vc_row type_default valign_top\"><div class=\"vc_col-sm-8 wpb_column vc_column_container\"><div class=\"vc_column-inner\"><div class=\"wpb_wrapper\"><div class=\"w-image align_none\"><div class=\"w-image-h\"><img loading=\"lazy\" decoding=\"async\" width=\"800\" height=\"572\" src=\"https:\/\/www.franciscansusa.org\/wp-content\/uploads\/2024\/11\/455950120_1020073606790963_7511361444644341003_n.jpg\" class=\"attachment-large size-large\" alt=\"\" srcset=\"https:\/\/www.franciscansusa.org\/wp-content\/uploads\/2024\/11\/455950120_1020073606790963_7511361444644341003_n.jpg 800w, https:\/\/www.franciscansusa.org\/wp-content\/uploads\/2024\/11\/455950120_1020073606790963_7511361444644341003_n-300x215.jpg 300w, https:\/\/www.franciscansusa.org\/wp-content\/uploads\/2024\/11\/455950120_1020073606790963_7511361444644341003_n-18x12.jpg 18w, https:\/\/www.franciscansusa.org\/wp-content\/uploads\/2024\/11\/455950120_1020073606790963_7511361444644341003_n-150x107.jpg 150w, https:\/\/www.franciscansusa.org\/wp-content\/uploads\/2024\/11\/455950120_1020073606790963_7511361444644341003_n-559x400.jpg 559w, https:\/\/www.franciscansusa.org\/wp-content\/uploads\/2024\/11\/455950120_1020073606790963_7511361444644341003_n-600x429.jpg 600w\" sizes=\"auto, (max-width: 800px) 100vw, 800px\" \/><\/div><\/div><div class=\"w-separator size_small\"><\/div><div class=\"wpb_text_column\" ><div class=\"wpb_wrapper\"><p>Ubicado en El Paso, Texas, el Centro de Refugiados de la Sagrada Familia es un faro de esperanza y compasi\u00f3n que ofrece refugio a inmigrantes legales que llegan a la frontera entre Estados Unidos y M\u00e9xico. Dirigido por los Frailes Franciscanos Conventuales de la Provincia de Nuestra Se\u00f1ora de la Consolaci\u00f3n, el centro se dedica a brindar un espacio seguro y acogedor para personas y familias que huyen de la persecuci\u00f3n, la violencia y las dificultades extremas en sus pa\u00edses de origen. Aqu\u00ed, los refugiados encuentran no solo refugio y necesidades b\u00e1sicas, sino tambi\u00e9n una comunidad que los acoge con los brazos abiertos y un esp\u00edritu de solidaridad.<\/p>\n<h4><strong>Un llamado a servir<\/strong><\/h4>\n<p>El Centro de Refugiados de la Sagrada Familia se fund\u00f3 con un profundo llamado a vivir el evangelio a trav\u00e9s del servicio. El padre Jarek, un fraile franciscano conventual de Polonia, supervisa el ministerio del centro. Despu\u00e9s de servir en misiones en \u00c1frica, Sudam\u00e9rica y Europa, el padre Jarek se sinti\u00f3 atra\u00eddo por la frontera entre Estados Unidos y M\u00e9xico, donde vio la urgente necesidad de compasi\u00f3n y apoyo para los refugiados. Su misi\u00f3n comenz\u00f3 con la sencilla pero profunda tarea de preparar y entregar alimentos a los refugiados durante la pandemia de COVID-19, incluso cuando no pod\u00eda verlos en persona.<\/p>\n<p>Con el tiempo, este ministerio evolucion\u00f3. Con la ayuda de Rub\u00e9n Garc\u00eda, de Annunciation House, y muchos voluntarios, el Centro de Refugiados de la Sagrada Familia abri\u00f3 sus puertas para recibir a refugiados que buscaban entrar legalmente a los Estados Unidos. Como explica el padre Jarek, este trabajo no se trata solo de satisfacer las necesidades f\u00edsicas, sino de responder al llamado de Dios de estar presente con los vulnerables, tal como San Francisco fue llamado a cuidar de los leprosos.<\/p>\n<h4><strong>Apoyando su viaje<\/strong><\/h4>\n<p>La misi\u00f3n del Centro de Refugiados de la Sagrada Familia es ofrecer seguridad y dignidad a los refugiados, proporcion\u00e1ndoles necesidades b\u00e1sicas como alojamiento, comida, ropa y transporte. En el centro se dan la bienvenida a los refugiados legales que han sido procesados por las autoridades de inmigraci\u00f3n de los EE. UU. Entre estos refugiados, a menudo se incluyen familias, mujeres embarazadas, personas perseguidas por su g\u00e9nero o sexualidad y otras personas que huyen de la violencia extrema o la pobreza.<\/p>\n<p>Los voluntarios y el personal trabajan incansablemente para garantizar que cada persona que entra por las puertas del centro se sienta apoyada y respetada. Desde ayudar a los refugiados a conseguir los arreglos de viaje para reencontrarse con sus seres queridos en todo el pa\u00eds hasta ofrecer una comida caliente y una cama, el Centro de Refugiados de la Sagrada Familia se esfuerza por encarnar el esp\u00edritu de amor y cuidado. Como explica el padre Jarek: \u201cVivimos el cap\u00edtulo 25 de Mateo todos los d\u00edas: damos la bienvenida a los hambrientos, los sedientos y los extranjeros\u201d.<\/p>\n<\/div><\/div><div class=\"g-cols wpb_row  type_default valign_top vc_inner\"><div class=\"vc_col-sm-12 wpb_column vc_column_container\"><div class=\"vc_column-inner\"><div class=\"wpb_wrapper\"><div class=\"w-separator size_small\"><\/div><div class=\"w-separator size_small with_line width_default thick_1 style_solid color_border align_center\"><div class=\"w-separator-h\"><\/div><\/div><div class=\"wpb_text_column\" ><div class=\"wpb_wrapper\"><h4>Testimonios de voluntarios<\/h4>\n<\/div><\/div><div class=\"w-separator size_small\"><\/div><\/div><\/div><\/div><div class=\"vc_col-sm-6 wpb_column vc_column_container\"><div class=\"vc_column-inner\"><div class=\"wpb_wrapper\"><div class=\"w-video align_center ratio_16x9\"><div class=\"w-video-h\"><iframe src=\"\/\/player.vimeo.com\/video\/1028961613?autopause=0&autoplay=0&color=00adef&portrait=0&byline=0&title=0\" webkitallowfullscreen mozallowfullscreen allowfullscreen><\/iframe><\/div><div class=\"w-video-icon\" style=\"font-size:1.5rem;background:rgba(0,0,0,0.5);color:#fff;\"><\/div><\/div><div class=\"w-separator size_small\"><\/div><div class=\"wpb_text_column\" ><div class=\"wpb_wrapper\"><h4><strong>Escuche la historia de voluntariado de Elisa<\/strong><\/h4>\n<p>En este conmovedor video, la voluntaria Elisa Aguilar comparte su recorrido de fe y servicio en el Centro de Refugiados de la Sagrada Familia, donde recibe a los migrantes con compasi\u00f3n y dignidad. Escuche sus poderosas historias de resiliencia, esperanza y las profundas conexiones que se forman a trav\u00e9s de su trabajo. M\u00edrelo para inspirarse con el coraje de aquellos a quienes sirve y el impacto de este ministerio.<\/p>\n<\/div><\/div><\/div><\/div><\/div><div class=\"vc_col-sm-6 wpb_column vc_column_container\"><div class=\"vc_column-inner\"><div class=\"wpb_wrapper\"><div class=\"w-video align_center ratio_16x9\"><div class=\"w-video-h\"><iframe src=\"\/\/player.vimeo.com\/video\/1029649792?autopause=0&autoplay=0&color=00adef&portrait=0&byline=0&title=0\" webkitallowfullscreen mozallowfullscreen allowfullscreen><\/iframe><\/div><div class=\"w-video-icon\" style=\"font-size:1.5rem;background:rgba(0,0,0,0.5);color:#fff;\"><\/div><\/div><div class=\"w-separator size_small\"><\/div><div class=\"wpb_text_column\" ><div class=\"wpb_wrapper\"><h4><strong>Mar\u00eda comparte su historia de voluntariado<\/strong><\/h4>\n<div class=\"flex-shrink-0 flex flex-col relative items-end\">\n<div>\n<div class=\"pt-0\">\n<div class=\"gizmo-shadow-stroke flex h-8 w-8 items-center justify-center overflow-hidden rounded-full\">\n<div class=\"h-full w-full\">\n<div class=\"gizmo-shadow-stroke overflow-hidden rounded-full\">\n<div class=\"flex-col gap-1 md:gap-3\">\n<div class=\"flex max-w-full flex-col flex-grow\">\n<div class=\"min-h-8 text-message flex w-full flex-col items-end gap-2 whitespace-normal break-words &#091;.text-message+&amp;&#093;:mt-5\" dir=\"auto\" data-message-author-role=\"assistant\" data-message-id=\"a2962071-ac43-4199-be49-93f860fef7f2\" data-message-model-slug=\"gpt-4o\">\n<div class=\"flex w-full flex-col gap-1 empty:hidden first:pt-&#091;3px&#093;\">\n<div class=\"markdown prose w-full break-words dark:prose-invert light\">\n<p>En esta sincera entrevista, Mar\u00eda Varela comparte su viaje desde Cuba hasta Miami y su pasi\u00f3n por contribuir a trav\u00e9s de Holy Family Ministries. Escuche su inspiradora historia de resiliencia, fe y compasi\u00f3n mientras describe c\u00f3mo dio la bienvenida a los nuevos inmigrantes, cre\u00f3 un refugio seguro para las familias y encontr\u00f3 un prop\u00f3sito a trav\u00e9s del servicio. Con conmovedoras historias de valent\u00eda y esperanza, Mar\u00eda nos recuerda el poder de la comunidad y la bondad. \u00a1No se pierda este conmovedor testimonio de la fortaleza del esp\u00edritu humano!<\/p>\n<\/div>\n<\/div>\n<\/div>\n<\/div>\n<\/div>\n<\/div>\n<\/div>\n<\/div>\n<\/div>\n<\/div>\n<\/div>\n<\/div><\/div><\/div><\/div><\/div><div class=\"vc_col-sm-12 wpb_column vc_column_container\"><div class=\"vc_column-inner\"><div class=\"wpb_wrapper\"><div class=\"w-separator size_small\"><\/div><div class=\"w-separator size_small with_line width_default thick_1 style_solid color_border align_center\"><div class=\"w-separator-h\"><\/div><\/div><\/div><\/div><\/div><\/div><div class=\"wpb_text_column\" ><div class=\"wpb_wrapper\"><h4><strong>Un lugar de sanaci\u00f3n y esperanza<\/strong><\/h4>\n<p>El Centro de Refugiados de la Sagrada Familia es m\u00e1s que un refugio; es una comunidad. Quienes llegan a sus puertas a menudo llegan sin nada, pues han sido robados o extorsionados a lo largo de su viaje. Muchos han pasado a\u00f1os de penurias, viajando por territorios peligrosos como el Tap\u00f3n del Dari\u00e9n. A pesar del trauma que han enfrentado, los refugiados de la Sagrada Familia a menudo muestran una fortaleza, fe y resiliencia notables. Sus historias conmueven los corazones de todos los que los conocen, record\u00e1ndonos la profunda humanidad que todos compartimos.<\/p>\n<p>El trabajo del centro no est\u00e1 exento de desaf\u00edos, ya que las leyes y los procesos de inmigraci\u00f3n cambian constantemente. Sin embargo, el enfoque sigue siendo brindar atenci\u00f3n inmediata: acoger a los refugiados, garantizar que tengan un lugar seguro donde descansar y ayudarlos a realizar la transici\u00f3n a la siguiente etapa de su viaje. El esp\u00edritu de solidaridad es fuerte e incluso entre los propios refugiados hay actos de generosidad y bondad, como familias que unen sus limitados recursos para ayudar a otros a comprar boletos de autob\u00fas para sus destinos.<\/p>\n<h4><strong>\u00danase a nosotros en esta misi\u00f3n<\/strong><\/h4>\n<p>El Centro de Refugiados de la Sagrada Familia es un testimonio del poder de la comunidad, la fe y el amor en acci\u00f3n. El centro prospera gracias a la dedicaci\u00f3n de sus voluntarios, que no solo dan de lo que les sobra, sino de todo coraz\u00f3n. Como dijo una vez San Juan Pablo II, la verdadera generosidad proviene de dar de lo que uno tiene, no solo de lo que sobra. En la Sagrada Familia, esto se vive todos los d\u00edas.<\/p>\n<p>Te invitamos a ser parte de esta misi\u00f3n de compasi\u00f3n. Tu apoyo hace la diferencia. Juntos, podemos seguir recibiendo a los refugiados con la dignidad y el cuidado que merecen, encarnando el llamado del Evangelio a amar y servir al extranjero entre nosotros.<\/p>\n<p>En el Centro de Refugiados Holy Family, cada acto de bondad nos acerca a la construcci\u00f3n de un mundo donde todas las personas, independientemente de su procedencia, puedan encontrar seguridad, esperanza y un nuevo comienzo.<\/p>\n<\/div><\/div><\/div><\/div><\/div><div class=\"vc_col-sm-4 wpb_column vc_column_container\"><div class=\"vc_column-inner\"><div class=\"wpb_wrapper\">\n\t<div class=\"wpb_raw_code wpb_raw_html wpb_content_element us_custom_909b2fd0\" >\n\t\t<div class=\"wpb_wrapper\">\n\t\t\t<div class=\"qgiv-embed-container\" data-qgiv-embed=\"true\" data-embed-id=\"76053\" data-embed=\"https:\/\/secure.qgiv.com\/for\/holyfamilyrefugeecenter-website\/embed\/76053\/\" data-width=\"630\"><\/div>\n<script>(function(w, d, s, id){var js, fjs = d.getElementsByTagName(s)[0];if (d.getElementById(id)) return;js = d.createElement(s); js.id = id;js.src = \"https:\/\/secure.qgiv.com\/resources\/core\/js\/embed.js\";fjs.parentNode.insertBefore(js, fjs);})(window, document, 'script', 'qgiv-embedjs');<\/script>\n\t\t<\/div>\n\t<\/div>\n<\/div><\/div><\/div><\/div><\/div><\/section><section class=\"l-section wpb_row height_medium\"><div class=\"l-section-h i-cf\"><div class=\"g-cols vc_row type_default valign_top\"><div class=\"vc_col-sm-12 wpb_column vc_column_container\"><div class=\"vc_column-inner\"><div class=\"wpb_wrapper\"><div class=\"w-grid type_grid layout_18496 cols_4\" id=\"us_grid_1\" data-filterable=\"true\"><style id=\"us_grid_1_css\">#us_grid_1 .w-grid-item{padding:1.5rem}#us_grid_1 .w-grid-list{margin:-1.5rem}.w-grid + #us_grid_1 .w-grid-list{margin-top:1.5rem}@media (max-width:1199px){#us_grid_1 .w-grid-item{width:33.3333%}}@media (max-width:899px){#us_grid_1 .w-grid-item{width:50.0000%}}@media (max-width:599px){#us_grid_1 .w-grid-list{margin:0}#us_grid_1 .w-grid-item{width:100.0000%;padding:0;margin-bottom:1.5rem}}<\/style><style>.layout_18496 .w-grid-item-h{}.layout_18496 .usg_post_image_1{transition-duration:0.3s;transform-origin:50% 50%;transform:scale(1) translate(0%,0%)}.layout_18496 .w-grid-item-h:hover .usg_post_image_1{transform:scale(1) translate(0%,0%);opacity:1}<\/style><div class=\"w-grid-list\" >\t<article class=\"w-grid-item post-20292 attachment type-attachment status-inherit hentry\" data-id=\"20292\">\r\n\t\t<div class=\"w-grid-item-h\">\r\n\t\t\t\t\t\t<div class=\"w-post-elm post_image usg_post_image_1 stretched\"><a href=\"https:\/\/www.franciscansusa.org\/wp-content\/uploads\/2024\/11\/img20240925_15150939-scaled.jpg\" ref=\"magnificPopup\" aria-label=\"Imagen 20240925_15150939\"><img loading=\"lazy\" decoding=\"async\" width=\"540\" height=\"400\" src=\"https:\/\/www.franciscansusa.org\/wp-content\/uploads\/2024\/11\/img20240925_15150939-540x400.jpg\" class=\"attachment-us_600_400 size-us_600_400\" alt=\"\" srcset=\"https:\/\/www.franciscansusa.org\/wp-content\/uploads\/2024\/11\/img20240925_15150939-540x400.jpg 540w, https:\/\/www.franciscansusa.org\/wp-content\/uploads\/2024\/11\/img20240925_15150939-300x222.jpg 300w, https:\/\/www.franciscansusa.org\/wp-content\/uploads\/2024\/11\/img20240925_15150939-1024x759.jpg 1024w, https:\/\/www.franciscansusa.org\/wp-content\/uploads\/2024\/11\/img20240925_15150939-16x12.jpg 16w, https:\/\/www.franciscansusa.org\/wp-content\/uploads\/2024\/11\/img20240925_15150939-150x111.jpg 150w, https:\/\/www.franciscansusa.org\/wp-content\/uploads\/2024\/11\/img20240925_15150939-600x445.jpg 600w\" sizes=\"auto, (max-width: 540px) 100vw, 540px\" \/><\/a><\/div>\t\t<\/div>\r\n\t<\/article>\r\n\t<article class=\"w-grid-item post-20291 attachment type-attachment status-inherit hentry\" data-id=\"20291\">\r\n\t\t<div class=\"w-grid-item-h\">\r\n\t\t\t\t\t\t<div class=\"w-post-elm post_image usg_post_image_1 stretched\"><a href=\"https:\/\/www.franciscansusa.org\/wp-content\/uploads\/2024\/11\/img20240925_15244288-scaled.jpg\" ref=\"magnificPopup\" aria-label=\"Imagen 20240925_15244288\"><img loading=\"lazy\" decoding=\"async\" width=\"549\" height=\"400\" src=\"https:\/\/www.franciscansusa.org\/wp-content\/uploads\/2024\/11\/img20240925_15244288-549x400.jpg\" class=\"attachment-us_600_400 size-us_600_400\" alt=\"\" srcset=\"https:\/\/www.franciscansusa.org\/wp-content\/uploads\/2024\/11\/img20240925_15244288-549x400.jpg 549w, https:\/\/www.franciscansusa.org\/wp-content\/uploads\/2024\/11\/img20240925_15244288-300x219.jpg 300w, https:\/\/www.franciscansusa.org\/wp-content\/uploads\/2024\/11\/img20240925_15244288-1024x746.jpg 1024w, https:\/\/www.franciscansusa.org\/wp-content\/uploads\/2024\/11\/img20240925_15244288-16x12.jpg 16w, https:\/\/www.franciscansusa.org\/wp-content\/uploads\/2024\/11\/img20240925_15244288-150x109.jpg 150w, https:\/\/www.franciscansusa.org\/wp-content\/uploads\/2024\/11\/img20240925_15244288-600x437.jpg 600w\" sizes=\"auto, (max-width: 549px) 100vw, 549px\" \/><\/a><\/div>\t\t<\/div>\r\n\t<\/article>\r\n\t<article class=\"w-grid-item post-20290 attachment type-attachment status-inherit hentry\" data-id=\"20290\">\r\n\t\t<div class=\"w-grid-item-h\">\r\n\t\t\t\t\t\t<div class=\"w-post-elm post_image usg_post_image_1 stretched\"><a href=\"https:\/\/www.franciscansusa.org\/wp-content\/uploads\/2024\/11\/img20240925_12030614-scaled.jpg\" ref=\"magnificPopup\" aria-label=\"Imagen 20240925_12030614\"><img loading=\"lazy\" decoding=\"async\" width=\"560\" height=\"400\" src=\"https:\/\/www.franciscansusa.org\/wp-content\/uploads\/2024\/11\/img20240925_12030614-560x400.jpg\" class=\"attachment-us_600_400 size-us_600_400\" alt=\"\" srcset=\"https:\/\/www.franciscansusa.org\/wp-content\/uploads\/2024\/11\/img20240925_12030614-560x400.jpg 560w, https:\/\/www.franciscansusa.org\/wp-content\/uploads\/2024\/11\/img20240925_12030614-300x214.jpg 300w, https:\/\/www.franciscansusa.org\/wp-content\/uploads\/2024\/11\/img20240925_12030614-1024x732.jpg 1024w, https:\/\/www.franciscansusa.org\/wp-content\/uploads\/2024\/11\/img20240925_12030614-18x12.jpg 18w, https:\/\/www.franciscansusa.org\/wp-content\/uploads\/2024\/11\/img20240925_12030614-150x107.jpg 150w, https:\/\/www.franciscansusa.org\/wp-content\/uploads\/2024\/11\/img20240925_12030614-600x429.jpg 600w\" sizes=\"auto, (max-width: 560px) 100vw, 560px\" \/><\/a><\/div>\t\t<\/div>\r\n\t<\/article>\r\n\t<article class=\"w-grid-item post-20281 attachment type-attachment status-inherit hentry\" data-id=\"20281\">\r\n\t\t<div class=\"w-grid-item-h\">\r\n\t\t\t\t\t\t<div class=\"w-post-elm post_image usg_post_image_1 stretched\"><a href=\"https:\/\/www.franciscansusa.org\/wp-content\/uploads\/2024\/10\/holy-family-refugee-center-1.jpg\" ref=\"magnificPopup\" aria-label=\"centro de refugiados de la sagrada familia\"><img loading=\"lazy\" decoding=\"async\" width=\"600\" height=\"400\" src=\"https:\/\/www.franciscansusa.org\/wp-content\/uploads\/2024\/10\/holy-family-refugee-center-1-600x400.jpg\" class=\"attachment-us_600_400 size-us_600_400\" alt=\"\" srcset=\"https:\/\/www.franciscansusa.org\/wp-content\/uploads\/2024\/10\/holy-family-refugee-center-1-600x399.jpg 600w, https:\/\/www.franciscansusa.org\/wp-content\/uploads\/2024\/10\/holy-family-refugee-center-1-300x200.jpg 300w, https:\/\/www.franciscansusa.org\/wp-content\/uploads\/2024\/10\/holy-family-refugee-center-1-18x12.jpg 18w, https:\/\/www.franciscansusa.org\/wp-content\/uploads\/2024\/10\/holy-family-refugee-center-1-150x100.jpg 150w, https:\/\/www.franciscansusa.org\/wp-content\/uploads\/2024\/10\/holy-family-refugee-center-1.jpg 800w\" sizes=\"auto, (max-width: 600px) 100vw, 600px\" \/><\/a><\/div>\t\t<\/div>\r\n\t<\/article>\r\n<\/div><div class=\"w-grid-preloader\"><div class=\"g-preloader type_1\">\r\n\t<div><\/div>\r\n<\/div>\r\n<\/div>\t<div class=\"w-grid-json hidden\" onclick='return {&quot;action&quot;:&quot;us_ajax_grid&quot;,&quot;ajax_url&quot;:&quot;https:\\\/\\\/www.franciscansusa.org\\\/wp-admin\\\/admin-ajax.php&quot;,&quot;infinite_scroll&quot;:0,&quot;max_num_pages&quot;:1,&quot;pagination&quot;:&quot;none&quot;,&quot;permalink_url&quot;:&quot;https:\\\/\\\/www.franciscansusa.org\\\/es\\\/wp-json\\\/wp\\\/v2\\\/pages\\\/19686&quot;,&quot;template_vars&quot;:{&quot;columns&quot;:&quot;4&quot;,&quot;exclude_items&quot;:&quot;none&quot;,&quot;img_size&quot;:&quot;default&quot;,&quot;ignore_items_size&quot;:false,&quot;items_layout&quot;:&quot;18496&quot;,&quot;items_offset&quot;:&quot;1&quot;,&quot;load_animation&quot;:&quot;none&quot;,&quot;overriding_link&quot;:&quot;none&quot;,&quot;post_id&quot;:19686,&quot;query_args&quot;:{&quot;post_type&quot;:[&quot;attachment&quot;],&quot;post__in&quot;:[&quot;20290&quot;,&quot;20281&quot;,&quot;20291&quot;,&quot;20292&quot;],&quot;post_status&quot;:&quot;inherit&quot;,&quot;post_mime_type&quot;:&quot;image&quot;,&quot;posts_per_page&quot;:&quot;10&quot;},&quot;orderby_query_args&quot;:{&quot;orderby&quot;:{&quot;date&quot;:&quot;DESC&quot;}},&quot;type&quot;:&quot;grid&quot;,&quot;us_grid_ajax_index&quot;:1,&quot;us_grid_filter_params&quot;:null,&quot;us_grid_index&quot;:1,&quot;_us_grid_post_type&quot;:&quot;attachment&quot;}}'><\/div>\r\n\t<\/div><\/div><\/div><\/div><\/div><\/div><\/section>\n<\/div>","protected":false},"excerpt":{"rendered":"","protected":false},"author":1,"featured_media":0,"parent":0,"menu_order":0,"comment_status":"closed","ping_status":"closed","template":"","meta":{"om_disable_all_campaigns":false,"_monsterinsights_skip_tracking":false,"_monsterinsights_sitenote_active":false,"_monsterinsights_sitenote_note":"","_monsterinsights_sitenote_category":0,"_uf_show_specific_survey":0,"_uf_disable_surveys":false,"footnotes":""},"class_list":["post-19686","page","type-page","status-publish","hentry"],"aioseo_notices":[],"publishpress_future_action":{"enabled":false,"date":"2026-04-25 06:01:30","action":"change-status","newStatus":"draft","terms":[],"taxonomy":"","extraData":[]},"publishpress_future_workflow_manual_trigger":{"enabledWorkflows":[]},"_links":{"self":[{"href":"https:\/\/www.franciscansusa.org\/es\/wp-json\/wp\/v2\/pages\/19686","targetHints":{"allow":["GET"]}}],"collection":[{"href":"https:\/\/www.franciscansusa.org\/es\/wp-json\/wp\/v2\/pages"}],"about":[{"href":"https:\/\/www.franciscansusa.org\/es\/wp-json\/wp\/v2\/types\/page"}],"author":[{"embeddable":true,"href":"https:\/\/www.franciscansusa.org\/es\/wp-json\/wp\/v2\/users\/1"}],"replies":[{"embeddable":true,"href":"https:\/\/www.franciscansusa.org\/es\/wp-json\/wp\/v2\/comments?post=19686"}],"version-history":[{"count":17,"href":"https:\/\/www.franciscansusa.org\/es\/wp-json\/wp\/v2\/pages\/19686\/revisions"}],"predecessor-version":[{"id":20307,"href":"https:\/\/www.franciscansusa.org\/es\/wp-json\/wp\/v2\/pages\/19686\/revisions\/20307"}],"wp:attachment":[{"href":"https:\/\/www.franciscansusa.org\/es\/wp-json\/wp\/v2\/media?parent=19686"}],"curies":[{"name":"gracias","href":"https:\/\/api.w.org\/{rel}","templated":true}]}}