{"id":20071,"date":"2024-10-18T08:14:51","date_gmt":"2024-10-18T12:14:51","guid":{"rendered":"https:\/\/www.franciscansusa.org\/?page_id=20071"},"modified":"2024-10-18T08:47:11","modified_gmt":"2024-10-18T12:47:11","slug":"2024-winter-newsletter-pilgrims-of-hope","status":"publish","type":"page","link":"https:\/\/www.franciscansusa.org\/es\/2024-winter-newsletter-pilgrims-of-hope\/","title":{"rendered":"2024 \u2013 Bolet\u00edn de invierno \u2013 Peregrinos de la esperanza"},"content":{"rendered":"<div class=\"wpb-content-wrapper\"><section class=\"l-section wpb_row height_medium\"><div class=\"l-section-h i-cf\"><div class=\"g-cols vc_row type_default valign_top\"><div class=\"vc_col-sm-12 wpb_column vc_column_container\"><div class=\"vc_column-inner\"><div class=\"wpb_wrapper\"><div class=\"w-image align_center\"><div class=\"w-image-h\"><img loading=\"lazy\" decoding=\"async\" width=\"2876\" height=\"748\" src=\"https:\/\/www.franciscansusa.org\/wp-content\/uploads\/2024\/12\/winter-spanish.jpg\" class=\"attachment-full size-full\" alt=\"\" srcset=\"https:\/\/www.franciscansusa.org\/wp-content\/uploads\/2024\/12\/winter-spanish.jpg 1200w, https:\/\/www.franciscansusa.org\/wp-content\/uploads\/2024\/12\/winter-spanish-300x79.jpg 300w, https:\/\/www.franciscansusa.org\/wp-content\/uploads\/2024\/12\/winter-spanish-1024x269.jpg 1024w, https:\/\/www.franciscansusa.org\/wp-content\/uploads\/2024\/12\/winter-spanish-18x5.jpg 18w, https:\/\/www.franciscansusa.org\/wp-content\/uploads\/2024\/12\/winter-spanish-150x39.jpg 150w, https:\/\/www.franciscansusa.org\/wp-content\/uploads\/2024\/12\/winter-spanish-600x158.jpg 600w\" sizes=\"auto, (max-width: 2876px) 100vw, 2876px\" \/><\/div><\/div><\/div><\/div><\/div><\/div><\/div><\/section><section class=\"l-section wpb_row height_medium\"><div class=\"l-section-h i-cf\"><div class=\"g-cols vc_row type_default valign_top\"><div class=\"vc_col-sm-12 wpb_column vc_column_container\"><div class=\"vc_column-inner\"><div class=\"wpb_wrapper\"><div class=\"wpb_text_column\" ><div class=\"wpb_wrapper\"><p><img loading=\"lazy\" decoding=\"async\" class=\"wp-image-9882 alignright\" src=\"https:\/\/www.franciscansusa.org\/wp-content\/uploads\/2020\/02\/Screenshot-2020-02-28-10.12.46.png\" alt=\"\" width=\"208\" height=\"208\" srcset=\"https:\/\/www.franciscansusa.org\/wp-content\/uploads\/2020\/02\/Screenshot-2020-02-28-10.12.46-11x12.png 11w, https:\/\/www.franciscansusa.org\/wp-content\/uploads\/2020\/02\/Screenshot-2020-02-28-10.12.46-25x25.png 25w, https:\/\/www.franciscansusa.org\/wp-content\/uploads\/2020\/02\/Screenshot-2020-02-28-10.12.46-150x150.png 150w, https:\/\/www.franciscansusa.org\/wp-content\/uploads\/2020\/02\/Screenshot-2020-02-28-10.12.46-600x600.png 600w\" sizes=\"auto, (max-width: 208px) 100vw, 208px\" \/><\/p>\n<p>Queridos amigos,<\/p>\n<p>\u00a1Saludos de parte de los frailes de la Provincia de Nuestra Se\u00f1ora de Consolaci\u00f3n!<\/p>\n<p>El tema, \u201cPeregrinos de esperanza\u201d, se alinea con el enfoque m\u00e1s amplio del S\u00ednodo y la proclamaci\u00f3n del A\u00f1o Jubilar por parte del Papa Francisco, el Jubileo 2025 (del 24 de diciembre de 2024 al 14 de diciembre de 2025). El A\u00f1o Jubilar enfatiza la virtud teologal de la esperanza, que es central para la vida y la espiritualidad cristiana. Este tema alienta una reflexi\u00f3n sobre c\u00f3mo la esperanza puede ser un viaje personal y comunitario, como una peregrinaci\u00f3n, donde las personas y las comunidades est\u00e1n llamadas a encarnar y compartir la esperanza a trav\u00e9s de sus acciones y ministerios.<\/p>\n<p>\u201cY despu\u00e9s que el Se\u00f1or me dio algunos hermanos, nadie me mostr\u00f3 lo que ten\u00eda que hacer, sino que el Alt\u00edsimo mismo me revel\u00f3 que deb\u00eda vivir seg\u00fan el modelo del Santo Evangelio.\u201d (Testamento, San Francisco de As\u00eds)<\/p>\n<p>San Francisco de As\u00eds, guiado por la inspiraci\u00f3n divina, est\u00e1 llamado a vivir seg\u00fan el Evangelio, fuente \u00faltima de esperanza para el cristiano. La vida de San Francisco puede considerarse una peregrinaci\u00f3n de esperanza, en la que sigui\u00f3 el camino trazado por el Evangelio, llevando esperanza a los dem\u00e1s a trav\u00e9s de su vida de sencillez, humildad, servicio a los m\u00e1s vulnerables y amor por toda la creaci\u00f3n.<\/p>\n<p>Mientras la Iglesia se acerca al Jubileo del 2025, todos est\u00e1n invitados a considerar c\u00f3mo est\u00e1n llamados a ser \u201cperegrinos de esperanza\u201d y \u201cse\u00f1ales de esperanza\u201d.<\/p>\n<p><strong>\u201c[Que] el Se\u00f1or os bendiga y os guarde. Que \u00c9l te muestre su rostro y tenga misericordia. Que \u00c9l vuelva hacia vosotros Su rostro y os d\u00e9 paz. \u00a1El Se\u00f1or os bendiga!\u201d (Bendici\u00f3n de San Francisco al Hermano Le\u00f3n)<\/strong><\/p>\n<p>Sinceramente en Cristo y San Francisco,<\/p>\n<p><a ref=\"magnificPopup\" href=\"https:\/\/www.franciscansusa.org\/wp-content\/uploads\/2021\/07\/father-john-signature.png\"><img loading=\"lazy\" decoding=\"async\" class=\"alignnone wp-image-12054\" src=\"https:\/\/www.franciscansusa.org\/wp-content\/uploads\/2021\/07\/father-john-signature.png\" alt=\"\" width=\"151\" height=\"49\" srcset=\"https:\/\/www.franciscansusa.org\/wp-content\/uploads\/2021\/07\/father-john-signature.png 560w, https:\/\/www.franciscansusa.org\/wp-content\/uploads\/2021\/07\/father-john-signature-300x98.png 300w, https:\/\/www.franciscansusa.org\/wp-content\/uploads\/2021\/07\/father-john-signature-18x6.png 18w, https:\/\/www.franciscansusa.org\/wp-content\/uploads\/2021\/07\/father-john-signature-150x49.png 150w\" sizes=\"auto, (max-width: 151px) 100vw, 151px\" \/><\/a><\/p>\n<p>Padre John Elmer OFM Conv.<br \/>\nDirector Espiritual<\/p>\n<\/div><\/div><\/div><\/div><\/div><\/div><\/div><\/section><section class=\"l-section wpb_row height_medium\"><div class=\"l-section-h i-cf\"><div class=\"g-cols vc_row type_default valign_top\"><div class=\"vc_col-sm-12 wpb_column vc_column_container\"><div class=\"vc_column-inner\"><div class=\"wpb_wrapper\"><div class=\"w-grid type_grid layout_12064 cols_2 overflow_hidden\" id=\"us_grid_1\" data-filterable=\"true\"><style id=\"us_grid_1_css\">#us_grid_1 .w-grid-item{padding:1.5rem}#us_grid_1 .w-grid-list{margin:-1.5rem}.w-grid + #us_grid_1 .w-grid-list{margin-top:1.5rem}@media (max-width:599px){#us_grid_1 .w-grid-list{margin:0}#us_grid_1 .w-grid-item{width:100.0000%;padding:0;margin-bottom:1.5rem}}<\/style><style>.layout_12064 .w-grid-item-h{background:var(--color-content-bg);color:var(--color-content-text);border-radius:0.3rem;z-index:3;box-shadow:0 0.03rem 0.06rem rgba(0,0,0,0.1),0 0.10rem 0.30rem rgba(0,0,0,0.1);transition-duration:0.3s}.no-touch .layout_12064 .w-grid-item-h:hover{box-shadow:0 0.10rem 0.20rem rgba(0,0,0,0.1),0 0.33rem 1.00rem rgba(0,0,0,0.15);z-index:4}.layout_12064 .usg_post_title_1{font-size:1.4rem!important;font-weight:700!important}.layout_12064 .usg_vwrapper_1{padding:9% 11% 11% 11%!important}.layout_12064 .usg_hwrapper_1{color:var(--color-content-faded)!important;font-size:0.9rem!important}@media (max-width:599px){.layout_12064 .usg_post_title_1{font-size:1.2rem!important}}<\/style><div class=\"w-grid-list\" >\t<article class=\"w-grid-item size_1x1 post-20077 post type-post status-publish format-standard has-post-thumbnail hentry category-2024-winter-newsletter-pilgrims-of-hope tag-bishop-john-stowe\" data-id=\"20077\">\r\n\t\t<div class=\"w-grid-item-h\">\r\n\t\t\t\t\t\t<div class=\"w-post-elm post_image usg_post_image_1 stretched\"><a href=\"https:\/\/www.franciscansusa.org\/es\/pilgrims-of-hope\/\" aria-label=\"Peregrinos de Esperanza\"><img loading=\"lazy\" decoding=\"async\" width=\"836\" height=\"476\" src=\"https:\/\/www.franciscansusa.org\/wp-content\/uploads\/2024\/10\/spanish-pilgrims.jpg\" class=\"attachment-large size-large wp-post-image\" alt=\"\" srcset=\"https:\/\/www.franciscansusa.org\/wp-content\/uploads\/2024\/10\/spanish-pilgrims.jpg 836w, https:\/\/www.franciscansusa.org\/wp-content\/uploads\/2024\/10\/spanish-pilgrims-300x171.jpg 300w, https:\/\/www.franciscansusa.org\/wp-content\/uploads\/2024\/10\/spanish-pilgrims-18x10.jpg 18w, https:\/\/www.franciscansusa.org\/wp-content\/uploads\/2024\/10\/spanish-pilgrims-150x85.jpg 150w, https:\/\/www.franciscansusa.org\/wp-content\/uploads\/2024\/10\/spanish-pilgrims-600x342.jpg 600w\" sizes=\"auto, (max-width: 836px) 100vw, 836px\" \/><\/a><\/div><div class=\"w-vwrapper usg_vwrapper_1 align_left valign_top\"><h2 class=\"w-post-elm post_title usg_post_title_1 entry-title color_link_inherit\"><a href=\"https:\/\/www.franciscansusa.org\/es\/pilgrims-of-hope\/\">Peregrinos de Esperanza<\/a><\/h2><div class=\"w-hwrapper usg_hwrapper_1 align_left valign_top wrap\"><\/div><div class=\"w-post-elm post_content usg_post_content_1\">Por el obispo John Stowe, OFM Conv. Cada a\u00f1o jubilar es una celebraci\u00f3n de la misericordia de Dios que se extiende a lo largo de un a\u00f1o calendario. La misericordia de Dios es constante y siempre disponible, pero no siempre somos conscientes de ella. La Iglesia, a trav\u00e9s de los sacramentos y los sacramentales, tiene diversas maneras de invitarnos a\u2026<\/div><a class=\"w-btn us-btn-style_3 usg_btn_1\" href=\"https:\/\/www.franciscansusa.org\/es\/pilgrims-of-hope\/\"><span class=\"w-btn-label\">Leer m\u00e1s<\/span><\/a><\/div>\t\t<\/div>\r\n\t<\/article>\r\n\t<article class=\"w-grid-item size_1x1 post-20084 post type-post status-publish format-standard has-post-thumbnail hentry category-2024-winter-newsletter-pilgrims-of-hope\" data-id=\"20084\">\r\n\t\t<div class=\"w-grid-item-h\">\r\n\t\t\t\t\t\t<div class=\"w-post-elm post_image usg_post_image_1 stretched\"><a href=\"https:\/\/www.franciscansusa.org\/es\/franciscan-pilgrimage-in-ireland-a-journey-of-faith-family-and-hope\/\" aria-label=\"Peregrinaci\u00f3n Franciscana en Irlanda: Un Viaje de Fe, Familia, y Esperanza\"><img loading=\"lazy\" decoding=\"async\" width=\"796\" height=\"544\" src=\"https:\/\/www.franciscansusa.org\/wp-content\/uploads\/2024\/10\/ireland-spanish.jpg\" class=\"attachment-large size-large wp-post-image\" alt=\"\" srcset=\"https:\/\/www.franciscansusa.org\/wp-content\/uploads\/2024\/10\/ireland-spanish.jpg 796w, https:\/\/www.franciscansusa.org\/wp-content\/uploads\/2024\/10\/ireland-spanish-300x205.jpg 300w, https:\/\/www.franciscansusa.org\/wp-content\/uploads\/2024\/10\/ireland-spanish-18x12.jpg 18w, https:\/\/www.franciscansusa.org\/wp-content\/uploads\/2024\/10\/ireland-spanish-150x103.jpg 150w, https:\/\/www.franciscansusa.org\/wp-content\/uploads\/2024\/10\/ireland-spanish-585x400.jpg 585w, https:\/\/www.franciscansusa.org\/wp-content\/uploads\/2024\/10\/ireland-spanish-600x410.jpg 600w\" sizes=\"auto, (max-width: 796px) 100vw, 796px\" \/><\/a><\/div><div class=\"w-vwrapper usg_vwrapper_1 align_left valign_top\"><h2 class=\"w-post-elm post_title usg_post_title_1 entry-title color_link_inherit\"><a href=\"https:\/\/www.franciscansusa.org\/es\/franciscan-pilgrimage-in-ireland-a-journey-of-faith-family-and-hope\/\">Peregrinaci\u00f3n Franciscana en Irlanda: Un Viaje de Fe, Familia, y Esperanza<\/a><\/h2><div class=\"w-hwrapper usg_hwrapper_1 align_left valign_top wrap\"><\/div><div class=\"w-post-elm post_content usg_post_content_1\">Embarcarse en una peregrinaci\u00f3n franciscana por Irlanda es una experiencia profunda que combina la renovaci\u00f3n espiritual con una profunda conexi\u00f3n con la rica historia y la belleza natural de la Isla Esmeralda. Como peregrino que viaja a un pa\u00eds donde tengo familia, el viaje adquiere un significado a\u00fan m\u00e1s profundo, ya que combina la fe con\u2026<\/div><a class=\"w-btn us-btn-style_3 usg_btn_1\" href=\"https:\/\/www.franciscansusa.org\/es\/franciscan-pilgrimage-in-ireland-a-journey-of-faith-family-and-hope\/\"><span class=\"w-btn-label\">Leer m\u00e1s<\/span><\/a><\/div>\t\t<\/div>\r\n\t<\/article>\r\n\t<article class=\"w-grid-item size_1x1 post-20153 post type-post status-publish format-standard has-post-thumbnail hentry category-2024-winter-newsletter-pilgrims-of-hope tag-friar-wayne-hellmann\" data-id=\"20153\">\r\n\t\t<div class=\"w-grid-item-h\">\r\n\t\t\t\t\t\t<div class=\"w-post-elm post_image usg_post_image_1 stretched\"><a href=\"https:\/\/www.franciscansusa.org\/es\/hope-an-impossible-virtue\/\" aria-label=\"Esperanza: \u00bfUna Virtud Imposible?\"><img loading=\"lazy\" decoding=\"async\" width=\"1024\" height=\"805\" src=\"https:\/\/www.franciscansusa.org\/wp-content\/uploads\/2024\/10\/anchor-1024x805.jpg\" class=\"attachment-large size-large wp-post-image\" alt=\"\" srcset=\"https:\/\/www.franciscansusa.org\/wp-content\/uploads\/2024\/10\/anchor-1024x805.jpg 1024w, https:\/\/www.franciscansusa.org\/wp-content\/uploads\/2024\/10\/anchor-300x236.jpg 300w, https:\/\/www.franciscansusa.org\/wp-content\/uploads\/2024\/10\/anchor-15x12.jpg 15w, https:\/\/www.franciscansusa.org\/wp-content\/uploads\/2024\/10\/anchor-150x118.jpg 150w, https:\/\/www.franciscansusa.org\/wp-content\/uploads\/2024\/10\/anchor-509x400.jpg 509w, https:\/\/www.franciscansusa.org\/wp-content\/uploads\/2024\/10\/anchor-600x472.jpg 600w, https:\/\/www.franciscansusa.org\/wp-content\/uploads\/2024\/10\/anchor.jpg 1216w\" sizes=\"auto, (max-width: 1024px) 100vw, 1024px\" \/><\/a><\/div><div class=\"w-vwrapper usg_vwrapper_1 align_left valign_top\"><h2 class=\"w-post-elm post_title usg_post_title_1 entry-title color_link_inherit\"><a href=\"https:\/\/www.franciscansusa.org\/es\/hope-an-impossible-virtue\/\">Esperanza: \u00bfUna Virtud Imposible?<\/a><\/h2><div class=\"w-hwrapper usg_hwrapper_1 align_left valign_top wrap\"><\/div><div class=\"w-post-elm post_content usg_post_content_1\">Por el fraile Wayne Hellmann, OFM Conv. El calentamiento catastr\u00f3fico y los ataques a la naturaleza aumentan cada vez m\u00e1s. Los sistemas devoran a los vulnerables: los que no tienen hogar, los refugiados, las v\u00edctimas de la trata de personas y muchos otros que se encuentran atrapados en sistemas de acogida, hospitales, hogares comunitarios y prisiones con fondos insuficientes y, muchas veces, con personal insuficiente. Por otro lado, los monopolios corporativos\u2026<\/div><a class=\"w-btn us-btn-style_3 usg_btn_1\" href=\"https:\/\/www.franciscansusa.org\/es\/hope-an-impossible-virtue\/\"><span class=\"w-btn-label\">Leer m\u00e1s<\/span><\/a><\/div>\t\t<\/div>\r\n\t<\/article>\r\n\t<article class=\"w-grid-item size_1x1 post-20157 post type-post status-publish format-standard has-post-thumbnail hentry category-2024-winter-newsletter-pilgrims-of-hope tag-friar-bob-roddy\" data-id=\"20157\">\r\n\t\t<div class=\"w-grid-item-h\">\r\n\t\t\t\t\t\t<div class=\"w-post-elm post_image usg_post_image_1 stretched\"><a href=\"https:\/\/www.franciscansusa.org\/es\/hope-healing-on-the-border\/\" aria-label=\"Esperanza y sanaci\u00f3n en la frontera\"><img loading=\"lazy\" decoding=\"async\" width=\"800\" height=\"532\" src=\"https:\/\/www.franciscansusa.org\/wp-content\/uploads\/2024\/10\/holy-family-refugee-center.jpg\" class=\"attachment-large size-large wp-post-image\" alt=\"\" srcset=\"https:\/\/www.franciscansusa.org\/wp-content\/uploads\/2024\/10\/holy-family-refugee-center.jpg 800w, https:\/\/www.franciscansusa.org\/wp-content\/uploads\/2024\/10\/holy-family-refugee-center-300x200.jpg 300w, https:\/\/www.franciscansusa.org\/wp-content\/uploads\/2024\/10\/holy-family-refugee-center-18x12.jpg 18w, https:\/\/www.franciscansusa.org\/wp-content\/uploads\/2024\/10\/holy-family-refugee-center-600x399.jpg 600w, https:\/\/www.franciscansusa.org\/wp-content\/uploads\/2024\/10\/holy-family-refugee-center-150x100.jpg 150w\" sizes=\"auto, (max-width: 800px) 100vw, 800px\" \/><\/a><\/div><div class=\"w-vwrapper usg_vwrapper_1 align_left valign_top\"><h2 class=\"w-post-elm post_title usg_post_title_1 entry-title color_link_inherit\"><a href=\"https:\/\/www.franciscansusa.org\/es\/hope-healing-on-the-border\/\">Esperanza y Sanaci\u00f3n en la Fontera<\/a><\/h2><div class=\"w-hwrapper usg_hwrapper_1 align_left valign_top wrap\"><\/div><div class=\"w-post-elm post_content usg_post_content_1\">Tenemos esta esperanza como ancla del alma, firme y segura. - Hebreos 7:19 Fray Jarek Wysocza\u0144ski, OFM Conv., ha dedicado su vida a servir a los pobres y marginados. Originario de Polonia, fray Jarek ha servido en nuestras misiones en Per\u00fa y \u00c1frica, y contin\u00faa esta\u2026<\/div><a class=\"w-btn us-btn-style_3 usg_btn_1\" href=\"https:\/\/www.franciscansusa.org\/es\/hope-healing-on-the-border\/\"><span class=\"w-btn-label\">Leer m\u00e1s<\/span><\/a><\/div>\t\t<\/div>\r\n\t<\/article>\r\n\t<article class=\"w-grid-item size_1x1 post-20166 post type-post status-publish format-standard has-post-thumbnail hentry category-2024-winter-newsletter-pilgrims-of-hope tag-friar-tom-merrill\" data-id=\"20166\">\r\n\t\t<div class=\"w-grid-item-h\">\r\n\t\t\t\t\t\t<div class=\"w-post-elm post_image usg_post_image_1 stretched\"><a href=\"https:\/\/www.franciscansusa.org\/es\/do-whatever-he-tells-you\/\" aria-label=\"\u201cHaced lo que \u00c9l os diga\u201d\"><img loading=\"lazy\" decoding=\"async\" width=\"800\" height=\"464\" src=\"https:\/\/www.franciscansusa.org\/wp-content\/uploads\/2024\/10\/bishops-with-statue-web.jpg\" class=\"attachment-large size-large wp-post-image\" alt=\"\" srcset=\"https:\/\/www.franciscansusa.org\/wp-content\/uploads\/2024\/10\/bishops-with-statue-web.jpg 800w, https:\/\/www.franciscansusa.org\/wp-content\/uploads\/2024\/10\/bishops-with-statue-web-300x174.jpg 300w, https:\/\/www.franciscansusa.org\/wp-content\/uploads\/2024\/10\/bishops-with-statue-web-18x10.jpg 18w, https:\/\/www.franciscansusa.org\/wp-content\/uploads\/2024\/10\/bishops-with-statue-web-150x87.jpg 150w, https:\/\/www.franciscansusa.org\/wp-content\/uploads\/2024\/10\/bishops-with-statue-web-600x348.jpg 600w\" sizes=\"auto, (max-width: 800px) 100vw, 800px\" \/><\/a><\/div><div class=\"w-vwrapper usg_vwrapper_1 align_left valign_top\"><h2 class=\"w-post-elm post_title usg_post_title_1 entry-title color_link_inherit\"><a href=\"https:\/\/www.franciscansusa.org\/es\/do-whatever-he-tells-you\/\">\u201cHaz lo Que Sea Que \u00c9l Te Diga\u201d<\/a><\/h2><div class=\"w-hwrapper usg_hwrapper_1 align_left valign_top wrap\"><\/div><div class=\"w-post-elm post_content usg_post_content_1\">En el Santuario de Nuestra Se\u00f1ora de la Consolaci\u00f3n en Carey, Ohio, tenemos la costumbre de rezar una novena en preparaci\u00f3n para la Fiesta de la Asunci\u00f3n el 15 de agosto. Durante estos nueve d\u00edas pedimos a nuestra Sant\u00edsima Madre su intercesi\u00f3n ante Jes\u00fas, su Hijo. Tambi\u00e9n invitamos a una\u2026<\/div><a class=\"w-btn us-btn-style_3 usg_btn_1\" href=\"https:\/\/www.franciscansusa.org\/es\/do-whatever-he-tells-you\/\"><span class=\"w-btn-label\">Leer m\u00e1s<\/span><\/a><\/div>\t\t<\/div>\r\n\t<\/article>\r\n\t<article class=\"w-grid-item size_1x1 post-20172 post type-post status-publish format-standard has-post-thumbnail hentry category-2024-winter-newsletter-pilgrims-of-hope tag-dr-ken-miller\" data-id=\"20172\">\r\n\t\t<div class=\"w-grid-item-h\">\r\n\t\t\t\t\t\t<div class=\"w-post-elm post_image usg_post_image_1 stretched\"><a href=\"https:\/\/www.franciscansusa.org\/es\/the-road-less-traveled\/\" aria-label=\"El Camino Menos Transitado\"><img loading=\"lazy\" decoding=\"async\" width=\"800\" height=\"600\" src=\"https:\/\/www.franciscansusa.org\/wp-content\/uploads\/2024\/10\/DSCN6142.jpg\" class=\"attachment-large size-large wp-post-image\" alt=\"\" srcset=\"https:\/\/www.franciscansusa.org\/wp-content\/uploads\/2024\/10\/DSCN6142.jpg 800w, https:\/\/www.franciscansusa.org\/wp-content\/uploads\/2024\/10\/DSCN6142-300x225.jpg 300w, https:\/\/www.franciscansusa.org\/wp-content\/uploads\/2024\/10\/DSCN6142-16x12.jpg 16w, https:\/\/www.franciscansusa.org\/wp-content\/uploads\/2024\/10\/DSCN6142-150x113.jpg 150w, https:\/\/www.franciscansusa.org\/wp-content\/uploads\/2024\/10\/DSCN6142-533x400.jpg 533w, https:\/\/www.franciscansusa.org\/wp-content\/uploads\/2024\/10\/DSCN6142-600x450.jpg 600w\" sizes=\"auto, (max-width: 800px) 100vw, 800px\" \/><\/a><\/div><div class=\"w-vwrapper usg_vwrapper_1 align_left valign_top\"><h2 class=\"w-post-elm post_title usg_post_title_1 entry-title color_link_inherit\"><a href=\"https:\/\/www.franciscansusa.org\/es\/the-road-less-traveled\/\">El Camino Menos Transitado<\/a><\/h2><div class=\"w-hwrapper usg_hwrapper_1 align_left valign_top wrap\"><\/div><div class=\"w-post-elm post_content usg_post_content_1\">A finales de 2019, recib\u00ed una invitaci\u00f3n del ex Ministro de Salud de Zambia para ir a Zambia y visitar un par de hospitales rurales. Uno de los frailes le dijo que yo era enfermera y que estaba interesada tanto en el puesto como en c\u00f3mo nosotros (estudiantes y profesores)\u2026<\/div><a class=\"w-btn us-btn-style_3 usg_btn_1\" href=\"https:\/\/www.franciscansusa.org\/es\/the-road-less-traveled\/\"><span class=\"w-btn-label\">Leer m\u00e1s<\/span><\/a><\/div>\t\t<\/div>\r\n\t<\/article>\r\n\t<article class=\"w-grid-item size_1x1 post-20184 post type-post status-publish format-standard has-post-thumbnail hentry category-2024-winter-newsletter-pilgrims-of-hope\" data-id=\"20184\">\r\n\t\t<div class=\"w-grid-item-h\">\r\n\t\t\t\t\t\t<div class=\"w-post-elm post_image usg_post_image_1 stretched\"><a href=\"https:\/\/www.franciscansusa.org\/es\/jubilee-2025\/\" aria-label=\"Jubileo 2025 \u2013 Peregrinos de la Esperanza\"><img loading=\"lazy\" decoding=\"async\" width=\"844\" height=\"844\" src=\"https:\/\/www.franciscansusa.org\/wp-content\/uploads\/2024\/12\/holy_year_logo-spanish.png\" class=\"attachment-large size-large wp-post-image\" alt=\"\" srcset=\"https:\/\/www.franciscansusa.org\/wp-content\/uploads\/2024\/12\/holy_year_logo-spanish.png 1200w, https:\/\/www.franciscansusa.org\/wp-content\/uploads\/2024\/12\/holy_year_logo-spanish-300x169.png 300w, https:\/\/www.franciscansusa.org\/wp-content\/uploads\/2024\/12\/holy_year_logo-spanish-1024x576.png 1024w, https:\/\/www.franciscansusa.org\/wp-content\/uploads\/2024\/12\/holy_year_logo-spanish-18x10.png 18w, https:\/\/www.franciscansusa.org\/wp-content\/uploads\/2024\/12\/holy_year_logo-spanish-150x84.png 150w, https:\/\/www.franciscansusa.org\/wp-content\/uploads\/2024\/12\/holy_year_logo-spanish-600x338.png 600w\" sizes=\"auto, (max-width: 844px) 100vw, 844px\" \/><\/a><\/div><div class=\"w-vwrapper usg_vwrapper_1 align_left valign_top\"><h2 class=\"w-post-elm post_title usg_post_title_1 entry-title color_link_inherit\"><a href=\"https:\/\/www.franciscansusa.org\/es\/jubilee-2025\/\">Jubileo 2025 \u2013 Peregrinos de Esperanza<\/a><\/h2><div class=\"w-hwrapper usg_hwrapper_1 align_left valign_top wrap\"><\/div><div class=\"w-post-elm post_content usg_post_content_1\">El A\u00f1o Jubilar \u201ces un a\u00f1o de perd\u00f3n de los pecados y de las penas debidas por el pecado; es un a\u00f1o de reconciliaci\u00f3n entre los adversarios [y] de conversi\u00f3n. El A\u00f1o Jubilar es, sobre todo, el a\u00f1o de Cristo, que trae vida y gracia a la humanidad\u201d. (Del sitio web de la Santa Sede)\u2026<\/div><a class=\"w-btn us-btn-style_3 usg_btn_1\" href=\"https:\/\/www.franciscansusa.org\/es\/jubilee-2025\/\"><span class=\"w-btn-label\">Leer m\u00e1s<\/span><\/a><\/div>\t\t<\/div>\r\n\t<\/article>\r\n<\/div><div class=\"w-grid-preloader\"><div class=\"g-preloader type_1\">\r\n\t<div><\/div>\r\n<\/div>\r\n<\/div>\t<div class=\"w-grid-json hidden\" onclick='return {&quot;action&quot;:&quot;us_ajax_grid&quot;,&quot;ajax_url&quot;:&quot;https:\\\/\\\/www.franciscansusa.org\\\/wp-admin\\\/admin-ajax.php&quot;,&quot;infinite_scroll&quot;:0,&quot;max_num_pages&quot;:1,&quot;pagination&quot;:&quot;none&quot;,&quot;permalink_url&quot;:&quot;https:\\\/\\\/www.franciscansusa.org\\\/es\\\/wp-json\\\/wp\\\/v2\\\/pages\\\/20071&quot;,&quot;template_vars&quot;:{&quot;columns&quot;:&quot;2&quot;,&quot;exclude_items&quot;:&quot;none&quot;,&quot;img_size&quot;:&quot;default&quot;,&quot;ignore_items_size&quot;:false,&quot;items_layout&quot;:&quot;12064&quot;,&quot;items_offset&quot;:&quot;1&quot;,&quot;load_animation&quot;:&quot;none&quot;,&quot;overriding_link&quot;:&quot;none&quot;,&quot;post_id&quot;:20071,&quot;query_args&quot;:{&quot;post_type&quot;:[&quot;post&quot;],&quot;tax_query&quot;:[{&quot;taxonomy&quot;:&quot;category&quot;,&quot;field&quot;:&quot;slug&quot;,&quot;terms&quot;:[&quot;2024-winter-newsletter-pilgrims-of-hope&quot;]}],&quot;post_status&quot;:[&quot;publish&quot;],&quot;posts_per_page&quot;:&quot;10&quot;},&quot;orderby_query_args&quot;:{&quot;orderby&quot;:{&quot;date&quot;:&quot;ASC&quot;}},&quot;type&quot;:&quot;grid&quot;,&quot;us_grid_ajax_index&quot;:1,&quot;us_grid_filter_params&quot;:null,&quot;us_grid_index&quot;:1,&quot;_us_grid_post_type&quot;:&quot;post&quot;}}'><\/div>\r\n\t<\/div><\/div><\/div><\/div><\/div><\/div><\/section>\n<\/div>","protected":false},"excerpt":{"rendered":"El A\u00f1o Jubilar \u201ces un a\u00f1o de perd\u00f3n de los pecados y de las penas debidas por el pecado; es un a\u00f1o de reconciliaci\u00f3n entre los adversarios [y] de conversi\u00f3n. El A\u00f1o Jubilar es, sobre todo, el a\u00f1o de Cristo, que trae vida y gracia a la humanidad\u201d. (Del sitio web de la Santa Sede.) En el a\u00f1o 1300, el Papa...","protected":false},"author":1,"featured_media":20083,"parent":0,"menu_order":0,"comment_status":"closed","ping_status":"closed","template":"","meta":{"om_disable_all_campaigns":false,"_monsterinsights_skip_tracking":false,"_monsterinsights_sitenote_active":false,"_monsterinsights_sitenote_note":"","_monsterinsights_sitenote_category":0,"_uf_show_specific_survey":0,"_uf_disable_surveys":false,"footnotes":""},"class_list":["post-20071","page","type-page","status-publish","has-post-thumbnail","hentry"],"aioseo_notices":[],"publishpress_future_action":{"enabled":false,"date":"2026-04-12 01:59:48","action":"change-status","newStatus":"draft","terms":[],"taxonomy":"","extraData":[]},"publishpress_future_workflow_manual_trigger":{"enabledWorkflows":[]},"_links":{"self":[{"href":"https:\/\/www.franciscansusa.org\/es\/wp-json\/wp\/v2\/pages\/20071","targetHints":{"allow":["GET"]}}],"collection":[{"href":"https:\/\/www.franciscansusa.org\/es\/wp-json\/wp\/v2\/pages"}],"about":[{"href":"https:\/\/www.franciscansusa.org\/es\/wp-json\/wp\/v2\/types\/page"}],"author":[{"embeddable":true,"href":"https:\/\/www.franciscansusa.org\/es\/wp-json\/wp\/v2\/users\/1"}],"replies":[{"embeddable":true,"href":"https:\/\/www.franciscansusa.org\/es\/wp-json\/wp\/v2\/comments?post=20071"}],"version-history":[{"count":5,"href":"https:\/\/www.franciscansusa.org\/es\/wp-json\/wp\/v2\/pages\/20071\/revisions"}],"predecessor-version":[{"id":20082,"href":"https:\/\/www.franciscansusa.org\/es\/wp-json\/wp\/v2\/pages\/20071\/revisions\/20082"}],"wp:featuredmedia":[{"embeddable":true,"href":"https:\/\/www.franciscansusa.org\/es\/wp-json\/wp\/v2\/media\/20083"}],"wp:attachment":[{"href":"https:\/\/www.franciscansusa.org\/es\/wp-json\/wp\/v2\/media?parent=20071"}],"curies":[{"name":"gracias","href":"https:\/\/api.w.org\/{rel}","templated":true}]}}