{"id":20599,"date":"2024-12-12T15:45:42","date_gmt":"2024-12-12T20:45:42","guid":{"rendered":"https:\/\/www.franciscansusa.org\/?page_id=20599"},"modified":"2024-12-12T15:48:57","modified_gmt":"2024-12-12T20:48:57","slug":"2025-alpha-omega-appeal","status":"publish","type":"page","link":"https:\/\/www.franciscansusa.org\/es\/2025-alpha-omega-appeal\/","title":{"rendered":"Llamamiento Alfa y Omega 2025"},"content":{"rendered":"<div class=\"wpb-content-wrapper\"><section class=\"l-section wpb_row height_medium\"><div class=\"l-section-h i-cf\"><div class=\"g-cols vc_row type_default valign_top\"><div class=\"vc_col-sm-8 wpb_column vc_column_container\"><div class=\"vc_column-inner\"><div class=\"wpb_wrapper\"><div class=\"w-image align_center\"><div class=\"w-image-h\"><img loading=\"lazy\" decoding=\"async\" width=\"1024\" height=\"405\" src=\"https:\/\/www.franciscansusa.org\/wp-content\/uploads\/2024\/12\/Captura-de-pantalla-2024-12-12-a-las-3.44.13 PM-1024x405.png\" class=\"attachment-large size-large\" alt=\"\" srcset=\"\" sizes=\"auto, (max-width: 1024px) 100vw, 1024px\" data-srcset=\"\" \/><\/div><\/div><div class=\"w-separator size_small\"><\/div><div class=\"wpb_text_column\" ><div class=\"wpb_wrapper\"><p>\u00bfAlguna vez te has preguntado si los j\u00f3venes todav\u00eda responden al llamado a unirse a la Orden Franciscana Conventual? La respuesta es un rotundo \u201cS\u00ed\u201d. Con una fe profunda, un compromiso inquebrantable y un deseo de servir, j\u00f3venes extraordinarios contin\u00faan abrazando la vida evang\u00e9lica como frailes franciscanos.<\/p>\n<p>El camino de cada fraile comienza con una conexi\u00f3n significativa: con alguien como t\u00fa. Estas conexiones suelen despertar una vocaci\u00f3n de por vida para servir a los dem\u00e1s, inspirada por la fe y apoyada por una comunidad de creyentes.<\/p>\n<h4>Conozca a Fray Andr\u00e9-Marie Miller<\/h4>\n<p>Para el fraile Andr\u00e9-Marie Miller de Albuquerque, Nuevo M\u00e9xico, su vocaci\u00f3n se vio alimentada por la presencia compasiva de otro fraile, Charles McCarthy. Su v\u00ednculo creci\u00f3 a trav\u00e9s de compartir la fe, conversaciones reflexivas y aliento, lo que llev\u00f3 a Andr\u00e9-Marie a abrazar su vocaci\u00f3n como franciscano conventual.<\/p>\n<p>Hoy, Fray Andr\u00e9-Marie se siente llamado a ayudar a quienes sufren pobreza, no s\u00f3lo pobreza material sino tambi\u00e9n soledad y necesidad espiritual que hacen que muchos se sientan ignorados y no amados. Aspira a llevar esperanza y el amor de Cristo a quienes m\u00e1s lo necesitan.<\/p>\n<h4>Tu papel en su viaje<\/h4>\n<p>Convertirse en fraile franciscano es un proceso largo y significativo que incluye a\u00f1os de educaci\u00f3n, formaci\u00f3n espiritual y preparaci\u00f3n para el ministerio. El costo de apoyar a un solo fraile en este camino supera los 100.000 d\u00f3lares anuales. Esto incluye:<\/p>\n<ul>\n<li>Recursos educativos y de matr\u00edcula<\/li>\n<li>Seguro de vivienda y salud<\/li>\n<li>Retiros y desarrollo espiritual<\/li>\n<\/ul>\n<p>Su apoyo permite que frailes como Andr\u00e9-Marie sigan el llamado de Dios y sirvan a la Iglesia. Reflexionando sobre la generosidad de personas como usted, Fray Andr\u00e9-Marie dice:<\/p>\n<p><em>\u201cPuede que no conozca a todas las personas que hacen posible mi vocaci\u00f3n, pero s\u00e9 que son esenciales para mi vida y para la construcci\u00f3n del Reino de Dios en la tierra\u201d.<\/em><\/p>\n<h4>\u00danase a nosotros para construir una iglesia m\u00e1s fuerte<\/h4>\n<p>Su donaci\u00f3n de hoy puede marcar una gran diferencia. Al donar, usted ayuda a garantizar que nuestros frailes estudiantes reciban la educaci\u00f3n y la formaci\u00f3n que necesitan para servir con alegr\u00eda y llevar el amor de Cristo al mundo.<\/p>\n<p><strong>Haz tu regalo hoy<\/strong> y ser parte vital de este viaje sagrado. Juntos podemos construir una Iglesia m\u00e1s fuerte y llevar esperanza a quienes la necesitan.<\/p>\n<p>Gracias por ser parte de esta historia de fe, esperanza y transformaci\u00f3n. Su generosidad realmente tiene un impacto eterno.<\/p>\n<p><strong>PD: Su apoyo hoy ayuda a garantizar que frailes como Andr\u00e9-Marie puedan continuar su camino de fe y servicio. Cada contribuci\u00f3n, sin importar el tama\u00f1o, juega un papel vital. \u00danase a nosotros para dar forma al futuro de la Iglesia.<\/strong><\/p>\n<\/div><\/div><\/div><\/div><\/div><div class=\"vc_col-sm-4 wpb_column vc_column_container\"><div class=\"vc_column-inner\"><div class=\"wpb_wrapper\">\n\t<div class=\"wpb_raw_code wpb_raw_html wpb_content_element us_custom_909b2fd0\" >\n\t\t<div class=\"wpb_wrapper\">\n\t\t\t<div class=\"qgiv-embed-container\" data-qgiv-embed=\"true\" data-embed-id=\"76838\" data-embed=\"https:\/\/secure.qgiv.com\/for\/2025alphaomega\/embed\/76838\/\" data-width=\"630\"><\/div>\n<script>(function(w, d, s, id){var js, fjs = d.getElementsByTagName(s)[0];if (d.getElementById(id)) return;js = d.createElement(s); js.id = id;js.src = \"https:\/\/secure.qgiv.com\/resources\/core\/js\/embed.js\";fjs.parentNode.insertBefore(js, fjs);})(window, document, 'script', 'qgiv-embedjs');<\/script>\n\t\t<\/div>\n\t<\/div>\n<\/div><\/div><\/div><\/div><\/div><\/section>\n<\/div>","protected":false},"excerpt":{"rendered":"\u00bfTe has preguntado alguna vez si los j\u00f3venes a\u00fan responden al llamado de unirse a la Orden Franciscana Conventual? La respuesta es un rotundo &quot;S\u00ed&quot;. Con una fe profunda, un compromiso inquebrantable y un deseo de servir, j\u00f3venes extraordinarios contin\u00faan abrazando la vida evang\u00e9lica como frailes franciscanos. El camino de cada fraile comienza con una conexi\u00f3n significativa: con alguien como...","protected":false},"author":1,"featured_media":0,"parent":0,"menu_order":0,"comment_status":"closed","ping_status":"closed","template":"","meta":{"om_disable_all_campaigns":false,"_monsterinsights_skip_tracking":false,"_monsterinsights_sitenote_active":false,"_monsterinsights_sitenote_note":"","_monsterinsights_sitenote_category":0,"_uf_show_specific_survey":0,"_uf_disable_surveys":false,"footnotes":""},"class_list":["post-20599","page","type-page","status-publish","hentry"],"aioseo_notices":[],"publishpress_future_action":{"enabled":false,"date":"2026-04-24 06:58:33","action":"change-status","newStatus":"draft","terms":[],"taxonomy":"","extraData":[]},"publishpress_future_workflow_manual_trigger":{"enabledWorkflows":[]},"_links":{"self":[{"href":"https:\/\/www.franciscansusa.org\/es\/wp-json\/wp\/v2\/pages\/20599","targetHints":{"allow":["GET"]}}],"collection":[{"href":"https:\/\/www.franciscansusa.org\/es\/wp-json\/wp\/v2\/pages"}],"about":[{"href":"https:\/\/www.franciscansusa.org\/es\/wp-json\/wp\/v2\/types\/page"}],"author":[{"embeddable":true,"href":"https:\/\/www.franciscansusa.org\/es\/wp-json\/wp\/v2\/users\/1"}],"replies":[{"embeddable":true,"href":"https:\/\/www.franciscansusa.org\/es\/wp-json\/wp\/v2\/comments?post=20599"}],"version-history":[{"count":2,"href":"https:\/\/www.franciscansusa.org\/es\/wp-json\/wp\/v2\/pages\/20599\/revisions"}],"predecessor-version":[{"id":20602,"href":"https:\/\/www.franciscansusa.org\/es\/wp-json\/wp\/v2\/pages\/20599\/revisions\/20602"}],"wp:attachment":[{"href":"https:\/\/www.franciscansusa.org\/es\/wp-json\/wp\/v2\/media?parent=20599"}],"curies":[{"name":"gracias","href":"https:\/\/api.w.org\/{rel}","templated":true}]}}