{"id":21732,"date":"2025-05-13T13:42:37","date_gmt":"2025-05-13T17:42:37","guid":{"rendered":"https:\/\/www.franciscansusa.org\/?page_id=21732"},"modified":"2026-04-14T08:33:07","modified_gmt":"2026-04-14T12:33:07","slug":"celebrate-100","status":"publish","type":"page","link":"https:\/\/www.franciscansusa.org\/es\/celebrate-100\/","title":{"rendered":"Celebra 100"},"content":{"rendered":"<div class=\"wpb-content-wrapper\"><section class=\"l-section wpb_row height_huge with_img with_overlay\"><div class=\"l-section-img\" style=\"background-image: url(https:\/\/www.franciscansusa.org\/wp-content\/uploads\/2025\/05\/img20250512_16201244.jpg);\" data-img-width=\"1800\" data-img-height=\"1308\"><\/div><div class=\"l-section-overlay\" style=\"background: rgba(0,0,0,0.6)\"><\/div><div class=\"l-section-h i-cf\"><div class=\"g-cols vc_row type_default valign_top\"><div class=\"vc_col-sm-12 wpb_column vc_column_container\"><div class=\"vc_column-inner\"><div class=\"wpb_wrapper\"><div class=\"wpb_text_column us_custom_03f3d98b has_text_color\" ><div class=\"wpb_wrapper\"><h2><span style=\"color: #ffffff;\"><strong>Celebramos los 100 a\u00f1os de la Provincia de Nuestra Se\u00f1ora de la Consolaci\u00f3n<\/strong><\/span><\/h2>\n<\/div><\/div><\/div><\/div><\/div><\/div><\/div><\/section><section class=\"l-section wpb_row height_medium\"><div class=\"l-section-h i-cf\"><div class=\"g-cols vc_row type_default valign_top\"><div class=\"vc_col-sm-4 wpb_column vc_column_container\"><div class=\"vc_column-inner\"><div class=\"wpb_wrapper\"><div class=\"w-image align_none\"><div class=\"w-image-h\"><img loading=\"lazy\" decoding=\"async\" width=\"1011\" height=\"1024\" src=\"https:\/\/www.franciscansusa.org\/wp-content\/uploads\/2025\/05\/100th-Anniversary-web-1011x1024.png\" class=\"attachment-large size-large\" alt=\"\" srcset=\"https:\/\/www.franciscansusa.org\/wp-content\/uploads\/2025\/05\/100th-Anniversary-web-1011x1024.png 1011w, https:\/\/www.franciscansusa.org\/wp-content\/uploads\/2025\/05\/100th-Anniversary-web-296x300.png 296w, https:\/\/www.franciscansusa.org\/wp-content\/uploads\/2025\/05\/100th-Anniversary-web-12x12.png 12w, https:\/\/www.franciscansusa.org\/wp-content\/uploads\/2025\/05\/100th-Anniversary-web-148x150.png 148w, https:\/\/www.franciscansusa.org\/wp-content\/uploads\/2025\/05\/100th-Anniversary-web-395x400.png 395w, https:\/\/www.franciscansusa.org\/wp-content\/uploads\/2025\/05\/100th-Anniversary-web-593x600.png 593w, https:\/\/www.franciscansusa.org\/wp-content\/uploads\/2025\/05\/100th-Anniversary-web-25x25.png 25w, https:\/\/www.franciscansusa.org\/wp-content\/uploads\/2025\/05\/100th-Anniversary-web.png 1200w\" sizes=\"auto, (max-width: 1011px) 100vw, 1011px\" \/><\/div><\/div><\/div><\/div><\/div><div class=\"vc_col-sm-8 wpb_column vc_column_container\"><div class=\"vc_column-inner\"><div class=\"wpb_wrapper\"><div class=\"wpb_text_column us_custom_03f3d98b has_text_color\" ><div class=\"wpb_wrapper\"><p>En 2026, conmemoramos con alegr\u00eda un siglo de fe, servicio y fraternidad mientras los Frailes Franciscanos Conventuales celebran el centenario de la Provincia de Nuestra Se\u00f1ora de la Consolaci\u00f3n.<\/p>\n<p>Durante 100 a\u00f1os, nuestros frailes han acompa\u00f1ado al pueblo de Dios, ofreciendo oraci\u00f3n, compasi\u00f3n y servicio en comunidades de Estados Unidos y del mundo. Este hito honra el legado de quienes nos precedieron y celebra las muchas vidas tocadas por nuestros ministerios.<\/p>\n<p>Los invitamos a unirse a uno o m\u00e1s de nuestros eventos de celebraci\u00f3n del centenario, que se llevan a cabo a lo largo del a\u00f1o en lugares donde nuestros frailes han dejado una huella imborrable. Estos encuentros incluir\u00e1n misas, convivencia, reflexi\u00f3n y oportunidades para conectar con los frailes y amigos de la Provincia.<\/p>\n<p><strong>Independientemente de si pueden asistir en persona o no, sepan que son parte vital de esta celebraci\u00f3n. A lo largo del a\u00f1o, como Provincia \u2014y como gran familia franciscana\u2014 celebraremos este hito con oraci\u00f3n, agradecimiento y gozoso recuerdo. Esta es una celebraci\u00f3n para todos.<\/strong><\/p>\n<p>Ya sea que usted sea un partidario de larga data, un exalumno, un participante de retiros o un amigo, nos encantar\u00eda celebrar con usted.<\/p>\n<\/div><\/div><div class=\"w-separator size_small\"><\/div><div class=\"w-btn-wrapper width_auto align_center\"><a class=\"w-btn us-btn-style_1 us_custom_8e46ea77 h1\" title=\"Celebra 100 \u2013 RSVP\" target=\"_blank\" href=\"https:\/\/www.franciscansusa.org\/es\/celebrate-100-rsvp\/\" rel=\"noopener\"><span class=\"w-btn-label\">\u00a1Confirme su asistencia hoy!<\/span><\/a><\/div><\/div><\/div><\/div><\/div><\/div><\/section>\n<\/div>","protected":false},"excerpt":{"rendered":"Celebramos los 100 a\u00f1os de la Provincia de Nuestra Se\u00f1ora de la Consolaci\u00f3n. En 2026, conmemoramos con alegr\u00eda un siglo de fe, servicio y fraternidad al celebrar los Frailes Franciscanos Conventuales el centenario de la Provincia de Nuestra Se\u00f1ora de la Consolaci\u00f3n. Durante 100 a\u00f1os, nuestros frailes han caminado junto al pueblo de Dios, ofreciendo oraci\u00f3n, compasi\u00f3n y servicio en...","protected":false},"author":1,"featured_media":21741,"parent":0,"menu_order":0,"comment_status":"closed","ping_status":"closed","template":"","meta":{"om_disable_all_campaigns":false,"_monsterinsights_skip_tracking":false,"_monsterinsights_sitenote_active":true,"_monsterinsights_sitenote_note":"Published: Celebrate 100","_monsterinsights_sitenote_category":108,"_uf_show_specific_survey":0,"_uf_disable_surveys":false,"footnotes":""},"class_list":["post-21732","page","type-page","status-publish","has-post-thumbnail","hentry"],"aioseo_notices":[],"publishpress_future_action":{"enabled":false,"date":"2026-04-25 18:55:37","action":"change-status","newStatus":"draft","terms":[],"taxonomy":"","extraData":[]},"publishpress_future_workflow_manual_trigger":{"enabledWorkflows":[]},"_links":{"self":[{"href":"https:\/\/www.franciscansusa.org\/es\/wp-json\/wp\/v2\/pages\/21732","targetHints":{"allow":["GET"]}}],"collection":[{"href":"https:\/\/www.franciscansusa.org\/es\/wp-json\/wp\/v2\/pages"}],"about":[{"href":"https:\/\/www.franciscansusa.org\/es\/wp-json\/wp\/v2\/types\/page"}],"author":[{"embeddable":true,"href":"https:\/\/www.franciscansusa.org\/es\/wp-json\/wp\/v2\/users\/1"}],"replies":[{"embeddable":true,"href":"https:\/\/www.franciscansusa.org\/es\/wp-json\/wp\/v2\/comments?post=21732"}],"version-history":[{"count":16,"href":"https:\/\/www.franciscansusa.org\/es\/wp-json\/wp\/v2\/pages\/21732\/revisions"}],"predecessor-version":[{"id":21776,"href":"https:\/\/www.franciscansusa.org\/es\/wp-json\/wp\/v2\/pages\/21732\/revisions\/21776"}],"wp:featuredmedia":[{"embeddable":true,"href":"https:\/\/www.franciscansusa.org\/es\/wp-json\/wp\/v2\/media\/21741"}],"wp:attachment":[{"href":"https:\/\/www.franciscansusa.org\/es\/wp-json\/wp\/v2\/media?parent=21732"}],"curies":[{"name":"gracias","href":"https:\/\/api.w.org\/{rel}","templated":true}]}}