{"id":22704,"date":"2025-09-10T16:10:15","date_gmt":"2025-09-10T20:10:15","guid":{"rendered":"https:\/\/www.franciscansusa.org\/?page_id=22704"},"modified":"2025-09-10T16:10:57","modified_gmt":"2025-09-10T20:10:57","slug":"watercolor-classes","status":"publish","type":"page","link":"https:\/\/www.franciscansusa.org\/es\/watercolor-classes\/","title":{"rendered":"Clases de acuarela"},"content":{"rendered":"<div class=\"wpb-content-wrapper\"><section class=\"l-section wpb_row height_huge with_img with_overlay\"><div class=\"l-section-img\" style=\"background-image: url(https:\/\/www.franciscansusa.org\/wp-content\/uploads\/2025\/09\/20171029_090016-02-scaled.jpeg);\" data-img-width=\"2043\" data-img-height=\"2560\"><\/div><div class=\"l-section-overlay\" style=\"background: rgba(0,0,0,0.6)\"><\/div><div class=\"l-section-h i-cf\"><div class=\"g-cols vc_row type_default valign_top\"><div class=\"vc_col-sm-12 wpb_column vc_column_container\"><div class=\"vc_column-inner\"><div class=\"wpb_wrapper\"><div class=\"wpb_text_column us_custom_03f3d98b has_text_color\" ><div class=\"wpb_wrapper\"><h2><span style=\"color: #ffffff;\"><strong>Clases de acuarela<\/strong><\/span><\/h2>\n<\/div><\/div><\/div><\/div><\/div><\/div><\/div><\/section><section class=\"l-section wpb_row height_medium\"><div class=\"l-section-h i-cf\"><div class=\"g-cols vc_row type_default valign_top\"><div class=\"vc_col-sm-8 wpb_column vc_column_container\"><div class=\"vc_column-inner\"><div class=\"wpb_wrapper\"><div class=\"wpb_text_column us_custom_03f3d98b has_text_color\" ><div class=\"wpb_wrapper\"><h4>Clases de acuarela en Mount Saint Francis con John Florence<br \/>\nEstudio Pump House\/Santuario Mount Saint Francis<\/h4>\n<\/div><\/div><div class=\"w-separator size_small\"><\/div><div class=\"wpb_text_column us_custom_03f3d98b has_text_color\" ><div class=\"wpb_wrapper\"><p data-start=\"277\" data-end=\"559\">Ad\u00e9ntrate en el mundo de la acuarela con el artista y el instructor. <strong data-start=\"338\" data-end=\"355\">Juan Florencia<\/strong>, cuya pasi\u00f3n y experiencia dan vida a cada pincelada. Conocido por sus obras inspiradas en la naturaleza y la vida silvestre, John gu\u00eda a sus estudiantes a trav\u00e9s de un fascinante viaje de creatividad, t\u00e9cnica y descubrimiento.<\/p>\n<p data-start=\"561\" data-end=\"738\">Ya sea que est\u00e9s aprendiendo a usar un pincel o buscando perfeccionar tus habilidades, las clases de John est\u00e1n dise\u00f1adas para impulsar tu crecimiento como artista. Cada clase ofrece:<\/p>\n<ul data-start=\"740\" data-end=\"1172\">\n<li data-start=\"740\" data-end=\"839\">\n<p data-start=\"742\" data-end=\"839\"><strong data-start=\"742\" data-end=\"769\">T\u00e9cnicas fundamentales<\/strong> \u2013 Aprenda lavados, capas, mezcla de colores y otras habilidades esenciales.<\/p>\n<\/li>\n<li data-start=\"840\" data-end=\"942\">\n<p data-start=\"842\" data-end=\"942\"><strong data-start=\"842\" data-end=\"863\">Proyectos pr\u00e1cticos<\/strong> \u2013 Trabaje en piezas peque\u00f1as y accesibles que le ayuden a generar confianza r\u00e1pidamente.<\/p>\n<\/li>\n<li data-start=\"943\" data-end=\"1062\">\n<p data-start=\"945\" data-end=\"1062\"><strong data-start=\"945\" data-end=\"967\">Inspiraci\u00f3n guiada<\/strong> \u2013 Se proporcionan fotograf\u00edas de referencia, pero los estudiantes pueden traer sus propias ideas creativas.<\/p>\n<\/li>\n<li data-start=\"1063\" data-end=\"1172\">\n<p data-start=\"1065\" data-end=\"1172\"><strong data-start=\"1065\" data-end=\"1091\">Instrucci\u00f3n de apoyo<\/strong> \u2013 Con clases de tama\u00f1os reducidos, recibir\u00e1s atenci\u00f3n personalizada y est\u00edmulo.<\/p>\n<\/li>\n<\/ul>\n<p data-start=\"1174\" data-end=\"1455\">El estilo de ense\u00f1anza de John es accesible y acogedor, lo que hace que cada sesi\u00f3n sea educativa y amena. Su propia trayectoria, iniciada en la universidad y profundizada a trav\u00e9s de talleres transformadores, le da forma a su convicci\u00f3n de que la acuarela puede abrir puertas a la expresi\u00f3n para cualquiera que est\u00e9 dispuesto a explorar.<\/p>\n<p data-start=\"1457\" data-end=\"1645\">Desde capturar los delicados detalles de la vida silvestre hasta experimentar con colores y movimientos vibrantes, John lo ayudar\u00e1 a liberar su potencial art\u00edstico y plasmar su visi\u00f3n \u00fanica en el papel.<\/p>\n<\/div><\/div><\/div><\/div><\/div><div class=\"vc_col-sm-4 wpb_column vc_column_container\"><div class=\"vc_column-inner\"><div class=\"wpb_wrapper\"><div class=\"wpb_text_column us_custom_03f3d98b has_text_color\" ><div class=\"wpb_wrapper\"><h4>Pr\u00f3ximas clases de acuarela<\/h4>\n<\/div><\/div><div class=\"w-separator size_small\"><\/div><div class=\"w-grid type_grid layout_13842\" id=\"us_grid_1\" data-filterable=\"true\"><style id=\"us_grid_1_css\">#us_grid_1 .w-grid-item:not(:last-child){margin-bottom:1.5rem}#us_grid_1 .g-loadmore{margin-top:1.5rem}<\/style><style>.layout_13842 .w-grid-item-h{}.layout_13842 .usg_post_title_1{font-size:1.2rem!important;margin-bottom:0.3rem!important}.layout_13842 .usg_post_custom_field_1{font-weight:700!important}.layout_13842 .usg_post_custom_field_2{font-weight:700!important}.layout_13842 .usg_post_custom_field_3{font-weight:700!important}.layout_13842 .usg_post_image_2{width:30%!important;margin-right:5%!important}.layout_13842 .usg_post_custom_field_4{font-weight:700!important}<\/style><div class=\"w-grid-list\" ><\/div><div class=\"w-grid-preloader\"><div class=\"g-preloader type_1\">\r\n\t<div><\/div>\r\n<\/div>\r\n<\/div>\t<div class=\"w-grid-json hidden\" onclick='return {&quot;action&quot;:&quot;us_ajax_grid&quot;,&quot;ajax_url&quot;:&quot;https:\\\/\\\/www.franciscansusa.org\\\/wp-admin\\\/admin-ajax.php&quot;,&quot;infinite_scroll&quot;:0,&quot;max_num_pages&quot;:0,&quot;pagination&quot;:&quot;ajax&quot;,&quot;permalink_url&quot;:&quot;https:\\\/\\\/www.franciscansusa.org\\\/es\\\/wp-json\\\/wp\\\/v2\\\/pages\\\/22704&quot;,&quot;template_vars&quot;:{&quot;columns&quot;:&quot;1&quot;,&quot;exclude_items&quot;:&quot;none&quot;,&quot;img_size&quot;:&quot;default&quot;,&quot;ignore_items_size&quot;:false,&quot;items_layout&quot;:&quot;13842&quot;,&quot;items_offset&quot;:&quot;1&quot;,&quot;load_animation&quot;:&quot;none&quot;,&quot;overriding_link&quot;:&quot;none&quot;,&quot;post_id&quot;:22704,&quot;query_args&quot;:{&quot;post_type&quot;:[&quot;event&quot;],&quot;tax_query&quot;:[{&quot;taxonomy&quot;:&quot;event_category&quot;,&quot;field&quot;:&quot;slug&quot;,&quot;terms&quot;:[&quot;watercolor-classes&quot;]}],&quot;post_status&quot;:[&quot;publish&quot;],&quot;posts_per_page&quot;:&quot;10&quot;},&quot;orderby_query_args&quot;:{&quot;meta_query&quot;:{&quot;_orderby_custom_&quot;:{&quot;relation&quot;:&quot;OR&quot;,&quot;0&quot;:{&quot;compare&quot;:&quot;EXISTS&quot;,&quot;key&quot;:&quot;event_start_date&quot;,&quot;type&quot;:&quot;CHAR&quot;},&quot;1&quot;:{&quot;compare&quot;:&quot;NOT EXISTS&quot;,&quot;key&quot;:&quot;event_start_date&quot;,&quot;type&quot;:&quot;CHAR&quot;}}},&quot;orderby&quot;:&quot;event_start_date&quot;,&quot;order&quot;:&quot;ASC&quot;},&quot;type&quot;:&quot;grid&quot;,&quot;us_grid_ajax_index&quot;:1,&quot;us_grid_filter_params&quot;:null,&quot;us_grid_index&quot;:1,&quot;_us_grid_post_type&quot;:&quot;event&quot;}}'><\/div>\r\n\t<h4 class=\"w-grid-none\">Sin resultados.<\/h4><\/div><\/div><\/div><\/div><\/div><\/div><\/section><div class=\"vc_col-sm-12 wpb_column vc_column_container\"><div class=\"vc_column-inner\"><div class=\"wpb_wrapper\"><\/div><\/div><\/div><section class=\"l-section wpb_row height_medium\"><div class=\"l-section-h i-cf\"><div class=\"g-cols vc_row type_default valign_top\"><div class=\"vc_col-sm-12 wpb_column vc_column_container\"><div class=\"vc_column-inner\"><div class=\"wpb_wrapper\"><div class=\"wpb_text_column\" ><div class=\"wpb_wrapper\"><h4>Conozca a nuestro instructor<\/h4>\n<\/div><\/div><div class=\"w-separator size_medium\"><\/div><\/div><\/div><\/div><div class=\"vc_col-sm-4 wpb_column vc_column_container\"><div class=\"vc_column-inner\"><div class=\"wpb_wrapper\"><div class=\"w-person layout_circle\" itemscope itemtype=\"https:\/\/schema.org\/Person\"><div class=\"w-person-image\"><img loading=\"lazy\" decoding=\"async\" width=\"956\" height=\"956\" src=\"https:\/\/www.franciscansusa.org\/wp-content\/uploads\/2024\/07\/Screenshot-2024-07-08-at-2.02.55\u202fPM.png\" class=\"attachment-full size-full\" alt=\"\" srcset=\"https:\/\/www.franciscansusa.org\/wp-content\/uploads\/2024\/07\/Screenshot-2024-07-08-at-2.02.55\u202fPM.png 956w, https:\/\/www.franciscansusa.org\/wp-content\/uploads\/2024\/07\/Screenshot-2024-07-08-at-2.02.55\u202fPM-150x150.png 150w, https:\/\/www.franciscansusa.org\/wp-content\/uploads\/2024\/07\/Screenshot-2024-07-08-at-2.02.55\u202fPM-300x300.png 300w, https:\/\/www.franciscansusa.org\/wp-content\/uploads\/2024\/07\/Screenshot-2024-07-08-at-2.02.55\u202fPM-12x12.png 12w, https:\/\/www.franciscansusa.org\/wp-content\/uploads\/2024\/07\/Screenshot-2024-07-08-at-2.02.55\u202fPM-600x600.png 600w, https:\/\/www.franciscansusa.org\/wp-content\/uploads\/2024\/07\/Screenshot-2024-07-08-at-2.02.55\u202fPM-400x400.png 400w, https:\/\/www.franciscansusa.org\/wp-content\/uploads\/2024\/07\/Screenshot-2024-07-08-at-2.02.55\u202fPM-25x25.png 25w\" sizes=\"auto, (max-width: 956px) 100vw, 956px\" \/><\/div><div class=\"w-person-content\"><h4 class=\"w-person-name\" itemprop=\"name\"><span>Juan Florencia<\/span><\/h4><div class=\"w-person-role\" itemprop=\"jobTitle\">Instructor de acuarela<\/div><\/div><\/div><\/div><\/div><\/div><div class=\"vc_col-sm-8 wpb_column vc_column_container\"><div class=\"vc_column-inner\"><div class=\"wpb_wrapper\"><div class=\"wpb_text_column us_custom_03f3d98b has_text_color\" ><div class=\"wpb_wrapper\"><h4>Juan Florencia<\/h4>\n<p>La incursi\u00f3n de John Florence en el mundo de la acuarela comenz\u00f3 durante sus a\u00f1os universitarios, donde desarroll\u00f3 un inter\u00e9s particular por el arte de la vida silvestre. Esta pasi\u00f3n se intensific\u00f3 en 2013 cuando asisti\u00f3 a un taller de pintura transformadora en Carolina del Norte, lo que profundiz\u00f3 su compromiso con el estudio y la producci\u00f3n de acuarelas.<\/p>\n<p>Despu\u00e9s de dedicar 43 a\u00f1os a ejercer la medicina veterinaria en Louisville, KY, John se jubil\u00f3 en enero de 2024. Esta jubilaci\u00f3n le ha permitido dedicar m\u00e1s tiempo a sus actividades art\u00edsticas. Si bien le gusta pintar diversos temas, su enfoque principal son los paisajes y las naturalezas muertas, capturando la belleza y la tranquilidad de la naturaleza y las escenas cotidianas.<\/p>\n<p>Adem\u00e1s de sus actividades art\u00edsticas, John es pastor de adoraci\u00f3n y director musical de su iglesia. \u00c9l y su esposa, Vickie, residen en una encantadora granja en Corydon, Indiana, donde encuentran inspiraci\u00f3n en la serenidad de su entorno. La diversidad de experiencias y la profunda pasi\u00f3n de John Florence por el arte siguen enriqueciendo su obra y la vida de quienes lo rodean.<\/p>\n<\/div><\/div><\/div><\/div><\/div><\/div><\/div><\/section>\n<\/div>","protected":false},"excerpt":{"rendered":"Watercolor Classes Watercolor Classes at Mount Saint Francis with John Florence Pump House Studio\/Mount Saint Francis Sanctuary Step into the world of watercolor with artist and instructor John Florence, whose passion and expertise bring every brushstroke to life. Known for his wildlife and nature-inspired works, John guides students through an engaging journey of creativity, technique,...","protected":false},"author":1,"featured_media":22705,"parent":0,"menu_order":0,"comment_status":"closed","ping_status":"closed","template":"","meta":{"om_disable_all_campaigns":false,"_monsterinsights_skip_tracking":false,"_monsterinsights_sitenote_active":false,"_monsterinsights_sitenote_note":"","_monsterinsights_sitenote_category":0,"_uf_show_specific_survey":0,"_uf_disable_surveys":false,"footnotes":""},"class_list":["post-22704","page","type-page","status-publish","has-post-thumbnail","hentry"],"aioseo_notices":[],"publishpress_future_action":{"enabled":false,"date":"2026-04-11 17:44:08","action":"change-status","newStatus":"draft","terms":[],"taxonomy":"","extraData":[]},"publishpress_future_workflow_manual_trigger":{"enabledWorkflows":[]},"_links":{"self":[{"href":"https:\/\/www.franciscansusa.org\/es\/wp-json\/wp\/v2\/pages\/22704","targetHints":{"allow":["GET"]}}],"collection":[{"href":"https:\/\/www.franciscansusa.org\/es\/wp-json\/wp\/v2\/pages"}],"about":[{"href":"https:\/\/www.franciscansusa.org\/es\/wp-json\/wp\/v2\/types\/page"}],"author":[{"embeddable":true,"href":"https:\/\/www.franciscansusa.org\/es\/wp-json\/wp\/v2\/users\/1"}],"replies":[{"embeddable":true,"href":"https:\/\/www.franciscansusa.org\/es\/wp-json\/wp\/v2\/comments?post=22704"}],"version-history":[{"count":1,"href":"https:\/\/www.franciscansusa.org\/es\/wp-json\/wp\/v2\/pages\/22704\/revisions"}],"predecessor-version":[{"id":22710,"href":"https:\/\/www.franciscansusa.org\/es\/wp-json\/wp\/v2\/pages\/22704\/revisions\/22710"}],"wp:featuredmedia":[{"embeddable":true,"href":"https:\/\/www.franciscansusa.org\/es\/wp-json\/wp\/v2\/media\/22705"}],"wp:attachment":[{"href":"https:\/\/www.franciscansusa.org\/es\/wp-json\/wp\/v2\/media?parent=22704"}],"curies":[{"name":"gracias","href":"https:\/\/api.w.org\/{rel}","templated":true}]}}