{"id":22733,"date":"2025-09-11T15:39:11","date_gmt":"2025-09-11T19:39:11","guid":{"rendered":"https:\/\/www.franciscansusa.org\/?page_id=22733"},"modified":"2025-09-11T15:50:19","modified_gmt":"2025-09-11T19:50:19","slug":"safeguarding-ministry","status":"publish","type":"page","link":"https:\/\/www.franciscansusa.org\/es\/safeguarding-ministry\/","title":{"rendered":"Ministerio de Salvaguardia"},"content":{"rendered":"<div class=\"wpb-content-wrapper\"><section class=\"l-section wpb_row height_huge with_img with_overlay\"><div class=\"l-section-img\" style=\"background-image: url(https:\/\/www.franciscansusa.org\/wp-content\/uploads\/2024\/01\/msf-11.jpg);\" data-img-width=\"2000\" data-img-height=\"1500\"><\/div><div class=\"l-section-overlay\" style=\"background: rgba(0,0,0,0.6)\"><\/div><div class=\"l-section-h i-cf\"><div class=\"g-cols vc_row type_default valign_top\"><div class=\"vc_col-sm-12 wpb_column vc_column_container\"><div class=\"vc_column-inner\"><div class=\"wpb_wrapper\"><div class=\"wpb_text_column us_custom_03f3d98b has_text_color\" ><div class=\"wpb_wrapper\"><h2><span style=\"color: #ffffff;\"><strong>Ministerio de Salvaguardia<\/strong><\/span><\/h2>\n<\/div><\/div><\/div><\/div><\/div><\/div><\/div><\/section><section class=\"l-section wpb_row height_medium\"><div class=\"l-section-h i-cf\"><div class=\"g-cols vc_row type_default valign_top\"><div class=\"vc_col-sm-12 wpb_column vc_column_container\"><div class=\"vc_column-inner\"><div class=\"wpb_wrapper\"><div class=\"w-image align_center\"><div class=\"w-image-h\"><img loading=\"lazy\" decoding=\"async\" width=\"600\" height=\"177\" src=\"https:\/\/www.franciscansusa.org\/wp-content\/uploads\/2025\/07\/Praesidium-Accreditation-Logo_25-30-600x177.png\" class=\"attachment-us_600_400 size-us_600_400\" alt=\"\" srcset=\"https:\/\/www.franciscansusa.org\/wp-content\/uploads\/2025\/07\/Praesidium-Accreditation-Logo_25-30-600x177.png 600w, https:\/\/www.franciscansusa.org\/wp-content\/uploads\/2025\/07\/Praesidium-Accreditation-Logo_25-30-300x89.png 300w, https:\/\/www.franciscansusa.org\/wp-content\/uploads\/2025\/07\/Praesidium-Accreditation-Logo_25-30-1024x302.png 1024w, https:\/\/www.franciscansusa.org\/wp-content\/uploads\/2025\/07\/Praesidium-Accreditation-Logo_25-30-18x5.png 18w, https:\/\/www.franciscansusa.org\/wp-content\/uploads\/2025\/07\/Praesidium-Accreditation-Logo_25-30-150x44.png 150w, https:\/\/www.franciscansusa.org\/wp-content\/uploads\/2025\/07\/Praesidium-Accreditation-Logo_25-30.png 1504w\" sizes=\"auto, (max-width: 600px) 100vw, 600px\" \/><\/div><\/div><div class=\"w-separator size_small\"><\/div><div class=\"wpb_text_column us_custom_03f3d98b has_text_color\" ><div class=\"wpb_wrapper\"><div class=\"w-popup-box animation_fadeIn without_title active\">\n<div class=\"w-popup-box-h\">\n<div class=\"w-popup-box-content\">\n<p>Para los Frailes Franciscanos Conventuales de la Provincia de Nuestra Se\u00f1ora de la Consolaci\u00f3n, la Acreditaci\u00f3n del Praesidium es m\u00e1s que un sello de aprobaci\u00f3n: refleja nuestro compromiso permanente de crear entornos de seguridad, responsabilidad y cuidado en cada aspecto de nuestro ministerio.<\/p>\n<p>La acreditaci\u00f3n de Praesidium, l\u00edder independiente en prevenci\u00f3n del abuso, confirma que contamos con pol\u00edticas s\u00f3lidas, capacitamos regularmente a frailes y colaboradores laicos, y mantenemos procesos claros e independientes para responder a las inquietudes. No se trata de una designaci\u00f3n \u00fanica, sino de un compromiso continuo, que se mantiene mediante revisiones anuales y una alineaci\u00f3n continua con los est\u00e1ndares nacionales en constante evoluci\u00f3n.<\/p>\n<p>A trav\u00e9s de este proceso, fomentamos una cultura de concientizaci\u00f3n y formaci\u00f3n, capacitando a frailes, personal y voluntarios no solo para prevenir da\u00f1os, sino tambi\u00e9n para promover activamente la seguridad, la sanaci\u00f3n y la confianza. Involucramos activamente a las personas m\u00e1s cercanas a nuestros ministerios (familias, colaboradores laicos y socios ministeriales) para que nos ayuden a reconocer riesgos a tiempo, promover entornos seguros y promover una cultura de responsabilidad.<\/p>\n<p>Cualquier denuncia de mala conducta se toma en serio, es investigada por un profesional independiente y revisada por una junta externa. Nuestras pr\u00e1cticas de protecci\u00f3n est\u00e1n dise\u00f1adas para proteger a las personas vulnerables, garantizar la transparencia y responder con integridad y cuidado.<\/p>\n<p>Invitamos a cualquier persona que haya sufrido abuso en la Iglesia a denunciarlo. Nuestro compromiso con la justicia y la sanaci\u00f3n nos impulsa a escuchar con compasi\u00f3n y actuar con responsabilidad.<\/p>\n<\/div>\n<\/div>\n<\/div>\n<\/div><\/div><\/div><\/div><\/div><\/div><\/div><\/section>\n<\/div>","protected":false},"excerpt":{"rendered":"Ministerio de Protecci\u00f3n. Para los Frailes Franciscanos Conventuales de la Provincia de Nuestra Se\u00f1ora de la Consolaci\u00f3n, la Acreditaci\u00f3n del Praesidium es m\u00e1s que un sello de aprobaci\u00f3n: refleja nuestro firme compromiso con la creaci\u00f3n de entornos de seguridad, responsabilidad y cuidado en todos los aspectos de nuestro ministerio. La acreditaci\u00f3n del Praesidium, l\u00edder independiente en la prevenci\u00f3n del abuso, confirma que...","protected":false},"author":1,"featured_media":0,"parent":0,"menu_order":0,"comment_status":"closed","ping_status":"closed","template":"","meta":{"om_disable_all_campaigns":false,"_monsterinsights_skip_tracking":false,"_monsterinsights_sitenote_active":false,"_monsterinsights_sitenote_note":"","_monsterinsights_sitenote_category":0,"_uf_show_specific_survey":0,"_uf_disable_surveys":false,"footnotes":""},"class_list":["post-22733","page","type-page","status-publish","hentry"],"aioseo_notices":[],"publishpress_future_action":{"enabled":false,"date":"2026-04-22 19:42:57","action":"change-status","newStatus":"draft","terms":[],"taxonomy":"","extraData":[]},"publishpress_future_workflow_manual_trigger":{"enabledWorkflows":[]},"_links":{"self":[{"href":"https:\/\/www.franciscansusa.org\/es\/wp-json\/wp\/v2\/pages\/22733","targetHints":{"allow":["GET"]}}],"collection":[{"href":"https:\/\/www.franciscansusa.org\/es\/wp-json\/wp\/v2\/pages"}],"about":[{"href":"https:\/\/www.franciscansusa.org\/es\/wp-json\/wp\/v2\/types\/page"}],"author":[{"embeddable":true,"href":"https:\/\/www.franciscansusa.org\/es\/wp-json\/wp\/v2\/users\/1"}],"replies":[{"embeddable":true,"href":"https:\/\/www.franciscansusa.org\/es\/wp-json\/wp\/v2\/comments?post=22733"}],"version-history":[{"count":4,"href":"https:\/\/www.franciscansusa.org\/es\/wp-json\/wp\/v2\/pages\/22733\/revisions"}],"predecessor-version":[{"id":22738,"href":"https:\/\/www.franciscansusa.org\/es\/wp-json\/wp\/v2\/pages\/22733\/revisions\/22738"}],"wp:attachment":[{"href":"https:\/\/www.franciscansusa.org\/es\/wp-json\/wp\/v2\/media?parent=22733"}],"curies":[{"name":"gracias","href":"https:\/\/api.w.org\/{rel}","templated":true}]}}