{"id":5774,"date":"2017-01-31T14:57:35","date_gmt":"2017-01-31T14:57:35","guid":{"rendered":"http:\/\/impreza5.us-themes.net\/?page_id=5774"},"modified":"2017-01-31T14:57:35","modified_gmt":"2017-01-31T14:57:35","slug":"error-404","status":"publish","type":"page","link":"https:\/\/www.franciscansusa.org\/es\/error-404\/","title":{"rendered":"Error 404"},"content":{"rendered":"<div class=\"wpb-content-wrapper\"><section class=\"l-section wpb_row height_full valign_center\"><div class=\"l-section-h i-cf\"><div class=\"g-cols vc_row type_default valign_middle\"><div class=\"vc_col-sm-12 wpb_column vc_column_container\"><div class=\"vc_column-inner\"><div class=\"wpb_wrapper\"><div class=\"w-iconbox iconpos_top style_circle color_primary align_center\"><div class=\"w-iconbox-icon\" style=\"font-size:6rem;\"><i class=\"far fa-map-marked-alt\"><\/i><\/div><div class=\"w-iconbox-meta\"><h2 class=\"w-iconbox-title\">Esta es la p\u00e1gina de &quot;error 404&quot;<\/h2><div class=\"w-iconbox-text\"><p>Puede personalizar esta p\u00e1gina como cualquier otra p\u00e1gina a trav\u00e9s de Page Builder. Tambi\u00e9n es posible cambiar sus opciones de encabezado, barra de t\u00edtulo, barra lateral y pie de p\u00e1gina.<\/p>\n<\/div><\/div><\/div><div class=\"w-separator size_small\"><\/div><div class=\"wpb_text_column\" ><div class=\"wpb_wrapper\"><p style=\"text-align: center;\"><a href=\"http:\/\/impreza3.us-themes.com\/404\/\" target=\"_blank\" rel=\"noopener noreferrer\">Compruebe la apariencia predeterminada de la p\u00e1gina de error 404<\/a>.<\/p>\n<\/div><\/div><\/div><\/div><\/div><\/div><\/div><\/section>\n<\/div>","protected":false},"excerpt":{"rendered":"Esta es la p\u00e1gina de error 404. Puedes personalizarla como cualquier otra p\u00e1gina mediante el Creador de P\u00e1ginas. Tambi\u00e9n puedes cambiar las opciones de encabezado, barra de t\u00edtulo, barra lateral y pie de p\u00e1gina. Consulta la apariencia predeterminada de la p\u00e1gina de error 404.","protected":false},"author":1,"featured_media":0,"parent":0,"menu_order":0,"comment_status":"closed","ping_status":"closed","template":"","meta":{"om_disable_all_campaigns":false,"_monsterinsights_skip_tracking":false,"_monsterinsights_sitenote_active":false,"_monsterinsights_sitenote_note":"","_monsterinsights_sitenote_category":0,"_uf_show_specific_survey":0,"_uf_disable_surveys":false,"footnotes":""},"class_list":["post-5774","page","type-page","status-publish","hentry"],"aioseo_notices":[],"publishpress_future_action":{"enabled":false,"date":"2026-05-09 00:31:02","action":"change-status","newStatus":"draft","terms":[],"taxonomy":"","extraData":[]},"publishpress_future_workflow_manual_trigger":{"enabledWorkflows":[]},"_links":{"self":[{"href":"https:\/\/www.franciscansusa.org\/es\/wp-json\/wp\/v2\/pages\/5774","targetHints":{"allow":["GET"]}}],"collection":[{"href":"https:\/\/www.franciscansusa.org\/es\/wp-json\/wp\/v2\/pages"}],"about":[{"href":"https:\/\/www.franciscansusa.org\/es\/wp-json\/wp\/v2\/types\/page"}],"author":[{"embeddable":true,"href":"https:\/\/www.franciscansusa.org\/es\/wp-json\/wp\/v2\/users\/1"}],"replies":[{"embeddable":true,"href":"https:\/\/www.franciscansusa.org\/es\/wp-json\/wp\/v2\/comments?post=5774"}],"version-history":[{"count":0,"href":"https:\/\/www.franciscansusa.org\/es\/wp-json\/wp\/v2\/pages\/5774\/revisions"}],"wp:attachment":[{"href":"https:\/\/www.franciscansusa.org\/es\/wp-json\/wp\/v2\/media?parent=5774"}],"curies":[{"name":"gracias","href":"https:\/\/api.w.org\/{rel}","templated":true}]}}