{"id":6415,"date":"2018-12-12T15:47:25","date_gmt":"2018-12-12T15:47:25","guid":{"rendered":"http:\/\/impreza.us-themes.com\/?page_id=6415"},"modified":"2018-12-12T15:47:25","modified_gmt":"2018-12-12T15:47:25","slug":"flipbox","status":"publish","type":"page","link":"https:\/\/www.franciscansusa.org\/es\/flipbox\/","title":{"rendered":"FlipBox"},"content":{"rendered":"<div class=\"wpb-content-wrapper\"><section class=\"l-section wpb_row height_medium\"><div class=\"l-section-h i-cf\"><div class=\"g-cols vc_row type_default valign_top\"><div class=\"vc_col-sm-4 wpb_column vc_column_container\"><div class=\"vc_column-inner\"><div class=\"wpb_wrapper\"><div class=\"w-flipbox animation_cubetilt direction_e\"><div class=\"w-flipbox-h easing_ease\" style=\"transition-duration:0.6s;\"><div class=\"w-flipbox-hh\"><div class=\"w-flipbox-front\" style=\"background:#2f456c;color:#ffffff;background-image:url(https:\/\/www.franciscansusa.org\/wp-content\/uploads\/2019\/07\/us-placeholder-landscape-1024x683.jpg);\"><div class=\"w-flipbox-front-h\"><div class=\"w-flipbox-front-icon style_default\" style=\"font-size:5rem;color:#ffffff;\"><i class=\"far fa-bell\"><\/i><\/div><h4 class=\"w-flipbox-front-title\" style=\"color:#ffffff;\">Totalmente personalizable<\/h4><\/div><\/div><div class=\"w-flipbox-back\" style=\"display:none;background:#2f456c;color:#ffffff;\"><div class=\"w-flipbox-back-h\"><h4 class=\"w-flipbox-back-title\" style=\"color:#ffffff;\">La parte de atr\u00e1s<\/h4><div class=\"w-flipbox-back-desc\"><p>Las ocho direcciones de la animaci\u00f3n est\u00e1n disponibles. \u00bfC\u00f3mo hicimos esto posible? Leer en el art\u00edculo correspondiente.<\/p>\n<\/div><\/div><\/div><\/div><\/div><\/div><\/div><\/div><\/div><div class=\"vc_col-sm-4 wpb_column vc_column_container\"><div class=\"vc_column-inner\"><div class=\"wpb_wrapper\"><div class=\"w-flipbox animation_cubetilt direction_n\"><div class=\"w-flipbox-h easing_ease\" style=\"transition-duration:0.6s;\"><div class=\"w-flipbox-hh\"><div class=\"w-flipbox-front\" style=\"background:#5f7245;color:#ffffff;background-image:url(https:\/\/www.franciscansusa.org\/wp-content\/uploads\/2019\/07\/us-placeholder-landscape-1024x683.jpg);\"><div class=\"w-flipbox-front-h\"><div class=\"w-flipbox-front-icon style_default\" style=\"font-size:70px;color:#ffffff;\"><i class=\"far fa-heart\"><\/i><\/div><h4 class=\"w-flipbox-front-title\" style=\"color:#ffffff;\">Aspecto moderno<\/h4><\/div><\/div><div class=\"w-flipbox-back\" style=\"display:none;background:#5f7245;color:#ffffff;\"><div class=\"w-flipbox-back-h\"><h4 class=\"w-flipbox-back-title\" style=\"color:#ffffff;\">La parte de atr\u00e1s<\/h4><div class=\"w-flipbox-back-desc\"><p>Las ocho direcciones de la animaci\u00f3n est\u00e1n disponibles. \u00bfC\u00f3mo hicimos esto posible? Leer en el art\u00edculo correspondiente.<\/p>\n<\/div><\/div><\/div><\/div><\/div><\/div><\/div><\/div><\/div><div class=\"vc_col-sm-4 wpb_column vc_column_container\"><div class=\"vc_column-inner\"><div class=\"wpb_wrapper\"><div class=\"w-flipbox animation_cubetilt direction_w\"><div class=\"w-flipbox-h easing_ease\" style=\"transition-duration:0.6s;\"><div class=\"w-flipbox-hh\"><div class=\"w-flipbox-front\" style=\"background:#5f416d;color:#ffffff;background-image:url(https:\/\/www.franciscansusa.org\/wp-content\/uploads\/2019\/07\/us-placeholder-landscape-1024x683.jpg);\"><div class=\"w-flipbox-front-h\"><div class=\"w-flipbox-front-icon style_default\" style=\"font-size:70px;color:#ffffff;\"><i class=\"far fa-star\"><\/i><\/div><h4 class=\"w-flipbox-front-title\" style=\"color:#ffffff;\">Algo especial<\/h4><\/div><\/div><div class=\"w-flipbox-back\" style=\"display:none;background:#5f416d;color:#ffffff;\"><div class=\"w-flipbox-back-h\"><h4 class=\"w-flipbox-back-title\" style=\"color:#ffffff;\">La parte de atr\u00e1s<\/h4><div class=\"w-flipbox-back-desc\"><p>Las ocho direcciones de la animaci\u00f3n est\u00e1n disponibles. \u00bfC\u00f3mo hicimos esto posible? Leer en el art\u00edculo correspondiente.<\/p>\n<\/div><\/div><\/div><\/div><\/div><\/div><\/div><\/div><\/div><\/div><\/div><\/section><section class=\"l-section wpb_row height_medium\"><div class=\"l-section-h i-cf\"><div class=\"g-cols vc_row type_default valign_top\"><div class=\"vc_col-sm-3 wpb_column vc_column_container\"><div class=\"vc_column-inner\"><div class=\"wpb_wrapper\"><div class=\"w-flipbox animation_cardflip direction_n\"><div class=\"w-flipbox-h easing_ease\" style=\"transition-duration:0.5s;\"><div class=\"w-flipbox-hh\"><div class=\"w-flipbox-front\"><div class=\"w-flipbox-front-h\"><div class=\"w-flipbox-front-icon style_circle\" style=\"font-size:3rem;background:#e95095;color:#ffffff;\"><i class=\"far fa-palette\"><\/i><\/div><h4 class=\"w-flipbox-front-title\">Dise\u00f1o web<\/h4><div class=\"w-flipbox-front-desc\"><p>La perfecci\u00f3n no es alcanzable, pero si perseguimos la perfecci\u00f3n podemos alcanzar la excelencia.<\/p>\n<\/div><\/div><\/div><div class=\"w-flipbox-back\" style=\"display:none;\"><div class=\"w-flipbox-back-h\"><h4 class=\"w-flipbox-back-title\">Dise\u00f1o web<\/h4><div class=\"w-flipbox-back-desc\"><p>Fija tus ojos en la perfecci\u00f3n y har\u00e1s que casi todo se acelere hacia ella.<\/p>\n<\/div><a href=\"http:\/\/impreza.us-themes.com\/pages\/services\/\" class=\"w-btn us-btn-style_1\"><span>Ver m\u00e1s<\/span><\/a><\/div><\/div><\/div><\/div><\/div><\/div><\/div><\/div><div class=\"vc_col-sm-3 wpb_column vc_column_container\"><div class=\"vc_column-inner\"><div class=\"wpb_wrapper\"><div class=\"w-flipbox animation_cardflip direction_e\"><div class=\"w-flipbox-h easing_ease\" style=\"transition-duration:0.5s;\"><div class=\"w-flipbox-hh\"><div class=\"w-flipbox-front\"><div class=\"w-flipbox-front-h\"><div class=\"w-flipbox-front-icon style_circle\" style=\"font-size:3rem;background:#e95095;color:#ffffff;\"><i class=\"far fa-code\"><\/i><\/div><h4 class=\"w-flipbox-front-title\">Codificaci\u00f3n<\/h4><div class=\"w-flipbox-front-desc\"><p>La perfecci\u00f3n no es alcanzable, pero si perseguimos la perfecci\u00f3n podemos alcanzar la excelencia.<\/p>\n<\/div><\/div><\/div><div class=\"w-flipbox-back\" style=\"display:none;\"><div class=\"w-flipbox-back-h\"><h4 class=\"w-flipbox-back-title\">Codificaci\u00f3n<\/h4><div class=\"w-flipbox-back-desc\"><p>Fija tus ojos en la perfecci\u00f3n y har\u00e1s que casi todo se acelere hacia ella.<\/p>\n<\/div><a href=\"http:\/\/impreza.us-themes.com\/pages\/services\/\" class=\"w-btn us-btn-style_1\"><span>Ver m\u00e1s<\/span><\/a><\/div><\/div><\/div><\/div><\/div><\/div><\/div><\/div><div class=\"vc_col-sm-3 wpb_column vc_column_container\"><div class=\"vc_column-inner\"><div class=\"wpb_wrapper\"><div class=\"w-flipbox animation_cardflip direction_s\"><div class=\"w-flipbox-h easing_ease\" style=\"transition-duration:0.5s;\"><div class=\"w-flipbox-hh\"><div class=\"w-flipbox-front\"><div class=\"w-flipbox-front-h\"><div class=\"w-flipbox-front-icon style_circle\" style=\"font-size:3rem;background:#e95095;color:#ffffff;\"><i class=\"far fa-chart-line\"><\/i><\/div><h4 class=\"w-flipbox-front-title\">Anal\u00edtica<\/h4><div class=\"w-flipbox-front-desc\"><p>La perfecci\u00f3n no es alcanzable, pero si perseguimos la perfecci\u00f3n podemos alcanzar la excelencia.<\/p>\n<\/div><\/div><\/div><div class=\"w-flipbox-back\" style=\"display:none;\"><div class=\"w-flipbox-back-h\"><h4 class=\"w-flipbox-back-title\">Anal\u00edtica<\/h4><div class=\"w-flipbox-back-desc\"><p>Fija tus ojos en la perfecci\u00f3n y har\u00e1s que casi todo se acelere hacia ella.<\/p>\n<\/div><a href=\"http:\/\/impreza.us-themes.com\/pages\/services\/\" class=\"w-btn us-btn-style_1\"><span>Ver m\u00e1s<\/span><\/a><\/div><\/div><\/div><\/div><\/div><\/div><\/div><\/div><div class=\"vc_col-sm-3 wpb_column vc_column_container\"><div class=\"vc_column-inner\"><div class=\"wpb_wrapper\"><div class=\"w-flipbox animation_cardflip direction_w\"><div class=\"w-flipbox-h easing_ease\" style=\"transition-duration:0.5s;\"><div class=\"w-flipbox-hh\"><div class=\"w-flipbox-front\"><div class=\"w-flipbox-front-h\"><div class=\"w-flipbox-front-icon style_circle\" style=\"font-size:3rem;background:#e95095;color:#ffffff;\"><i class=\"far fa-camera-alt\"><\/i><\/div><h4 class=\"w-flipbox-front-title\">Fotograf\u00eda<\/h4><div class=\"w-flipbox-front-desc\"><p>La perfecci\u00f3n no es alcanzable, pero si perseguimos la perfecci\u00f3n podemos alcanzar la excelencia.<\/p>\n<\/div><\/div><\/div><div class=\"w-flipbox-back\" style=\"display:none;\"><div class=\"w-flipbox-back-h\"><h4 class=\"w-flipbox-back-title\">Fotograf\u00eda<\/h4><div class=\"w-flipbox-back-desc\"><p>Fija tus ojos en la perfecci\u00f3n y har\u00e1s que casi todo se acelere hacia ella.<\/p>\n<\/div><a href=\"http:\/\/impreza.us-themes.com\/pages\/services\/\" class=\"w-btn us-btn-style_1\"><span>Ver m\u00e1s<\/span><\/a><\/div><\/div><\/div><\/div><\/div><\/div><\/div><\/div><\/div><\/div><\/section><section class=\"l-section wpb_row height_medium\"><div class=\"l-section-h i-cf\"><div class=\"g-cols vc_row type_default valign_top\"><div class=\"vc_col-sm-4 wpb_column vc_column_container\"><div class=\"vc_column-inner\"><div class=\"wpb_wrapper\"><a class=\"w-flipbox animation_cubetilt direction_n\" href=\"http:\/\/impreza.us-themes.com\/pages\/person-page\/\"><div class=\"w-flipbox-h easing_easeInOutCirc\" style=\"transition-duration:0.4s;\"><div class=\"w-flipbox-hh\"><div class=\"w-flipbox-front us_custom_4b7c0ab9\" style=\"background:#7049ba;background-image:url(https:\/\/www.franciscansusa.org\/wp-content\/uploads\/2019\/07\/us-placeholder-landscape.jpg);\"><div class=\"w-flipbox-front-h\"><\/div><\/div><div class=\"w-flipbox-back us_custom_4b7c0ab9\" style=\"display:none;background:#333333;color:#ffffff;\"><div class=\"w-flipbox-back-h\"><h4 class=\"w-flipbox-back-title\" style=\"color:#ffffff;\">David Negro<\/h4><div class=\"w-flipbox-back-desc\"><p>No puedo cambiar la direcci\u00f3n del viento, pero puedo ajustar mis velas para llegar siempre a mi destino.<\/p>\n<\/div><\/div><\/div><\/div><\/div><\/a><\/div><\/div><\/div><div class=\"vc_col-sm-4 wpb_column vc_column_container\"><div class=\"vc_column-inner\"><div class=\"wpb_wrapper\"><a class=\"w-flipbox animation_cubetilt direction_n\" href=\"http:\/\/impreza.us-themes.com\/pages\/person-page\/\"><div class=\"w-flipbox-h easing_ease\" style=\"transition-duration:0.4s;\"><div class=\"w-flipbox-hh\"><div class=\"w-flipbox-front us_custom_4b7c0ab9\" style=\"background:#7049ba;background-image:url(https:\/\/www.franciscansusa.org\/wp-content\/uploads\/2019\/07\/us-placeholder-landscape.jpg);\"><div class=\"w-flipbox-front-h\"><\/div><\/div><div class=\"w-flipbox-back us_custom_4b7c0ab9\" style=\"display:none;background:#333333;color:#ffffff;\"><div class=\"w-flipbox-back-h\"><h4 class=\"w-flipbox-back-title\" style=\"color:#ffffff;\">Amanda Smith<\/h4><div class=\"w-flipbox-back-desc\"><p>No puedo cambiar la direcci\u00f3n del viento, pero puedo ajustar mis velas para llegar siempre a mi destino.<\/p>\n<\/div><\/div><\/div><\/div><\/div><\/a><\/div><\/div><\/div><div class=\"vc_col-sm-4 wpb_column vc_column_container\"><div class=\"vc_column-inner\"><div class=\"wpb_wrapper\"><a class=\"w-flipbox animation_cubetilt direction_n\" href=\"http:\/\/impreza.us-themes.com\/pages\/person-page\/\"><div class=\"w-flipbox-h easing_ease\" style=\"transition-duration:0.4s;\"><div class=\"w-flipbox-hh\"><div class=\"w-flipbox-front us_custom_4b7c0ab9\" style=\"background:#7049ba;background-image:url(https:\/\/www.franciscansusa.org\/wp-content\/uploads\/2019\/07\/us-placeholder-landscape.jpg);\"><div class=\"w-flipbox-front-h\"><\/div><\/div><div class=\"w-flipbox-back us_custom_4b7c0ab9\" style=\"display:none;background:#333333;color:#ffffff;\"><div class=\"w-flipbox-back-h\"><h4 class=\"w-flipbox-back-title\" style=\"color:#ffffff;\">Kate Silverstone<\/h4><div class=\"w-flipbox-back-desc\"><p>No puedo cambiar la direcci\u00f3n del viento, pero puedo ajustar mis velas para llegar siempre a mi destino.<\/p>\n<\/div><\/div><\/div><\/div><\/div><\/a><\/div><\/div><\/div><\/div><\/div><\/section><section class=\"l-section wpb_row height_medium\"><div class=\"l-section-h i-cf\"><div class=\"g-cols vc_row type_default valign_top\"><div class=\"vc_col-sm-6 wpb_column vc_column_container\"><div class=\"vc_column-inner\"><div class=\"wpb_wrapper\"><div class=\"w-flipbox animation_coveropen direction_n\"><div class=\"w-flipbox-h easing_easeInOutCirc\" style=\"transition-duration:0.5s;\"><div class=\"w-flipbox-hh\"><div class=\"w-flipbox-front\" style=\"background:#333333;color:#ffffff;background-image:url(https:\/\/www.franciscansusa.org\/wp-content\/uploads\/2019\/07\/us-placeholder-landscape-1024x683.jpg);\"><div class=\"w-flipbox-front-h\"><h2 class=\"w-flipbox-front-title\" style=\"color:#ffffff;\">C\u00f3mo abrir la cubierta<\/h2><\/div><\/div><div class=\"w-flipbox-back\" style=\"display:none;background:#4486bf;color:#ffffff;\"><div class=\"w-flipbox-back-h\"><h2 class=\"w-flipbox-back-title\" style=\"color:#ffffff;\">Cuento<\/h2><div class=\"w-flipbox-back-desc\"><p>Tu trabajo ocupar\u00e1 gran parte de tu vida y la \u00fanica manera de estar verdaderamente satisfecho es haciendo lo que crees que es un gran trabajo.<\/p>\n<p>Si a\u00fan no lo has encontrado, sigue buscando. Como ocurre con todos los asuntos del coraz\u00f3n, sabr\u00e1s cuando lo encuentres.<\/p>\n<\/div><\/div><\/div><\/div><\/div><\/div><\/div><\/div><\/div><div class=\"vc_col-sm-6 wpb_column vc_column_container\"><div class=\"vc_column-inner\"><div class=\"wpb_wrapper\"><div class=\"w-flipbox animation_coveropen direction_s\"><div class=\"w-flipbox-h easing_easeInOutCirc\" style=\"transition-duration:0.5s;\"><div class=\"w-flipbox-hh\"><div class=\"w-flipbox-front\" style=\"background:#333333;color:#ffffff;background-image:url(https:\/\/www.franciscansusa.org\/wp-content\/uploads\/2019\/07\/us-placeholder-landscape-1024x683.jpg);\"><div class=\"w-flipbox-front-h\"><h2 class=\"w-flipbox-front-title\" style=\"color:#ffffff;\">C\u00f3mo abrir la cubierta<\/h2><\/div><\/div><div class=\"w-flipbox-back\" style=\"display:none;background:#48b56a;color:#ffffff;\"><div class=\"w-flipbox-back-h\"><h2 class=\"w-flipbox-back-title\" style=\"color:#ffffff;\">Cuento<\/h2><div class=\"w-flipbox-back-desc\"><p>Tu trabajo ocupar\u00e1 gran parte de tu vida y la \u00fanica manera de estar verdaderamente satisfecho es haciendo lo que crees que es un gran trabajo.<\/p>\n<p>Si a\u00fan no lo has encontrado, sigue buscando. Como ocurre con todos los asuntos del coraz\u00f3n, sabr\u00e1s cuando lo encuentres.<\/p>\n<\/div><\/div><\/div><\/div><\/div><\/div><\/div><\/div><\/div><\/div><\/div><\/section>\n<\/div>","protected":false},"excerpt":{"rendered":"Completamente personalizable. La parte trasera. Las ocho direcciones de la animaci\u00f3n est\u00e1n disponibles. \u00bfC\u00f3mo lo hicimos posible? Lea el art\u00edculo correspondiente. Aspecto moderno. La parte trasera. Las ocho direcciones de la animaci\u00f3n est\u00e1n disponibles. \u00bfC\u00f3mo lo hicimos posible? Lea el art\u00edculo correspondiente. Algo especial. La parte trasera. Las ocho direcciones de la animaci\u00f3n son...","protected":false},"author":1,"featured_media":0,"parent":0,"menu_order":0,"comment_status":"closed","ping_status":"closed","template":"","meta":{"om_disable_all_campaigns":false,"_monsterinsights_skip_tracking":false,"_monsterinsights_sitenote_active":false,"_monsterinsights_sitenote_note":"","_monsterinsights_sitenote_category":0,"_uf_show_specific_survey":0,"_uf_disable_surveys":false,"footnotes":""},"class_list":["post-6415","page","type-page","status-publish","hentry"],"aioseo_notices":[],"publishpress_future_action":{"enabled":false,"date":"2026-05-06 16:44:32","action":"change-status","newStatus":"draft","terms":[],"taxonomy":"","extraData":[]},"publishpress_future_workflow_manual_trigger":{"enabledWorkflows":[]},"_links":{"self":[{"href":"https:\/\/www.franciscansusa.org\/es\/wp-json\/wp\/v2\/pages\/6415","targetHints":{"allow":["GET"]}}],"collection":[{"href":"https:\/\/www.franciscansusa.org\/es\/wp-json\/wp\/v2\/pages"}],"about":[{"href":"https:\/\/www.franciscansusa.org\/es\/wp-json\/wp\/v2\/types\/page"}],"author":[{"embeddable":true,"href":"https:\/\/www.franciscansusa.org\/es\/wp-json\/wp\/v2\/users\/1"}],"replies":[{"embeddable":true,"href":"https:\/\/www.franciscansusa.org\/es\/wp-json\/wp\/v2\/comments?post=6415"}],"version-history":[{"count":0,"href":"https:\/\/www.franciscansusa.org\/es\/wp-json\/wp\/v2\/pages\/6415\/revisions"}],"wp:attachment":[{"href":"https:\/\/www.franciscansusa.org\/es\/wp-json\/wp\/v2\/media?parent=6415"}],"curies":[{"name":"gracias","href":"https:\/\/api.w.org\/{rel}","templated":true}]}}