{"id":7341,"date":"2020-01-02T20:29:58","date_gmt":"2020-01-02T20:29:58","guid":{"rendered":"http:\/\/www.franciscansusa.dev\/franciscansusa.org\/?page_id=7341"},"modified":"2023-06-05T09:49:53","modified_gmt":"2023-06-05T13:49:53","slug":"mission","status":"publish","type":"page","link":"https:\/\/www.franciscansusa.org\/es\/mission\/","title":{"rendered":"Misi\u00f3n"},"content":{"rendered":"<div class=\"wpb-content-wrapper\"><section class=\"l-section wpb_row height_medium\"><div class=\"l-section-h i-cf\"><div class=\"g-cols vc_row type_default valign_top\"><div class=\"vc_col-sm-12 wpb_column vc_column_container\"><div class=\"vc_column-inner\"><div class=\"wpb_wrapper\"><div class=\"wpb_text_column\" ><div class=\"wpb_wrapper\"><p>Nosotros, Frailes de la Provincia de Nuestra Se\u00f1ora de Consolaci\u00f3n, creemos que somos llamados por Dios y guiados por el Esp\u00edritu Santo, para seguir al Pobre Francisco de As\u00eds, viviendo el Evangelio de Jesucristo dentro de la Iglesia Cat\u00f3lica Romana como Frailes Menores Conventuales.<\/p>\n<p>Buscamos formar una comunidad de amor fraterno e igualdad apoy\u00e1ndonos unos a otros y llam\u00e1ndonos a una conversaci\u00f3n continua en nuestra vida consagrada. La oraci\u00f3n y la contemplaci\u00f3n nos fortalecen en nuestro camino de fe.<\/p>\n<p>Nuestros ministerios surgen de las necesidades del pueblo de Dios en un mundo en constante cambio. Como servidores y heraldos del Reino, nos esforzamos por responder con compasi\u00f3n a esas necesidades a trav\u00e9s de un discernimiento en oraci\u00f3n de nuestros dones y recursos como individuos y como comunidad. <\/p>\n<\/div><\/div><\/div><\/div><\/div><\/div><\/div><\/section>\n<\/div>","protected":false},"excerpt":{"rendered":"Nosotros, Frailes de la Provincia de Nuestra Se\u00f1ora de la Consolaci\u00f3n, creemos que somos llamados por Dios y guiados por el Esp\u00edritu Santo a seguir al Pobre Francisco de As\u00eds, viviendo el Evangelio de Jesucristo en la Iglesia Cat\u00f3lica Romana como Frailes Menores Conventuales. Buscamos formar una comunidad de amor fraterno y...","protected":false},"author":1,"featured_media":0,"parent":0,"menu_order":0,"comment_status":"closed","ping_status":"closed","template":"","meta":{"om_disable_all_campaigns":false,"_monsterinsights_skip_tracking":false,"_monsterinsights_sitenote_active":false,"_monsterinsights_sitenote_note":"","_monsterinsights_sitenote_category":0,"_uf_show_specific_survey":0,"_uf_disable_surveys":false,"footnotes":""},"class_list":["post-7341","page","type-page","status-publish","hentry"],"aioseo_notices":[],"publishpress_future_action":{"enabled":false,"date":"2026-04-10 18:11:48","action":"change-status","newStatus":"draft","terms":[],"taxonomy":"","extraData":[]},"publishpress_future_workflow_manual_trigger":{"enabledWorkflows":[]},"_links":{"self":[{"href":"https:\/\/www.franciscansusa.org\/es\/wp-json\/wp\/v2\/pages\/7341","targetHints":{"allow":["GET"]}}],"collection":[{"href":"https:\/\/www.franciscansusa.org\/es\/wp-json\/wp\/v2\/pages"}],"about":[{"href":"https:\/\/www.franciscansusa.org\/es\/wp-json\/wp\/v2\/types\/page"}],"author":[{"embeddable":true,"href":"https:\/\/www.franciscansusa.org\/es\/wp-json\/wp\/v2\/users\/1"}],"replies":[{"embeddable":true,"href":"https:\/\/www.franciscansusa.org\/es\/wp-json\/wp\/v2\/comments?post=7341"}],"version-history":[{"count":2,"href":"https:\/\/www.franciscansusa.org\/es\/wp-json\/wp\/v2\/pages\/7341\/revisions"}],"predecessor-version":[{"id":15719,"href":"https:\/\/www.franciscansusa.org\/es\/wp-json\/wp\/v2\/pages\/7341\/revisions\/15719"}],"wp:attachment":[{"href":"https:\/\/www.franciscansusa.org\/es\/wp-json\/wp\/v2\/media?parent=7341"}],"curies":[{"name":"gracias","href":"https:\/\/api.w.org\/{rel}","templated":true}]}}