{"id":7371,"date":"2020-01-03T15:22:19","date_gmt":"2020-01-03T15:22:19","guid":{"rendered":"http:\/\/www.franciscansusa.dev\/franciscansusa.org\/?page_id=7371"},"modified":"2021-04-16T15:22:40","modified_gmt":"2021-04-16T15:22:40","slug":"mount-saint-francis-center-for-spirituality","status":"publish","type":"page","link":"https:\/\/www.franciscansusa.org\/es\/mount-saint-francis-center-for-spirituality\/","title":{"rendered":"Monte San Francisco \u2013 Centro de Espiritualidad"},"content":{"rendered":"<div class=\"wpb-content-wrapper\"><section class=\"l-section wpb_row height_huge with_img with_overlay\"><div class=\"l-section-img\" style=\"background-image: url(https:\/\/www.franciscansusa.org\/wp-content\/uploads\/2020\/06\/msf-17.jpg);\" data-img-width=\"2000\" data-img-height=\"1125\"><\/div><div class=\"l-section-overlay\" style=\"background: rgba(0,0,0,0.6)\"><\/div><div class=\"l-section-h i-cf\"><div class=\"g-cols vc_row type_default valign_top\"><div class=\"vc_col-sm-12 wpb_column vc_column_container\"><div class=\"vc_column-inner\"><div class=\"wpb_wrapper\"><div class=\"wpb_text_column\" ><div class=\"wpb_wrapper\"><h2><span style=\"color: #ffffff;\"><strong>Monte San Francisco \u2013 Centro de Espiritualidad<\/strong><\/span><\/h2>\n<\/div><\/div><\/div><\/div><\/div><\/div><\/div><\/section><section class=\"l-section wpb_row height_medium\"><div class=\"l-section-h i-cf\"><div class=\"g-cols vc_row type_default valign_top\"><div class=\"vc_col-sm-8 wpb_column vc_column_container\"><div class=\"vc_column-inner\"><div class=\"wpb_wrapper\"><div class=\"wpb_text_column\" ><div class=\"wpb_wrapper\"><p>El Centro de Espiritualidad Mount St. Francis brinda oportunidades para la renovaci\u00f3n espiritual de todas las personas. Siguiendo el carisma franciscano conventual, ofrecemos retiros para grupos e individuales, d\u00edas de reflexi\u00f3n, gu\u00eda espiritual y clases comunitarias. Como parte del Centro para la Espiritualidad, el Centro para las Artes Mary Anderson ofrece una variedad de clases de arte para la comunidad y alquileres de estudios. Compartiendo el esp\u00edritu franciscano de hospitalidad, estamos disponibles para albergar retiros y programas para todas las religiones y or\u00edgenes.<\/p>\n<p>El Centro de Espiritualidad de Mount St. Francis es el coraz\u00f3n de Mount St. Francis. Como lugar de encuentro, el Centro busca crear el ambiente para las personas en su b\u00fasqueda de plenitud y renovaci\u00f3n en sus relaciones con Dios, los dem\u00e1s y toda la creaci\u00f3n.<\/p>\n<\/div><\/div><\/div><\/div><\/div><div class=\"vc_col-sm-4 wpb_column vc_column_container\"><div class=\"vc_column-inner\"><div class=\"wpb_wrapper\"><div class=\"w-btn-wrapper width_auto align_center\"><a class=\"w-btn us-btn-style_11\" href=\"https:\/\/mountsaintfrancis.org\/\"><span class=\"w-btn-label\">Aprende m\u00e1s<\/span><\/a><\/div><\/div><\/div><\/div><\/div><\/div><\/section>\n<\/div>","protected":false},"excerpt":{"rendered":"Mount Saint Francis - Centro de Espiritualidad El Centro de Espiritualidad Mount St. Francis ofrece oportunidades de renovaci\u00f3n espiritual para todas las personas. Siguiendo el carisma franciscano conventual ofrecemos retiros para grupos e individuos, d\u00edas de reflexi\u00f3n, gu\u00eda espiritual y clases comunitarias. Como parte del Centro de Espiritualidad, el Centro Mary Anderson para la...","protected":false},"author":1,"featured_media":0,"parent":0,"menu_order":0,"comment_status":"closed","ping_status":"closed","template":"","meta":{"om_disable_all_campaigns":false,"_monsterinsights_skip_tracking":false,"_monsterinsights_sitenote_active":false,"_monsterinsights_sitenote_note":"","_monsterinsights_sitenote_category":0,"_uf_show_specific_survey":0,"_uf_disable_surveys":false,"footnotes":""},"class_list":["post-7371","page","type-page","status-publish","hentry"],"aioseo_notices":[],"publishpress_future_action":{"enabled":false,"date":"2026-04-22 15:32:39","action":"change-status","newStatus":"draft","terms":[],"taxonomy":"","extraData":[]},"publishpress_future_workflow_manual_trigger":{"enabledWorkflows":[]},"_links":{"self":[{"href":"https:\/\/www.franciscansusa.org\/es\/wp-json\/wp\/v2\/pages\/7371","targetHints":{"allow":["GET"]}}],"collection":[{"href":"https:\/\/www.franciscansusa.org\/es\/wp-json\/wp\/v2\/pages"}],"about":[{"href":"https:\/\/www.franciscansusa.org\/es\/wp-json\/wp\/v2\/types\/page"}],"author":[{"embeddable":true,"href":"https:\/\/www.franciscansusa.org\/es\/wp-json\/wp\/v2\/users\/1"}],"replies":[{"embeddable":true,"href":"https:\/\/www.franciscansusa.org\/es\/wp-json\/wp\/v2\/comments?post=7371"}],"version-history":[{"count":5,"href":"https:\/\/www.franciscansusa.org\/es\/wp-json\/wp\/v2\/pages\/7371\/revisions"}],"predecessor-version":[{"id":11821,"href":"https:\/\/www.franciscansusa.org\/es\/wp-json\/wp\/v2\/pages\/7371\/revisions\/11821"}],"wp:attachment":[{"href":"https:\/\/www.franciscansusa.org\/es\/wp-json\/wp\/v2\/media?parent=7371"}],"curies":[{"name":"gracias","href":"https:\/\/api.w.org\/{rel}","templated":true}]}}