{"id":7377,"date":"2020-01-03T15:23:24","date_gmt":"2020-01-03T15:23:24","guid":{"rendered":"http:\/\/www.franciscansusa.dev\/franciscansusa.org\/?page_id=7377"},"modified":"2021-04-12T19:28:17","modified_gmt":"2021-04-12T19:28:17","slug":"support-our-ministries","status":"publish","type":"page","link":"https:\/\/www.franciscansusa.org\/es\/support-our-ministries\/","title":{"rendered":"Apoya Nuestros Ministerios"},"content":{"rendered":"<div class=\"wpb-content-wrapper\"><section class=\"l-section wpb_row height_huge with_img with_overlay\"><div class=\"l-section-img\" style=\"background-image: url(https:\/\/www.franciscansusa.org\/wp-content\/uploads\/2020\/06\/msf-10.jpg);\" data-img-width=\"2000\" data-img-height=\"1500\"><\/div><div class=\"l-section-overlay\" style=\"background: rgba(0,0,0,0.6)\"><\/div><div class=\"l-section-h i-cf\"><div class=\"g-cols vc_row type_default valign_top\"><div class=\"vc_col-sm-12 wpb_column vc_column_container\"><div class=\"vc_column-inner\"><div class=\"wpb_wrapper\"><div class=\"wpb_text_column\" ><div class=\"wpb_wrapper\"><h2><span style=\"color: #ffffff;\"><strong>Apoya Nuestros Ministerios<\/strong><\/span><\/h2>\n<\/div><\/div><\/div><\/div><\/div><\/div><\/div><\/section><section class=\"l-section wpb_row us_custom_8535c5f4 height_medium\"><div class=\"l-section-h i-cf\"><div class=\"g-cols vc_row type_default valign_top\"><div class=\"vc_col-sm-8 wpb_column vc_column_container\"><div class=\"vc_column-inner\"><div class=\"wpb_wrapper\"><div class=\"wpb_text_column\" ><div class=\"wpb_wrapper\"><h4>Una causa digna\u2026<\/h4>\n<p>A lo largo de sus casi ochocientos a\u00f1os de historia, la Orden Franciscana ha seguido respondiendo con generosidad al llamado de la Iglesia para atender a los pobres ya todos los necesitados. <strong>En el esp\u00edritu de su fundador, San Francisco, los frailes franciscanos est\u00e1n llamados a vivir en comunidad, a ser hombres de oraci\u00f3n y al servicio del Pueblo de Dios.<\/strong>. Hoy nuestros frailes contin\u00faan su ministerio en santuarios, parroquias, centros de retiro, campus universitarios, hogares de ancianos, comedores y muchas otras formas en nuestra Provincia.<\/p>\n<p><strong>Considere apoyar el trabajo de nuestros frailes en las comunidades de todo el pa\u00eds. Sin ustedes, todas las cosas que logramos no ser\u00edan posibles. Apoye a quienes ayudan a los m\u00e1s necesitados a trav\u00e9s de la oraci\u00f3n, el apoyo financiero y el voluntariado.<\/strong><\/p>\n<\/div><\/div><\/div><\/div><\/div><div class=\"vc_col-sm-4 wpb_column vc_column_container\"><div class=\"vc_column-inner us_custom_b6a72ce1\"><div class=\"wpb_wrapper\"><div class=\"w-image align_center\"><div class=\"w-image-h\"><img loading=\"lazy\" decoding=\"async\" width=\"1024\" height=\"746\" src=\"https:\/\/www.franciscansusa.org\/wp-content\/uploads\/2020\/02\/Screenshot-2020-02-05-08.23.22-1024x746.png\" class=\"attachment-large size-large\" alt=\"\" srcset=\"https:\/\/www.franciscansusa.org\/wp-content\/uploads\/2020\/02\/Screenshot-2020-02-05-08.23.22-1024x746.png 1024w, https:\/\/www.franciscansusa.org\/wp-content\/uploads\/2020\/02\/Screenshot-2020-02-05-08.23.22-16x12.png 16w, https:\/\/www.franciscansusa.org\/wp-content\/uploads\/2020\/02\/Screenshot-2020-02-05-08.23.22-150x109.png 150w, https:\/\/www.franciscansusa.org\/wp-content\/uploads\/2020\/02\/Screenshot-2020-02-05-08.23.22-549x400.png 549w, https:\/\/www.franciscansusa.org\/wp-content\/uploads\/2020\/02\/Screenshot-2020-02-05-08.23.22-600x437.png 600w, https:\/\/www.franciscansusa.org\/wp-content\/uploads\/2020\/02\/Screenshot-2020-02-05-08.23.22-300x219.png 300w, https:\/\/www.franciscansusa.org\/wp-content\/uploads\/2020\/02\/Screenshot-2020-02-05-08.23.22-1536x1119.png 1536w, https:\/\/www.franciscansusa.org\/wp-content\/uploads\/2020\/02\/Screenshot-2020-02-05-08.23.22.png 1850w\" sizes=\"auto, (max-width: 1024px) 100vw, 1024px\" \/><\/div><\/div><\/div><\/div><\/div><\/div><\/div><\/section><section class=\"l-section wpb_row us_custom_8535c5f4 height_medium\"><div class=\"l-section-h i-cf\"><div class=\"g-cols vc_row type_default valign_top gap-20px\"><style>.g-cols.gap-20px{margin:0 calc(-1.5rem - 20px)}.gap-20px > .vc_column_container {padding:20px}<\/style><div class=\"vc_col-sm-12 wpb_column vc_column_container\"><div class=\"vc_column-inner us_custom_be327074\"><div class=\"wpb_wrapper\"><div class=\"g-cols wpb_row  us_custom_a3dda067 type_default valign_top vc_inner\"><div class=\"vc_col-sm-6 wpb_column vc_column_container animate_fade\" style=\"animation-delay:0.3s\"><div class=\"vc_column-inner\"><div class=\"wpb_wrapper\"><div class=\"w-image align_center\"><div class=\"w-image-h\"><img loading=\"lazy\" decoding=\"async\" width=\"600\" height=\"390\" src=\"https:\/\/www.franciscansusa.org\/wp-content\/uploads\/2021\/01\/francisquote-600x390.png\" class=\"attachment-shop_single size-shop_single\" alt=\"\" srcset=\"https:\/\/www.franciscansusa.org\/wp-content\/uploads\/2021\/01\/francisquote-600x390.png 600w, https:\/\/www.franciscansusa.org\/wp-content\/uploads\/2021\/01\/francisquote-18x12.png 18w, https:\/\/www.franciscansusa.org\/wp-content\/uploads\/2021\/01\/francisquote-150x98.png 150w, https:\/\/www.franciscansusa.org\/wp-content\/uploads\/2021\/01\/francisquote-300x195.png 300w, https:\/\/www.franciscansusa.org\/wp-content\/uploads\/2021\/01\/francisquote-1024x666.png 1024w, https:\/\/www.franciscansusa.org\/wp-content\/uploads\/2021\/01\/francisquote.png 1423w\" sizes=\"auto, (max-width: 600px) 100vw, 600px\" \/><\/div><\/div><\/div><\/div><\/div><div class=\"vc_col-sm-6 wpb_column vc_column_container animate_fade\" style=\"animation-delay:0.3s\"><div class=\"vc_column-inner\"><div class=\"wpb_wrapper\"><div class=\"wpb_text_column\" ><div class=\"wpb_wrapper\"><h2 style=\"text-align: center;\">Haz un regalo<\/h2>\n<\/div><\/div><div class=\"w-separator size_small\"><\/div>\n\t<div class=\"wpb_raw_code wpb_raw_html wpb_content_element us_custom_909b2fd0\" >\n\t\t<div class=\"wpb_wrapper\">\n\t\t\t<div class=\"qgiv-embed-container\" data-qgiv-embed=\"true\" data-embed-id=\"59944\" data-embed=\"https:\/\/secure.qgiv.com\/for\/tcfoolocp\/embed\/59944\/\" data-width=\"600\"><\/div>\n<script>(function(w, d, s, id){var js, fjs = d.getElementsByTagName(s)[0];if (d.getElementById(id)) return;js = d.createElement(s); js.id = id;js.src = \"https:\/\/secure.qgiv.com\/resources\/core\/js\/embed.js\";fjs.parentNode.insertBefore(js, fjs);})(window, document, 'script', 'qgiv-embedjs');<\/script>\n\t\t<\/div>\n\t<\/div>\n<\/div><\/div><\/div><\/div><\/div><\/div><\/div><\/div><\/div><\/section><section class=\"l-section wpb_row us_custom_a3dda067 height_medium\"><div class=\"l-section-h i-cf\"><div class=\"g-cols vc_row type_default valign_top gap-20px\"><style>.g-cols.gap-20px{margin:0 calc(-1.5rem - 20px)}.gap-20px > .vc_column_container {padding:20px}<\/style><div class=\"vc_col-sm-6 wpb_column vc_column_container\"><div class=\"vc_column-inner us_custom_c260a035\"><div class=\"wpb_wrapper\"><div class=\"w-image style_shadow-1 align_center\"><div class=\"w-image-h\"><img loading=\"lazy\" decoding=\"async\" width=\"1024\" height=\"576\" src=\"https:\/\/www.franciscansusa.org\/wp-content\/uploads\/2021\/01\/give-back.jpg\" class=\"attachment-large size-large\" alt=\"\" srcset=\"https:\/\/www.franciscansusa.org\/wp-content\/uploads\/2021\/01\/give-back.jpg 1024w, https:\/\/www.franciscansusa.org\/wp-content\/uploads\/2021\/01\/give-back-18x10.jpg 18w, https:\/\/www.franciscansusa.org\/wp-content\/uploads\/2021\/01\/give-back-150x84.jpg 150w, https:\/\/www.franciscansusa.org\/wp-content\/uploads\/2021\/01\/give-back-600x338.jpg 600w, https:\/\/www.franciscansusa.org\/wp-content\/uploads\/2021\/01\/give-back-300x169.jpg 300w\" sizes=\"auto, (max-width: 1024px) 100vw, 1024px\" \/><\/div><\/div><div class=\"w-separator size_small\"><\/div><div class=\"wpb_text_column\" ><div class=\"wpb_wrapper\"><div class=\"banner-msg\">\n<h4>Otras formas de dar<\/h4>\n<h5>DANDO ESTRATEGIAS QUE BENEFICIAN A USTED Y A LA PROVINCIA<\/h5>\n<ul>\n<li>Impacta la misi\u00f3n de los frailes con un regalo planeado<\/li>\n<li>Ponga sus activos a trabajar mientras genera beneficios fiscales con nuestras estrategias solidarias<\/li>\n<li>Genere ingresos de por vida mientras hace un regalo a los frailes<\/li>\n<\/ul>\n<div class=\"line\"><\/div>\n<\/div>\n<div>\n<p><strong>El poder de una donaci\u00f3n planificada a la provincia<br \/>\n<\/strong><\/p>\n<p><span data-contrast=\"none\">Los frailes ofrecen muchas formas creativas de ayudar a estructurar sus donaciones a trav\u00e9s de legados, planes de jubilaci\u00f3n, donaciones de anualidades, fideicomisos ben\u00e9ficos y\/u otros veh\u00edculos de planificaci\u00f3n de donaciones ben\u00e9ficas que le permiten avanzar en la misi\u00f3n de los frailes sin dejar de cuidar a sus seres queridos.<\/span><span data-ccp-props=\"{&quot;201341983&quot;:0,&quot;335559739&quot;:200,&quot;335559740&quot;:240}\">\u00a0<\/span><\/p>\n<p><span data-contrast=\"none\">Los obsequios caritativos a trav\u00e9s de su planificaci\u00f3n cuidadosa pueden ofrecer beneficios sustanciales para usted y sus seres queridos. <\/span><b><span data-contrast=\"none\">Haga click abajo<\/span><\/b><b><span data-contrast=\"none\"> para m\u00e1s <\/span><\/b><b><span data-contrast=\"none\">informaci\u00f3n <\/span><\/b><span data-contrast=\"none\">en<\/span><span data-contrast=\"none\"> c\u00f3mo tus regalos pueden <\/span><span data-contrast=\"none\">impacto<\/span><span data-contrast=\"none\"> los frailes y ministerios que le interesan, generando potencialmente ingresos de por vida y disfrutando de atractivos beneficios fiscales. Si bien la situaci\u00f3n financiera de cada persona es diferente, esperamos que, si a\u00fan no lo ha hecho, considere hacer una donaci\u00f3n a los frailes de su patrimonio como parte de sus donaciones filantr\u00f3picas.<\/span><span data-contrast=\"none\">.<\/span><span data-ccp-props=\"{&quot;201341983&quot;:0,&quot;335559739&quot;:200,&quot;335559740&quot;:240}\">\u00a0<\/span><\/p>\n<\/div>\n<\/div><\/div><div class=\"w-separator size_small\"><\/div><div class=\"w-btn-wrapper width_full\"><a class=\"w-btn us-btn-style_3\" href=\"https:\/\/www.franciscansusa.org\/es\/planned-giving\/\"><span class=\"w-btn-label\">Otras formas de dar<\/span><\/a><\/div><\/div><\/div><\/div><div class=\"vc_col-sm-6 wpb_column vc_column_container\"><div class=\"vc_column-inner us_custom_c260a035\"><div class=\"wpb_wrapper\"><div class=\"w-image style_shadow-1 align_center\"><div class=\"w-image-h\"><img loading=\"lazy\" decoding=\"async\" width=\"1024\" height=\"576\" src=\"https:\/\/www.franciscansusa.org\/wp-content\/uploads\/2020\/06\/Screenshot-2020-06-26-21.59.41-1024x576.png\" class=\"attachment-large size-large\" alt=\"\" srcset=\"https:\/\/www.franciscansusa.org\/wp-content\/uploads\/2020\/06\/Screenshot-2020-06-26-21.59.41-1024x576.png 1024w, https:\/\/www.franciscansusa.org\/wp-content\/uploads\/2020\/06\/Screenshot-2020-06-26-21.59.41-18x10.png 18w, https:\/\/www.franciscansusa.org\/wp-content\/uploads\/2020\/06\/Screenshot-2020-06-26-21.59.41-150x84.png 150w, https:\/\/www.franciscansusa.org\/wp-content\/uploads\/2020\/06\/Screenshot-2020-06-26-21.59.41-600x338.png 600w, https:\/\/www.franciscansusa.org\/wp-content\/uploads\/2020\/06\/Screenshot-2020-06-26-21.59.41-300x169.png 300w\" sizes=\"auto, (max-width: 1024px) 100vw, 1024px\" \/><\/div><\/div><div class=\"w-separator size_small\"><\/div><div class=\"wpb_text_column\" ><div class=\"wpb_wrapper\"><div class=\"banner-msg\">\n<h4>Oportunidades de voluntariado: \u00a1participe!<\/h4>\n<h5>\u00a1VIAJE CON NOSOTROS!<\/h5>\n<ul>\n<li>Conoce gente nueva y crea una comunidad<\/li>\n<li>Obtener conocimiento y comprensi\u00f3n de otras formas de vida<\/li>\n<li>Aumenta tu felicidad y mejora tu salud mental.<\/li>\n<li>Haz el bien en el mundo y ayuda a marcar la diferencia.<\/li>\n<\/ul>\n<div class=\"line\"><\/div>\n<\/div>\n<div>\n<p><strong>Un regalo para los dem\u00e1s y para ti mismo.<br \/>\n<\/strong><\/p>\n<p>\u00bfPor qu\u00e9 ser voluntario? Los beneficios del voluntariado pueden durar toda la vida, no solo para aquellos a quienes ayuda, sino tambi\u00e9n para usted.<\/p>\n<p>Si est\u00e1 indeciso acerca de sumergirse en una nueva experiencia de voluntariado o tiene dudas sobre si el voluntariado es adecuado para usted o no, es posible que se sorprenda de lo mucho que puede ganar al dar el paso. \u00a1Aprendamos m\u00e1s sobre los muchos beneficios del voluntariado y c\u00f3mo comenzar a involucrarse!<\/p>\n<\/div>\n<\/div><\/div><div class=\"w-separator size_small\"><\/div><div class=\"w-btn-wrapper width_full\"><a class=\"w-btn us-btn-style_3\" href=\"#\"><span class=\"w-btn-label\">Involucrarse<\/span><\/a><\/div><\/div><\/div><\/div><\/div><\/div><\/section>\n<\/div>","protected":false},"excerpt":{"rendered":"Apoye nuestros ministerios Una causa digna... A lo largo de sus casi ochocientos a\u00f1os de historia, la Orden Franciscana ha seguido respondiendo generosamente al llamado de la Iglesia a ministrar a los pobres y a todos los necesitados. En el esp\u00edritu de su fundador, San Francisco, los frailes franciscanos est\u00e1n llamados a vivir en comunidad, a ser hombres de...","protected":false},"author":1,"featured_media":0,"parent":0,"menu_order":0,"comment_status":"closed","ping_status":"closed","template":"","meta":{"om_disable_all_campaigns":false,"_monsterinsights_skip_tracking":false,"_monsterinsights_sitenote_active":false,"_monsterinsights_sitenote_note":"","_monsterinsights_sitenote_category":0,"_uf_show_specific_survey":0,"_uf_disable_surveys":false,"footnotes":""},"class_list":["post-7377","page","type-page","status-publish","hentry"],"aioseo_notices":[],"publishpress_future_action":{"enabled":false,"date":"2026-04-22 15:32:01","action":"change-status","newStatus":"draft","terms":[],"taxonomy":"","extraData":[]},"publishpress_future_workflow_manual_trigger":{"enabledWorkflows":[]},"_links":{"self":[{"href":"https:\/\/www.franciscansusa.org\/es\/wp-json\/wp\/v2\/pages\/7377","targetHints":{"allow":["GET"]}}],"collection":[{"href":"https:\/\/www.franciscansusa.org\/es\/wp-json\/wp\/v2\/pages"}],"about":[{"href":"https:\/\/www.franciscansusa.org\/es\/wp-json\/wp\/v2\/types\/page"}],"author":[{"embeddable":true,"href":"https:\/\/www.franciscansusa.org\/es\/wp-json\/wp\/v2\/users\/1"}],"replies":[{"embeddable":true,"href":"https:\/\/www.franciscansusa.org\/es\/wp-json\/wp\/v2\/comments?post=7377"}],"version-history":[{"count":70,"href":"https:\/\/www.franciscansusa.org\/es\/wp-json\/wp\/v2\/pages\/7377\/revisions"}],"predecessor-version":[{"id":11756,"href":"https:\/\/www.franciscansusa.org\/es\/wp-json\/wp\/v2\/pages\/7377\/revisions\/11756"}],"wp:attachment":[{"href":"https:\/\/www.franciscansusa.org\/es\/wp-json\/wp\/v2\/media?parent=7377"}],"curies":[{"name":"gracias","href":"https:\/\/api.w.org\/{rel}","templated":true}]}}