{"id":7396,"date":"2020-01-04T04:16:02","date_gmt":"2020-01-04T04:16:02","guid":{"rendered":"http:\/\/www.franciscansusa.dev\/franciscansusa.org\/?page_id=7396"},"modified":"2021-04-10T20:26:12","modified_gmt":"2021-04-10T20:26:12","slug":"campaign-overview","status":"publish","type":"page","link":"https:\/\/www.franciscansusa.org\/es\/campaign-overview\/","title":{"rendered":"Descripci\u00f3n general de la campa\u00f1a"},"content":{"rendered":"<div class=\"wpb-content-wrapper\"><section class=\"l-section wpb_row height_huge with_img with_overlay\"><div class=\"l-section-img\" style=\"background-image: url(https:\/\/www.franciscansusa.org\/wp-content\/uploads\/2020\/03\/missions-a.jpg);\" data-img-width=\"884\" data-img-height=\"590\"><\/div><div class=\"l-section-overlay\" style=\"background: rgba(0,0,0,0.6)\"><\/div><div class=\"l-section-h i-cf\"><div class=\"g-cols vc_row type_default valign_top\"><div class=\"vc_col-sm-12 wpb_column vc_column_container\"><div class=\"vc_column-inner\"><div class=\"wpb_wrapper\"><div class=\"wpb_text_column\" ><div class=\"wpb_wrapper\"><h2><span style=\"color: #ffffff;\"><strong>Descripci\u00f3n general de la campa\u00f1a<\/strong><\/span><\/h2>\n<\/div><\/div><\/div><\/div><\/div><\/div><\/div><\/section><section class=\"l-section wpb_row height_medium\"><div class=\"l-section-h i-cf\"><div class=\"g-cols vc_row type_default valign_top\"><div class=\"vc_col-sm-9 wpb_column vc_column_container\"><div class=\"vc_column-inner\"><div class=\"wpb_wrapper\"><div class=\"wpb_text_column\" ><div class=\"wpb_wrapper\"><h4><span style=\"color: #adaa90;\">Objetivos y\/o Oportunidades de Campa\u00f1a<\/span><\/h4>\n<p>Como resultado de recaudar estos d\u00f3lares y completar estos proyectos, se habr\u00e1n logrado los siguientes objetivos:<\/p>\n<p>Los frailes que envejecen tendr\u00e1n asegurado su futuro para que puedan vivir y morir con dignidad.<\/p>\n<ul>\n<li>Un mayor n\u00famero de peregrinos recibir\u00e1 la tradicional hospitalidad franciscana<\/li>\n<li>Las mujeres migrantes ahora podr\u00e1n disfrutar del refugio y la seguridad de <strong>posada guadalupe<\/strong><\/li>\n<li>El doble de estudiantes podr\u00e1n disfrutar aprendiendo y viviendo en el San Damiano Friary en San Antonio, Texas.<\/li>\n<li>Las actualizaciones del campus de Mount Saint Francis brindar\u00e1n a m\u00e1s personas un ambiente c\u00f3modo para disfrutar de los beneficios espirituales de los retiros y otros ministerios ubicados aqu\u00ed.<\/li>\n<li>Mount Saint Francis adquirir\u00e1 flujos de ingresos aumentados que se necesitan con urgencia como resultado de las mejoras en el campus<\/li>\n<\/ul>\n<\/div><\/div><\/div><\/div><\/div><div class=\"vc_col-sm-3 wpb_column vc_column_container\"><div class=\"vc_column-inner\"><div class=\"wpb_wrapper\"><div class=\"w-menu layout_ver style_blocks us_menu_1\"><ul id=\"menu-capital-campaign-menu\" class=\"menu\"><li id=\"menu-item-8218\" class=\"menu-item menu-item-type-post_type menu-item-object-page menu-item-8218\"><a href=\"https:\/\/www.franciscansusa.org\/es\/campaign-overview\/\">Descripci\u00f3n general de la campa\u00f1a<\/a><\/li><li id=\"menu-item-8219\" class=\"menu-item menu-item-type-post_type menu-item-object-page menu-item-8219\"><a href=\"https:\/\/www.franciscansusa.org\/es\/alpha-omega-fund\/\">Alpha Omega<\/a><\/li><li id=\"menu-item-8217\" class=\"menu-item menu-item-type-post_type menu-item-object-page menu-item-8217\"><a href=\"https:\/\/www.franciscansusa.org\/es\/expanding-the-san-damiano-friary\/\">Ampliaci\u00f3n del Convento de San Dami\u00e1n<\/a><\/li><li id=\"menu-item-8216\" class=\"menu-item menu-item-type-post_type menu-item-object-page menu-item-8216\"><a href=\"https:\/\/www.franciscansusa.org\/es\/mount-saint-francis-campus-update\/\">Actualizaci\u00f3n del campus de Mount Saint Francis<\/a><\/li><li id=\"menu-item-8215\" class=\"menu-item menu-item-type-post_type menu-item-object-page menu-item-8215\"><a href=\"https:\/\/www.franciscansusa.org\/es\/southwest-outreach\/\">Alcance del suroeste<\/a><\/li><\/ul><style>.us_menu_1 .menu>li{margin-bottom:.5rem}.us_menu_1 .menu>li>a{padding:0.8em 0.8em}.us_menu_1 .menu>li>a{background:#e8e8e8}.us_menu_1 .menu>li>a{color:inherit}.us_menu_1 .menu>.menu-item:not(.current-menu-item)>a:hover{background:#596b9e}.us_menu_1 .menu>.menu-item:not(.current-menu-item)>a:hover{color:#f5f5f5}@media ( max-width:600px ){.us_menu_1 .menu{display:block!important}.us_menu_1 .menu>li{margin:0 0 .5rem}}<\/style><\/div><div class=\"w-separator size_small\"><\/div><div class=\"w-btn-wrapper width_full\"><a class=\"w-btn us-btn-style_27\" title=\"Para Donar\" href=\"https:\/\/www.franciscansusa.org\/es\/make-a-capital-gift\/\"><span class=\"w-btn-label\">hacer una donaci\u00f3n de capital<\/span><\/a><\/div><\/div><\/div><\/div><\/div><\/div><\/section><section class=\"l-section wpb_row height_huge width_full with_img with_overlay\"><div class=\"l-section-img\" style=\"background-image: url(https:\/\/www.franciscansusa.org\/wp-content\/uploads\/2020\/01\/friars-walking-in-grass-300dpi-scaled.jpg);\" data-img-width=\"2560\" data-img-height=\"1707\"><\/div><div class=\"l-section-overlay\" style=\"background: rgba(0,0,0,0.2)\"><\/div><div class=\"l-section-h i-cf\"><div class=\"g-cols vc_row type_default valign_top\"><div class=\"vc_col-sm-12 wpb_column vc_column_container\"><div class=\"vc_column-inner\"><div class=\"wpb_wrapper\"><div class=\"wpb_text_column\" ><div class=\"wpb_wrapper\"><h1 style=\"text-align: center;\"><span style=\"color: #b3ac79;\">&quot;Pues es al dar que recibimos.&quot;<br \/>\n<\/span><\/h1>\n<h5 style=\"text-align: center;\"><strong><span style=\"color: #ffffff;\">-Calle. Francisco<\/span><\/strong><\/h5>\n<\/div><\/div><\/div><\/div><\/div><\/div><\/div><\/section><section class=\"l-section wpb_row height_medium\"><div class=\"l-section-h i-cf\"><div class=\"g-cols vc_row type_default valign_top\"><div class=\"vc_col-sm-12 wpb_column vc_column_container\"><div class=\"vc_column-inner\"><div class=\"wpb_wrapper\"><div class=\"g-cols wpb_row  type_default valign_top vc_inner\"><div class=\"vc_col-sm-3 wpb_column vc_column_container\"><div class=\"vc_column-inner\"><div class=\"wpb_wrapper\"><div class=\"w-image align_none\"><a href=\"https:\/\/www.franciscansusa.org\/es\/alpha-omega-fund\/\" aria-label=\"Rodear a\" class=\"w-image-h\"><img loading=\"lazy\" decoding=\"async\" width=\"300\" height=\"237\" src=\"https:\/\/www.franciscansusa.org\/wp-content\/uploads\/2020\/02\/alpha-omega-fund-300x237.png\" class=\"attachment-medium size-medium\" alt=\"\" srcset=\"https:\/\/www.franciscansusa.org\/wp-content\/uploads\/2020\/02\/alpha-omega-fund-300x237.png 300w, https:\/\/www.franciscansusa.org\/wp-content\/uploads\/2020\/02\/alpha-omega-fund-15x12.png 15w, https:\/\/www.franciscansusa.org\/wp-content\/uploads\/2020\/02\/alpha-omega-fund-150x119.png 150w, https:\/\/www.franciscansusa.org\/wp-content\/uploads\/2020\/02\/alpha-omega-fund.png 349w\" sizes=\"auto, (max-width: 300px) 100vw, 300px\" \/><\/a><\/div><\/div><\/div><\/div><div class=\"vc_col-sm-9 wpb_column vc_column_container has-link\"><div class=\"vc_column-inner\"><div class=\"wpb_wrapper\"><div class=\"wpb_text_column\" ><div class=\"wpb_wrapper\"><h4><span style=\"color: #adaa90;\">Fondo Alfa y Omega<\/span><\/h4>\n<p>Alpha &amp; Omega es un t\u00e9rmino usado para describir el principio y el final, nuestra esencia. En este caso, define las prioridades de la educaci\u00f3n de nuestros estudiantes y el cuidado de nuestros hermanos ancianos.<\/p>\n<p><span style=\"color: #003366;\"><strong>$7,000,000 Necesidades de fondos de jubilaci\u00f3n para 2031 (Necesidades inmediatas)<\/strong><\/span><br \/>\n<span style=\"color: #003366;\"><strong>$3.000.000 Vocaciones y Necesidades de Formaci\u00f3n (Vidente)<\/strong><\/span><\/p>\n<\/div><\/div><\/div><a href=\"https:\/\/franciscansusa.dev\/alpha-omega-fund\/\" class=\"vc_column-link smooth-scroll\" aria-label=\"Rodear a\"><\/a><\/div><\/div><div class=\"vc_col-sm-12 wpb_column vc_column_container\"><div class=\"vc_column-inner\"><div class=\"wpb_wrapper\"><div class=\"w-separator size_medium with_line width_default thick_1 style_solid color_border align_center\"><div class=\"w-separator-h\"><\/div><\/div><\/div><\/div><\/div><\/div><div class=\"g-cols wpb_row  type_default valign_top vc_inner\"><div class=\"vc_col-sm-3 wpb_column vc_column_container\"><div class=\"vc_column-inner\"><div class=\"wpb_wrapper\"><div class=\"w-image align_left\"><div class=\"w-image-h\"><img loading=\"lazy\" decoding=\"async\" width=\"300\" height=\"251\" src=\"https:\/\/www.franciscansusa.org\/wp-content\/uploads\/2020\/06\/capital-improvements-logo2-300x251.png\" class=\"attachment-medium size-medium\" alt=\"\" srcset=\"https:\/\/www.franciscansusa.org\/wp-content\/uploads\/2020\/06\/capital-improvements-logo2-300x251.png 300w, https:\/\/www.franciscansusa.org\/wp-content\/uploads\/2020\/06\/capital-improvements-logo2-14x12.png 14w, https:\/\/www.franciscansusa.org\/wp-content\/uploads\/2020\/06\/capital-improvements-logo2-150x126.png 150w, https:\/\/www.franciscansusa.org\/wp-content\/uploads\/2020\/06\/capital-improvements-logo2-478x400.png 478w, https:\/\/www.franciscansusa.org\/wp-content\/uploads\/2020\/06\/capital-improvements-logo2-600x503.png 600w, https:\/\/www.franciscansusa.org\/wp-content\/uploads\/2020\/06\/capital-improvements-logo2.png 887w\" sizes=\"auto, (max-width: 300px) 100vw, 300px\" \/><\/div><\/div><\/div><\/div><\/div><div class=\"vc_col-sm-9 wpb_column vc_column_container\"><div class=\"vc_column-inner\"><div class=\"wpb_wrapper\"><div class=\"wpb_text_column\" ><div class=\"wpb_wrapper\"><h4><span style=\"color: #adaa90;\"> Mejoras de Capital<br \/>\n<\/span><\/h4>\n<p><span style=\"color: #003366;\"><strong>$1,000,000 Actualizaciones del Convento de San Dami\u00e1n (Necesidades Inmediatas)<\/strong><\/span><br \/>\n<span style=\"color: #003366;\"><strong>$1,000,000 Mount Saint Francis Updates\/Greening the Mount (Necesidades inmediatas)<br \/>\n<\/strong><\/span><\/p>\n<p>Estas actualizaciones permitir\u00e1n:<\/p>\n<ul>\n<li>Ampliaci\u00f3n de la Casa de Formaci\u00f3n San Dami\u00e1n en San Antonio para convertirla en un lugar<br \/>\nde formaci\u00f3n intercultural, presentando hermanos menores de fuera de los Estados Unidos<br \/>\na la fraternidad mundial franciscana.<\/li>\n<li>Actualizaciones a nuestras instalaciones, incluida la Iniciativa de Cuidado de la Tierra del Padre Franciscano, el Centro Mary Anderson<br \/>\npara la expansi\u00f3n de las Artes y ba\u00f1os privados accesibles para discapacitados.<\/li>\n<\/ul>\n<\/div><\/div><\/div><\/div><\/div><div class=\"vc_col-sm-12 wpb_column vc_column_container\"><div class=\"vc_column-inner\"><div class=\"wpb_wrapper\"><div class=\"w-separator size_small with_line width_default thick_1 style_solid color_border align_center\"><div class=\"w-separator-h\"><\/div><\/div><\/div><\/div><\/div><\/div><div class=\"g-cols wpb_row  type_default valign_top vc_inner\"><div class=\"vc_col-sm-3 wpb_column vc_column_container\"><div class=\"vc_column-inner\"><div class=\"wpb_wrapper\"><div class=\"w-image align_none\"><div class=\"w-image-h\"><img loading=\"lazy\" decoding=\"async\" width=\"300\" height=\"300\" src=\"https:\/\/www.franciscansusa.org\/wp-content\/uploads\/2020\/06\/operational-costs-300x300.png\" class=\"attachment-medium size-medium\" alt=\"\" srcset=\"https:\/\/www.franciscansusa.org\/wp-content\/uploads\/2020\/06\/operational-costs-300x300.png 300w, https:\/\/www.franciscansusa.org\/wp-content\/uploads\/2020\/06\/operational-costs-12x12.png 12w, https:\/\/www.franciscansusa.org\/wp-content\/uploads\/2020\/06\/operational-costs-150x150.png 150w, https:\/\/www.franciscansusa.org\/wp-content\/uploads\/2020\/06\/operational-costs-402x400.png 402w, https:\/\/www.franciscansusa.org\/wp-content\/uploads\/2020\/06\/operational-costs-600x597.png 600w, https:\/\/www.franciscansusa.org\/wp-content\/uploads\/2020\/06\/operational-costs-25x25.png 25w, https:\/\/www.franciscansusa.org\/wp-content\/uploads\/2020\/06\/operational-costs.png 880w\" sizes=\"auto, (max-width: 300px) 100vw, 300px\" \/><\/div><\/div><\/div><\/div><\/div><div class=\"vc_col-sm-9 wpb_column vc_column_container\"><div class=\"vc_column-inner\"><div class=\"wpb_wrapper\"><div class=\"wpb_text_column\" ><div class=\"wpb_wrapper\"><h4><span style=\"color: #adaa90;\">Costos operativos continuos<br \/>\n<\/span><\/h4>\n<p><span style=\"color: #003366;\"><strong>$7,500,000 Cinco a\u00f1os de costos anuales (Necesidades Inmediatas)<\/strong><\/span><\/p>\n<ul>\n<li>Vocaciones, formaci\u00f3n, cuidado de frailes mayores, mejoras de capital, otros costos de operaciones anuales<\/li>\n<\/ul>\n<\/div><\/div><\/div><\/div><\/div><div class=\"vc_col-sm-12 wpb_column vc_column_container\"><div class=\"vc_column-inner\"><div class=\"wpb_wrapper\"><div class=\"w-separator size_medium with_line width_default thick_1 style_solid color_border align_center\"><div class=\"w-separator-h\"><\/div><\/div><\/div><\/div><\/div><\/div><div class=\"g-cols wpb_row  type_default valign_top vc_inner\"><div class=\"vc_col-sm-3 wpb_column vc_column_container\"><div class=\"vc_column-inner\"><div class=\"wpb_wrapper\"><div class=\"w-image align_none\"><div class=\"w-image-h\"><img loading=\"lazy\" decoding=\"async\" width=\"300\" height=\"300\" src=\"https:\/\/www.franciscansusa.org\/wp-content\/uploads\/2020\/06\/global-brotherhood-logo-300x300.png\" class=\"attachment-medium size-medium\" alt=\"\" srcset=\"https:\/\/www.franciscansusa.org\/wp-content\/uploads\/2020\/06\/global-brotherhood-logo-300x300.png 300w, https:\/\/www.franciscansusa.org\/wp-content\/uploads\/2020\/06\/global-brotherhood-logo-12x12.png 12w, https:\/\/www.franciscansusa.org\/wp-content\/uploads\/2020\/06\/global-brotherhood-logo-150x150.png 150w, https:\/\/www.franciscansusa.org\/wp-content\/uploads\/2020\/06\/global-brotherhood-logo-400x400.png 400w, https:\/\/www.franciscansusa.org\/wp-content\/uploads\/2020\/06\/global-brotherhood-logo-600x600.png 600w, https:\/\/www.franciscansusa.org\/wp-content\/uploads\/2020\/06\/global-brotherhood-logo-25x25.png 25w, https:\/\/www.franciscansusa.org\/wp-content\/uploads\/2020\/06\/global-brotherhood-logo.png 1000w\" sizes=\"auto, (max-width: 300px) 100vw, 300px\" \/><\/div><\/div><\/div><\/div><\/div><div class=\"vc_col-sm-9 wpb_column vc_column_container\"><div class=\"vc_column-inner\"><div class=\"wpb_wrapper\"><div class=\"wpb_text_column\" ><div class=\"wpb_wrapper\"><h4><span style=\"color: #adaa90;\">Alcance del sudoeste\/Hermandad global<br \/>\n<\/span><\/h4>\n<p><span style=\"color: #003366;\"><strong>$3,150,000 El Paso Outreach, pasant\u00edas para estudiantes, International Student Friar Fund (necesidades inmediatas)<\/strong><\/span><\/p>\n<ul>\n<li>Comida y refugio para nuevos inmigrantes, servicios sociales para solicitantes de asilo leg\u00edtimos.<\/li>\n<li>Pasant\u00edas de estudiantes universitarios en colaboraci\u00f3n con nuestros frailes en varios ministerios.<\/li>\n<li>Formaci\u00f3n de alumnos de provincias m\u00e1s pobres para recibir formaci\u00f3n en una escuela intercultural.<\/li>\n<\/ul>\n<\/div><\/div><\/div><\/div><\/div><\/div><\/div><\/div><\/div><\/div><\/div><\/section><section class=\"l-section wpb_row us_custom_ebbd16f7 height_huge\"><div class=\"l-section-h i-cf\"><div class=\"g-cols vc_row type_default valign_top\"><div class=\"vc_col-sm-12 wpb_column vc_column_container\"><div class=\"vc_column-inner\"><div class=\"wpb_wrapper\"><div class=\"g-cols wpb_row  type_default valign_top vc_inner\"><div class=\"vc_col-sm-12 wpb_column vc_column_container\"><div class=\"vc_column-inner\"><div class=\"wpb_wrapper\"><div class=\"wpb_text_column\" ><div class=\"wpb_wrapper\"><h4 style=\"text-align: center;\"><strong>TOTAL: $16.5M Necesidades Inmediatas + Necesidades Visionarias = $22,650,000<br \/>\n<\/strong><\/h4>\n<h5 class=\"w-progbar-title\" style=\"text-align: center;\"><span class=\"w-progbar-title-text\" style=\"color: #004274;\">\u00a1Ayudanos a alcanzar nuestra meta! Es a trav\u00e9s de su generoso apoyo que podemos lograr todo lo que hacemos.<\/span><\/h5>\n<\/div><\/div><div class=\"w-separator size_medium\"><\/div><\/div><\/div><\/div><\/div><div class=\"w-progbar initial style_1 color_primary title_none\" onclick='return {&quot;value&quot;:&quot;6700000&quot;,&quot;template&quot;:&quot;$6,700,000&quot;,&quot;finalValue&quot;:&quot;22500000&quot;,&quot;showFinalValue&quot;:&quot;of $22,500,000&quot;}'><h6 class=\"w-progbar-title\" style=\"font-size:1rem;\"><span class=\"w-progbar-title-count\">$6.700.000 de $22.500.000<\/span><\/h6><div class=\"w-progbar-bar\"><div class=\"w-progbar-bar-h\" style=\"height:30px;\"><span class=\"w-progbar-bar-count\">$6.700.000 de $22.500.000<\/span><\/div><\/div><\/div><div class=\"g-cols wpb_row  type_default valign_top vc_inner\"><div class=\"vc_col-sm-4 wpb_column vc_column_container\"><div class=\"vc_column-inner\"><div class=\"wpb_wrapper\"><\/div><\/div><\/div><div class=\"vc_col-sm-4 wpb_column vc_column_container\"><div class=\"vc_column-inner\"><div class=\"wpb_wrapper\"><div class=\"w-btn-wrapper width_full\"><a class=\"w-btn us-btn-style_27\" title=\"Para Donar\" href=\"https:\/\/www.franciscansusa.org\/es\/donate\/\"><span class=\"w-btn-label\">Para Donar<\/span><\/a><\/div><\/div><\/div><\/div><div class=\"vc_col-sm-4 wpb_column vc_column_container\"><div class=\"vc_column-inner\"><div class=\"wpb_wrapper\"><\/div><\/div><\/div><\/div><\/div><\/div><\/div><\/div><\/div><\/section>\n<\/div>","protected":false},"excerpt":{"rendered":"Descripci\u00f3n general de la campa\u00f1a Objetivos y\/u oportunidades de la campa\u00f1a Como resultado de recaudar estos d\u00f3lares y completar estos proyectos, se habr\u00e1n logrado los siguientes objetivos: Los frailes ancianos tendr\u00e1n su futuro asegurado para que puedan vivir y morir con dignidad Un mayor n\u00famero de peregrinos recibir\u00e1n la tradicional hospitalidad franciscana. Las mujeres migrantes...","protected":false},"author":1,"featured_media":0,"parent":0,"menu_order":0,"comment_status":"closed","ping_status":"closed","template":"","meta":{"om_disable_all_campaigns":false,"_monsterinsights_skip_tracking":false,"_monsterinsights_sitenote_active":false,"_monsterinsights_sitenote_note":"","_monsterinsights_sitenote_category":0,"_uf_show_specific_survey":0,"_uf_disable_surveys":false,"footnotes":""},"class_list":["post-7396","page","type-page","status-publish","hentry"],"aioseo_notices":[],"publishpress_future_action":{"enabled":false,"date":"2026-04-22 19:40:56","action":"change-status","newStatus":"draft","terms":[],"taxonomy":"","extraData":[]},"publishpress_future_workflow_manual_trigger":{"enabledWorkflows":[]},"_links":{"self":[{"href":"https:\/\/www.franciscansusa.org\/es\/wp-json\/wp\/v2\/pages\/7396","targetHints":{"allow":["GET"]}}],"collection":[{"href":"https:\/\/www.franciscansusa.org\/es\/wp-json\/wp\/v2\/pages"}],"about":[{"href":"https:\/\/www.franciscansusa.org\/es\/wp-json\/wp\/v2\/types\/page"}],"author":[{"embeddable":true,"href":"https:\/\/www.franciscansusa.org\/es\/wp-json\/wp\/v2\/users\/1"}],"replies":[{"embeddable":true,"href":"https:\/\/www.franciscansusa.org\/es\/wp-json\/wp\/v2\/comments?post=7396"}],"version-history":[{"count":66,"href":"https:\/\/www.franciscansusa.org\/es\/wp-json\/wp\/v2\/pages\/7396\/revisions"}],"predecessor-version":[{"id":11742,"href":"https:\/\/www.franciscansusa.org\/es\/wp-json\/wp\/v2\/pages\/7396\/revisions\/11742"}],"wp:attachment":[{"href":"https:\/\/www.franciscansusa.org\/es\/wp-json\/wp\/v2\/media?parent=7396"}],"curies":[{"name":"gracias","href":"https:\/\/api.w.org\/{rel}","templated":true}]}}