{"id":7427,"date":"2020-01-07T02:59:43","date_gmt":"2020-01-07T02:59:43","guid":{"rendered":"http:\/\/www.franciscansusa.dev\/franciscansusa.org\/?page_id=7427"},"modified":"2022-12-06T08:44:13","modified_gmt":"2022-12-06T13:44:13","slug":"alpha-omega-fund","status":"publish","type":"page","link":"https:\/\/www.franciscansusa.org\/es\/alpha-omega-fund\/","title":{"rendered":"Alpha Omega"},"content":{"rendered":"<div class=\"wpb-content-wrapper\"><section class=\"l-section wpb_row height_huge with_img with_overlay\"><div class=\"l-section-img\" style=\"background-image: url(https:\/\/www.franciscansusa.org\/wp-content\/uploads\/2020\/02\/brother-tim-scaled.jpg);\" data-img-width=\"2560\" data-img-height=\"1707\"><\/div><div class=\"l-section-overlay\" style=\"background: rgba(0,0,0,0.6)\"><\/div><div class=\"l-section-h i-cf\"><div class=\"g-cols vc_row type_default valign_top\"><div class=\"vc_col-sm-12 wpb_column vc_column_container\"><div class=\"vc_column-inner\"><div class=\"wpb_wrapper\"><div class=\"wpb_text_column\" ><div class=\"wpb_wrapper\"><h2><span style=\"color: #ffffff;\"><strong>Alpha Omega<br \/>\n<\/strong><\/span><\/h2>\n<\/div><\/div><\/div><\/div><\/div><\/div><\/div><\/section><section class=\"l-section wpb_row us_custom_0741ea35 height_medium\"><div class=\"l-section-h i-cf\"><div class=\"g-cols vc_row type_default valign_top\"><div class=\"vc_col-sm-8 wpb_column vc_column_container\"><div class=\"vc_column-inner\"><div class=\"wpb_wrapper\"><div class=\"wpb_text_column\" ><div class=\"wpb_wrapper\"><h4>El coraz\u00f3n de un siervo<\/h4>\n<p>Tener un coraz\u00f3n de siervo significa que no solo anteponemos las necesidades de los dem\u00e1s a las nuestras, sino que tambi\u00e9n servimos con la motivaci\u00f3n correcta, y eso es anteponer la voluntad de Dios. Tristemente, la mayor\u00eda de las veces cuando uno dedica su vida al llamado de Dios no hay un plan de retiro o beneficios de salud a largo plazo. El trabajo misionero no viene con un 401K.<\/p>\n<p>Todo lo que hacemos es a trav\u00e9s de la Providencia de Dios y su generosidad.<\/p>\n<p>El Alfa ayuda a garantizar que habr\u00e1 nuevos frailes en las comunidades siguiendo el mismo ejemplo que dio San Francisco hace 800 a\u00f1os. El Omega proporciona dignidad a nuestros hermanos mayores a medida que envejecen.<\/p>\n<\/div><\/div><div class=\"w-separator size_small\"><\/div><div class=\"g-cols wpb_row  type_default valign_top vc_inner\"><div class=\"vc_col-sm-4 wpb_column vc_column_container\"><div class=\"vc_column-inner\"><div class=\"wpb_wrapper\"><div class=\"w-image align_center\"><div class=\"w-image-h\"><img loading=\"lazy\" decoding=\"async\" width=\"349\" height=\"276\" src=\"https:\/\/www.franciscansusa.org\/wp-content\/uploads\/2022\/11\/alpha-omega-logo.png\" class=\"attachment-large size-large\" alt=\"\" srcset=\"https:\/\/www.franciscansusa.org\/wp-content\/uploads\/2022\/11\/alpha-omega-logo.png 349w, https:\/\/www.franciscansusa.org\/wp-content\/uploads\/2022\/11\/alpha-omega-logo-300x237.png 300w, https:\/\/www.franciscansusa.org\/wp-content\/uploads\/2022\/11\/alpha-omega-logo-15x12.png 15w, https:\/\/www.franciscansusa.org\/wp-content\/uploads\/2022\/11\/alpha-omega-logo-150x119.png 150w\" sizes=\"auto, (max-width: 349px) 100vw, 349px\" \/><\/div><\/div><\/div><\/div><\/div><div class=\"vc_col-sm-8 wpb_column vc_column_container\"><div class=\"vc_column-inner\"><div class=\"wpb_wrapper\"><div class=\"w-separator size_small\"><\/div><div class=\"wpb_text_column\" ><div class=\"wpb_wrapper\"><p>Alfa y Omega es un t\u00e9rmino usado para describir el principio y el final, nuestra esencia. En este caso, define las prioridades de la educaci\u00f3n de nuestros estudiantes y el cuidado de nuestros hermanos ancianos.<\/p>\n<\/div><\/div><\/div><\/div><\/div><\/div><\/div><\/div><\/div><div class=\"vc_col-sm-4 vc_hidden-xs wpb_column vc_column_container\"><div class=\"vc_column-inner\"><div class=\"wpb_wrapper\"><div class=\"wpb_text_column\" ><div class=\"wpb_wrapper\"><h4>Men\u00fa r\u00e1pido de la campa\u00f1a de capital<\/h4>\n<\/div><\/div><div class=\"w-separator size_small\"><\/div><div class=\"w-menu layout_ver style_blocks us_menu_1\"><ul id=\"menu-capital-campaign-menu\" class=\"menu\"><li id=\"menu-item-8218\" class=\"menu-item menu-item-type-post_type menu-item-object-page menu-item-8218\"><a href=\"https:\/\/www.franciscansusa.org\/es\/campaign-overview\/\">Descripci\u00f3n general de la campa\u00f1a<\/a><\/li><li id=\"menu-item-8219\" class=\"menu-item menu-item-type-post_type menu-item-object-page menu-item-8219\"><a href=\"https:\/\/www.franciscansusa.org\/es\/alpha-omega-fund\/\">Alpha Omega<\/a><\/li><li id=\"menu-item-8217\" class=\"menu-item menu-item-type-post_type menu-item-object-page menu-item-8217\"><a href=\"https:\/\/www.franciscansusa.org\/es\/expanding-the-san-damiano-friary\/\">Ampliaci\u00f3n del Convento de San Dami\u00e1n<\/a><\/li><li id=\"menu-item-8216\" class=\"menu-item menu-item-type-post_type menu-item-object-page menu-item-8216\"><a href=\"https:\/\/www.franciscansusa.org\/es\/mount-saint-francis-campus-update\/\">Actualizaci\u00f3n del campus de Mount Saint Francis<\/a><\/li><li id=\"menu-item-8215\" class=\"menu-item menu-item-type-post_type menu-item-object-page menu-item-8215\"><a href=\"https:\/\/www.franciscansusa.org\/es\/southwest-outreach\/\">Alcance del suroeste<\/a><\/li><\/ul><style>.us_menu_1 .menu>li{margin-bottom:.5rem}.us_menu_1 .menu>li>a{padding:0.8em 0.8em}.us_menu_1 .menu>li>a{background:#e8e8e8}.us_menu_1 .menu>li>a{color:inherit}.us_menu_1 .menu>.menu-item:not(.current-menu-item)>a:hover{background:#596b9e}.us_menu_1 .menu>.menu-item:not(.current-menu-item)>a:hover{color:#f5f5f5}@media ( max-width:600px ){.us_menu_1 .menu{display:block!important}.us_menu_1 .menu>li{margin:0 0 .5rem}}<\/style><\/div><div class=\"w-btn-wrapper width_full\"><a class=\"w-btn us-btn-style_27\" href=\"https:\/\/www.franciscansusa.org\/es\/make-a-capital-gift\/\"><span class=\"w-btn-label\">hacer una donaci\u00f3n de capital<\/span><\/a><\/div><\/div><\/div><\/div><\/div><\/div><\/section><section class=\"l-section wpb_row us_custom_5cd26a65 height_medium\"><div class=\"l-section-h i-cf\"><div class=\"g-cols vc_row type_default valign_top\"><div class=\"vc_col-sm-6 wpb_column vc_column_container\"><div class=\"vc_column-inner\"><div class=\"wpb_wrapper\"><div class=\"w-image style_shadow-1 align_none\"><div class=\"w-image-h\"><img loading=\"lazy\" decoding=\"async\" width=\"1024\" height=\"726\" src=\"https:\/\/www.franciscansusa.org\/wp-content\/uploads\/2020\/02\/Screenshot-2020-02-05-08.22.58-1024x726.png\" class=\"attachment-large size-large\" alt=\"\" srcset=\"https:\/\/www.franciscansusa.org\/wp-content\/uploads\/2020\/02\/Screenshot-2020-02-05-08.22.58-1024x726.png 1024w, https:\/\/www.franciscansusa.org\/wp-content\/uploads\/2020\/02\/Screenshot-2020-02-05-08.22.58-18x12.png 18w, https:\/\/www.franciscansusa.org\/wp-content\/uploads\/2020\/02\/Screenshot-2020-02-05-08.22.58-150x106.png 150w, https:\/\/www.franciscansusa.org\/wp-content\/uploads\/2020\/02\/Screenshot-2020-02-05-08.22.58-564x400.png 564w, https:\/\/www.franciscansusa.org\/wp-content\/uploads\/2020\/02\/Screenshot-2020-02-05-08.22.58-600x425.png 600w, https:\/\/www.franciscansusa.org\/wp-content\/uploads\/2020\/02\/Screenshot-2020-02-05-08.22.58-300x213.png 300w, https:\/\/www.franciscansusa.org\/wp-content\/uploads\/2020\/02\/Screenshot-2020-02-05-08.22.58-1536x1089.png 1536w, https:\/\/www.franciscansusa.org\/wp-content\/uploads\/2020\/02\/Screenshot-2020-02-05-08.22.58.png 1820w\" sizes=\"auto, (max-width: 1024px) 100vw, 1024px\" \/><\/div><\/div><div class=\"w-separator size_medium\"><\/div><div class=\"wpb_text_column\" ><div class=\"wpb_wrapper\"><h4><strong>frailes estudiantes<\/strong><\/h4>\n<p>Nuestro trabajo en la promoci\u00f3n de las vocaciones incluye entablar un di\u00e1logo con aquellos que expresan inter\u00e9s en la Orden, reclutar visitas a los campus universitarios, organizar retiros de discernimiento vocacional y visitar a hombres que est\u00e9n interesados en unirse a nosotros.<\/p>\n<p>Nuestro programa de formaci\u00f3n incluye la vivencia de la vida franciscana a trav\u00e9s de la convivencia, la oraci\u00f3n, la inmersi\u00f3n en la espiritualidad franciscana y la preparaci\u00f3n acad\u00e9mica.<\/p>\n<p>Nuestro costo de formaci\u00f3n es un promedio de $64,648 por alumno. Adem\u00e1s del costo anual de formaci\u00f3n, tambi\u00e9n debemos mantener la vivienda, el seguro m\u00e9dico y otros costos de vida para nuestros estudiantes.<\/p>\n<p>El dinero de estos fondos est\u00e1 destinado y no se gasta en ninguna otra necesidad.<\/p>\n<\/div><\/div><\/div><\/div><\/div><div class=\"vc_col-sm-6 wpb_column vc_column_container\"><div class=\"vc_column-inner\"><div class=\"wpb_wrapper\"><div class=\"w-image style_shadow-1 align_none\"><div class=\"w-image-h\"><img loading=\"lazy\" decoding=\"async\" width=\"1024\" height=\"726\" src=\"https:\/\/www.franciscansusa.org\/wp-content\/uploads\/2020\/02\/valentine-with-chickens-1024x726.jpg\" class=\"attachment-large size-large\" alt=\"\" srcset=\"https:\/\/www.franciscansusa.org\/wp-content\/uploads\/2020\/02\/valentine-with-chickens-1024x726.jpg 1024w, https:\/\/www.franciscansusa.org\/wp-content\/uploads\/2020\/02\/valentine-with-chickens-18x12.jpg 18w, https:\/\/www.franciscansusa.org\/wp-content\/uploads\/2020\/02\/valentine-with-chickens-150x106.jpg 150w, https:\/\/www.franciscansusa.org\/wp-content\/uploads\/2020\/02\/valentine-with-chickens-564x400.jpg 564w, https:\/\/www.franciscansusa.org\/wp-content\/uploads\/2020\/02\/valentine-with-chickens-600x425.jpg 600w, https:\/\/www.franciscansusa.org\/wp-content\/uploads\/2020\/02\/valentine-with-chickens-300x213.jpg 300w, https:\/\/www.franciscansusa.org\/wp-content\/uploads\/2020\/02\/valentine-with-chickens-1536x1089.jpg 1536w, https:\/\/www.franciscansusa.org\/wp-content\/uploads\/2020\/02\/valentine-with-chickens.jpg 1820w\" sizes=\"auto, (max-width: 1024px) 100vw, 1024px\" \/><\/div><\/div><div class=\"w-separator size_medium\"><\/div><div class=\"wpb_text_column\" ><div class=\"wpb_wrapper\"><h4><strong>frailes mayores<\/strong><\/h4>\n<p>Los frailes que serv\u00edan en las parroquias trabajaban por salarios bajos y, por lo general, no estaban incluidos en los planes de recaudaci\u00f3n de fondos para la jubilaci\u00f3n de la di\u00f3cesis que los empleaba. Adem\u00e1s, nuestros frailes en misiones no ten\u00edan ingresos ni planes de jubilaci\u00f3n. Otros frailes en el ministerio a menudo trabajaban en trabajos de bajos salarios sin beneficios de jubilaci\u00f3n.<\/p>\n<p>La Organizaci\u00f3n Nacional de Retiro Religioso ha realizado una auditor\u00eda en nuestra Provincia y nos ha informado que para atender a los frailes mayores en el futuro, el fondo de los frailes mayores deber\u00eda estar en $17M para el a\u00f1o 2025, cuando el n\u00famero de frailes mayores supere significativamente el n\u00famero de frailes que todav\u00eda est\u00e1n trabajando en puestos remunerados.<\/p>\n<p>Actualmente tenemos $5.7M invertidos en este fondo. Nuestro plan es agregar al menos $5M o m\u00e1s durante esta campa\u00f1a para cuidar adecuadamente a los frailes mayores en sus \u00faltimos a\u00f1os. Eso cubre los gastos m\u00e9dicos, alimentos y otros costos de vida de nuestros hermanos mayores.<\/p>\n<p>El dinero de estos fondos est\u00e1 destinado y no se gasta en ninguna otra necesidad.<\/p>\n<\/div><\/div><\/div><\/div><\/div><\/div><\/div><\/section><section class=\"l-section wpb_row height_medium\"><div class=\"l-section-h i-cf\"><div class=\"g-cols vc_row type_default valign_top\"><div class=\"vc_col-sm-12 vc_hidden-lg vc_hidden-md vc_hidden-sm wpb_column vc_column_container\"><div class=\"vc_column-inner\"><div class=\"wpb_wrapper\"><div class=\"wpb_text_column\" ><div class=\"wpb_wrapper\"><h4>Men\u00fa r\u00e1pido de la campa\u00f1a de capital<\/h4>\n<\/div><\/div><div class=\"w-separator size_small\"><\/div><div class=\"w-menu layout_ver style_blocks us_menu_2\"><ul id=\"menu-capital-campaign-menu-1\" class=\"menu\"><li class=\"menu-item menu-item-type-post_type menu-item-object-page menu-item-8218\"><a href=\"https:\/\/www.franciscansusa.org\/es\/campaign-overview\/\">Descripci\u00f3n general de la campa\u00f1a<\/a><\/li><li class=\"menu-item menu-item-type-post_type menu-item-object-page menu-item-8219\"><a href=\"https:\/\/www.franciscansusa.org\/es\/alpha-omega-fund\/\">Alpha Omega<\/a><\/li><li class=\"menu-item menu-item-type-post_type menu-item-object-page menu-item-8217\"><a href=\"https:\/\/www.franciscansusa.org\/es\/expanding-the-san-damiano-friary\/\">Ampliaci\u00f3n del Convento de San Dami\u00e1n<\/a><\/li><li class=\"menu-item menu-item-type-post_type menu-item-object-page menu-item-8216\"><a href=\"https:\/\/www.franciscansusa.org\/es\/mount-saint-francis-campus-update\/\">Actualizaci\u00f3n del campus de Mount Saint Francis<\/a><\/li><li class=\"menu-item menu-item-type-post_type menu-item-object-page menu-item-8215\"><a href=\"https:\/\/www.franciscansusa.org\/es\/southwest-outreach\/\">Alcance del suroeste<\/a><\/li><\/ul><style>.us_menu_2 .menu>li{margin-bottom:.5rem}.us_menu_2 .menu>li>a{padding:0.8em 0.8em}.us_menu_2 .menu>li>a{background:#e8e8e8}.us_menu_2 .menu>li>a{color:inherit}.us_menu_2 .menu>.menu-item:not(.current-menu-item)>a:hover{background:#596b9e}.us_menu_2 .menu>.menu-item:not(.current-menu-item)>a:hover{color:#f5f5f5}@media ( max-width:600px ){.us_menu_2 .menu{display:block!important}.us_menu_2 .menu>li{margin:0 0 .5rem}}<\/style><\/div><div class=\"w-btn-wrapper width_full\"><a class=\"w-btn us-btn-style_27\" href=\"https:\/\/www.franciscansusa.org\/es\/make-a-capital-gift\/\"><span class=\"w-btn-label\">hacer una donaci\u00f3n de capital<\/span><\/a><\/div><div class=\"w-separator size_small\"><\/div>\n\t<div class=\"wpb_raw_code wpb_raw_html wpb_content_element us_custom_909b2fd0\" >\n\t\t<div class=\"wpb_wrapper\">\n\t\t\t<div class=\"qgiv-embed-container\" data-qgiv-embed=\"true\" data-embed-id=\"66664\" data-embed=\"https:\/\/secure.qgiv.com\/for\/w-ao\/embed\/66664\/\" data-width=\"630\"><\/div>\n<script>(function(w, d, s, id){var js, fjs = d.getElementsByTagName(s)[0];if (d.getElementById(id)) return;js = d.createElement(s); js.id = id;js.src = \"https:\/\/secure.qgiv.com\/resources\/core\/js\/embed.js\";fjs.parentNode.insertBefore(js, fjs);})(window, document, 'script', 'qgiv-embedjs');<\/script>\n\t\t<\/div>\n\t<\/div>\n<\/div><\/div><\/div><\/div><\/div><\/section>\n<\/div>","protected":false},"excerpt":{"rendered":"Alfa y Omega Un coraz\u00f3n de siervo Tener un coraz\u00f3n de siervo significa no s\u00f3lo anteponer las necesidades de los dem\u00e1s a las nuestras, sino tambi\u00e9n servir con la motivaci\u00f3n correcta, y eso es anteponer la voluntad de Dios. Lamentablemente, la mayor\u00eda de veces al dedicar la vida al llamado de Dios no existe un plan de retiro ni beneficios de salud a largo plazo....","protected":false},"author":1,"featured_media":0,"parent":0,"menu_order":0,"comment_status":"closed","ping_status":"closed","template":"","meta":{"om_disable_all_campaigns":false,"_monsterinsights_skip_tracking":false,"_monsterinsights_sitenote_active":false,"_monsterinsights_sitenote_note":"","_monsterinsights_sitenote_category":0,"_uf_show_specific_survey":0,"_uf_disable_surveys":false,"footnotes":""},"class_list":["post-7427","page","type-page","status-publish","hentry"],"aioseo_notices":[],"publishpress_future_action":{"enabled":false,"date":"2026-04-26 07:18:41","action":"change-status","newStatus":"draft","terms":[],"taxonomy":"","extraData":[]},"publishpress_future_workflow_manual_trigger":{"enabledWorkflows":[]},"_links":{"self":[{"href":"https:\/\/www.franciscansusa.org\/es\/wp-json\/wp\/v2\/pages\/7427","targetHints":{"allow":["GET"]}}],"collection":[{"href":"https:\/\/www.franciscansusa.org\/es\/wp-json\/wp\/v2\/pages"}],"about":[{"href":"https:\/\/www.franciscansusa.org\/es\/wp-json\/wp\/v2\/types\/page"}],"author":[{"embeddable":true,"href":"https:\/\/www.franciscansusa.org\/es\/wp-json\/wp\/v2\/users\/1"}],"replies":[{"embeddable":true,"href":"https:\/\/www.franciscansusa.org\/es\/wp-json\/wp\/v2\/comments?post=7427"}],"version-history":[{"count":45,"href":"https:\/\/www.franciscansusa.org\/es\/wp-json\/wp\/v2\/pages\/7427\/revisions"}],"predecessor-version":[{"id":14795,"href":"https:\/\/www.franciscansusa.org\/es\/wp-json\/wp\/v2\/pages\/7427\/revisions\/14795"}],"wp:attachment":[{"href":"https:\/\/www.franciscansusa.org\/es\/wp-json\/wp\/v2\/media?parent=7427"}],"curies":[{"name":"gracias","href":"https:\/\/api.w.org\/{rel}","templated":true}]}}