{"id":7995,"date":"2020-06-19T12:40:20","date_gmt":"2020-06-19T12:40:20","guid":{"rendered":"http:\/\/www.franciscansusa.dev\/franciscansusa.org\/?page_id=7995"},"modified":"2021-05-05T02:06:08","modified_gmt":"2021-05-05T02:06:08","slug":"franciscan-retreats-and-spirituality-center","status":"publish","type":"page","link":"https:\/\/www.franciscansusa.org\/es\/franciscan-retreats-and-spirituality-center\/","title":{"rendered":"Centro de Retiros y Espiritualidad Franciscana"},"content":{"rendered":"<div class=\"wpb-content-wrapper\"><section class=\"l-section wpb_row height_huge with_img with_overlay\"><div class=\"l-section-img\" style=\"background-image: url(https:\/\/www.franciscansusa.org\/wp-content\/uploads\/2020\/06\/frc-3.jpg);\" data-img-width=\"1000\" data-img-height=\"667\"><\/div><div class=\"l-section-overlay\" style=\"background: rgba(0,0,0,0.6)\"><\/div><div class=\"l-section-h i-cf\"><div class=\"g-cols vc_row type_default valign_top\"><div class=\"vc_col-sm-12 wpb_column vc_column_container\"><div class=\"vc_column-inner\"><div class=\"wpb_wrapper\"><div class=\"wpb_text_column\" ><div class=\"wpb_wrapper\"><h2><span style=\"color: #ffffff;\"><strong>Centro de Retiros y Espiritualidad Franciscana<\/strong><\/span><\/h2>\n<\/div><\/div><\/div><\/div><\/div><\/div><\/div><\/section><section class=\"l-section wpb_row height_medium\"><div class=\"l-section-h i-cf\"><div class=\"g-cols vc_row type_default valign_top\"><div class=\"vc_col-sm-6 wpb_column vc_column_container\"><div class=\"vc_column-inner\"><div class=\"wpb_wrapper\"><div class=\"w-video us_custom_65b0071c align_center ratio_16x9\"><div class=\"w-video-h\"><iframe src=\"\/\/www.youtube.com\/embed\/vGNKTA_W3U0?autoplay=0&controls=0&origin=https%3A%2F%2Fwww.franciscansusa.org&enablejsapi=1\" allowfullscreen=\"1\"><\/iframe><\/div><div class=\"w-video-icon\" style=\"font-size:1.5rem;background:rgba(0,0,0,0.5);color:#fff;\"><\/div><\/div><\/div><\/div><\/div><div class=\"vc_col-sm-6 wpb_column vc_column_container\"><div class=\"vc_column-inner\"><div class=\"wpb_wrapper\"><div class=\"wpb_text_column\" ><div class=\"wpb_wrapper\"><p>Considere salir de nuevo asistiendo a los retiros de primavera entre semana o de fin de semana en Franciscan Retreats and Spirituality Center en Prior Lake.<\/p>\n<p>Observe el cambio de las estaciones en nuestros 60 acres de bosque y pradera. D\u00e9jate iluminar por cuatro convincentes charlas. Re\u00fanase con un director espiritual, participe del Sacramento de la Reconciliaci\u00f3n, la Unci\u00f3n de los Enfermos, la Hora Santa de Adoraci\u00f3n, la Misa o simplemente rel\u00e1jese en su suite completamente privada. Consulte nuestro sitio web para conocer nuestros protocolos de seguridad pand\u00e9micos.<\/p>\n<\/div><\/div><div class=\"w-separator size_medium\"><\/div><div class=\"w-btn-wrapper width_auto align_center\"><a class=\"w-btn us-btn-style_11\" href=\"https:\/\/franciscanretreats.net\/\"><span class=\"w-btn-label\">Aprende m\u00e1s<\/span><\/a><\/div><\/div><\/div><\/div><\/div><\/div><\/section>\n<\/div>","protected":false},"excerpt":{"rendered":"Centro de espiritualidad y retiros franciscanos Considere salir nuevamente asistiendo a retiros de primavera entre semana o fines de semana en el Centro de espiritualidad y retiros franciscanos en Prior Lake. Observe el cambio de estaciones en nuestros 60 acres de bosque y pradera. D\u00e9jese iluminar por cuatro charlas convincentes. Re\u00fanase con un director espiritual, participe del Sacramento de...","protected":false},"author":1,"featured_media":0,"parent":0,"menu_order":0,"comment_status":"closed","ping_status":"closed","template":"","meta":{"om_disable_all_campaigns":false,"_monsterinsights_skip_tracking":false,"_monsterinsights_sitenote_active":false,"_monsterinsights_sitenote_note":"","_monsterinsights_sitenote_category":0,"_uf_show_specific_survey":0,"_uf_disable_surveys":false,"footnotes":""},"class_list":["post-7995","page","type-page","status-publish","hentry"],"aioseo_notices":[],"publishpress_future_action":{"enabled":false,"date":"2026-04-22 17:46:20","action":"change-status","newStatus":"draft","terms":[],"taxonomy":"","extraData":[]},"publishpress_future_workflow_manual_trigger":{"enabledWorkflows":[]},"_links":{"self":[{"href":"https:\/\/www.franciscansusa.org\/es\/wp-json\/wp\/v2\/pages\/7995","targetHints":{"allow":["GET"]}}],"collection":[{"href":"https:\/\/www.franciscansusa.org\/es\/wp-json\/wp\/v2\/pages"}],"about":[{"href":"https:\/\/www.franciscansusa.org\/es\/wp-json\/wp\/v2\/types\/page"}],"author":[{"embeddable":true,"href":"https:\/\/www.franciscansusa.org\/es\/wp-json\/wp\/v2\/users\/1"}],"replies":[{"embeddable":true,"href":"https:\/\/www.franciscansusa.org\/es\/wp-json\/wp\/v2\/comments?post=7995"}],"version-history":[{"count":11,"href":"https:\/\/www.franciscansusa.org\/es\/wp-json\/wp\/v2\/pages\/7995\/revisions"}],"predecessor-version":[{"id":11885,"href":"https:\/\/www.franciscansusa.org\/es\/wp-json\/wp\/v2\/pages\/7995\/revisions\/11885"}],"wp:attachment":[{"href":"https:\/\/www.franciscansusa.org\/es\/wp-json\/wp\/v2\/media?parent=7995"}],"curies":[{"name":"gracias","href":"https:\/\/api.w.org\/{rel}","templated":true}]}}