{"id":8092,"date":"2020-06-19T20:18:48","date_gmt":"2020-06-19T20:18:48","guid":{"rendered":"http:\/\/www.franciscansusa.dev\/franciscansusa.org\/?page_id=8092"},"modified":"2021-04-10T20:28:14","modified_gmt":"2021-04-10T20:28:14","slug":"expanding-the-san-damiano-friary","status":"publish","type":"page","link":"https:\/\/www.franciscansusa.org\/es\/expanding-the-san-damiano-friary\/","title":{"rendered":"Ampliaci\u00f3n del Convento de San Dami\u00e1n"},"content":{"rendered":"<div class=\"wpb-content-wrapper\"><section class=\"l-section wpb_row height_huge with_img with_overlay\"><div class=\"l-section-img\" style=\"background-image: url(https:\/\/www.franciscansusa.org\/wp-content\/uploads\/2020\/06\/san-antonio-house-of-formation-2.jpg);\" data-img-width=\"1800\" data-img-height=\"986\"><\/div><div class=\"l-section-overlay\" style=\"background: rgba(0,0,0,0.6)\"><\/div><div class=\"l-section-h i-cf\"><div class=\"g-cols vc_row type_default valign_top\"><div class=\"vc_col-sm-12 wpb_column vc_column_container\"><div class=\"vc_column-inner\"><div class=\"wpb_wrapper\"><div class=\"wpb_text_column\" ><div class=\"wpb_wrapper\"><h2><span style=\"color: #ffffff;\"><strong>Ampliaci\u00f3n del Convento de San Dami\u00e1n<\/strong><\/span><\/h2>\n<\/div><\/div><\/div><\/div><\/div><\/div><\/div><\/section><section class=\"l-section wpb_row height_medium\"><div class=\"l-section-h i-cf\"><div class=\"g-cols vc_row type_default valign_top\"><div class=\"vc_col-sm-8 wpb_column vc_column_container\"><div class=\"vc_column-inner\"><div class=\"wpb_wrapper\"><div class=\"w-image align_none\"><div class=\"w-image-h\"><img loading=\"lazy\" decoding=\"async\" width=\"1000\" height=\"667\" src=\"https:\/\/www.franciscansusa.org\/wp-content\/uploads\/2020\/06\/san-antonio.jpg\" class=\"attachment-large size-large\" alt=\"\" srcset=\"https:\/\/www.franciscansusa.org\/wp-content\/uploads\/2020\/06\/san-antonio.jpg 1000w, https:\/\/www.franciscansusa.org\/wp-content\/uploads\/2020\/06\/san-antonio-18x12.jpg 18w, https:\/\/www.franciscansusa.org\/wp-content\/uploads\/2020\/06\/san-antonio-600x400.jpg 600w, https:\/\/www.franciscansusa.org\/wp-content\/uploads\/2020\/06\/san-antonio-150x100.jpg 150w, https:\/\/www.franciscansusa.org\/wp-content\/uploads\/2020\/06\/san-antonio-300x200.jpg 300w\" sizes=\"auto, (max-width: 1000px) 100vw, 1000px\" \/><\/div><\/div><\/div><\/div><\/div><div class=\"vc_col-sm-4 wpb_column vc_column_container\"><div class=\"vc_column-inner\"><div class=\"wpb_wrapper\"><div class=\"w-menu layout_ver style_blocks us_menu_1\"><ul id=\"menu-capital-campaign-menu\" class=\"menu\"><li id=\"menu-item-8218\" class=\"menu-item menu-item-type-post_type menu-item-object-page menu-item-8218\"><a href=\"https:\/\/www.franciscansusa.org\/es\/campaign-overview\/\">Descripci\u00f3n general de la campa\u00f1a<\/a><\/li><li id=\"menu-item-8219\" class=\"menu-item menu-item-type-post_type menu-item-object-page menu-item-8219\"><a href=\"https:\/\/www.franciscansusa.org\/es\/alpha-omega-fund\/\">Alpha Omega<\/a><\/li><li id=\"menu-item-8217\" class=\"menu-item menu-item-type-post_type menu-item-object-page menu-item-8217\"><a href=\"https:\/\/www.franciscansusa.org\/es\/expanding-the-san-damiano-friary\/\">Ampliaci\u00f3n del Convento de San Dami\u00e1n<\/a><\/li><li id=\"menu-item-8216\" class=\"menu-item menu-item-type-post_type menu-item-object-page menu-item-8216\"><a href=\"https:\/\/www.franciscansusa.org\/es\/mount-saint-francis-campus-update\/\">Actualizaci\u00f3n del campus de Mount Saint Francis<\/a><\/li><li id=\"menu-item-8215\" class=\"menu-item menu-item-type-post_type menu-item-object-page menu-item-8215\"><a href=\"https:\/\/www.franciscansusa.org\/es\/southwest-outreach\/\">Alcance del suroeste<\/a><\/li><\/ul><style>.us_menu_1 .menu>li{margin-bottom:.5rem}.us_menu_1 .menu>li>a{padding:0.8em 0.8em}.us_menu_1 .menu>li>a{background:#e8e8e8}.us_menu_1 .menu>li>a{color:inherit}.us_menu_1 .menu>.menu-item:not(.current-menu-item)>a:hover{background:#596b9e}.us_menu_1 .menu>.menu-item:not(.current-menu-item)>a:hover{color:#f5f5f5}@media ( max-width:600px ){.us_menu_1 .menu{display:block!important}.us_menu_1 .menu>li{margin:0 0 .5rem}}<\/style><\/div><div class=\"w-btn-wrapper width_full\"><a class=\"w-btn us-btn-style_27\" href=\"https:\/\/www.franciscansusa.org\/es\/donate\/\"><span class=\"w-btn-label\">hacer una donaci\u00f3n de capital<\/span><\/a><\/div><\/div><\/div><\/div><\/div><\/div><\/section><section class=\"l-section wpb_row height_medium\"><div class=\"l-section-h i-cf\"><div class=\"g-cols vc_row type_default valign_top\"><div class=\"vc_col-sm-6 wpb_column vc_column_container\"><div class=\"vc_column-inner\"><div class=\"wpb_wrapper\"><div class=\"wpb_text_column\" ><div class=\"wpb_wrapper\"><p>San Damiano Friary en San Antonio, Texas, est\u00e1 \u201ca punto de estallar\u201d y requiere expansi\u00f3n para satisfacer las necesidades de nuestros estudiantes actuales y futuros.<\/p>\n<p>Los franciscanos conventuales viven hoy nuestra misi\u00f3n de reconstruir la casa de Dios sirviendo en la Iglesia Cat\u00f3lica Romana en ministerios que incluyen misioneros, eruditos, educadores, artistas, compositores, capellanes, confesores, abogados, obreros, maestros, escritores, m\u00fasicos, cocineros, asistentes sociales. trabajadores, ministros del campus, p\u00e1rrocos, administradores y defensores de los pobres y marginados.<\/p>\n<p>La vida comunitaria o fraternidad franciscana est\u00e1 en el coraz\u00f3n del compromiso de vida religiosa de los franciscanos conventuales. Prometemos vivir juntos en fraternidad franciscana y cuidarnos unos a otros como hermanos franciscanos de una manera que encarna el mandato evang\u00e9lico de Juan 13:34: \u201cUn mandamiento nuevo os doy: que os am\u00e9is los unos a los otros. Como yo os he amado, as\u00ed tambi\u00e9n vosotros deb\u00e9is amaros los unos a los otros\u201d. Al compartir oraciones y comidas comunes, nuestra comunidad se centra en Cristo.<\/p>\n<\/div><\/div><\/div><\/div><\/div><div class=\"vc_col-sm-6 wpb_column vc_column_container\"><div class=\"vc_column-inner\"><div class=\"wpb_wrapper\"><div class=\"wpb_text_column\" ><div class=\"wpb_wrapper\"><p>La regla y vida de la Orden de los Frailes Menores Conventuales es vivir en obediencia, pobreza y castidad. Vivir con otros frailes nos permite permanecer enfocados en nuestros votos. En el mundo ajetreado, nos permitir\u00e1 reducir la velocidad y valorar la vida comunitaria como un ejemplo de los primeros disc\u00edpulos. Nuestra relaci\u00f3n con los dem\u00e1s nos lleva a acercarnos m\u00e1s a Dios y a la comunidad a la que servimos.<\/p>\n<p>Nuestra Casa de Formaci\u00f3n en San Antonio, Texas est\u00e1 llena y necesita expansi\u00f3n tanto para satisfacer las necesidades de nuestros estudiantes actuales como para atender a los futuros estudiantes tanto dentro de los Estados Unidos como a aquellos estudiantes franciscanos conventuales de provincias fuera de los Estados Unidos que quieran unirse a nosotros. en una nueva casa de formaci\u00f3n internacional.<\/p>\n<p>Nuestra nueva instalaci\u00f3n ampliar\u00eda la residencia para convertirla en un lugar de formaci\u00f3n intercultural. Tambi\u00e9n incluir\u00edamos un espacio para nuestros hermanos menores de India, Am\u00e9rica Central, M\u00e9xico, Asia y \u00c1frica y les proporcionar\u00edamos una introducci\u00f3n a la fraternidad mundial franciscana. La expansi\u00f3n de $1 mill\u00f3n nos permitir\u00e1 casi duplicar el n\u00famero de estudiantes que se pueden alojar en este lugar (de 18 a 30).<\/p>\n<\/div><\/div><\/div><\/div><\/div><\/div><\/div><\/section><section class=\"l-section wpb_row height_medium\"><div class=\"l-section-h i-cf\"><div class=\"g-cols vc_row type_default valign_top\"><div class=\"vc_col-sm-6 wpb_column vc_column_container\"><div class=\"vc_column-inner\"><div class=\"wpb_wrapper\"><\/div><\/div><\/div><div class=\"vc_col-sm-6 wpb_column vc_column_container\"><div class=\"vc_column-inner\"><div class=\"wpb_wrapper\"><\/div><\/div><\/div><\/div><\/div><\/section>\n<\/div>","protected":false},"excerpt":{"rendered":"Ampliaci\u00f3n de la campa\u00f1a del convento de San Dami\u00e1n Descripci\u00f3n generalAlfa y OmegaExpansi\u00f3n del convento de San Dami\u00e1n Actualizaci\u00f3n del campus de Mount Saint Francis Alcance al suroesteHaga una donaci\u00f3n capitalEl convento de San Dami\u00e1n en San Antonio, Texas, est\u00e1 \u201ca punto de estallar\u201d y requiere expansi\u00f3n para satisfacer las necesidades de nuestros estudiantes actuales y futuros. Los Franciscanos Conventuales vivimos nuestra misi\u00f3n de reconstruir la casa de...","protected":false},"author":1,"featured_media":0,"parent":0,"menu_order":0,"comment_status":"closed","ping_status":"closed","template":"","meta":{"om_disable_all_campaigns":false,"_monsterinsights_skip_tracking":false,"_monsterinsights_sitenote_active":false,"_monsterinsights_sitenote_note":"","_monsterinsights_sitenote_category":0,"_uf_show_specific_survey":0,"_uf_disable_surveys":false,"footnotes":""},"class_list":["post-8092","page","type-page","status-publish","hentry"],"aioseo_notices":[],"publishpress_future_action":{"enabled":false,"date":"2026-04-22 21:45:11","action":"change-status","newStatus":"draft","terms":[],"taxonomy":"","extraData":[]},"publishpress_future_workflow_manual_trigger":{"enabledWorkflows":[]},"_links":{"self":[{"href":"https:\/\/www.franciscansusa.org\/es\/wp-json\/wp\/v2\/pages\/8092","targetHints":{"allow":["GET"]}}],"collection":[{"href":"https:\/\/www.franciscansusa.org\/es\/wp-json\/wp\/v2\/pages"}],"about":[{"href":"https:\/\/www.franciscansusa.org\/es\/wp-json\/wp\/v2\/types\/page"}],"author":[{"embeddable":true,"href":"https:\/\/www.franciscansusa.org\/es\/wp-json\/wp\/v2\/users\/1"}],"replies":[{"embeddable":true,"href":"https:\/\/www.franciscansusa.org\/es\/wp-json\/wp\/v2\/comments?post=8092"}],"version-history":[{"count":13,"href":"https:\/\/www.franciscansusa.org\/es\/wp-json\/wp\/v2\/pages\/8092\/revisions"}],"predecessor-version":[{"id":11744,"href":"https:\/\/www.franciscansusa.org\/es\/wp-json\/wp\/v2\/pages\/8092\/revisions\/11744"}],"wp:attachment":[{"href":"https:\/\/www.franciscansusa.org\/es\/wp-json\/wp\/v2\/media?parent=8092"}],"curies":[{"name":"gracias","href":"https:\/\/api.w.org\/{rel}","templated":true}]}}