{"id":8094,"date":"2020-06-19T20:19:31","date_gmt":"2020-06-19T20:19:31","guid":{"rendered":"http:\/\/www.franciscansusa.dev\/franciscansusa.org\/?page_id=8094"},"modified":"2021-04-10T20:29:32","modified_gmt":"2021-04-10T20:29:32","slug":"mount-saint-francis-campus-update","status":"publish","type":"page","link":"https:\/\/www.franciscansusa.org\/es\/mount-saint-francis-campus-update\/","title":{"rendered":"Actualizaci\u00f3n del campus de Mount Saint Francis"},"content":{"rendered":"<div class=\"wpb-content-wrapper\"><section class=\"l-section wpb_row height_huge with_img with_overlay\"><div class=\"l-section-img\" style=\"background-image: url(https:\/\/www.franciscansusa.org\/wp-content\/uploads\/2020\/06\/msf-17.jpg);\" data-img-width=\"2000\" data-img-height=\"1125\"><\/div><div class=\"l-section-overlay\" style=\"background: rgba(0,0,0,0.6)\"><\/div><div class=\"l-section-h i-cf\"><div class=\"g-cols vc_row type_default valign_top\"><div class=\"vc_col-sm-12 wpb_column vc_column_container\"><div class=\"vc_column-inner\"><div class=\"wpb_wrapper\"><div class=\"wpb_text_column\" ><div class=\"wpb_wrapper\"><h2><span style=\"color: #ffffff;\"><strong>Actualizaciones del campus de Mount Saint Francis<\/strong><\/span><\/h2>\n<\/div><\/div><\/div><\/div><\/div><\/div><\/div><\/section><section class=\"l-section wpb_row height_medium\"><div class=\"l-section-h i-cf\"><div class=\"g-cols vc_row type_default valign_top\"><div class=\"vc_col-sm-9 wpb_column vc_column_container\"><div class=\"vc_column-inner\"><div class=\"wpb_wrapper\"><div class=\"wpb_text_column\" ><div class=\"wpb_wrapper\"><p>El Convento y Centro de Espiritualidad de Mount Saint Francis incluye el Centro de Retiros, las Oficinas de la Provincia, la Misi\u00f3n<br \/>\nAdvancement Offices, Mary Anderson Center for the Arts, oficina de correos y otras propiedades utilizadas para ministerios relacionados.<br \/>\nEl campus de Mount tambi\u00e9n bordea el Santuario Mount Saint Francis de 400 acres, que es uno de los muchos espacios sagrados<br \/>\nque los frailes han conservado para la comunidad local.<\/p>\n<p>Los frailes mantienen el Monte como residencia y espacio sagrado de acogida. Ofrece renovaci\u00f3n espiritual a todas las personas. Los frailes tambi\u00e9n ponen el Monte San Francisco a disposici\u00f3n de otras organizaciones cuyo fin es fomentar el enriquecimiento religioso y humano. Todo se hace en un contexto de respeto por la creaci\u00f3n y la santidad de la vida en todas sus formas.<\/p>\n<p>El reciente Cap\u00edtulo Provincial orden\u00f3 una actualizaci\u00f3n muy necesaria en nuestro campus en Mount Saint Francis. Estas actualizaciones nos permitir\u00e1n aumentar los ingresos de un n\u00famero creciente de participantes del retiro que pueden permitirse el lujo de quedarse con nosotros y tambi\u00e9n incluir mejor a aquellos en los m\u00e1rgenes que viven en el sur de Indiana y el \u00e1rea metropolitana de Louisville.<\/p>\n<p>Aumentaremos nuestros retiros y alcance para personas sin hogar, permitiendo que los ni\u00f1os y las familias que viven en estas \u00e1reas empobrecidas tengan la oportunidad de tomar aire fresco y una introducci\u00f3n a la espiritualidad franciscana.<\/p>\n<p>Adem\u00e1s, todas las actualizaciones estar\u00e1n en l\u00ednea con nuestra Iniciativa Franciscana para el Cuidado de la Tierra, que es un compromiso p\u00fablico y espiritual para modelar la visi\u00f3n franciscana de administraci\u00f3n y sustentabilidad ambiental. Eso incluir\u00e1 paneles solares, calefacci\u00f3n y refrigeraci\u00f3n geot\u00e9rmica, y materiales y aparatos que reduzcan el desperdicio de energ\u00eda y agua o da\u00f1en el medio ambiente de alguna manera. Mount Saint Francis ser\u00e1 un campus modelo para todos nuestros campus y parroquias franciscanas. Eso incluye los siguientes proyectos:<\/p>\n<ul>\n<li>Renovaciones de ba\u00f1os que brindan privacidad<br \/>\nba\u00f1os para invitados<\/li>\n<li>Actualizaciones de habitaciones para incluir accesibilidad para discapacitados<\/li>\n<li>Renovaci\u00f3n de granero para proporcionar un espacio para eventos rentable<\/li>\n<li>Paneles solares<\/li>\n<li>Calefacci\u00f3n y refrigeraci\u00f3n geot\u00e9rmica para la Capilla<\/li>\n<li>Actualizaciones del Centro para las Artes Mary Anderson<\/li>\n<li>Dos nuevos espacios de estudio para el Centro Mary Anderson<\/li>\n<\/ul>\n<p>Eso nos permitir\u00e1 invitar a m\u00e1s retiros para adultos y profesionales a nuestro centro y atraer a m\u00e1s personas a nuestro hermoso campus en el sur de Indiana.<\/p>\n<\/div><\/div><\/div><\/div><\/div><div class=\"vc_col-sm-3 wpb_column vc_column_container\"><div class=\"vc_column-inner\"><div class=\"wpb_wrapper\"><div class=\"w-menu layout_ver style_blocks us_menu_1\"><ul id=\"menu-capital-campaign-menu\" class=\"menu\"><li id=\"menu-item-8218\" class=\"menu-item menu-item-type-post_type menu-item-object-page menu-item-8218\"><a href=\"https:\/\/www.franciscansusa.org\/es\/campaign-overview\/\">Descripci\u00f3n general de la campa\u00f1a<\/a><\/li><li id=\"menu-item-8219\" class=\"menu-item menu-item-type-post_type menu-item-object-page menu-item-8219\"><a href=\"https:\/\/www.franciscansusa.org\/es\/alpha-omega-fund\/\">Alpha Omega<\/a><\/li><li id=\"menu-item-8217\" class=\"menu-item menu-item-type-post_type menu-item-object-page menu-item-8217\"><a href=\"https:\/\/www.franciscansusa.org\/es\/expanding-the-san-damiano-friary\/\">Ampliaci\u00f3n del Convento de San Dami\u00e1n<\/a><\/li><li id=\"menu-item-8216\" class=\"menu-item menu-item-type-post_type menu-item-object-page menu-item-8216\"><a href=\"https:\/\/www.franciscansusa.org\/es\/mount-saint-francis-campus-update\/\">Actualizaci\u00f3n del campus de Mount Saint Francis<\/a><\/li><li id=\"menu-item-8215\" class=\"menu-item menu-item-type-post_type menu-item-object-page menu-item-8215\"><a href=\"https:\/\/www.franciscansusa.org\/es\/southwest-outreach\/\">Alcance del suroeste<\/a><\/li><\/ul><style>.us_menu_1 .menu>li{margin-bottom:.5rem}.us_menu_1 .menu>li>a{padding:0.8em 0.8em}.us_menu_1 .menu>li>a{background:#e8e8e8}.us_menu_1 .menu>li>a{color:inherit}.us_menu_1 .menu>.menu-item:not(.current-menu-item)>a:hover{background:#596b9e}.us_menu_1 .menu>.menu-item:not(.current-menu-item)>a:hover{color:#f5f5f5}@media ( max-width:600px ){.us_menu_1 .menu{display:block!important}.us_menu_1 .menu>li{margin:0 0 .5rem}}<\/style><\/div><div class=\"w-btn-wrapper width_full\"><a class=\"w-btn us-btn-style_27\" title=\"hacer un regalo de capital\" href=\"https:\/\/www.franciscansusa.org\/es\/make-a-capital-gift\/\"><span class=\"w-btn-label\">hacer un regalo de capital<\/span><\/a><\/div><\/div><\/div><\/div><\/div><\/div><\/section><section class=\"l-section wpb_row height_medium\"><div class=\"l-section-h i-cf\"><div class=\"g-cols vc_row type_default valign_top\"><div class=\"vc_col-sm-6 wpb_column vc_column_container\"><div class=\"vc_column-inner\"><div class=\"wpb_wrapper\"><div class=\"w-image us_custom_aa05df82 align_none\"><a href=\"https:\/\/www.franciscansusa.org\/wp-content\/uploads\/2020\/06\/MountStFrancisBathroom_1-2-scaled.jpg\" ref=\"magnificPopup\" aria-label=\"Rodear a\" class=\"w-image-h\"><img loading=\"lazy\" decoding=\"async\" width=\"1024\" height=\"576\" src=\"https:\/\/www.franciscansusa.org\/wp-content\/uploads\/2020\/06\/MountStFrancisBathroom_1-2-1024x576.jpg\" class=\"attachment-large size-large\" alt=\"\" srcset=\"https:\/\/www.franciscansusa.org\/wp-content\/uploads\/2020\/06\/MountStFrancisBathroom_1-2-1024x576.jpg 1024w, https:\/\/www.franciscansusa.org\/wp-content\/uploads\/2020\/06\/MountStFrancisBathroom_1-2-18x10.jpg 18w, https:\/\/www.franciscansusa.org\/wp-content\/uploads\/2020\/06\/MountStFrancisBathroom_1-2-150x84.jpg 150w, https:\/\/www.franciscansusa.org\/wp-content\/uploads\/2020\/06\/MountStFrancisBathroom_1-2-600x338.jpg 600w, https:\/\/www.franciscansusa.org\/wp-content\/uploads\/2020\/06\/MountStFrancisBathroom_1-2-300x169.jpg 300w\" sizes=\"auto, (max-width: 1024px) 100vw, 1024px\" \/><\/a><\/div><\/div><\/div><\/div><div class=\"vc_col-sm-6 wpb_column vc_column_container\"><div class=\"vc_column-inner\"><div class=\"wpb_wrapper\"><div class=\"w-image us_custom_aa05df82 align_none\"><a href=\"https:\/\/www.franciscansusa.org\/wp-content\/uploads\/2020\/06\/MountStFrancisBathroom_2-scaled.jpg\" ref=\"magnificPopup\" aria-label=\"Rodear a\" class=\"w-image-h\"><img loading=\"lazy\" decoding=\"async\" width=\"1024\" height=\"576\" src=\"https:\/\/www.franciscansusa.org\/wp-content\/uploads\/2020\/06\/MountStFrancisBathroom_2-1024x576.jpg\" class=\"attachment-large size-large\" alt=\"\" srcset=\"https:\/\/www.franciscansusa.org\/wp-content\/uploads\/2020\/06\/MountStFrancisBathroom_2-1024x576.jpg 1024w, https:\/\/www.franciscansusa.org\/wp-content\/uploads\/2020\/06\/MountStFrancisBathroom_2-18x10.jpg 18w, https:\/\/www.franciscansusa.org\/wp-content\/uploads\/2020\/06\/MountStFrancisBathroom_2-150x84.jpg 150w, https:\/\/www.franciscansusa.org\/wp-content\/uploads\/2020\/06\/MountStFrancisBathroom_2-600x338.jpg 600w, https:\/\/www.franciscansusa.org\/wp-content\/uploads\/2020\/06\/MountStFrancisBathroom_2-300x169.jpg 300w\" sizes=\"auto, (max-width: 1024px) 100vw, 1024px\" \/><\/a><\/div><\/div><\/div><\/div><\/div><\/div><\/section>\n<\/div>","protected":false},"excerpt":{"rendered":"Actualizaciones del campus de Mount Saint Francis El Monasterio y Centro de Espiritualidad de Mount Saint Francis incluye el Centro de Retiros, las Oficinas de la Provincia, las Oficinas de Avance de la Misi\u00f3n, el Centro de Artes Mary Anderson, la oficina de correos y otras propiedades utilizadas para ministerios relacionados. El campus de Mount tambi\u00e9n limita con el Santuario Mount Saint Francis de 400 acres, que es uno de los...","protected":false},"author":1,"featured_media":0,"parent":0,"menu_order":0,"comment_status":"closed","ping_status":"closed","template":"","meta":{"om_disable_all_campaigns":false,"_monsterinsights_skip_tracking":false,"_monsterinsights_sitenote_active":false,"_monsterinsights_sitenote_note":"","_monsterinsights_sitenote_category":0,"_uf_show_specific_survey":0,"_uf_disable_surveys":false,"footnotes":""},"class_list":["post-8094","page","type-page","status-publish","hentry"],"aioseo_notices":[],"publishpress_future_action":{"enabled":false,"date":"2026-04-22 17:43:59","action":"change-status","newStatus":"draft","terms":[],"taxonomy":"","extraData":[]},"publishpress_future_workflow_manual_trigger":{"enabledWorkflows":[]},"_links":{"self":[{"href":"https:\/\/www.franciscansusa.org\/es\/wp-json\/wp\/v2\/pages\/8094","targetHints":{"allow":["GET"]}}],"collection":[{"href":"https:\/\/www.franciscansusa.org\/es\/wp-json\/wp\/v2\/pages"}],"about":[{"href":"https:\/\/www.franciscansusa.org\/es\/wp-json\/wp\/v2\/types\/page"}],"author":[{"embeddable":true,"href":"https:\/\/www.franciscansusa.org\/es\/wp-json\/wp\/v2\/users\/1"}],"replies":[{"embeddable":true,"href":"https:\/\/www.franciscansusa.org\/es\/wp-json\/wp\/v2\/comments?post=8094"}],"version-history":[{"count":13,"href":"https:\/\/www.franciscansusa.org\/es\/wp-json\/wp\/v2\/pages\/8094\/revisions"}],"predecessor-version":[{"id":11745,"href":"https:\/\/www.franciscansusa.org\/es\/wp-json\/wp\/v2\/pages\/8094\/revisions\/11745"}],"wp:attachment":[{"href":"https:\/\/www.franciscansusa.org\/es\/wp-json\/wp\/v2\/media?parent=8094"}],"curies":[{"name":"gracias","href":"https:\/\/api.w.org\/{rel}","templated":true}]}}