{"id":8096,"date":"2020-06-19T20:19:55","date_gmt":"2020-06-19T20:19:55","guid":{"rendered":"http:\/\/www.franciscansusa.dev\/franciscansusa.org\/?page_id=8096"},"modified":"2021-04-10T20:30:54","modified_gmt":"2021-04-10T20:30:54","slug":"southwest-outreach","status":"publish","type":"page","link":"https:\/\/www.franciscansusa.org\/es\/southwest-outreach\/","title":{"rendered":"Alcance del suroeste"},"content":{"rendered":"<div class=\"wpb-content-wrapper\"><section class=\"l-section wpb_row height_huge with_img with_overlay\"><div class=\"l-section-img\" style=\"background-image: url(https:\/\/www.franciscansusa.org\/wp-content\/uploads\/2021\/01\/border-summit-2019-5.jpg);\" data-img-width=\"960\" data-img-height=\"682\"><\/div><div class=\"l-section-overlay\" style=\"background: rgba(0,0,0,0.6)\"><\/div><div class=\"l-section-h i-cf\"><div class=\"g-cols vc_row type_default valign_top\"><div class=\"vc_col-sm-12 wpb_column vc_column_container\"><div class=\"vc_column-inner\"><div class=\"wpb_wrapper\"><div class=\"wpb_text_column\" ><div class=\"wpb_wrapper\"><h2><span style=\"color: #ffffff;\"><strong>Alcance del suroeste<\/strong><\/span><\/h2>\n<\/div><\/div><\/div><\/div><\/div><\/div><\/div><\/section><section class=\"l-section wpb_row height_medium\"><div class=\"l-section-h i-cf\"><div class=\"g-cols vc_row type_default valign_top\"><div class=\"vc_col-sm-6 wpb_column vc_column_container\"><div class=\"vc_column-inner\"><div class=\"wpb_wrapper\"><div class=\"w-image align_center\"><div class=\"w-image-h\"><img loading=\"lazy\" decoding=\"async\" width=\"600\" height=\"517\" src=\"https:\/\/www.franciscansusa.org\/wp-content\/uploads\/2020\/02\/Screenshot-2020-02-05-08.23.34-600x517.png\" class=\"attachment-shop_single size-shop_single\" alt=\"\" srcset=\"https:\/\/www.franciscansusa.org\/wp-content\/uploads\/2020\/02\/Screenshot-2020-02-05-08.23.34-600x517.png 600w, https:\/\/www.franciscansusa.org\/wp-content\/uploads\/2020\/02\/Screenshot-2020-02-05-08.23.34-14x12.png 14w, https:\/\/www.franciscansusa.org\/wp-content\/uploads\/2020\/02\/Screenshot-2020-02-05-08.23.34-150x129.png 150w, https:\/\/www.franciscansusa.org\/wp-content\/uploads\/2020\/02\/Screenshot-2020-02-05-08.23.34-464x400.png 464w, https:\/\/www.franciscansusa.org\/wp-content\/uploads\/2020\/02\/Screenshot-2020-02-05-08.23.34-300x258.png 300w, https:\/\/www.franciscansusa.org\/wp-content\/uploads\/2020\/02\/Screenshot-2020-02-05-08.23.34-1024x882.png 1024w, https:\/\/www.franciscansusa.org\/wp-content\/uploads\/2020\/02\/Screenshot-2020-02-05-08.23.34-1536x1323.png 1536w, https:\/\/www.franciscansusa.org\/wp-content\/uploads\/2020\/02\/Screenshot-2020-02-05-08.23.34.png 1832w\" sizes=\"auto, (max-width: 600px) 100vw, 600px\" \/><\/div><\/div><\/div><\/div><\/div><div class=\"vc_col-sm-6 wpb_column vc_column_container\"><div class=\"vc_column-inner\"><div class=\"wpb_wrapper\"><div class=\"w-menu layout_ver style_blocks us_menu_1\"><ul id=\"menu-capital-campaign-menu\" class=\"menu\"><li id=\"menu-item-8218\" class=\"menu-item menu-item-type-post_type menu-item-object-page menu-item-8218\"><a href=\"https:\/\/www.franciscansusa.org\/es\/campaign-overview\/\">Descripci\u00f3n general de la campa\u00f1a<\/a><\/li><li id=\"menu-item-8219\" class=\"menu-item menu-item-type-post_type menu-item-object-page menu-item-8219\"><a href=\"https:\/\/www.franciscansusa.org\/es\/alpha-omega-fund\/\">Alpha Omega<\/a><\/li><li id=\"menu-item-8217\" class=\"menu-item menu-item-type-post_type menu-item-object-page menu-item-8217\"><a href=\"https:\/\/www.franciscansusa.org\/es\/expanding-the-san-damiano-friary\/\">Ampliaci\u00f3n del Convento de San Dami\u00e1n<\/a><\/li><li id=\"menu-item-8216\" class=\"menu-item menu-item-type-post_type menu-item-object-page menu-item-8216\"><a href=\"https:\/\/www.franciscansusa.org\/es\/mount-saint-francis-campus-update\/\">Actualizaci\u00f3n del campus de Mount Saint Francis<\/a><\/li><li id=\"menu-item-8215\" class=\"menu-item menu-item-type-post_type menu-item-object-page menu-item-8215\"><a href=\"https:\/\/www.franciscansusa.org\/es\/southwest-outreach\/\">Alcance del suroeste<\/a><\/li><\/ul><style>.us_menu_1 .menu>li{margin-bottom:.5rem}.us_menu_1 .menu>li>a{padding:0.8em 0.8em}.us_menu_1 .menu>li>a{background:#e8e8e8}.us_menu_1 .menu>li>a{color:inherit}.us_menu_1 .menu>.menu-item:not(.current-menu-item)>a:hover{background:#596b9e}.us_menu_1 .menu>.menu-item:not(.current-menu-item)>a:hover{color:#f5f5f5}@media ( max-width:600px ){.us_menu_1 .menu{display:block!important}.us_menu_1 .menu>li{margin:0 0 .5rem}}<\/style><\/div><div class=\"w-btn-wrapper width_full\"><a class=\"w-btn us-btn-style_27\" title=\"hacer un regalo de capital\" href=\"https:\/\/www.franciscansusa.org\/es\/make-a-capital-gift\/\"><span class=\"w-btn-label\">hacer un regalo de capital<\/span><\/a><\/div><\/div><\/div><\/div><\/div><\/div><\/section><section class=\"l-section wpb_row height_medium\"><div class=\"l-section-h i-cf\"><div class=\"g-cols vc_row type_default valign_top\"><div class=\"vc_col-sm-4 wpb_column vc_column_container\"><div class=\"vc_column-inner\"><div class=\"wpb_wrapper\"><div class=\"w-image align_none\"><div class=\"w-image-h\"><img loading=\"lazy\" decoding=\"async\" width=\"600\" height=\"400\" src=\"https:\/\/www.franciscansusa.org\/wp-content\/uploads\/2021\/01\/friar-phil-ley-600x400.jpg\" class=\"attachment-us_600_400_crop size-us_600_400_crop\" alt=\"\" srcset=\"https:\/\/www.franciscansusa.org\/wp-content\/uploads\/2021\/01\/friar-phil-ley-600x400.jpg 600w, https:\/\/www.franciscansusa.org\/wp-content\/uploads\/2021\/01\/friar-phil-ley-18x12.jpg 18w, https:\/\/www.franciscansusa.org\/wp-content\/uploads\/2021\/01\/friar-phil-ley-150x100.jpg 150w, https:\/\/www.franciscansusa.org\/wp-content\/uploads\/2021\/01\/friar-phil-ley-300x200.jpg 300w, https:\/\/www.franciscansusa.org\/wp-content\/uploads\/2021\/01\/friar-phil-ley.jpg 800w\" sizes=\"auto, (max-width: 600px) 100vw, 600px\" \/><\/div><\/div><div class=\"w-separator size_small\"><\/div><div class=\"wpb_text_column\" ><div class=\"wpb_wrapper\"><p><strong>Alcance de El Paso \u2013<\/strong> Este alcance incluye la mejora de nuestro alcance existente de El Paso para nuevos inmigrantes. Esto incluye brindar alimentos, albergue, orientaci\u00f3n espiritual y servicios sociales a los solicitantes de asilo leg\u00edtimos que necesitan ayuda mientras esperan las audiencias, que pueden demorar meses.<\/p>\n<\/div><\/div><\/div><\/div><\/div><div class=\"vc_col-sm-4 wpb_column vc_column_container\"><div class=\"vc_column-inner\"><div class=\"wpb_wrapper\"><div class=\"w-image align_none\"><div class=\"w-image-h\"><img loading=\"lazy\" decoding=\"async\" width=\"600\" height=\"400\" src=\"https:\/\/www.franciscansusa.org\/wp-content\/uploads\/2021\/01\/student-friars-600x400.jpg\" class=\"attachment-us_600_400_crop size-us_600_400_crop\" alt=\"\" srcset=\"https:\/\/www.franciscansusa.org\/wp-content\/uploads\/2021\/01\/student-friars-600x400.jpg 600w, https:\/\/www.franciscansusa.org\/wp-content\/uploads\/2021\/01\/student-friars-18x12.jpg 18w, https:\/\/www.franciscansusa.org\/wp-content\/uploads\/2021\/01\/student-friars-150x100.jpg 150w, https:\/\/www.franciscansusa.org\/wp-content\/uploads\/2021\/01\/student-friars-300x200.jpg 300w, https:\/\/www.franciscansusa.org\/wp-content\/uploads\/2021\/01\/student-friars.jpg 800w\" sizes=\"auto, (max-width: 600px) 100vw, 600px\" \/><\/div><\/div><div class=\"w-separator size_small\"><\/div><div class=\"wpb_text_column\" ><div class=\"wpb_wrapper\"><p><strong>Fondo para Pasant\u00edas Estudiantiles \u2013<\/strong> Este fondo permitir\u00e1 a los estudiantes universitarios ayudar a nuestros frailes en varios ministerios, brind\u00e1ndoles una idea de las formas en que nuestros frailes sirven a los m\u00e1s necesitados y d\u00e1ndoles tiempo para discernir su posible llamado a unirse a la hermandad franciscana.<\/p>\n<\/div><\/div><\/div><\/div><\/div><div class=\"vc_col-sm-4 wpb_column vc_column_container\"><div class=\"vc_column-inner\"><div class=\"wpb_wrapper\"><div class=\"w-image align_none\"><div class=\"w-image-h\"><img loading=\"lazy\" decoding=\"async\" width=\"600\" height=\"400\" src=\"https:\/\/www.franciscansusa.org\/wp-content\/uploads\/2020\/06\/72356248_2776239489053242_4702274334763253760_n-600x400.jpg\" class=\"attachment-us_600_400_crop size-us_600_400_crop\" alt=\"\" srcset=\"https:\/\/www.franciscansusa.org\/wp-content\/uploads\/2020\/06\/72356248_2776239489053242_4702274334763253760_n-600x400.jpg 600w, https:\/\/www.franciscansusa.org\/wp-content\/uploads\/2020\/06\/72356248_2776239489053242_4702274334763253760_n-16x12.jpg 16w\" sizes=\"auto, (max-width: 600px) 100vw, 600px\" \/><\/div><\/div><div class=\"w-separator size_small\"><\/div><div class=\"wpb_text_column\" ><div class=\"wpb_wrapper\"><p><strong>Fondo de Frailes Estudiantiles Internacionales \u2013<\/strong> Este fondo permitir\u00e1 brindar formaci\u00f3n a estudiantes de las provincias m\u00e1s pobres de Am\u00e9rica Central, M\u00e9xico, India y \u00c1frica. Recibir\u00e1n una formaci\u00f3n formativa en un marco verdaderamente intercultural.<br \/>\nescuela, inaugur\u00e1ndolos a la hermandad mundial de<br \/>\nlos franciscanos.<\/p>\n<\/div><\/div><\/div><\/div><\/div><\/div><\/div><\/section><section class=\"l-section wpb_row height_auto width_full\"><div class=\"l-section-h i-cf\"><div class=\"g-cols vc_row type_default valign_top\"><div class=\"vc_col-sm-12 wpb_column vc_column_container stretched\"><div class=\"vc_column-inner\"><div class=\"wpb_wrapper\"><div class=\"w-image align_left\"><div class=\"w-image-h\"><img loading=\"lazy\" decoding=\"async\" width=\"2560\" height=\"614\" src=\"https:\/\/www.franciscansusa.org\/wp-content\/uploads\/2021\/01\/southwest-mario2.jpg\" class=\"attachment-full size-full\" alt=\"\" srcset=\"https:\/\/www.franciscansusa.org\/wp-content\/uploads\/2021\/01\/southwest-mario2.jpg 2560w, https:\/\/www.franciscansusa.org\/wp-content\/uploads\/2021\/01\/southwest-mario2-18x4.jpg 18w, https:\/\/www.franciscansusa.org\/wp-content\/uploads\/2021\/01\/southwest-mario2-150x36.jpg 150w, https:\/\/www.franciscansusa.org\/wp-content\/uploads\/2021\/01\/southwest-mario2-600x144.jpg 600w, https:\/\/www.franciscansusa.org\/wp-content\/uploads\/2021\/01\/southwest-mario2-300x72.jpg 300w, https:\/\/www.franciscansusa.org\/wp-content\/uploads\/2021\/01\/southwest-mario2-1024x246.jpg 1024w\" sizes=\"auto, (max-width: 2560px) 100vw, 2560px\" \/><\/div><\/div><\/div><\/div><\/div><\/div><\/div><\/section>\n<\/div>","protected":false},"excerpt":{"rendered":"Descripci\u00f3n general de la campa\u00f1a de alcance al suroesteAlfa y OmegaExpansi\u00f3n del convento de San Dami\u00e1nActualizaci\u00f3n del campus de Mount Saint FrancisAlcance al suroesteHaga una donaci\u00f3n capitalAlcance de El Paso: este alcance incluye la mejora de nuestro alcance existente en El Paso para nuevos inmigrantes. Esto incluye proporcionar comida, refugio, orientaci\u00f3n espiritual y servicios sociales a solicitantes de asilo leg\u00edtimos que necesitan ayuda mientras esperan...","protected":false},"author":1,"featured_media":0,"parent":0,"menu_order":0,"comment_status":"closed","ping_status":"closed","template":"","meta":{"om_disable_all_campaigns":false,"_monsterinsights_skip_tracking":false,"_monsterinsights_sitenote_active":false,"_monsterinsights_sitenote_note":"","_monsterinsights_sitenote_category":0,"_uf_show_specific_survey":0,"_uf_disable_surveys":false,"footnotes":""},"class_list":["post-8096","page","type-page","status-publish","hentry"],"aioseo_notices":[],"publishpress_future_action":{"enabled":false,"date":"2026-04-22 21:45:30","action":"change-status","newStatus":"draft","terms":[],"taxonomy":"","extraData":[]},"publishpress_future_workflow_manual_trigger":{"enabledWorkflows":[]},"_links":{"self":[{"href":"https:\/\/www.franciscansusa.org\/es\/wp-json\/wp\/v2\/pages\/8096","targetHints":{"allow":["GET"]}}],"collection":[{"href":"https:\/\/www.franciscansusa.org\/es\/wp-json\/wp\/v2\/pages"}],"about":[{"href":"https:\/\/www.franciscansusa.org\/es\/wp-json\/wp\/v2\/types\/page"}],"author":[{"embeddable":true,"href":"https:\/\/www.franciscansusa.org\/es\/wp-json\/wp\/v2\/users\/1"}],"replies":[{"embeddable":true,"href":"https:\/\/www.franciscansusa.org\/es\/wp-json\/wp\/v2\/comments?post=8096"}],"version-history":[{"count":20,"href":"https:\/\/www.franciscansusa.org\/es\/wp-json\/wp\/v2\/pages\/8096\/revisions"}],"predecessor-version":[{"id":11746,"href":"https:\/\/www.franciscansusa.org\/es\/wp-json\/wp\/v2\/pages\/8096\/revisions\/11746"}],"wp:attachment":[{"href":"https:\/\/www.franciscansusa.org\/es\/wp-json\/wp\/v2\/media?parent=8096"}],"curies":[{"name":"gracias","href":"https:\/\/api.w.org\/{rel}","templated":true}]}}