{"id":8124,"date":"2020-06-21T12:12:45","date_gmt":"2020-06-21T12:12:45","guid":{"rendered":"http:\/\/www.franciscansusa.dev\/franciscansusa.org\/?page_id=8124"},"modified":"2021-01-25T23:22:40","modified_gmt":"2021-01-25T23:22:40","slug":"yafram","status":"publish","type":"page","link":"https:\/\/www.franciscansusa.org\/es\/yafram\/","title":{"rendered":"YaFram"},"content":{"rendered":"<div class=\"wpb-content-wrapper\"><section class=\"l-section wpb_row height_huge with_img with_overlay\"><div class=\"l-section-img\" style=\"background-image: url(https:\/\/www.franciscansusa.org\/wp-content\/uploads\/2021\/01\/12698201_960194960684065_2774606380060813844_o.jpg);\" data-img-width=\"2048\" data-img-height=\"1365\"><\/div><div class=\"l-section-overlay\" style=\"background: rgba(0,0,0,0.6)\"><\/div><div class=\"l-section-h i-cf\"><div class=\"g-cols vc_row type_default valign_top\"><div class=\"vc_col-sm-12 wpb_column vc_column_container\"><div class=\"vc_column-inner\"><div class=\"wpb_wrapper\"><div class=\"wpb_text_column\" ><div class=\"wpb_wrapper\"><h2><span style=\"color: #ffffff;\"><strong>YAFRAM<\/strong><\/span><\/h2>\n<\/div><\/div><\/div><\/div><\/div><\/div><\/div><\/section><section class=\"l-section wpb_row height_medium\"><div class=\"l-section-h i-cf\"><div class=\"g-cols vc_row type_default valign_top\"><div class=\"vc_col-sm-6 wpb_column vc_column_container\"><div class=\"vc_column-inner\"><div class=\"wpb_wrapper\"><div class=\"w-image style_outlined align_none\"><div class=\"w-image-h\"><img loading=\"lazy\" decoding=\"async\" width=\"1024\" height=\"768\" src=\"https:\/\/www.franciscansusa.org\/wp-content\/uploads\/2021\/01\/a6fce84d-58e0-40f8-ac60-caec8c96a19a-1024x768.jpg\" class=\"attachment-large size-large\" alt=\"\" srcset=\"https:\/\/www.franciscansusa.org\/wp-content\/uploads\/2021\/01\/a6fce84d-58e0-40f8-ac60-caec8c96a19a-1024x768.jpg 1024w, https:\/\/www.franciscansusa.org\/wp-content\/uploads\/2021\/01\/a6fce84d-58e0-40f8-ac60-caec8c96a19a-16x12.jpg 16w, https:\/\/www.franciscansusa.org\/wp-content\/uploads\/2021\/01\/a6fce84d-58e0-40f8-ac60-caec8c96a19a-150x113.jpg 150w, https:\/\/www.franciscansusa.org\/wp-content\/uploads\/2021\/01\/a6fce84d-58e0-40f8-ac60-caec8c96a19a-533x400.jpg 533w, https:\/\/www.franciscansusa.org\/wp-content\/uploads\/2021\/01\/a6fce84d-58e0-40f8-ac60-caec8c96a19a-600x450.jpg 600w, https:\/\/www.franciscansusa.org\/wp-content\/uploads\/2021\/01\/a6fce84d-58e0-40f8-ac60-caec8c96a19a-300x225.jpg 300w, https:\/\/www.franciscansusa.org\/wp-content\/uploads\/2021\/01\/a6fce84d-58e0-40f8-ac60-caec8c96a19a.jpg 1600w\" sizes=\"auto, (max-width: 1024px) 100vw, 1024px\" \/><\/div><\/div><\/div><\/div><\/div><div class=\"vc_col-sm-6 wpb_column vc_column_container\"><div class=\"vc_column-inner\"><div class=\"wpb_wrapper\"><div class=\"wpb_text_column\" ><div class=\"wpb_wrapper\"><p>Los fundadores de YAFraM son todos frailes franciscanos que se han comprometido a vivir una vida al estilo de San Francisco de As\u00eds. San Francisco de As\u00eds naci\u00f3 en 1182 en una familia adinerada en As\u00eds, Italia. Durante su juventud, vivi\u00f3 la vida en exceso, comprando art\u00edculos caros y saliendo de fiesta con frecuencia. Era un l\u00edder natural y muchos de sus compa\u00f1eros lo siguieron en sus caminos salvajes. San Francisco anhelaba gloria y prestigio. Cuando As\u00eds declar\u00f3 la guerra a Perugia, se le dio la oportunidad de luchar y, con suerte, ganar fama. Sin embargo, fue capturado y permaneci\u00f3 prisionero de guerra durante un a\u00f1o.<\/p>\n<\/div><\/div><\/div><\/div><\/div><\/div><\/div><\/section><section class=\"l-section wpb_row height_huge with_img with_overlay\"><div class=\"l-section-img\" style=\"background-image: url(https:\/\/www.franciscansusa.org\/wp-content\/uploads\/2021\/01\/10497478_960194904017404_4143853339254619042_o-1.jpg);\" data-img-width=\"1536\" data-img-height=\"2048\"><\/div><div class=\"l-section-overlay\" style=\"background: rgba(0,0,0,0.6)\"><\/div><div class=\"l-section-h i-cf\"><div class=\"g-cols vc_row type_default valign_top\"><div class=\"vc_col-sm-12 wpb_column vc_column_container\"><div class=\"vc_column-inner\"><div class=\"wpb_wrapper\"><div class=\"w-separator size_huge\"><\/div><div class=\"w-btn-wrapper width_auto align_center\"><a class=\"w-btn us-btn-style_4\" href=\"#\"><span class=\"w-btn-label\">Aprende m\u00e1s<\/span><\/a><\/div><div class=\"w-separator size_huge\"><\/div><\/div><\/div><\/div><\/div><\/div><\/section><section class=\"l-section wpb_row height_medium\"><div class=\"l-section-h i-cf\"><div class=\"g-cols vc_row type_default valign_top\"><div class=\"vc_col-sm-12 wpb_column vc_column_container\"><div class=\"vc_column-inner\"><div class=\"wpb_wrapper\"><div class=\"wpb_text_column\" ><div class=\"wpb_wrapper\"><p>Viviendo con incertidumbre econ\u00f3mica, bombardeados por bits y bytes de informaci\u00f3n, presionados por sus pares y las expectativas de los dem\u00e1s, los adultos j\u00f3venes de hoy enfrentan desaf\u00edos inimaginables para las generaciones anteriores. Al estr\u00e9s se suma la incapacidad de escapar, ya sea debido a las exigencias laborales o simplemente por el miedo a no estar en sinton\u00eda con los dem\u00e1s. No hay lugar para estar en silencio, ni espacio para reflexionar, ni tiempo para procesar todo lo que est\u00e1 sucediendo. No es de extra\u00f1ar que las cuestiones de fe hayan ca\u00eddo al final de la lista de prioridades de muchos Millennials. La invitaci\u00f3n de Jes\u00fas a sus disc\u00edpulos nunca ha sido m\u00e1s necesaria ni m\u00e1s bienvenida. YAFraM, Ministerio Franciscano de J\u00f3venes Adultos, extiende esa invitaci\u00f3n a los adultos j\u00f3venes, sin importar a qu\u00e9 tradici\u00f3n de fe particular pertenezcan o d\u00f3nde se encuentren en su camino de fe. Este ministerio ofrece la oportunidad de considerar c\u00f3mo la fe, particularmente la fe cristiana que sigue el camino de San Francisco de As\u00eds, puede ayudar a dar sentido a un mundo a menudo confuso.<\/p>\n<p>Los Frailes creen que esto comienza con el desarrollo de las relaciones interpersonales. En un mundo de chat, mensajes de texto y tweets en Facebook, esta comunicaci\u00f3n interpersonal puede tener un gran impacto. Al construir una verdadera relaci\u00f3n con los adultos j\u00f3venes, los frailes pueden comprender los desaf\u00edos que enfrenta este grupo de edad y pueden ofrecer nuevas perspectivas de la vida. Abren un mundo de oportunidades al invitar a j\u00f3venes adultos a venir a retiros, a servir a los pobres o a participar en el Sacramento de la Misa. De esta manera, los frailes est\u00e1n construyendo una comunidad de fe, una persona a la vez, y revitalizando una generaci\u00f3n que anhela la paz en este mundo acelerado.<\/p>\n<h2><span style=\"color: #ffffff;\"><strong>\u00a0<\/strong><\/span><\/h2>\n<\/div><\/div><\/div><\/div><\/div><\/div><\/div><\/section>\n<\/div>","protected":false},"excerpt":{"rendered":"YAFraM. Los fundadores de YAFraM son todos frailes franciscanos comprometidos a vivir al estilo de San Francisco de As\u00eds. San Francisco de As\u00eds naci\u00f3 en 1182 en el seno de una familia adinerada de As\u00eds, Italia. Durante su juventud, vivi\u00f3 con excesos, comprando art\u00edculos caros y saliendo de fiesta con frecuencia. \u00c9l...","protected":false},"author":1,"featured_media":8312,"parent":0,"menu_order":0,"comment_status":"closed","ping_status":"closed","template":"","meta":{"om_disable_all_campaigns":false,"_monsterinsights_skip_tracking":false,"_monsterinsights_sitenote_active":false,"_monsterinsights_sitenote_note":"","_monsterinsights_sitenote_category":0,"_uf_show_specific_survey":0,"_uf_disable_surveys":false,"footnotes":""},"class_list":["post-8124","page","type-page","status-publish","has-post-thumbnail","hentry"],"aioseo_notices":[],"publishpress_future_action":{"enabled":false,"date":"2026-05-08 19:39:56","action":"change-status","newStatus":"draft","terms":[],"taxonomy":"","extraData":[]},"publishpress_future_workflow_manual_trigger":{"enabledWorkflows":[]},"_links":{"self":[{"href":"https:\/\/www.franciscansusa.org\/es\/wp-json\/wp\/v2\/pages\/8124","targetHints":{"allow":["GET"]}}],"collection":[{"href":"https:\/\/www.franciscansusa.org\/es\/wp-json\/wp\/v2\/pages"}],"about":[{"href":"https:\/\/www.franciscansusa.org\/es\/wp-json\/wp\/v2\/types\/page"}],"author":[{"embeddable":true,"href":"https:\/\/www.franciscansusa.org\/es\/wp-json\/wp\/v2\/users\/1"}],"replies":[{"embeddable":true,"href":"https:\/\/www.franciscansusa.org\/es\/wp-json\/wp\/v2\/comments?post=8124"}],"version-history":[{"count":11,"href":"https:\/\/www.franciscansusa.org\/es\/wp-json\/wp\/v2\/pages\/8124\/revisions"}],"predecessor-version":[{"id":8161,"href":"https:\/\/www.franciscansusa.org\/es\/wp-json\/wp\/v2\/pages\/8124\/revisions\/8161"}],"wp:featuredmedia":[{"embeddable":true,"href":"https:\/\/www.franciscansusa.org\/es\/wp-json\/wp\/v2\/media\/8312"}],"wp:attachment":[{"href":"https:\/\/www.franciscansusa.org\/es\/wp-json\/wp\/v2\/media?parent=8124"}],"curies":[{"name":"gracias","href":"https:\/\/api.w.org\/{rel}","templated":true}]}}